{"id":26134,"date":"2025-09-09T07:25:03","date_gmt":"2025-09-09T07:25:03","guid":{"rendered":"https:\/\/orotech.lt\/ultragarsinis-oro-drekintuvas-airbi-twin-2\/"},"modified":"2025-09-10T06:15:04","modified_gmt":"2025-09-10T06:15:04","slug":"ultragarsinis-oro-drekintuvas-airbi-twin-2","status":"publish","type":"product","link":"https:\/\/orotech.lt\/en\/ultragarsinis-oro-drekintuvas-airbi-twin-2\/","title":{"rendered":"Ultrasonic air humidifier Airbi TWIN"},"content":{"rendered":"<p>&lt;p style=&quot;text-align: justify;&quot;&gt;&lt;span style=&quot;text-align: justify;&quot;&gt;M\u016bs\u0173 savijauta namuose ar biure priklauso nuo \u012fvairi\u0173 veiksni\u0173: bald\u0173, &amp;scaron;viesos, triuk&amp;scaron;mo, patalpos klimato ir kvap\u0173. Patalpose da\u017enai \u012fkvepiame daugiau dirgikli\u0173 ir ter&amp;scaron;al\u0173, sukelian\u010di\u0173 nemalonius poj\u016b\u010dius, nei stovint gatv\u0117je lauke. Pernelyg sausas oras taip pat turi \u012ftakos m\u016bs\u0173 gerai savijautai. Santykinis oro dr\u0117gm\u0117s lygis, \u017eemesnis nei 40 %, dirgina gleivin\u0119, skatina kosul\u012f bei \u010diaudul\u012f, tai ypa\u010d pasirei&amp;scaron;kia vaikams ir alergi&amp;scaron;kiems \u017emon\u0117ms.&lt;\/span&gt;&lt;\/p&gt;<br \/>\n&lt;p style=&quot;text-align: justify;&quot;&gt;Ultrasonic cleaner with modern design and quiet operation &lt;strong&gt;humidifier&lt;\/strong&gt; &amp;bdquo;Airbi TWIN&amp;ldquo; ne tik dr\u0117kina, bet ir valo or\u0105 bei turi aromaterapijos funkcij\u0105. Ultragarso technologijos d\u0117ka vanduo yra suskaidomas \u012f mikroskopini\u0173 daleli\u0173 dulksn\u0105, kuri i&amp;scaron;pur&amp;scaron;kiama \u012f or\u0105. Tokiu b\u016bdu patalpos yra maloniai dr\u0117kinamos, sunaudojant itin ma\u017eai energijos.&amp;nbsp;Aromaterapijos funkcija sukuria maloni\u0105 aplink\u0105, gerin\u0105 nuotaik\u0105, bendr\u0105 savijaut\u0105 ir miego kokyb\u0119.&amp;nbsp;&lt;\/p&gt;<br \/>\n&lt;p style=&quot;text-align: justify;&quot;&gt;The device has a built-in digital hygrometer and thermometer. Ultrasonic &lt;strong&gt;humidifier&lt;\/strong&gt; &amp;bdquo;Airbi TWIN&amp;ldquo; gali veikti rankiniu arba automatiniu re\u017eimu. Rankiniu re\u017eimu vartotojas gali nustatyti dulksnos pur&amp;scaron;kimo intensyvum\u0105 (3 lygiai). Automatiniu re\u017eimu vartotojas nustato santykin\u0117s dr\u0117gm\u0117s vert\u0119 (minimalus dr\u0117gnumas 45%, maksimalus 75%), kuri\u0105 norima pasiekti ir palaikyti. \u012emontuotas jonizatorius, skleisdamas neigiamus deguonies jonus papildomai i&amp;scaron;valo or\u0105 ir suteikia gaivaus oro poj\u016bt\u012f. Ultragarsinis&lt;strong&gt; humidifier&lt;\/strong&gt; &amp;bdquo;Airbi TWIN&amp;ldquo; gali b\u016bti valdomas nuotolinio valdymo pultu arba mygtukais priekiniame skydelyje. &amp;Scaron;is &lt;strong&gt;humidifier&lt;\/strong&gt; has a 5 l water tank capacity, which serves rooms up to 45 m&lt;sup&gt;2.&lt;\/sup&gt;&lt;\/p&gt;<br \/>\n&lt;p style=&quot;text-align: center;&quot;&gt;&lt;iframe src=&quot;https:\/\/www.youtube.com\/embed\/51qY4Uut6ws&quot; frameborder=&quot;0&quot; width=&quot;560&quot; height=&quot;315&quot;&gt;&lt;\/iframe&gt;&lt;\/p&gt;<br \/>\n&lt;p&gt;&lt;strong&gt;Technical characteristics:&lt;\/strong&gt;&lt;\/p&gt;<br \/>\n&lt;ul&gt;<br \/>\n&lt;li&gt;Vandens bako talpa: 5 l;&lt;\/li&gt;<br \/>\n&lt;li&gt;Gar\u0173 emisija: 120&amp;ndash;300 ml \/ h;&lt;\/li&gt;<br \/>\n&lt;li&gt;Sukurto ozono kiekis: &amp;lt;0,05 PPM (pagal ES);&lt;\/li&gt;<br \/>\n&lt;li&gt;Jon\u0173 gamyba: 3 000 000 jon\u0173 \/ cm&lt;sup&gt;3&lt;\/sup&gt;;&lt;\/li&gt;<br \/>\n&lt;li&gt;Spalva: juoda;&lt;\/li&gt;<br \/>\n&lt;li&gt;Skirta patalpoms: iki 45 m&lt;sup&gt;2&lt;\/sup&gt;;&lt;\/li&gt;<br \/>\n&lt;li&gt;Matmenys: 335 x 150 x 285 mm;&lt;\/li&gt;<br \/>\n&lt;li&gt;Energijos suvartojimas: 30 W;&lt;\/li&gt;<br \/>\n&lt;li&gt;\u012etampa: 220&amp;ndash;240 V, 50\/60 Hz;&lt;\/li&gt;<br \/>\n&lt;li&gt;Triuk&amp;scaron;mo lygis: &amp;lt;35 dB&lt;\/li&gt;<br \/>\n&lt;li&gt;Svoris: 2,6 kg&lt;\/li&gt;<br \/>\n&lt;\/ul&gt;<br \/>\n&lt;p&gt;&lt;strong&gt;Advantages:&lt;\/strong&gt;&lt;\/p&gt;<br \/>\n&lt;ul&gt;<br \/>\n&lt;li&gt;&lt;span&gt;&lt;span&gt;Suitable &lt;strong&gt;for small and medium-sized rooms&lt;\/strong&gt; iki 45 m&amp;sup2; \/ 100 m&amp;sup3; \/ 480 ft&amp;sup2; dyd\u017eio;&lt;br \/&gt;&lt;\/span&gt;&lt;\/span&gt;&lt;\/li&gt;<br \/>\n&lt;li&gt;Dr\u0117kintuvo galia: 30 W;&lt;\/li&gt;<br \/>\n&lt;li&gt;Vandens bako talpa: 5 l;&lt;\/li&gt;<br \/>\n&lt;li&gt;Ultragarsinis v\u0117sios dulksnos pur&amp;scaron;kimas: saugus, nes n\u0117ra joki\u0173 gar\u0173!;&lt;\/li&gt;<br \/>\n&lt;li&gt;Tinkamas miegamiesiems, k\u016bdiki\u0173 ir vaik\u0173 kambariams;&lt;\/li&gt;<br \/>\n&lt;li&gt;Tinkamas \u017emon\u0117ms, ken\u010diantiems nuo alergijos ar turintiems odos problem\u0173;&lt;\/li&gt;<br \/>\n&lt;li&gt;Dr\u0117gm\u0117s i&amp;scaron;garinimas nuo 120 ml\/h iki 300 ml\/h;&lt;\/li&gt;<br \/>\n&lt;li&gt;Jonizavimo proceso metu tiekiamas &amp;scaron;varus ir deguonies jonais praturtintas oras;&lt;\/li&gt;<br \/>\n&lt;li&gt;Tylus veikimas: &amp;lt; 35 dB;&lt;\/li&gt;<br \/>\n&lt;li&gt;Valdymas nuotolinio valdymo pulteliu arba mygtukais, esan\u010diais po ekranu;&lt;\/li&gt;<br \/>\n&lt;li&gt;Laikmatis 1 &amp;ndash; 10 valand\u0173 su LCD ekranu ir klaviat\u016bra;&lt;\/li&gt;<br \/>\n&lt;li&gt;Skaitmeninis dr\u0117gm\u0117matis, matuojantis esam\u0105 dr\u0117gm\u0117s lyg\u012f;&lt;\/li&gt;<br \/>\n&lt;li&gt;360&amp;deg; besisukantis purk&amp;scaron;tuvas;&lt;\/li&gt;<br \/>\n&lt;li&gt;Higieni&amp;scaron;kas dr\u0117kinimas be chemikal\u0173;&lt;\/li&gt;<br \/>\n&lt;li&gt;Ultragarso technologija ir nano sidabro med\u017eiaga, naikinanti bakterijas bei virusus ir sauganti nuo nemalonaus vandens kvapo susidarymo;&lt;\/li&gt;<br \/>\n&lt;li&gt;Keramikinis filtras nukalkinimui;&lt;\/li&gt;<br \/>\n&lt;li&gt;Automatinio i&amp;scaron;jungimo ir \u017eemo vandens lygio persp\u0117jimo funkcijos;&lt;\/li&gt;<br \/>\n&lt;li&gt;Lengvai pripildomas, valomas ir reguliuojamas;&lt;\/li&gt;<br \/>\n&lt;li&gt;Nedidel\u0117s energijos s\u0105naudos;&lt;\/li&gt;<br \/>\n&lt;li&gt;Permatomas vandens rezervuaras;&lt;\/li&gt;<br \/>\n&lt;li&gt;Puikus kainos ir kokyb\u0117s santykis;&lt;\/li&gt;<br \/>\n&lt;li&gt;Pritaikymas: vidutinio dyd\u017eio patalpoms namuose, biuruose, mokyklose, dienos prie\u017ei\u016bros centruose ir t.t.;&lt;\/li&gt;<br \/>\n&lt;li&gt;Patikrintas pagal T&amp;Uuml;V GS ir CE.&lt;\/li&gt;<br \/>\n&lt;\/ul&gt;<br \/>\n&lt;p&gt;&lt;a class=&quot;catalogue&quot; href=&quot;https:\/\/www.rubisolis.lt\/\/failai\/files\/produktu%20pdf\/Airbi\/Airbi%20Twin.pdf&quot; target=&quot;blank&quot;&gt;Download product manual &lt;\/a&gt;&lt;\/p&gt;<\/p>","protected":false},"excerpt":{"rendered":"<p>&lt;p style=&quot;text-align: justify;&quot;&gt;&lt;span style=&quot;text-align: justify;&quot;&gt;M\u016bs\u0173 savijauta namuose ar biure priklauso nuo \u012fvairi\u0173 veiksni\u0173: bald\u0173, &amp;scaron;viesos, triuk&amp;scaron;mo, patalpos klimato ir kvap\u0173.<\/p>","protected":false},"featured_media":26136,"comment_status":"closed","ping_status":"open","template":"","meta":[],"product_brand":[],"product_cat":[23],"product_tag":[535],"class_list":{"0":"post-26134","1":"product","2":"type-product","3":"status-publish","4":"has-post-thumbnail","6":"product_cat-be-kategorijos","7":"product_tag-naujiena","9":"first","10":"onbackorder","11":"taxable","12":"shipping-taxable","13":"product-type-variable"},"_links":{"self":[{"href":"https:\/\/orotech.lt\/en\/wp-json\/wp\/v2\/product\/26134","targetHints":{"allow":["GET"]}}],"collection":[{"href":"https:\/\/orotech.lt\/en\/wp-json\/wp\/v2\/product"}],"about":[{"href":"https:\/\/orotech.lt\/en\/wp-json\/wp\/v2\/types\/product"}],"replies":[{"embeddable":true,"href":"https:\/\/orotech.lt\/en\/wp-json\/wp\/v2\/comments?post=26134"}],"version-history":[{"count":1,"href":"https:\/\/orotech.lt\/en\/wp-json\/wp\/v2\/product\/26134\/revisions"}],"predecessor-version":[{"id":26135,"href":"https:\/\/orotech.lt\/en\/wp-json\/wp\/v2\/product\/26134\/revisions\/26135"}],"wp:featuredmedia":[{"embeddable":true,"href":"https:\/\/orotech.lt\/en\/wp-json\/wp\/v2\/media\/26136"}],"wp:attachment":[{"href":"https:\/\/orotech.lt\/en\/wp-json\/wp\/v2\/media?parent=26134"}],"wp:term":[{"taxonomy":"product_brand","embeddable":true,"href":"https:\/\/orotech.lt\/en\/wp-json\/wp\/v2\/product_brand?post=26134"},{"taxonomy":"product_cat","embeddable":true,"href":"https:\/\/orotech.lt\/en\/wp-json\/wp\/v2\/product_cat?post=26134"},{"taxonomy":"product_tag","embeddable":true,"href":"https:\/\/orotech.lt\/en\/wp-json\/wp\/v2\/product_tag?post=26134"}],"curies":[{"name":"wp","href":"https:\/\/api.w.org\/{rel}","templated":true}]}}