{"id":26140,"date":"2025-09-09T07:25:03","date_gmt":"2025-09-09T07:25:03","guid":{"rendered":"https:\/\/orotech.lt\/drekintuvas-clean-air-ca-602-2\/"},"modified":"2025-09-10T06:15:05","modified_gmt":"2025-09-10T06:15:05","slug":"drekintuvas-clean-air-ca-602-2","status":"publish","type":"product","link":"https:\/\/orotech.lt\/en\/drekintuvas-clean-air-ca-602-2\/","title":{"rendered":"Humidifier Clean Air CA 602"},"content":{"rendered":"<p>&lt;p style=&quot;text-align: justify;&quot;&gt;Ultrasonic &lt;strong&gt;humidifier&lt;\/strong&gt; CA-602 su jonizatoriumi ir aromato difuzoriumi suskaido auk&amp;scaron;tos kokyb\u0117s Clean Air Optima&amp;reg; eterinius aliejus yra \u012f smulki\u0105 dulksn\u0105, kurios kvapo savyb\u0117s gali b\u016bti pritaikytos j\u016bs\u0173 poreikiams. &amp;Scaron;is &lt;strong&gt;humidifier&lt;\/strong&gt;, pasi\u017eymintis efektyvia ultragarsinio dr\u0117kinimo technologija skleid\u017eiant v\u0117si\u0105 dulksn\u0105, tyliu veikimu, eleganti&amp;scaron;ku baltu \/ skaidriu dizainu ir auk&amp;scaron;tu saugos lygiu, yra tinkamas bet kokiam interjerui: gyvenamiesiems, miegamiesiems ir vaik\u0173 kambariams, biurams, parod\u0173 sal\u0117ms, susitikim\u0173 ir konferencij\u0173 sal\u0117ms, prie\u017ei\u016bros patalpoms, gydytoj\u0173 kabinetams, slaugos institucijoms, vaik\u0173 dar\u017eeliams, mokym\u0173 patalpoms, sporto centrams, restoranams, sveikatinimo \u012fstaigoms, gyv\u016bn\u0173 prieglaudoms ir pan. Tinkamas ma\u017eoms ir vidutinio dyd\u017eio patalpoms, kuri\u0173 dydis yra&lt;strong&gt; iki 35 m&amp;sup2; \/ 80 m&amp;sup3;.&lt;\/strong&gt;&lt;\/p&gt;<br \/>\n&lt;p style=&quot;text-align: justify;&quot;&gt;&lt;span&gt;&lt;span&gt;&lt;strong&gt;Ultrasonic air humidification&lt;\/strong&gt;&lt;\/span&gt;&lt;\/span&gt;&lt;\/p&gt;<br \/>\n&lt;p style=&quot;text-align: justify;&quot;&gt;&lt;span&gt;&lt;span&gt;Nedidel\u0117 plok&amp;scaron;tel\u0117, naudojantis ultragarsinio vandens difuzoriaus technologija ir sklei\u017eianti auk&amp;scaron;to da\u017enio virpesius (ultragarsin\u0117 membrana), apatin\u0117je oro dr\u0117kintuvo dalyje sukuria smulki\u0105 &amp;scaron;alt\u0105 dulksn\u0105 bei dr\u0117kina patalp\u0173 or\u0105. &amp;Scaron;velni oro t\u0117km\u0117, kuri\u0105 skleid\u017eia ventiliatorius, paskirsto dulksn\u0105 patalpoje.&lt;\/span&gt;&lt;\/span&gt;&lt;\/p&gt;<br \/>\n&lt;p style=&quot;text-align: justify;&quot;&gt;&lt;span&gt;&lt;span&gt;&lt;strong&gt;Air humidification via ionizer&lt;\/strong&gt;&lt;\/span&gt;&lt;\/span&gt;&lt;\/p&gt;<br \/>\n&lt;p style=&quot;text-align: justify;&quot;&gt;&lt;span&gt;The integrated ionizer produces negative oxygen ions that purify and freshen the air in the room. The negative ions combine with dust particles, microorganisms and other unwanted particles and destroy them or lower them to the floor.&lt;br \/&gt;&lt;br \/&gt;&lt;span&gt;&lt;strong&gt;Ultrasonic humidifier&amp;nbsp;&lt;\/strong&gt;&lt;\/span&gt;&lt;\/span&gt;&lt;strong&gt;Clean Air&lt;\/strong&gt;&amp;nbsp;&lt;strong&gt;CA-602 with ionizer and aroma diffuser will create harmony in your home!&lt;\/strong&gt;&lt;\/p&gt;<br \/>\n&lt;p style=&quot;text-align: justify;&quot;&gt;&lt;span&gt;&lt;span&gt;Sveikas, gaivus, gerai dr\u0117kinamas ir aromatizuotas patalp\u0173 oras padeda i&amp;scaron;vengti sudirgusi\u0173 kv\u0117pavimo tak\u0173 ir sausos odos sindrom\u0173. Tuo met\u0173 laiku, kai santykin\u0117 oro dr\u0117gm\u0117 yra nepakankama, ultragarso technologija gali sukurti tinkam\u0105 patalp\u0173 or\u0105. &amp;Scaron;is daugiafunkcis &lt;strong&gt;humidifier&lt;\/strong&gt; creates an optimal indoor climate, improves the well-being of people and animals, and protects furniture, wooden floors, plants and other valuable items in your home.&lt;\/span&gt;&lt;\/span&gt;&lt;\/p&gt;<br \/>\n&lt;p style=&quot;text-align: justify;&quot;&gt;&lt;span&gt;&lt;span&gt;Tyliai veikiantis Clean Air Optima&amp;reg; &lt;strong&gt;humidifier&lt;\/strong&gt; The CA-602 uses low energy and is ideal for small to medium-sized rooms such as living rooms, bedrooms and children&amp;#039;s rooms, offices, care rooms, waiting rooms, etc.&lt;\/span&gt;&lt;\/span&gt;&lt;br \/&gt;&lt;br \/&gt;&lt;span&gt;&lt;span&gt;&lt;strong&gt;Pagrindiniai Clean Air Optima&amp;reg; oro dr\u0117kintuvo CA-602 privalumai:&lt;\/strong&gt;&lt;\/span&gt;&lt;\/span&gt;&lt;\/p&gt;<br \/>\n&lt;ul&gt;<br \/>\n&lt;li&gt;&lt;span&gt;Tinkamas ma\u017eoms ir vidutinio dyd\u017eio patalpoms iki 35 m&amp;sup2; \/ 80 m&amp;sup3;&lt;\/span&gt;&lt;\/li&gt;<br \/>\n&lt;li&gt;&lt;span&gt;Ultragarsinis v\u0117saus vandens paskirstymas: saugus, joki\u0173 kar&amp;scaron;t\u0173 gar\u0173, idealiai tinkamas &amp;scaron;eimoms, turin\u010dioms k\u016bdiki\u0173 ar ma\u017e\u0173 vaik\u0173&lt;\/span&gt;&lt;\/li&gt;<br \/>\n&lt;li&gt;&lt;span&gt;Quiet, suitable for bedrooms, children&amp;#039;s rooms, doctors&amp;#039; offices and care rooms&lt;\/span&gt;&lt;\/li&gt;<br \/>\n&lt;li&gt;&lt;span&gt;Easy to maintain, lightweight and ideal for use by the elderly as well as in nursing homes&lt;\/span&gt;&lt;\/li&gt;<br \/>\n&lt;li&gt;&lt;span&gt;Mikroskopini\u0173 vandens daleli\u0173 i&amp;scaron;pur&amp;scaron;kimas tinkamas \u017emon\u0117ms, ken\u010diantiems nuo alergijos ir odos problem\u0173&lt;\/span&gt;&lt;\/li&gt;<br \/>\n&lt;li&gt;&lt;span&gt;3.5 liter water tank&lt;\/span&gt;&lt;\/li&gt;<br \/>\n&lt;li&gt;&lt;span&gt;Jonizatorius tiekia i&amp;scaron;valyt\u0105 ir gaiv\u0173 or\u0105 su deguonies jonais&lt;\/span&gt;&lt;\/li&gt;<br \/>\n&lt;li&gt;&lt;span&gt;Very quiet: &amp;lt; 25 dB (A)&lt;\/span&gt;&lt;\/li&gt;<br \/>\n&lt;li&gt;&lt;span&gt;Easy manual control of air humidification using the control knob&lt;\/span&gt;&lt;\/li&gt;<br \/>\n&lt;li&gt;&lt;span&gt;Mygtukas jonizatoriaus \u012fjungimui \/ i&amp;scaron;jungimui su LED&lt;\/span&gt;&lt;\/li&gt;<br \/>\n&lt;li&gt;&lt;span&gt;360&amp;deg; besisukantis dulksnos difuzorius&lt;\/span&gt;&lt;\/li&gt;<br \/>\n&lt;li&gt;&lt;span&gt;Higieni&amp;scaron;kas oro dr\u0117kinimas be chemikal\u0173&lt;\/span&gt;&lt;\/li&gt;<br \/>\n&lt;li&gt;&lt;span&gt;Ultrasonic technology and nano silver kill bacteria and viruses and prevent the formation of unpleasant odors&lt;\/span&gt;&lt;\/li&gt;<br \/>\n&lt;li&gt;&lt;span&gt;Keramikinis vandens filtras mink&amp;scaron;tina vanden\u012f i&amp;scaron; \u010diaupo&lt;\/span&gt;&lt;\/li&gt;<br \/>\n&lt;li&gt;&lt;span&gt;Permanent ceramic\/nano silver filter: no need to replace it!&lt;\/span&gt;&lt;\/li&gt;<br \/>\n&lt;li&gt;&lt;span&gt;\u012esp\u0117jimo ir automatinio i&amp;scaron;jungimo funkcijos, kai vandens rezervuaras i&amp;scaron;tu&amp;scaron;t\u0117ja, &amp;scaron;\u012f prietais\u0105 daro itin saugiu&lt;\/span&gt;&lt;\/li&gt;<br \/>\n&lt;li&gt;&lt;span&gt;Easy to fill, clean and operate&lt;\/span&gt;&lt;\/li&gt;<br \/>\n&lt;li&gt;&lt;span&gt;Highly efficient and low energy consumption&lt;\/span&gt;&lt;\/li&gt;<br \/>\n&lt;li&gt;&lt;span&gt;Eleganti&amp;scaron;ko dizaino&lt;\/span&gt;&lt;\/li&gt;<br \/>\n&lt;li&gt;&lt;span&gt;Spalva &amp;ndash; balta, vandens rezervuaras &amp;ndash; skaidrus&lt;\/span&gt;&lt;\/li&gt;<br \/>\n&lt;li&gt;&lt;span&gt;Excellent price-quality ratio and low energy consumption&lt;\/span&gt;&lt;\/li&gt;<br \/>\n&lt;li&gt;&lt;span&gt;Designed for medium-sized rooms located in apartments, offices, companies, schools, kindergartens, etc.&lt;\/span&gt;&lt;\/li&gt;<br \/>\n&lt;li&gt;&lt;span&gt;Patikrintas pagal T&amp;Uuml;V GS ir CE&lt;\/span&gt;&lt;\/li&gt;<br \/>\n&lt;\/ul&gt;<br \/>\n&lt;p style=&quot;text-align: center;&quot;&gt;&lt;iframe src=&quot;https:\/\/www.youtube.com\/embed\/UqRWOBm8TW8?si=h5TJYONCKD5EAhKo&quot; frameborder=&quot;0&quot; width=&quot;560&quot; height=&quot;315&quot;&gt;&lt;\/iframe&gt;&lt;\/p&gt;<br \/>\n&lt;p&gt;&amp;nbsp;&lt;\/p&gt;<br \/>\n&lt;p style=&quot;text-align: justify;&quot;&gt;&lt;a class=&quot;catalogue&quot; href=&quot;https:\/\/www.rubisolis.lt\/\/failai\/files\/ca-602.pdf&quot; target=&quot;blank&quot;&gt;Download product manual &lt;\/a&gt;&lt;\/p&gt;<\/p>","protected":false},"excerpt":{"rendered":"<p>&lt;p style=&quot;text-align: justify;&quot;&gt;Ultrasonic &lt;strong&gt;humidifier&lt;\/strong&gt; CA-602 su jonizatoriumi ir aromato difuzoriumi suskaido auk&amp;scaron;tos kokyb\u0117s Clean Air Optima&amp;reg; eterinius aliejus yra<\/p>","protected":false},"featured_media":26142,"comment_status":"closed","ping_status":"open","template":"","meta":[],"product_brand":[],"product_cat":[23],"product_tag":[535],"class_list":{"0":"post-26140","1":"product","2":"type-product","3":"status-publish","4":"has-post-thumbnail","6":"product_cat-be-kategorijos","7":"product_tag-naujiena","9":"first","10":"onbackorder","11":"taxable","12":"shipping-taxable","13":"product-type-variable"},"_links":{"self":[{"href":"https:\/\/orotech.lt\/en\/wp-json\/wp\/v2\/product\/26140","targetHints":{"allow":["GET"]}}],"collection":[{"href":"https:\/\/orotech.lt\/en\/wp-json\/wp\/v2\/product"}],"about":[{"href":"https:\/\/orotech.lt\/en\/wp-json\/wp\/v2\/types\/product"}],"replies":[{"embeddable":true,"href":"https:\/\/orotech.lt\/en\/wp-json\/wp\/v2\/comments?post=26140"}],"version-history":[{"count":1,"href":"https:\/\/orotech.lt\/en\/wp-json\/wp\/v2\/product\/26140\/revisions"}],"predecessor-version":[{"id":26141,"href":"https:\/\/orotech.lt\/en\/wp-json\/wp\/v2\/product\/26140\/revisions\/26141"}],"wp:featuredmedia":[{"embeddable":true,"href":"https:\/\/orotech.lt\/en\/wp-json\/wp\/v2\/media\/26142"}],"wp:attachment":[{"href":"https:\/\/orotech.lt\/en\/wp-json\/wp\/v2\/media?parent=26140"}],"wp:term":[{"taxonomy":"product_brand","embeddable":true,"href":"https:\/\/orotech.lt\/en\/wp-json\/wp\/v2\/product_brand?post=26140"},{"taxonomy":"product_cat","embeddable":true,"href":"https:\/\/orotech.lt\/en\/wp-json\/wp\/v2\/product_cat?post=26140"},{"taxonomy":"product_tag","embeddable":true,"href":"https:\/\/orotech.lt\/en\/wp-json\/wp\/v2\/product_tag?post=26140"}],"curies":[{"name":"wp","href":"https:\/\/api.w.org\/{rel}","templated":true}]}}