{"id":26160,"date":"2025-09-09T07:25:03","date_gmt":"2025-09-09T07:25:03","guid":{"rendered":"https:\/\/orotech.lt\/ultragarsinis-oro-drekintuvas-trotec-b-2-e-2\/"},"modified":"2025-09-10T06:15:07","modified_gmt":"2025-09-10T06:15:07","slug":"ultragarsinis-oro-drekintuvas-trotec-b-2-e-2","status":"publish","type":"product","link":"https:\/\/orotech.lt\/en\/ultragarsinis-oro-drekintuvas-trotec-b-2-e-2\/","title":{"rendered":"Ultrasonic humidifier TROTEC B 2 E"},"content":{"rendered":"<p>&lt;p style=&quot;text-align: justify;&quot;&gt;&lt;em&gt;&lt;strong&gt;Ultrasonic humidifier Trotec B2E 3 in 1: humidifies, purifies and aromatizes!&lt;\/strong&gt;&lt;\/em&gt;&lt;\/p&gt;<br \/>\n&lt;p style=&quot;text-align: justify;&quot;&gt;Vienas i&amp;scaron; svarbiausi\u0173 veiksni\u0173 m\u016bs\u0173 gerai savijautai yra santykin\u0117 oro dr\u0117gm\u0117. Per sausas patalp\u0173 oras, kuriuo da\u017eniausiai kv\u0117puojame &amp;scaron;altuoju met\u0173 laiku, kai patalpoje jau yra \u012fjungtas &amp;scaron;ildymas, gali sukelti kv\u0117pavimo tak\u0173 ligas (kosul\u012f ar slog\u0105), odos ir plauk\u0173 i&amp;scaron;saus\u0117jim\u0105. Ta\u010diau geras, dr\u0117gm\u0117s prisotintas patalp\u0173 oras u\u017etikrina ger\u0105 savijaut\u0105. Kartu su trys viename ultragarsiniu oro dr\u0117kintuvu Trotec B2E pagerinsite oro kokyb\u0119, o su kiekvienu \u012fkv\u0117pimu pajusite koks naudingas gali b\u016bti geras mikroklimatas!&lt;\/p&gt;<br \/>\n&lt;p style=&quot;text-align: justify;&quot;&gt;The new ultrasonic &lt;strong&gt;humidifier&lt;\/strong&gt; Trotec B2E savyje turi integruot\u0105 aroma difuzori\u0173, anglies filtr\u0105 ir LED ap&amp;scaron;vietimas. Dr\u0117kintuve esantis 4 litr\u0173 vandens talpa kartu su ultragarso technologija patalpoje sukuria ir paskirsto smulki\u0105 migl\u0105. Trys reguliuojami pur&amp;scaron;kimo lygiai leid\u017eia dr\u0117kinti kambario or\u0105 net iki 13 valand\u0173. Juodos spalvos modernaus dizaino ultragarsinis &lt;strong&gt;humidifier &lt;\/strong&gt;Trotec B2E rekomenduojamas naudoti i&amp;scaron;tisus metus namuose biuruose, gydymo \u012fstaigose, vaik\u0173 dar\u017eeliuose ir kitose pana&amp;scaron;iose patalpose, kuri\u0173 dydis yra iki 30 m&amp;sup2; arba 75 m&amp;sup3;.&lt;\/p&gt;<br \/>\n&lt;p style=&quot;text-align: justify;&quot;&gt;&lt;strong&gt;LED ap&amp;scaron;vietimas&lt;\/strong&gt;&lt;\/p&gt;<br \/>\n&lt;p style=&quot;text-align: justify;&quot;&gt;Vizualiai patrauklus LED ap&amp;scaron;vietimas, kuris kei\u010diasi priklausomai nuo esamos patalpos dr\u0117gm\u0117s.&lt;\/p&gt;<br \/>\n&lt;ul&gt;<br \/>\n&lt;li&gt;Oran\u017ein\u0117: \u017eema dr\u0117gm\u0117 (&amp;lt; 40 %)&lt;\/li&gt;<br \/>\n&lt;li&gt;Alyvin\u0117: optimali dr\u0117gm\u0117 (40-65 %)&lt;\/li&gt;<br \/>\n&lt;li&gt;M\u0117lyna: didel\u0117 dr\u0117gm\u0117 (&amp;gt; 65 %)&lt;\/li&gt;<br \/>\n&lt;li&gt;Malonus klimatas su aromaterapija&lt;\/li&gt;<br \/>\n&lt;\/ul&gt;<br \/>\n&lt;p style=&quot;text-align: justify;&quot;&gt;Enjoy aromatherapy in your own home! Ultrasonic &lt;strong&gt;humidifier&lt;\/strong&gt; Trotec B2E turi integruot\u0105 aromaterapijos funkcij\u0105. Maloniam kambario klimatui sukurti pakanka vos keli\u0173 la&amp;scaron;\u0173 eterinio aliejaus. Aromaterapija skatina sveikesn\u012f mieg\u0105, gali suma\u017einti stres\u0105 ir pagerinti nuotaik\u0105. Aromaterapijos funkcija gali b\u016bti naudojama ne tik miegamajame, bet ir kitose laisvalaikio zonose.&lt;\/p&gt;<br \/>\n&lt;p style=&quot;text-align: justify;&quot;&gt;&lt;strong&gt;Integrated air filter&lt;\/strong&gt;&lt;\/p&gt;<br \/>\n&lt;p style=&quot;text-align: justify;&quot;&gt;Ultrasonic &lt;strong&gt;humidifier&lt;\/strong&gt; Trotec B2E turi integruot\u0105 anglies oro filtr\u0105, kuris pastebimai suma\u017eina oro ter&amp;scaron;alus (\u017eiedadulkes, dulkes, alergenus) ir nemalonius kvapus. Tokiu b\u016bdu patalpos oras ne tik maloniai dr\u0117kinamas, bet ir visam laikui i&amp;scaron;valomas. &amp;Scaron;varus oras sveikesniam gyvenimui!&lt;\/p&gt;<br \/>\n&lt;p style=&quot;text-align: justify;&quot;&gt;&lt;strong&gt;Automatinis i&amp;scaron;jungimas&lt;\/strong&gt;&lt;\/p&gt;<br \/>\n&lt;p style=&quot;text-align: justify;&quot;&gt;Kai vandens bakas yra tu&amp;scaron;\u010dias, ekrane esantis \u012fsp\u0117jamasis &amp;scaron;viesos diodas suteikia i&amp;scaron;ankstin\u0119 informacij\u0105 apie \u017eem\u0105 vandens lyg\u012f, kad b\u016bt\u0173 galima laiku papildyti vanden\u012f. I&amp;scaron;naudojus vandens rezervuare esant\u012f vanden\u012f, ultragarsinis &lt;strong&gt;humidifier&lt;\/strong&gt; Trotec B2E i&amp;scaron;sijungia automati&amp;scaron;kai.&lt;\/p&gt;<br \/>\n&lt;p style=&quot;text-align: justify;&quot;&gt;&lt;strong&gt;Advantages:&lt;\/strong&gt;&lt;\/p&gt;<br \/>\n&lt;ul&gt;<br \/>\n&lt;li&gt;&amp;ldquo;3 in 1&amp;rdquo; &amp;ndash; dr\u0117kinimas, aroma difuzorius, oro valymas;&lt;\/li&gt;<br \/>\n&lt;li&gt;Ultragarsin\u0117 technologija, skirta maloniam vidaus klimatui ir oro kokybei pagerinti;&lt;\/li&gt;<br \/>\n&lt;li&gt;Integruotas anglies filtras oro valymui;&lt;\/li&gt;<br \/>\n&lt;li&gt;Integruotas aroma difuzorius;&lt;\/li&gt;<br \/>\n&lt;li&gt;Keturi vandens garinimo lygiai su LED ap&amp;scaron;vietimu;&lt;\/li&gt;<br \/>\n&lt;li&gt;Didelis vandens rezervuaras leid\u017eia naudotis iki 13 valand\u0173;&lt;\/li&gt;<br \/>\n&lt;li&gt;LED indikacinis ap&amp;scaron;vietimas, nurodantis dr\u0117gm\u0117s lyg\u012f patalpoje;&lt;\/li&gt;<br \/>\n&lt;li&gt;Galima naudoti distiliuot\u0105 arba \u012fprast\u0105 geriam\u0105j\u012f vanden\u012f. Jeigu J\u016bs\u0173 \u010diaupu b\u0117ga kietas, kalk\u0117tas vanduo, rekomenduojame vengti tokio vandens naudojimo dr\u0117kintuve;&lt;\/li&gt;<br \/>\n&lt;li&gt;Automatinis i&amp;scaron;jungimas i&amp;scaron;tu&amp;scaron;t\u0117jus vandens rezervuarui;&lt;\/li&gt;<br \/>\n&lt;li&gt;Lengvas prietaiso i&amp;scaron;montavimas bei valymas;&lt;\/li&gt;<br \/>\n&lt;li&gt;Tylaus veikimo bei taupantis energij\u0105.&lt;\/li&gt;<br \/>\n&lt;\/ul&gt;<br \/>\n&lt;p style=&quot;text-align: justify;&quot;&gt;&lt;strong&gt;Technical characteristics:&lt;\/strong&gt;&lt;\/p&gt;<br \/>\n&lt;ul&gt;<br \/>\n&lt;li&gt;Tinka patalpoms iki 30 m&amp;sup2; \/ 75 m&amp;sup3;;&lt;\/li&gt;<br \/>\n&lt;li&gt;Did\u017eiausia v\u0117saus garo galia: 7,2 l \/ d;&lt;\/li&gt;<br \/>\n&lt;li&gt;Vandens talpos: 4 l;&lt;\/li&gt;<br \/>\n&lt;li&gt;Dr\u0117kinimo na&amp;scaron;umas: 300 ml\/val.;&lt;\/li&gt;<br \/>\n&lt;li&gt;Pilnos talpos i&amp;scaron;garinimo laikas: 13 val.;&lt;\/li&gt;<br \/>\n&lt;li&gt;Energijos s\u0105naudos: 23 W;&lt;\/li&gt;<br \/>\n&lt;li&gt;Kabelio ilgis (m): 1,45;&lt;\/li&gt;<br \/>\n&lt;li&gt;Garso sl\u0117gio lygis: 38 dB (A);&lt;\/li&gt;<br \/>\n&lt;li&gt;Apsaugos klas\u0117: II, IPX0;&lt;\/li&gt;<br \/>\n&lt;li&gt;Matmenys (I x P x A): 230 x 162 x 295 mm;&lt;\/li&gt;<br \/>\n&lt;li&gt;Svoris: 1,5 kg.&lt;\/li&gt;<br \/>\n&lt;\/ul&gt;<br \/>\n&lt;p&gt;&lt;a class=&quot;catalogue&quot; href=&quot;\/en\/images\/Userfiles\/TRT-BA-B2E-TC-001-EN.pdf\/&quot; target=&quot;blank&quot;&gt;Download product manual &lt;\/a&gt;&lt;\/p&gt;<\/p>","protected":false},"excerpt":{"rendered":"<p>&lt;p style=&quot;text-align: justify;&quot;&gt;&lt;em&gt;&lt;strong&gt;Ultrasonic humidifier Trotec B2E 3 in 1: humidifies, purifies and aromatizes!&lt;\/strong&gt;&lt;\/em&gt;&lt;\/p&gt; &lt;p style=&quot;text-align: justify;&quot;&gt;Vienas i&amp;scaron; svarbiausi\u0173 veiksni\u0173<\/p>","protected":false},"featured_media":26162,"comment_status":"closed","ping_status":"open","template":"","meta":[],"product_brand":[],"product_cat":[23],"product_tag":[535],"class_list":{"0":"post-26160","1":"product","2":"type-product","3":"status-publish","4":"has-post-thumbnail","6":"product_cat-be-kategorijos","7":"product_tag-naujiena","9":"first","10":"onbackorder","11":"taxable","12":"shipping-taxable","13":"product-type-variable"},"_links":{"self":[{"href":"https:\/\/orotech.lt\/en\/wp-json\/wp\/v2\/product\/26160","targetHints":{"allow":["GET"]}}],"collection":[{"href":"https:\/\/orotech.lt\/en\/wp-json\/wp\/v2\/product"}],"about":[{"href":"https:\/\/orotech.lt\/en\/wp-json\/wp\/v2\/types\/product"}],"replies":[{"embeddable":true,"href":"https:\/\/orotech.lt\/en\/wp-json\/wp\/v2\/comments?post=26160"}],"version-history":[{"count":1,"href":"https:\/\/orotech.lt\/en\/wp-json\/wp\/v2\/product\/26160\/revisions"}],"predecessor-version":[{"id":26161,"href":"https:\/\/orotech.lt\/en\/wp-json\/wp\/v2\/product\/26160\/revisions\/26161"}],"wp:featuredmedia":[{"embeddable":true,"href":"https:\/\/orotech.lt\/en\/wp-json\/wp\/v2\/media\/26162"}],"wp:attachment":[{"href":"https:\/\/orotech.lt\/en\/wp-json\/wp\/v2\/media?parent=26160"}],"wp:term":[{"taxonomy":"product_brand","embeddable":true,"href":"https:\/\/orotech.lt\/en\/wp-json\/wp\/v2\/product_brand?post=26160"},{"taxonomy":"product_cat","embeddable":true,"href":"https:\/\/orotech.lt\/en\/wp-json\/wp\/v2\/product_cat?post=26160"},{"taxonomy":"product_tag","embeddable":true,"href":"https:\/\/orotech.lt\/en\/wp-json\/wp\/v2\/product_tag?post=26160"}],"curies":[{"name":"wp","href":"https:\/\/api.w.org\/{rel}","templated":true}]}}