{"id":26178,"date":"2025-09-09T07:25:03","date_gmt":"2025-09-09T07:25:03","guid":{"rendered":"https:\/\/orotech.lt\/oro-drekintuvas-clean-air-ca-607w-smart\/"},"modified":"2025-09-10T06:15:09","modified_gmt":"2025-09-10T06:15:09","slug":"oro-drekintuvas-clean-air-ca-607w-smart","status":"publish","type":"product","link":"https:\/\/orotech.lt\/en\/oro-drekintuvas-clean-air-ca-607w-smart\/","title":{"rendered":"Oro dr\u0117kintuvas Clean Air CA-607W Smart"},"content":{"rendered":"<p style=\"text-align: justify;\"><strong>Modern humidifier for dry indoor air<\/strong><\/p>\n<p style=\"text-align: justify;\">Clean Air CA-607W Smart <strong>humidifier <\/strong>is a high-quality device designed to improve the humidity level in indoor air. This humidifier is compact and efficient, making it perfect for homes, offices, bedrooms, work spaces, etc.<\/p>\n<p style=\"text-align: justify;\">The main feature of this humidifier is the ability to increase the humidity level in rooms where it is needed. This is important for those who live or work in dry environments or have respiratory problems due to low air humidity. By increasing humidity, this device helps maintain indoor air quality, reducing dust and making breathing easier.<\/p>\n<p style=\"text-align: justify;\"><strong>Ultragarsin\u0117 garo technologja<\/strong><\/p>\n<p style=\"text-align: justify;\">Clean Air CA-607W Smart&nbsp;<strong>humidifier<\/strong> naudoja ultragarsin\u0119 garo technologij\u0105. Jis turi vandens talpykl\u0105, kurioje galite \u012fpilti \u0161varaus vandens. Oro dr\u0117kintuvas gauna vanden\u012f i\u0161 talpyklos, o ultragarsinio generatoriaus pagalba jis verda vanden\u012f ir i\u0161skiria gar\u0105. \u0160is garas yra i\u0161skleid\u017eiamas \u012f patalp\u0105, padidindamas dr\u0117gm\u0117s lyg\u012f.<\/p>\n<p style=\"text-align: justify;\"><strong>Ionization air purification<\/strong><\/p>\n<p style=\"text-align: justify;\">The integrated ionizer produces negative oxygen ions, which not only humidify, but also purify and refresh the air in the room. The negative ions attach to dust particles, microorganisms and other unwanted substances in the air and bind them together. These particles become heavier than air, fall down and are thus filtered out of the air.&nbsp;&nbsp;<\/p>\n<p style=\"text-align: justify;\"><strong>Heating element for warm humidification<\/strong><\/p>\n<p style=\"text-align: justify;\">Dr\u0117kintuvas turi kaitinimo element\u0105 \u0161iltam dr\u0117kinimui. \u012ejungus kaitinimo element\u0105 susidaro r\u016bkas ir spar\u010diai daug\u0117ja dr\u0117gm\u0117s. \u0160is funkcionalumas sudaro palankias s\u0105lygas kovoti su bakterij\u0173 dauginimusi vandenyje ir palaiko pageidaujam\u0105 kambario temperat\u016br\u0105 \u017eiem\u0105.&nbsp;&nbsp;<\/p>\n<p style=\"text-align: justify;\"><strong>Aromatherapy function<\/strong><\/p>\n<p style=\"text-align: justify;\"><strong>Dr\u0117kintuvas CleanAir CA-607W Smart <\/strong>gali atlikti ir aromaterapin\u0119 funkcij\u0105. \u012erenginyje yra \u012fmontuotas specialus eteriniams aliejams la\u0161inti skirtas stal\u010diukas, tod\u0117l galite susikurti jauki\u0105 aplink\u0105 m\u0117giamais aromatais.<\/p>\n<p style=\"text-align: center;\"><iframe allow=\"accelerometer; autoplay; clipboard-write; encrypted-media; gyroscope; picture-in-picture; web-share\" allowfullscreen=\"\" frameborder=\"0\" height=\"315\" referrerpolicy=\"strict-origin-when-cross-origin\" src=\"https:\/\/www.youtube.com\/embed\/suVVorxJ6lU?si=6fr--42B25c_VcRL\" title=\"YouTube video player\" width=\"560\"><\/iframe><\/p>\n<p style=\"text-align: justify;\"><strong>Kiekvienam pagal poreik\u012f<\/strong><\/p>\n<p style=\"text-align: justify;\">Clean Air CA-607W Smart&nbsp;<strong>humidifier<\/strong> turi kelias funkcijas ir nustatymus, kurie leid\u017eia jums pritaikyti dr\u0117kintuvo veikim\u0105 pagal j\u016bs\u0173 poreikius. Jis gali tur\u0117ti \u012fvairias garso ir dr\u0117gm\u0117s i\u0161leidimo grei\u010dio parinktis, tod\u0117l galite reguliuoti dr\u0117kinimo intensyvum\u0105. Taip pat, daugelis \u0161i\u0173 prietais\u0173 turi integruot\u0105 laikma\u010dio funkcij\u0105, kuri leid\u017eia nustatyti dr\u0117kintuvo veikimo laik\u0105.<\/p>\n<p style=\"text-align: justify;\">Be to, turi \u012fvairias papildomas funkcijas, pvz., automatin\u012f i\u0161jungim\u0105, kai talpykla yra tu\u0161\u010dia arba kai pasiekiama norima dr\u0117gm\u0117s lygio vert\u0117. Tai padeda sutaupyti energij\u0105 ir u\u017etikrina saugum\u0105 naudotojams.<\/p>\n<p style=\"text-align: justify;\"><strong>Itin paprastas valdymas<\/strong><\/p>\n<p style=\"text-align: justify;\">Oro dr\u0117kintuvo CleanAir CA-607W Smart&nbsp;priekyje esan\u010diame ai\u0161kiai i\u0161d\u0117stytame skaitmeniniame valdymo skydelyje yra septyni jutikliniai mygtukai, kuriais lengva pasirinkti norimus nustatymus. Taip pat, \u0161is i\u0161manusis \u012frenginys turi nuotolinio valdymo pultel\u012f ir valdym\u0105 naudojant program\u0117l\u0119 Clean Air Optima App&reg;.&nbsp;<\/p>\n<p style=\"text-align: justify;\"><strong>Modes:<\/strong><\/p>\n<ul>\n<li>\n\t\tAutomatic mode;<\/li>\n<li>\n\t\tSveikatos re\u017eimas;<\/li>\n<li>\n\t\tK\u016bdiki\u0173 re\u017eimas;<\/li>\n<li>\n\t\tSleep mode.<\/li>\n<\/ul>\n<p style=\"text-align: justify;\"><strong>Advantages:<\/strong><\/p>\n<ul>\n<li>\n\t\tReguliuojama dr\u0117gm\u0117 nuo 40 iki 80%;<\/li>\n<li>\n\t\t3 dr\u0117kinimo grei\u010diai;<\/li>\n<li>\n\t\t4 veikimo re\u017eimai;<\/li>\n<li>\n\t\tIonizer (can be turned on and off);<\/li>\n<li>\n\t\tHeating element (can be turned on and off);<\/li>\n<li>\n\t\tLaikma\u010dio funkcija (1-12 val.);<\/li>\n<li>\n\t\tSavait\u0117s programavimas ir \u012fjungimo bei i\u0161jungimo laikas 0-24 val.;<\/li>\n<li>\n\t\tUV-C lempa (galima \u012fjungti ir i\u0161jungti);<\/li>\n<li>\n\t\tChild lock;<\/li>\n<li>\n\t\tAromaterapijos funkcija;<\/li>\n<li>\n\t\tFunkcij\u0173 valdymas naudojant skaitmenin\u012f valdymo skydel\u012f ir (arba) program\u0117l\u0119 &bdquo;Clean Air Optima&reg; App&ldquo;.&nbsp;<\/li>\n<\/ul>\n<p style=\"text-align: justify;\"><strong>Technical characteristics:<br \/>\n\t<\/strong><\/p>\n<ul>\n<li>\n\t\tIki 65 m&sup2; dyd\u017eio patalpoms;<\/li>\n<li>\n\t\tReguliuojama dr\u0117gm\u0117: 40-80%;<\/li>\n<li>\n\t\tWith heating element;<\/li>\n<li>\n\t\tSuitable for aromatherapy;<\/li>\n<li>\n\t\tSleep mode;<\/li>\n<li>\n\t\tMoisture evaporation: 120-480 ml\/h;<\/li>\n<li>\n\t\tVandens talpa: 5,5 l;<\/li>\n<li>\n\t\tJonizacijos talpa:&nbsp;3,000,000 neigiam\u0173 jon\u0173&nbsp;\/ cm&sup3;;<\/li>\n<li>\n\t\tMaitinimas:&nbsp;220 &ndash; 240V, 50 \/ 60Hz;<\/li>\n<li>\n\t\tSvoris:&nbsp;3.4 kg;<\/li>\n<li>\n\t\tGarsas:&nbsp;&lt; 25dB(A);<\/li>\n<li>\n\t\tMatmenys: 23 x 15 x 37 cm;<\/li>\n<li>\n\t\tRy\u0161ys: WiFi,&nbsp;2,4 GHz.&nbsp;&nbsp;<\/li>\n<\/ul>\n<p style=\"text-align: justify;\">To maintain this humidifier, it is important to clean it regularly and change the water. It is also important to follow the care instructions described by the manufacturer.<\/p>\n<p style=\"text-align: justify;\"><a class=\"catalogue\" href=\"\/en\/images\/Userfiles\/www.rubisolis.lt_Oro_drkintuvas_Clean_Air_CA-607W_Smart.pdf\/\" target=\"blank\">Download product manual<\/a><\/p>","protected":false},"excerpt":{"rendered":"<p>Modernus oro dr\u0117kintuvas sausam vidaus patalp\u0173 orui Clean Air CA-607W Smart oro dr\u0117kintuvas yra auk\u0161tos kokyb\u0117s prietaisas, kuris skirtas pagerinti<\/p>","protected":false},"featured_media":26180,"comment_status":"closed","ping_status":"open","template":"","meta":[],"product_brand":[],"product_cat":[23],"product_tag":[535],"class_list":{"0":"post-26178","1":"product","2":"type-product","3":"status-publish","4":"has-post-thumbnail","6":"product_cat-be-kategorijos","7":"product_tag-naujiena","9":"first","10":"onbackorder","11":"taxable","12":"shipping-taxable","13":"product-type-variable"},"_links":{"self":[{"href":"https:\/\/orotech.lt\/en\/wp-json\/wp\/v2\/product\/26178","targetHints":{"allow":["GET"]}}],"collection":[{"href":"https:\/\/orotech.lt\/en\/wp-json\/wp\/v2\/product"}],"about":[{"href":"https:\/\/orotech.lt\/en\/wp-json\/wp\/v2\/types\/product"}],"replies":[{"embeddable":true,"href":"https:\/\/orotech.lt\/en\/wp-json\/wp\/v2\/comments?post=26178"}],"version-history":[{"count":1,"href":"https:\/\/orotech.lt\/en\/wp-json\/wp\/v2\/product\/26178\/revisions"}],"predecessor-version":[{"id":26179,"href":"https:\/\/orotech.lt\/en\/wp-json\/wp\/v2\/product\/26178\/revisions\/26179"}],"wp:featuredmedia":[{"embeddable":true,"href":"https:\/\/orotech.lt\/en\/wp-json\/wp\/v2\/media\/26180"}],"wp:attachment":[{"href":"https:\/\/orotech.lt\/en\/wp-json\/wp\/v2\/media?parent=26178"}],"wp:term":[{"taxonomy":"product_brand","embeddable":true,"href":"https:\/\/orotech.lt\/en\/wp-json\/wp\/v2\/product_brand?post=26178"},{"taxonomy":"product_cat","embeddable":true,"href":"https:\/\/orotech.lt\/en\/wp-json\/wp\/v2\/product_cat?post=26178"},{"taxonomy":"product_tag","embeddable":true,"href":"https:\/\/orotech.lt\/en\/wp-json\/wp\/v2\/product_tag?post=26178"}],"curies":[{"name":"wp","href":"https:\/\/api.w.org\/{rel}","templated":true}]}}