{"id":26222,"date":"2025-09-09T07:30:02","date_gmt":"2025-09-09T07:30:02","guid":{"rendered":"https:\/\/orotech.lt\/ultragarsinis-oro-drekintuvas-airme-clarence-2\/"},"modified":"2025-09-10T06:15:15","modified_gmt":"2025-09-10T06:15:15","slug":"ultragarsinis-oro-drekintuvas-airme-clarence-2","status":"publish","type":"product","link":"https:\/\/orotech.lt\/en\/ultragarsinis-oro-drekintuvas-airme-clarence-2\/","title":{"rendered":"Ultragarsinis oro dr\u0117kintuvas Air&amp;Me Clarence"},"content":{"rendered":"<p>&lt;p style=&quot;text-align: justify;&quot;&gt;Kai oras j\u016bs\u0173 namuose tampa per sausas, svarbu greitai reaguoti, kad i&amp;scaron;vengtum\u0117te vis\u0173 nepatogum\u0173, kuriuos gali sukelti atsirad\u0119s nosies u\u017egulimas, gerkl\u0117s u\u017ekimimas ar net galvos skausmas&hellip; Ultragarsinis &lt;strong&gt;humidifier&lt;\/strong&gt; Air&amp;amp;Me Clarence is here to help you!&lt;\/p&gt;<br \/>\n&lt;p style=&quot;text-align: justify;&quot;&gt;&lt;strong&gt;Air&amp;amp;Me Clarence humidifier with touch screen instantly humidifies rooms&lt;\/strong&gt;&lt;\/p&gt;<br \/>\n&lt;p style=&quot;text-align: justify;&quot;&gt;Modern design ultrasonic &lt;strong&gt;humidifier&lt;\/strong&gt; Air&amp;amp;Me Clarence i&amp;scaron;siskiria tyliu veikimu (35 dB), ma\u017eu elektros energijos suvartojimu (110 W) bei tuo, kad 5 l vandens bakas gali leisti tiek &amp;scaron;altus, tiek &amp;scaron;iltus, r\u016bk\u0105 primenan\u010dius, garus. &amp;Scaron;io tipo &lt;strong&gt;humidifier&lt;\/strong&gt; naudoja auk&amp;scaron;to da\u017enio bangas, kurios vibruoja metalin\u0119 diafragm\u0105, taip vanden\u012f paversdamos itin smulkia dulksna. Ultragarsinis &lt;strong&gt;humidifier&lt;\/strong&gt; Air&amp;amp;Me Clarence&amp;nbsp;dr\u0117kina patalpas 330 ml\/val. na&amp;scaron;umu, tod\u0117l puikiai tinkamas patalpoms iki 40 m&amp;sup2;.&lt;\/p&gt;<br \/>\n&lt;p style=&quot;text-align: justify;&quot;&gt;The device is equipped with integrated HygroSmart &copy; technology, which helps maintain an optimal humidity level of 45-55 % in the room. The humidifier has a built-in ionizer that cleans the air from dust, pollen, pet hair and bacteria. Ultrasonic &lt;strong&gt;humidifier&lt;\/strong&gt; Air&amp;amp;Me Clarence&amp;nbsp;taip pat atlieka aromaterapijos funkcij\u0105 &ndash; tereikia \u012fpilti kelet\u0105 m\u0117gstamo kvapo eterinio aliejaus la&amp;scaron;\u0173 \u012f tam skirt\u0105 talp\u0105. Kaip \u017einoma, aromaterapija pagerina m\u016bs\u0173 gyvenimo kokyb\u0119: pakelia nuotaik\u0105, gerina mieg\u0105 ir sveikat\u0105. &amp;Scaron;is &lt;strong&gt;humidifier&lt;\/strong&gt; has a digital display that allows you to monitor the humidity in the environment.&amp;nbsp;&lt;\/p&gt;<br \/>\n&lt;p style=&quot;text-align: justify;&quot;&gt;I&amp;scaron;manusis ultragarsinis &lt;strong&gt;humidifier&lt;\/strong&gt; Air&amp;amp;Me Clarence&amp;nbsp;turi laikmat\u012f, leid\u017eiant\u012f u\u017eprogramuoti veikimo laiko interval\u0105. Be to, d\u0117ka integruotos WiFi funkcijos prietais\u0105 galite valdyti naudodami program\u0117l\u0119 &quot;Smart Life &ndash; Smart Living&quot; nepakildami nuo k\u0117d\u0117s!&amp;nbsp;&lt;\/p&gt;<br \/>\n&lt;p style=&quot;text-align: center;&quot;&gt;&lt;iframe src=&quot;https:\/\/www.youtube.com\/embed\/jBndxufkZ3g?si=fkcq2ZlaLHMmGJ-I&quot; frameborder=&quot;0&quot; width=&quot;560&quot; height=&quot;315&quot;&gt;&lt;\/iframe&gt;&lt;\/p&gt;<br \/>\n&lt;p&gt;&lt;strong&gt;Technical information:&lt;\/strong&gt;&lt;\/p&gt;<br \/>\n&lt;ul&gt;<br \/>\n&lt;li&gt;Tinkamas patalpoms iki 40 m&amp;sup2;;&lt;\/li&gt;<br \/>\n&lt;li&gt;Dr\u0117kinimo na&amp;scaron;umas: 330 ml\/val.;&lt;\/li&gt;<br \/>\n&lt;li&gt;Vandens bako talpa: 5 l;&lt;\/li&gt;<br \/>\n&lt;li&gt;Vandens kietumas: netinkamas labai kietas vanduo (21dh);&lt;\/li&gt;<br \/>\n&lt;li&gt;Grei\u010dio lygiai: 3;&lt;\/li&gt;<br \/>\n&lt;li&gt;Energijos s\u0105naudos: 110 W;&lt;\/li&gt;<br \/>\n&lt;li&gt;\u012etampa: 220-240 V ~ 50\/60 Hz;&amp;nbsp;&lt;\/li&gt;<br \/>\n&lt;li&gt;Garsas: &amp;le; 35 dB;&lt;\/li&gt;<br \/>\n&lt;li&gt;Prietaiso matmenys:&amp;nbsp;353 x 184 x 230&amp;nbsp;mm;&lt;\/li&gt;<br \/>\n&lt;li&gt;Prietaiso svoris: 2.36 kg.&lt;\/li&gt;<br \/>\n&lt;\/ul&gt;<br \/>\n&lt;p&gt;&lt;strong&gt;Features:&lt;\/strong&gt;&lt;\/p&gt;<br \/>\n&lt;ul&gt;<br \/>\n&lt;li&gt;Aromaterapija;&lt;\/li&gt;<br \/>\n&lt;li&gt;Dr\u0117kinimas;&lt;\/li&gt;<br \/>\n&lt;li&gt;Jonizacija;&lt;\/li&gt;<br \/>\n&lt;li&gt;&amp;Scaron;iltas ir &amp;scaron;altas garas;&lt;\/li&gt;<br \/>\n&lt;li&gt;Valdymas nuotolinio valdymo pultu;&lt;\/li&gt;<br \/>\n&lt;li&gt;Integruotas WiFi.&lt;\/li&gt;<br \/>\n&lt;\/ul&gt;<br \/>\n&lt;p style=&quot;text-align: justify;&quot;&gt;&lt;a class=&quot;catalogue&quot; href=&quot;\/en\/images\/Userfiles\/www.rubisolis.lt_Ultragarsinis_oro_drkintuvas_AirMe_Clarence_instrukcija.pdf\/&quot; target=&quot;blank&quot;&gt;Download product manual&lt;\/a&gt;&lt;\/p&gt;<\/p>","protected":false},"excerpt":{"rendered":"<p>&lt;p style=&quot;text-align: justify;&quot;&gt;Kai oras j\u016bs\u0173 namuose tampa per sausas, svarbu greitai reaguoti, kad i&amp;scaron;vengtum\u0117te vis\u0173 nepatogum\u0173, kuriuos gali sukelti atsirad\u0119s<\/p>","protected":false},"featured_media":26224,"comment_status":"closed","ping_status":"open","template":"","meta":[],"product_brand":[],"product_cat":[23],"product_tag":[535],"class_list":{"0":"post-26222","1":"product","2":"type-product","3":"status-publish","4":"has-post-thumbnail","6":"product_cat-be-kategorijos","7":"product_tag-naujiena","9":"first","10":"onbackorder","11":"taxable","12":"shipping-taxable","13":"product-type-variable"},"_links":{"self":[{"href":"https:\/\/orotech.lt\/en\/wp-json\/wp\/v2\/product\/26222","targetHints":{"allow":["GET"]}}],"collection":[{"href":"https:\/\/orotech.lt\/en\/wp-json\/wp\/v2\/product"}],"about":[{"href":"https:\/\/orotech.lt\/en\/wp-json\/wp\/v2\/types\/product"}],"replies":[{"embeddable":true,"href":"https:\/\/orotech.lt\/en\/wp-json\/wp\/v2\/comments?post=26222"}],"version-history":[{"count":1,"href":"https:\/\/orotech.lt\/en\/wp-json\/wp\/v2\/product\/26222\/revisions"}],"predecessor-version":[{"id":26223,"href":"https:\/\/orotech.lt\/en\/wp-json\/wp\/v2\/product\/26222\/revisions\/26223"}],"wp:featuredmedia":[{"embeddable":true,"href":"https:\/\/orotech.lt\/en\/wp-json\/wp\/v2\/media\/26224"}],"wp:attachment":[{"href":"https:\/\/orotech.lt\/en\/wp-json\/wp\/v2\/media?parent=26222"}],"wp:term":[{"taxonomy":"product_brand","embeddable":true,"href":"https:\/\/orotech.lt\/en\/wp-json\/wp\/v2\/product_brand?post=26222"},{"taxonomy":"product_cat","embeddable":true,"href":"https:\/\/orotech.lt\/en\/wp-json\/wp\/v2\/product_cat?post=26222"},{"taxonomy":"product_tag","embeddable":true,"href":"https:\/\/orotech.lt\/en\/wp-json\/wp\/v2\/product_tag?post=26222"}],"curies":[{"name":"wp","href":"https:\/\/api.w.org\/{rel}","templated":true}]}}