{"id":26232,"date":"2025-09-09T07:30:02","date_gmt":"2025-09-09T07:30:02","guid":{"rendered":"https:\/\/orotech.lt\/elektrines-spindulinio-sildymo-plokstes-energotech-energostrip-2\/"},"modified":"2025-09-10T06:15:16","modified_gmt":"2025-09-10T06:15:16","slug":"electric-radiant-heating-panels-energotech-energostrip-2","status":"publish","type":"product","link":"https:\/\/orotech.lt\/en\/electric-radiant-heating-panels-energotech-energostrip-2\/","title":{"rendered":"Electric radiant heating panels Energotech EnergoStrip"},"content":{"rendered":"<p style=\"text-align: justify;\"><span style=\"text-align: justify;\">Infrared heaters <\/span><strong style=\"text-align: justify;\">EnergoStrip gali b\u016bti naudojami patalpose, kuri\u0173 auk\u0161tis nuo 2 iki 40 m &ndash; taigi, nuo ma\u017eo vonios kambario iki did\u017eiuli\u0173 pramonini\u0173 angar\u0173.<\/strong><\/p>\n<p style=\"text-align: center;\">\n\t<iframe allow=\"accelerometer; autoplay; clipboard-write; encrypted-media; gyroscope; picture-in-picture\" allowfullscreen=\"\" frameborder=\"0\" height=\"315\" src=\"https:\/\/www.youtube.com\/embed\/51svsdPLMvE\" width=\"560\"><\/iframe><\/p>\n<p style=\"text-align: justify;\">\n\tThese heaters provide a pleasant and cozy feeling of warmth, so they can be used in kindergartens, homes, schools, churches, conservatories, exhibition halls, warehouses, factories, tennis courts, gyms, etc.<\/p>\n<p>\tInstalling such a heating system is simple, cheap and requires no maintenance. Since these radiant heaters are usually mounted to the ceiling, valuable wall and floor space is freed up. <strong>\u0160ie \u0161ildytuvai leis sutaupyti 25 &ndash; 50 % \u0161ildymo energijos lyginant su konvekciniu \u0161ildymu.<\/strong><\/p>\n<p>\tEnergoStrip heats the walls, floors, and other surfaces of a room, which results in significant energy savings. Therefore, using the heaters at night, when electricity is cheapest, allows for additional savings. These radiant heaters are suitable for main, additional, or individual zone heating. <strong>The IP44 protection class allows these devices to be used in damp rooms and dryers.<\/strong><\/p>\n<p>\tEnergostrip radiant heaters are mounted to the ceiling using the included mounting elements. If necessary, the devices can also be lowered to a lower height using cables or chains.<\/p>\n<p>\t<strong>Energostrip has a unique design that protects against electromagnetic fields (SEMKO tests have been performed).<\/strong><\/p>\n<p style=\"text-align: justify;\"><a class=\"catalogue\" href=\"https:\/\/www.rubisolis.lt\/failai\/files\/produktu%20pdf\/EnergoStrip_EN.pdf\" target=\"blank\" rel=\"nofollow noopener\">Download product catalog<\/a><\/p>\n<p style=\"text-align: justify;\"><a class=\"catalogue\" href=\"https:\/\/rubisolis.lt\/images\/Userfiles\/My_folder\/Energostrip_EE24_LN_montavimo_ir_instaliavimo_instrukcija.pdf\" target=\"blank\" rel=\"nofollow noopener\">Download product manual<\/a><\/p>","protected":false},"excerpt":{"rendered":"<p>Infraraudon\u0173j\u0173 spinduli\u0173 \u0161ildytuvai EnergoStrip gali b\u016bti naudojami patalpose, kuri\u0173 auk\u0161tis nuo 2 iki 40 m &ndash; taigi, nuo ma\u017eo vonios<\/p>","protected":false},"featured_media":26234,"comment_status":"closed","ping_status":"open","template":"","meta":[],"product_brand":[],"product_cat":[23],"product_tag":[535],"class_list":{"0":"post-26232","1":"product","2":"type-product","3":"status-publish","4":"has-post-thumbnail","6":"product_cat-be-kategorijos","7":"product_tag-naujiena","9":"first","10":"onbackorder","11":"taxable","12":"shipping-taxable","13":"product-type-variable"},"_links":{"self":[{"href":"https:\/\/orotech.lt\/en\/wp-json\/wp\/v2\/product\/26232","targetHints":{"allow":["GET"]}}],"collection":[{"href":"https:\/\/orotech.lt\/en\/wp-json\/wp\/v2\/product"}],"about":[{"href":"https:\/\/orotech.lt\/en\/wp-json\/wp\/v2\/types\/product"}],"replies":[{"embeddable":true,"href":"https:\/\/orotech.lt\/en\/wp-json\/wp\/v2\/comments?post=26232"}],"version-history":[{"count":1,"href":"https:\/\/orotech.lt\/en\/wp-json\/wp\/v2\/product\/26232\/revisions"}],"predecessor-version":[{"id":26233,"href":"https:\/\/orotech.lt\/en\/wp-json\/wp\/v2\/product\/26232\/revisions\/26233"}],"wp:featuredmedia":[{"embeddable":true,"href":"https:\/\/orotech.lt\/en\/wp-json\/wp\/v2\/media\/26234"}],"wp:attachment":[{"href":"https:\/\/orotech.lt\/en\/wp-json\/wp\/v2\/media?parent=26232"}],"wp:term":[{"taxonomy":"product_brand","embeddable":true,"href":"https:\/\/orotech.lt\/en\/wp-json\/wp\/v2\/product_brand?post=26232"},{"taxonomy":"product_cat","embeddable":true,"href":"https:\/\/orotech.lt\/en\/wp-json\/wp\/v2\/product_cat?post=26232"},{"taxonomy":"product_tag","embeddable":true,"href":"https:\/\/orotech.lt\/en\/wp-json\/wp\/v2\/product_tag?post=26232"}],"curies":[{"name":"wp","href":"https:\/\/api.w.org\/{rel}","templated":true}]}}