{"id":26237,"date":"2025-09-09T07:30:02","date_gmt":"2025-09-09T07:30:02","guid":{"rendered":"https:\/\/orotech.lt\/automatine-vandens-papildymo-sistema-trotec-b-400-drekintuvui\/"},"modified":"2025-09-10T06:15:16","modified_gmt":"2025-09-10T06:15:16","slug":"automatine-vandens-papildymo-sistema-trotec-b-400-drekintuvui","status":"publish","type":"product","link":"https:\/\/orotech.lt\/en\/automatine-vandens-papildymo-sistema-trotec-b-400-drekintuvui\/","title":{"rendered":"Automatin\u0117 vandens papildymo sistema Trotec B 400 dr\u0117kintuvui"},"content":{"rendered":"<p>Rinkinys automatiniam vandens papildymui. Skirtas dr\u0117kintuvui B400.<\/p>\n<p><a class=\"catalogue\" href=\"https:\/\/www.rubisolis.lt\/\/failai\/files\/produktu%20pdf\/Trotec\/Dr%C4%97kintuvai\/B400%20vandens%20pompos%20naudojimas.pdf\" target=\"blank\" rel=\"nofollow noopener\">Download product manual <\/a><\/p>","protected":false},"excerpt":{"rendered":"<p>Rinkinys automatiniam vandens papildymui. Skirtas dr\u0117kintuvui B400. Atsisi\u0173sti produkto instrukcij\u0105<\/p>","protected":false},"featured_media":26239,"comment_status":"closed","ping_status":"open","template":"","meta":[],"product_brand":[],"product_cat":[23],"product_tag":[535],"class_list":{"0":"post-26237","1":"product","2":"type-product","3":"status-publish","4":"has-post-thumbnail","6":"product_cat-be-kategorijos","7":"product_tag-naujiena","9":"first","10":"onbackorder","11":"taxable","12":"shipping-taxable","13":"product-type-variable"},"_links":{"self":[{"href":"https:\/\/orotech.lt\/en\/wp-json\/wp\/v2\/product\/26237","targetHints":{"allow":["GET"]}}],"collection":[{"href":"https:\/\/orotech.lt\/en\/wp-json\/wp\/v2\/product"}],"about":[{"href":"https:\/\/orotech.lt\/en\/wp-json\/wp\/v2\/types\/product"}],"replies":[{"embeddable":true,"href":"https:\/\/orotech.lt\/en\/wp-json\/wp\/v2\/comments?post=26237"}],"version-history":[{"count":1,"href":"https:\/\/orotech.lt\/en\/wp-json\/wp\/v2\/product\/26237\/revisions"}],"predecessor-version":[{"id":26238,"href":"https:\/\/orotech.lt\/en\/wp-json\/wp\/v2\/product\/26237\/revisions\/26238"}],"wp:featuredmedia":[{"embeddable":true,"href":"https:\/\/orotech.lt\/en\/wp-json\/wp\/v2\/media\/26239"}],"wp:attachment":[{"href":"https:\/\/orotech.lt\/en\/wp-json\/wp\/v2\/media?parent=26237"}],"wp:term":[{"taxonomy":"product_brand","embeddable":true,"href":"https:\/\/orotech.lt\/en\/wp-json\/wp\/v2\/product_brand?post=26237"},{"taxonomy":"product_cat","embeddable":true,"href":"https:\/\/orotech.lt\/en\/wp-json\/wp\/v2\/product_cat?post=26237"},{"taxonomy":"product_tag","embeddable":true,"href":"https:\/\/orotech.lt\/en\/wp-json\/wp\/v2\/product_tag?post=26237"}],"curies":[{"name":"wp","href":"https:\/\/api.w.org\/{rel}","templated":true}]}}