{"id":26245,"date":"2025-09-09T07:30:02","date_gmt":"2025-09-09T07:30:02","guid":{"rendered":"https:\/\/orotech.lt\/oro-filtro-apvadas-trotec-b-400-drekintuvui\/"},"modified":"2025-09-10T06:15:18","modified_gmt":"2025-09-10T06:15:18","slug":"oro-filtro-apvadas-trotec-b-400-drekintuvui","status":"publish","type":"product","link":"https:\/\/orotech.lt\/en\/oro-filtro-apvadas-trotec-b-400-drekintuvui\/","title":{"rendered":"Oro filtro apvadas Trotec B 400 dr\u0117kintuvui"},"content":{"rendered":"<p style=\"text-align: justify;\">Oro filtro apvadas, skirtas pramoniniui diskiniui oro dr\u0117kintuvui Trotec B 400. Korio strukt\u016br\u0105 primenantis oro filtras skirtas montuoti ant Trotec B 400 oro dr\u0117kintuvo b\u016bgno, kuris sukasi per prietaiso vandens bak\u0105.&nbsp;<\/p>","protected":false},"excerpt":{"rendered":"<p>Oro filtro apvadas, skirtas pramoniniui diskiniui oro dr\u0117kintuvui Trotec B 400. Korio strukt\u016br\u0105 primenantis oro filtras skirtas montuoti ant Trotec<\/p>","protected":false},"featured_media":26247,"comment_status":"closed","ping_status":"open","template":"","meta":[],"product_brand":[],"product_cat":[23],"product_tag":[535],"class_list":{"0":"post-26245","1":"product","2":"type-product","3":"status-publish","4":"has-post-thumbnail","6":"product_cat-be-kategorijos","7":"product_tag-naujiena","9":"first","10":"onbackorder","11":"taxable","12":"shipping-taxable","13":"product-type-variable"},"_links":{"self":[{"href":"https:\/\/orotech.lt\/en\/wp-json\/wp\/v2\/product\/26245","targetHints":{"allow":["GET"]}}],"collection":[{"href":"https:\/\/orotech.lt\/en\/wp-json\/wp\/v2\/product"}],"about":[{"href":"https:\/\/orotech.lt\/en\/wp-json\/wp\/v2\/types\/product"}],"replies":[{"embeddable":true,"href":"https:\/\/orotech.lt\/en\/wp-json\/wp\/v2\/comments?post=26245"}],"version-history":[{"count":1,"href":"https:\/\/orotech.lt\/en\/wp-json\/wp\/v2\/product\/26245\/revisions"}],"predecessor-version":[{"id":26246,"href":"https:\/\/orotech.lt\/en\/wp-json\/wp\/v2\/product\/26245\/revisions\/26246"}],"wp:featuredmedia":[{"embeddable":true,"href":"https:\/\/orotech.lt\/en\/wp-json\/wp\/v2\/media\/26247"}],"wp:attachment":[{"href":"https:\/\/orotech.lt\/en\/wp-json\/wp\/v2\/media?parent=26245"}],"wp:term":[{"taxonomy":"product_brand","embeddable":true,"href":"https:\/\/orotech.lt\/en\/wp-json\/wp\/v2\/product_brand?post=26245"},{"taxonomy":"product_cat","embeddable":true,"href":"https:\/\/orotech.lt\/en\/wp-json\/wp\/v2\/product_cat?post=26245"},{"taxonomy":"product_tag","embeddable":true,"href":"https:\/\/orotech.lt\/en\/wp-json\/wp\/v2\/product_tag?post=26245"}],"curies":[{"name":"wp","href":"https:\/\/api.w.org\/{rel}","templated":true}]}}