{"id":26249,"date":"2025-09-09T07:30:02","date_gmt":"2025-09-09T07:30:02","guid":{"rendered":"https:\/\/orotech.lt\/oro-valytuvas-trotec-airgoclean-11-e-su-hepa-filtru-2\/"},"modified":"2025-09-10T06:15:19","modified_gmt":"2025-09-10T06:15:19","slug":"air-purifier-trotec-airgoclean-11-e-with-hepa-filter-2","status":"publish","type":"product","link":"https:\/\/orotech.lt\/en\/air-purifier-trotec-airgoclean-11-e-with-hepa-filter-2\/","title":{"rendered":"Air purifier Trotec AirgoClean 11 E with HEPA filter"},"content":{"rendered":"<p>Kuo \u0161varesnis ir neapsunkintas oras, kuriuo kv\u0117puojame kasdien, tuo geriau jau\u010diam\u0117s. Ta\u010diau vidaus patalp\u0173 oras da\u017enai u\u017eter\u0161iamas alergenais, kaip virusai, bakterijos, kietosios dalel\u0117s,&nbsp;\u017eiedadulk\u0117s, gyv\u016bn\u0173 plaukai, pel\u0117si\u0173 sporos ir t.t. Oro valytuvas Trotec AirgoClean 11 E <strong>quietly and efficiently<\/strong> destroys these pests using<strong> HEPA filter<\/strong>.<\/p>\n<p><strong>Trotec AirgoClean 11 E<\/strong> The air purifier combines timeless elegance with effective HEPA air purification technology. With its high-quality matte black finish and cylindrical aesthetics, the compact air purifier visually stands out in both private and work environments. Without forgetting the most important thing - cleaner air to breathe in your home or workplace.&nbsp;<\/p>\n<p><strong>Advantages:<\/strong><\/p>\n<ul>\n<li>\n\t\t&quot;3-in-1&quot; patalp\u0173 oro filtravimo sistema su HEPA filtru, anglies filtru ir DACRON&reg; pirminiu filtru;<\/li>\n<li>\n\t\tEffective HEPA filtration of air particles and pollutants;<\/li>\n<li>\n\t\t3-color LED lights (green, blue, red);<\/li>\n<li>\n\t\tTinka visi\u0161kai automatiniam iki 38 m&sup3; patalp\u0173 oro valymui;<\/li>\n<li>\n\t\tMaksimalus valymo t\u016bris 120 m&sup3;\/h;<\/li>\n<li>\n\t\t3 fan speeds;<\/li>\n<li>\n\t\tCompact and powerful, easy to operate;<\/li>\n<li>\n\t\tEasy, quick filter replacement;<\/li>\n<li>\n\t\tAutomatic operation;<\/li>\n<li>\n\t\tFilter indicator light;<\/li>\n<li>\n\t\tLow noise: no more than 43 dB(A);<\/li>\n<li>\n\t\tLow energy consumption;<\/li>\n<li>\n\t\tSuitable for people with allergies.<\/li>\n<\/ul>\n<p><strong>Technical information:<\/strong><\/p>\n<ul>\n<li>\n\t\ttinkamas patalpoms iki 15 m&sup2; arba 38 m&sup3;&nbsp;dyd\u017eio;&nbsp;<\/li>\n<li>\n\t\toro srauto lygiai: 42 \/ 72 \/ 120 m&sup3;\/h;<\/li>\n<li>\n\t\tsound levels: 25 \/ 35 \/ 43 dB(A);<\/li>\n<li>\n\t\tmaitinimas: 100 &#8211; 240 V, 50\/60 Hz&nbsp;;<\/li>\n<li>\n\t\tnominal electric current: 1.0 A;<\/li>\n<li>\n\t\tpower consumption: 11 W;<\/li>\n<li>\n\t\tdimensions: 240 x 240 x 335 mm;<\/li>\n<li>\n\t\tcable length 1.5 m;<\/li>\n<li>\n\t\tweight (without packaging): 2 kg,<\/li>\n<li>\n\t\tprotection class: II.<\/li>\n<\/ul>\n<p style=\"text-align: center;\">&nbsp;<\/p>\n<p><a class=\"catalogue\" href=\"\/en\/images\/Userfiles\/www.rubisolis.lt_TRT-BA-AirgoClean_11E-TC-002-EN.pdf\/\" target=\"blank\">Download product manual <\/a><\/p>","protected":false},"excerpt":{"rendered":"<p>Kuo \u0161varesnis ir neapsunkintas oras, kuriuo kv\u0117puojame kasdien, tuo geriau jau\u010diam\u0117s. Ta\u010diau vidaus patalp\u0173 oras da\u017enai u\u017eter\u0161iamas alergenais, kaip virusai,<\/p>","protected":false},"featured_media":26251,"comment_status":"closed","ping_status":"open","template":"","meta":[],"product_brand":[],"product_cat":[23],"product_tag":[535],"class_list":{"0":"post-26249","1":"product","2":"type-product","3":"status-publish","4":"has-post-thumbnail","6":"product_cat-be-kategorijos","7":"product_tag-naujiena","9":"first","10":"onbackorder","11":"taxable","12":"shipping-taxable","13":"product-type-variable"},"_links":{"self":[{"href":"https:\/\/orotech.lt\/en\/wp-json\/wp\/v2\/product\/26249","targetHints":{"allow":["GET"]}}],"collection":[{"href":"https:\/\/orotech.lt\/en\/wp-json\/wp\/v2\/product"}],"about":[{"href":"https:\/\/orotech.lt\/en\/wp-json\/wp\/v2\/types\/product"}],"replies":[{"embeddable":true,"href":"https:\/\/orotech.lt\/en\/wp-json\/wp\/v2\/comments?post=26249"}],"version-history":[{"count":1,"href":"https:\/\/orotech.lt\/en\/wp-json\/wp\/v2\/product\/26249\/revisions"}],"predecessor-version":[{"id":26250,"href":"https:\/\/orotech.lt\/en\/wp-json\/wp\/v2\/product\/26249\/revisions\/26250"}],"wp:featuredmedia":[{"embeddable":true,"href":"https:\/\/orotech.lt\/en\/wp-json\/wp\/v2\/media\/26251"}],"wp:attachment":[{"href":"https:\/\/orotech.lt\/en\/wp-json\/wp\/v2\/media?parent=26249"}],"wp:term":[{"taxonomy":"product_brand","embeddable":true,"href":"https:\/\/orotech.lt\/en\/wp-json\/wp\/v2\/product_brand?post=26249"},{"taxonomy":"product_cat","embeddable":true,"href":"https:\/\/orotech.lt\/en\/wp-json\/wp\/v2\/product_cat?post=26249"},{"taxonomy":"product_tag","embeddable":true,"href":"https:\/\/orotech.lt\/en\/wp-json\/wp\/v2\/product_tag?post=26249"}],"curies":[{"name":"wp","href":"https:\/\/api.w.org\/{rel}","templated":true}]}}