{"id":26261,"date":"2025-09-09T07:30:02","date_gmt":"2025-09-09T07:30:02","guid":{"rendered":"https:\/\/orotech.lt\/oro-valytuvas-trotec-airgoclean-171-e-su-hepa-filtru-2\/"},"modified":"2025-09-10T06:15:20","modified_gmt":"2025-09-10T06:15:20","slug":"oro-valytuvas-trotec-airgoclean-171-e-su-hepa-filtru-2","status":"publish","type":"product","link":"https:\/\/orotech.lt\/en\/oro-valytuvas-trotec-airgoclean-171-e-su-hepa-filtru-2\/","title":{"rendered":"Air purifier Trotec AirgoClean 171 E with HEPA filter"},"content":{"rendered":"<p><strong>The Trotec AirgoClean 171 E air purifier purifies polluted room air.<br \/>\n\t<\/strong><\/p>\n<p>Protect yourself and your loved ones with an air purifier with a HEPA filter. Fully automatic thanks to state-of-the-art air quality sensors that constantly measure indoor air quality and detect changes, then neutralize them with intelligently controlled air purification performance. The five-stage adjustable fan with a maximum air circulation of 350 m\u00b3\/h allows you to noticeably improve the air quality in rooms up to 42 m\u00b2.<\/p>\n<p><strong>360\u00b0 air purification with Triple Protection HEPA filter technology<br \/>\n\t<\/strong><\/p>\n<p>With a timeless and elegant slim design, equipped with a highly efficient E12 HEPA filter system, including a DACRON primary filter and a carbon filter, the mobile air purifier AirgoClean 171 E improves indoor air quality. The cylindrical design of the device with 360\u00b0 air intake makes the air purifier easy to transport anywhere. The aerodynamically shaped air guides in the air outlet guarantee optimal distribution of the purified air. Thus, the spiral-shaped blades are not only an attractive design feature, but also further increase turbulence and thus the distribution of clean air throughout the room. The three-level PM2.5 color display informs you in real time about the air quality of the room around you.<\/p>\n<p><strong>Advantages:<\/strong><\/p>\n<ul>\n<li>\n\t\tThree-stage indoor air filter system with DACRON primary filter, carbon filter and E12 filter class HEPA filter;<\/li>\n<li>\n\t\tEffective HEPA filtration against suspended particles, pollutants, microbes and odors;<\/li>\n<li>\n\t\tThree-color LED indicator (green, blue, red);<\/li>\n<li>\n\t\tSuitable for fully automatic indoor air purification up to 105 m\u00b3;<\/li>\n<li>\n\t\tCleaning volume max. 350 m\u00b3\/h;<\/li>\n<li>\n\t\t5 fan speeds with switchable turbo function;<\/li>\n<li>\n\t\tCompact and powerful, easy to operate;<\/li>\n<li>\n\t\tEasy, quick filter replacement;<\/li>\n<li>\n\t\tAutomatic mode;<\/li>\n<li>\n\t\tMemory function;<\/li>\n<li>\n\t\tFilter indicator light;<\/li>\n<li>\n\t\tNight mode (silent mode);<\/li>\n<li>\n\t\tLow noise: max. 49 dB(A);<\/li>\n<li>\n\t\tLow energy consumption;<\/li>\n<li>\n\t\tSuitable for people with allergies.<\/li>\n<\/ul>\n<p><strong>Technical information:<\/strong><\/p>\n<ul>\n<li>\n\t\tsuitable for rooms up to 42 m\u00b2 \/ 105 m\u00b3;&nbsp;<\/li>\n<li>\n\t\tAir flow levels: 119 \/ 168 \/ 263 \/ 303 \/ 350 m\u00b3\/h;<\/li>\n<li>\n\t\tsound levels: 22 \/ 27 \/ 37 \/ 41 \/ 49 dB(A);<\/li>\n<li>\n\t\tpower supply: 220 \u2013 240 V, 50\/60 Hz;<\/li>\n<li>\n\t\tnominal electric current: 0.14 A;<\/li>\n<li>\n\t\tpower consumption: 33 W;<\/li>\n<li>\n\t\tdimensions: 292x292x633 mm;<\/li>\n<li>\n\t\tcable length 1.85 m;<\/li>\n<li>\n\t\tweight (without packaging): 6.5 kg.<\/li>\n<\/ul>\n<p><a class=\"catalogue\" href=\"\/en\/images\/Userfiles\/www.rubisolis.lt_TRT-BA-Airgoclean_170E-Airgoclean_171E-TC-002-EN.pdf\/\" target=\"blank\">Download product manual <\/a><\/p>","protected":false},"excerpt":{"rendered":"<p>Oro valytuvas Trotec AirgoClean 171 E i\u0161valo u\u017eter\u0161t\u0105 kambario or\u0105. Apsaugokite save ir savo artimuosius naudodami oro valytuv\u0105 su HEPA<\/p>","protected":false},"featured_media":26263,"comment_status":"closed","ping_status":"open","template":"","meta":[],"product_brand":[],"product_cat":[23],"product_tag":[535],"class_list":{"0":"post-26261","1":"product","2":"type-product","3":"status-publish","4":"has-post-thumbnail","6":"product_cat-be-kategorijos","7":"product_tag-naujiena","9":"first","10":"onbackorder","11":"taxable","12":"shipping-taxable","13":"product-type-variable"},"_links":{"self":[{"href":"https:\/\/orotech.lt\/en\/wp-json\/wp\/v2\/product\/26261","targetHints":{"allow":["GET"]}}],"collection":[{"href":"https:\/\/orotech.lt\/en\/wp-json\/wp\/v2\/product"}],"about":[{"href":"https:\/\/orotech.lt\/en\/wp-json\/wp\/v2\/types\/product"}],"replies":[{"embeddable":true,"href":"https:\/\/orotech.lt\/en\/wp-json\/wp\/v2\/comments?post=26261"}],"version-history":[{"count":1,"href":"https:\/\/orotech.lt\/en\/wp-json\/wp\/v2\/product\/26261\/revisions"}],"predecessor-version":[{"id":26262,"href":"https:\/\/orotech.lt\/en\/wp-json\/wp\/v2\/product\/26261\/revisions\/26262"}],"wp:featuredmedia":[{"embeddable":true,"href":"https:\/\/orotech.lt\/en\/wp-json\/wp\/v2\/media\/26263"}],"wp:attachment":[{"href":"https:\/\/orotech.lt\/en\/wp-json\/wp\/v2\/media?parent=26261"}],"wp:term":[{"taxonomy":"product_brand","embeddable":true,"href":"https:\/\/orotech.lt\/en\/wp-json\/wp\/v2\/product_brand?post=26261"},{"taxonomy":"product_cat","embeddable":true,"href":"https:\/\/orotech.lt\/en\/wp-json\/wp\/v2\/product_cat?post=26261"},{"taxonomy":"product_tag","embeddable":true,"href":"https:\/\/orotech.lt\/en\/wp-json\/wp\/v2\/product_tag?post=26261"}],"curies":[{"name":"wp","href":"https:\/\/api.w.org\/{rel}","templated":true}]}}