{"id":26285,"date":"2025-09-09T07:35:03","date_gmt":"2025-09-09T07:35:03","guid":{"rendered":"https:\/\/orotech.lt\/oro-valytuvas-trotec-airgoclean-100-e-2\/"},"modified":"2025-09-10T06:15:22","modified_gmt":"2025-09-10T06:15:22","slug":"oro-valytuvas-trotec-airgoclean-100-e-2","status":"publish","type":"product","link":"https:\/\/orotech.lt\/en\/oro-valytuvas-trotec-airgoclean-100-e-2\/","title":{"rendered":"Air purifier Trotec AirgoClean 100 E"},"content":{"rendered":"<p><img decoding=\"async\" alt=\"\" src=\"\/images\/Userfiles\/www.rubisolis.lt_Oro_valytuvas_AirgoClean_100_E.jpg\" style=\"width: 1000px; height: 234px;\" title=\"\"><\/p>\n<p><strong>Oro valytuvas Trotec AirgoClean 100 E.&nbsp;Su kiekvienu \u012fkv\u0117pimu sveikesnis gyvenimas ir geresn\u0117 savijauta!<\/strong><\/p>\n<p style=\"text-align: justify;\">Apie 80 proc. dienos laiko mes praleid\u017eiame u\u017edarose patalpose, tod\u0117l itin svarbu tampa kokybi\u0161kas oras juose.&nbsp;\u012erodyta, kad \u017emon\u0117s, kv\u0117puojantys \u0161variu oru, jau\u010diasi geriau, turi daugiau energijos ir gyvena sveikiau. Kasdien \u012fkvepiame daugiau kaip 10 000 litr\u0173 oro. Ta\u010diau nefiltruotas patalp\u0173 oras retai b\u016bna tikrai \u0161varus. Smulkios dulk\u0117s, \u017eiedadulk\u0117s ar \u012fvairios bakterijos esan\u010dios ore nuolat blogina m\u016bs\u0173 darbingum\u0105, o kai kam sukelia ir alergijas. U\u017ekirskite keli\u0105 blogai savijautai&nbsp;&ndash; nuo \u0161iol <strong>oro valytuvas Trotec AirgoClean&reg; 100 E<\/strong> with a HEPA filter will ensure clean indoor air without any pollutants!&nbsp;<\/p>\n<p style=\"text-align: justify;\">Stilingo dizaino&nbsp;baltos spalvos oro valytuvas Trotec AirgoClean&reg; 100 E pagerina or\u0105, kuriuo kv\u0117puojate. Naudodamas HEPA filtr\u0173 sistem\u0105 su DACRON&reg; technologijos prie\u0161filtriu ir anglies filtru, prietaisas patikimai pa\u0161alina i\u0161 patalp\u0173 \u012fvairius ter\u0161alus ir nemalonius kvapus, kurie mums kasdien trukdo. Trij\u0173 grei\u010di\u0173 reguliuojamas ventiliatorius ir didel\u0117 180 m&sup3;\/h oro apykaita leid\u017eia greitai pakeisti or\u0105 iki 21 m&sup2; \/&nbsp;53 m&sup3;&nbsp;ploto patalpose. Prakti\u0161ka funkcija yra oro kokyb\u0117s jutiklis, kuris spalvomis signalizuoja apie esam\u0105 oro kokyb\u0119 (\u017ealia\/geltona\/raudoan). Jei oras pablog\u0117ja, pavyzd\u017eiui, d\u0117l atidaryto lango ar kvap\u0173 i\u0161 virtuv\u0117s, prietaisas visi\u0161kai automati\u0161kai sureguliuoja oro valymo intensyvum\u0105. O jau ir taip auk\u0161t\u0105 filtro na\u0161um\u0105 dar labiau pagerina automatin\u0117 jonizacija. Oro valytuvo patogumo funkcijas papildo filtro indikatoriaus lemput\u0117, tylusis naktinis re\u017eimas, laikma\u010dio funkcija, leid\u017eianti valdyti \u012fjungimo ir i\u0161jungimo laik\u0105 ir patogus infraraudon\u0173j\u0173 spinduli\u0173 nuotolinio valdymo pultelis.&nbsp;<\/p>\n<p><strong>Advantages:<\/strong><\/p>\n<ul>\n<li>\n\t\tTrij\u0173 pakop\u0173 patalp\u0173 oro filtravimo sistema su DACRON&reg; pirminiu filtru, anglies filtru ir HEPA filtru;<\/li>\n<li>\n\t\tEffective HEPA filtration of pollutants and odors;<\/li>\n<li>\n\t\tIR remote control;<\/li>\n<li>\n\t\tAir quality mapping;<\/li>\n<li>\n\t\tValymo apimtis maks. 180 m&sup3;\/h;<\/li>\n<li>\n\t\t3 fan speeds;<\/li>\n<li>\n\t\tIntegrated air ionization function;<\/li>\n<li>\n\t\tAutomatic operation;<\/li>\n<li>\n\t\tFilter indicator light;<\/li>\n<li>\n\t\tLock function to protect device settings;<\/li>\n<li>\n\t\tTimer function;<\/li>\n<li>\n\t\tNight mode (whisper quiet);<\/li>\n<li>\n\t\tLow noise: max. 49 dB(A);<\/li>\n<li>\n\t\tLow energy consumption;<\/li>\n<li>\n\t\tSuitable for people with allergies.<\/li>\n<\/ul>\n<p><strong>Technical information:<\/strong><\/p>\n<ul>\n<li>\n\t\tTinkamas patalpoms: iki 21 m&sup2; \/ 53 m&sup3;;<\/li>\n<li>\n\t\tOro srauto lygiai: 70 \/ 130 \/ 180 m&sup3;\/h;<\/li>\n<li>\n\t\tSound levels: 38 \/ 47 \/ 49 dB(A);<\/li>\n<li>\n\t\tPower supply: 220-240V, 50\/60Hz;<\/li>\n<li>\n\t\tCable: CEE 7\/17 plug (1.8 m);<\/li>\n<li>\n\t\tPower consumption: 45 W;<\/li>\n<li>\n\t\tDimensions: 321 x 210 x 523;<\/li>\n<li>\n\t\tWeight: 5 kg.<\/li>\n<\/ul>\n<p><a class=\"catalogue\" href=\"\/en\/images\/Userfiles\/www.rubisolis.lt_Oro_valytuvas_Trotec_AirgoClean_100_E_instrukcija.pdf\/\" target=\"blank\">Download product manual <\/a><\/p>","protected":false},"excerpt":{"rendered":"<p>Oro valytuvas Trotec AirgoClean 100 E.&nbsp;Su kiekvienu \u012fkv\u0117pimu sveikesnis gyvenimas ir geresn\u0117 savijauta! Apie 80 proc. dienos laiko mes praleid\u017eiame<\/p>","protected":false},"featured_media":26287,"comment_status":"closed","ping_status":"open","template":"","meta":[],"product_brand":[],"product_cat":[23],"product_tag":[535],"class_list":{"0":"post-26285","1":"product","2":"type-product","3":"status-publish","4":"has-post-thumbnail","6":"product_cat-be-kategorijos","7":"product_tag-naujiena","9":"first","10":"onbackorder","11":"taxable","12":"shipping-taxable","13":"product-type-variable"},"_links":{"self":[{"href":"https:\/\/orotech.lt\/en\/wp-json\/wp\/v2\/product\/26285","targetHints":{"allow":["GET"]}}],"collection":[{"href":"https:\/\/orotech.lt\/en\/wp-json\/wp\/v2\/product"}],"about":[{"href":"https:\/\/orotech.lt\/en\/wp-json\/wp\/v2\/types\/product"}],"replies":[{"embeddable":true,"href":"https:\/\/orotech.lt\/en\/wp-json\/wp\/v2\/comments?post=26285"}],"version-history":[{"count":1,"href":"https:\/\/orotech.lt\/en\/wp-json\/wp\/v2\/product\/26285\/revisions"}],"predecessor-version":[{"id":26286,"href":"https:\/\/orotech.lt\/en\/wp-json\/wp\/v2\/product\/26285\/revisions\/26286"}],"wp:featuredmedia":[{"embeddable":true,"href":"https:\/\/orotech.lt\/en\/wp-json\/wp\/v2\/media\/26287"}],"wp:attachment":[{"href":"https:\/\/orotech.lt\/en\/wp-json\/wp\/v2\/media?parent=26285"}],"wp:term":[{"taxonomy":"product_brand","embeddable":true,"href":"https:\/\/orotech.lt\/en\/wp-json\/wp\/v2\/product_brand?post=26285"},{"taxonomy":"product_cat","embeddable":true,"href":"https:\/\/orotech.lt\/en\/wp-json\/wp\/v2\/product_cat?post=26285"},{"taxonomy":"product_tag","embeddable":true,"href":"https:\/\/orotech.lt\/en\/wp-json\/wp\/v2\/product_tag?post=26285"}],"curies":[{"name":"wp","href":"https:\/\/api.w.org\/{rel}","templated":true}]}}