{"id":26309,"date":"2025-09-09T07:35:03","date_gmt":"2025-09-09T07:35:03","guid":{"rendered":"https:\/\/orotech.lt\/oro-valytuvas-trotec-airgoclean-15-e-2\/"},"modified":"2025-09-10T06:15:24","modified_gmt":"2025-09-10T06:15:24","slug":"oro-valytuvas-trotec-airgoclean-15-e-2","status":"publish","type":"product","link":"https:\/\/orotech.lt\/en\/oro-valytuvas-trotec-airgoclean-15-e-2\/","title":{"rendered":"Air purifier Trotec AirgoClean 15 E"},"content":{"rendered":"<p style=\"text-align: justify;\"><img decoding=\"async\" alt=\"\" src=\"\/images\/Userfiles\/www.rubisolis.lt_oro_valytuvas_Trotec_AirgoClean_15E.jpg\" style=\"width: 1000px; height: 360px;\" title=\"\"><\/p>\n<p style=\"text-align: justify;\"><em><strong>Oro valytuvas Trotec AirgoClean&reg; 15 E &ndash; \u0161varus ir gaivus oras J\u016bs\u0173 namams<\/strong><\/em><\/p>\n<p style=\"text-align: justify;\">\u0160iais laikais, kai oro tar\u0161a ir alergenai tampa vis didesniu i\u0161\u0161\u016bkiu, oro valytuvas Trotec AirgoClean&reg; 15 E padeda sukurti sveik\u0105 ir komforti\u0161k\u0105 mikroklimat\u0105. \u0160is kompakti\u0161kas ir stilingas \u012frenginys ne tik valo or\u0105, bet ir gerina bendr\u0105 savijaut\u0105, ma\u017eindamas oro tar\u0161os poveik\u012f j\u016bs\u0173 organizmui.<\/p>\n<p style=\"text-align: justify;\"><strong>Kod\u0117l verta rinktis AirgoClean&reg; 15 E?<\/strong><\/p>\n<p style=\"text-align: justify;\"><strong>Efficient two-level filtering<\/strong><\/p>\n<p style=\"text-align: justify;\">Dacron&reg; sintetin\u0117s med\u017eiagos prie\u0161filtris sulaiko stambesnes daleles, tokias kaip dulk\u0117s, gyv\u016bn\u0173 plaukai ir p\u016bkai. HEPA filtras sugeba pa\u0161alinti net 95 % smulki\u0173 ter\u0161al\u0173, toki\u0173 kaip \u017eiedadulk\u0117s, bakterijos, pel\u0117sio sporos ir kiti alergenai. Papildomai galima \u012fsigyti aktyvuotos anglies HEPA filtr\u0105, kuris neutralizuoja nemalonius kvapus, \u012fskaitant d\u016bmus ir formaldehid\u0105.<\/p>\n<p style=\"text-align: justify;\"><strong>Advanced ionizer<br \/>\n\t<\/strong><\/p>\n<p style=\"text-align: justify;\">The air purifier emits negative ions that bind dust, bacteria, and allergen particles in the air, depositing them on the surface. This process ensures even more effective air purification and additional oxygen saturation.<\/p>\n<p style=\"text-align: justify;\"><strong>Quiet operation and low energy consumption<\/strong><\/p>\n<p style=\"text-align: justify;\">The maximum noise level is only 45 dB(A), making the device suitable even for bedrooms. The air purifier consumes up to 45 W, making it an economical solution for everyday use.<\/p>\n<p style=\"text-align: justify;\"><strong>Universalus pritaikymas iki 53 m&sup3; patalpoms<br \/>\n\t<\/strong><\/p>\n<p style=\"text-align: justify;\">Ideal for living rooms, children&#039;s rooms or even offices. The compact design makes it easy to fit into any space.<\/p>\n<p style=\"text-align: justify;\"><strong>Main advantages:<\/strong><\/p>\n<ul>\n<li style=\"text-align: justify;\">\n\t\tRemoves pollen, fine dust, bacteria, viruses and mold spores.<\/li>\n<li style=\"text-align: justify;\">\n\t\tEffectively neutralizes odors such as cigarette smoke or food residue.<\/li>\n<li style=\"text-align: justify;\">\n\t\tEasy and quick filter replacement.<\/li>\n<li style=\"text-align: justify;\">\n\t\tThree fan speeds and automatic operation.<\/li>\n<li style=\"text-align: justify;\">\n\t\tA friendly solution for allergy sufferers.<\/li>\n<\/ul>\n<p style=\"text-align: justify;\">Su Trotec AirgoClean&reg; 15 E galite pamir\u0161ti oro tar\u0161os ir alergen\u0173 keliamus r\u016bpes\u010dius. \u012erenginys pasir\u016bpins, kad j\u016bs\u0173 namai tapt\u0173 ramyb\u0117s ir sveikatos oaze, kurioje gal\u0117site m\u0117gautis gaiviu ir \u0161variu oru.&nbsp;<\/p>\n<p><strong>Technical information:<\/strong><\/p>\n<ul>\n<li>\n\t\tTinkamas patalpoms: iki 21 m&sup2; \/ 53 m&sup3;;<\/li>\n<li>\n\t\tOro srauto lygiai: 100 \/ 150 \/ 180 m&sup3;\/h;<\/li>\n<li>\n\t\tGarso lygiai:&nbsp;34 \/ 38 \/ 45&nbsp;dB(A) (1m. atstumu);<\/li>\n<li>\n\t\tPower supply: 220-240V, 50Hz;<\/li>\n<li>\n\t\tCable: CEE 7\/17 plug (1.75 m);<\/li>\n<li>\n\t\tPower consumption: 50 W;<\/li>\n<li>\n\t\tI\u0161matavimai: 210&nbsp;x 290&nbsp;x 620&nbsp;mm;<\/li>\n<li>\n\t\tWeight: 3.5 kg.<\/li>\n<\/ul>\n<p><a class=\"catalogue\" href=\"\/en\/images\/Userfiles\/www.rubisolis.lt_oro_valytuvas_Trotec_AirgoClean_15_E_instrukcija.pdf\/\" target=\"blank\">Download product manual <\/a><\/p>","protected":false},"excerpt":{"rendered":"<p>Oro valytuvas Trotec AirgoClean&reg; 15 E &ndash; \u0161varus ir gaivus oras J\u016bs\u0173 namams \u0160iais laikais, kai oro tar\u0161a ir alergenai<\/p>","protected":false},"featured_media":26311,"comment_status":"closed","ping_status":"open","template":"","meta":[],"product_brand":[],"product_cat":[23],"product_tag":[535],"class_list":{"0":"post-26309","1":"product","2":"type-product","3":"status-publish","4":"has-post-thumbnail","6":"product_cat-be-kategorijos","7":"product_tag-naujiena","9":"first","10":"onbackorder","11":"taxable","12":"shipping-taxable","13":"product-type-variable"},"_links":{"self":[{"href":"https:\/\/orotech.lt\/en\/wp-json\/wp\/v2\/product\/26309","targetHints":{"allow":["GET"]}}],"collection":[{"href":"https:\/\/orotech.lt\/en\/wp-json\/wp\/v2\/product"}],"about":[{"href":"https:\/\/orotech.lt\/en\/wp-json\/wp\/v2\/types\/product"}],"replies":[{"embeddable":true,"href":"https:\/\/orotech.lt\/en\/wp-json\/wp\/v2\/comments?post=26309"}],"version-history":[{"count":1,"href":"https:\/\/orotech.lt\/en\/wp-json\/wp\/v2\/product\/26309\/revisions"}],"predecessor-version":[{"id":26310,"href":"https:\/\/orotech.lt\/en\/wp-json\/wp\/v2\/product\/26309\/revisions\/26310"}],"wp:featuredmedia":[{"embeddable":true,"href":"https:\/\/orotech.lt\/en\/wp-json\/wp\/v2\/media\/26311"}],"wp:attachment":[{"href":"https:\/\/orotech.lt\/en\/wp-json\/wp\/v2\/media?parent=26309"}],"wp:term":[{"taxonomy":"product_brand","embeddable":true,"href":"https:\/\/orotech.lt\/en\/wp-json\/wp\/v2\/product_brand?post=26309"},{"taxonomy":"product_cat","embeddable":true,"href":"https:\/\/orotech.lt\/en\/wp-json\/wp\/v2\/product_cat?post=26309"},{"taxonomy":"product_tag","embeddable":true,"href":"https:\/\/orotech.lt\/en\/wp-json\/wp\/v2\/product_tag?post=26309"}],"curies":[{"name":"wp","href":"https:\/\/api.w.org\/{rel}","templated":true}]}}