{"id":26321,"date":"2025-09-09T07:35:03","date_gmt":"2025-09-09T07:35:03","guid":{"rendered":"https:\/\/orotech.lt\/oro-valytuvas-jonizatorius-clean-air-ca-508-2\/"},"modified":"2025-09-10T06:15:24","modified_gmt":"2025-09-10T06:15:24","slug":"air-purifier-ionizer-clean-air-ca-508-2","status":"publish","type":"product","link":"https:\/\/orotech.lt\/en\/air-purifier-ionizer-clean-air-ca-508-2\/","title":{"rendered":"Oro valytuvas \u2013 jonizatorius Clean Air CA-508"},"content":{"rendered":"<p>&lt;p style=&quot;text-align: justify;&quot;&gt;Clean Air Optima&amp;reg; AHAM \/ CADR sertifikuota na&amp;scaron;i oro valymo sistema CA-508 reikliai patalp\u0173 aplinkai kurti.&lt;\/p&gt;<br \/>\n&lt;p style=&quot;text-align: justify;&quot;&gt;&lt;span&gt;&lt;span&gt;Valo ir gerina vidaus patalp\u0173, kuri\u0173 dydis yra iki 80 m&amp;sup2; \/ 200 m&amp;sup3;&lt;\/span&gt;&lt;\/span&gt;&lt;\/p&gt;<br \/>\n&lt;p style=&quot;text-align: center;&quot;&gt;&lt;iframe src=&quot;https:\/\/www.youtube.com\/embed\/sE7u870emyw&quot; frameborder=&quot;0&quot; width=&quot;560&quot; height=&quot;315&quot;&gt;&lt;\/iframe&gt;&lt;\/p&gt;<br \/>\n&lt;p style=&quot;text-align: justify;&quot;&gt;&lt;span&gt;&lt;span&gt;&lt;strong&gt;Ozono nei&amp;scaron;skiriantis ir tylus HEPA UV joninis oro valytuvas&lt;\/strong&gt; CA-508 i&amp;scaron; Clean Air Optima&amp;reg; ma\u017eina u\u017eter&amp;scaron;tum\u0105 bakterijomis ir virusais. Alergij\u0105 turintys \u017emon\u0117s gali v\u0117l ramiai miegoti, o astma sergantieji gali lengviau kv\u0117puoti. Pasyvieji ir aktyvieji r\u016bkoriai taip pat jau\u010diasi \u017eymiai geriau. Netgi naikina tabako kvap\u0105.&lt;br \/&gt;&lt;br \/&gt;&lt;strong&gt;True HEPA UV-C joninio oro valytuvo&amp;nbsp;CA-508 veikimo principas:&lt;\/strong&gt;&lt;br \/&gt;Effective air purification in seven steps:&lt;\/span&gt;&lt;\/span&gt;&lt;\/p&gt;<br \/>\n&lt;ol&gt;<br \/>\n&lt;li&gt;<br \/>\n&lt;p style=&quot;text-align: justify;&quot;&gt;&lt;span&gt;&lt;span&gt;U\u017eter&amp;scaron;tas vidaus &lt;strong&gt;air is drawn in&lt;\/strong&gt; a quiet and powerful fan.&lt;\/span&gt;&lt;\/span&gt;&lt;\/p&gt;<br \/>\n&lt;\/li&gt;<br \/>\n&lt;li&gt;<br \/>\n&lt;p style=&quot;text-align: justify;&quot;&gt;&lt;strong&gt;&lt;span&gt;&lt;span&gt;Prie&amp;scaron;filtris \/ aktyvuotos anglies filtras:&lt;\/span&gt;&lt;\/span&gt;&lt;\/strong&gt;&lt;\/p&gt;<br \/>\n&lt;\/li&gt;<br \/>\n&lt;\/ol&gt;<br \/>\n&lt;p style=&quot;text-align: justify;&quot;&gt;&lt;span&gt;&lt;span&gt;Pie&amp;scaron;filtryje sulaikomos didesn\u0117s dalel\u0117s.&lt;br \/&gt;Aktyviosios anglies filtras: &amp;scaron;is filtras s\u0117kmingai pa&amp;scaron;alina chemikalus, dujas, kvapus ir cigare\u010di\u0173 d\u016bmus. Aktyviosios anglies filtrai gali pa&amp;scaron;alinti lakiuosius organinius junginius (LOJ) ir chemikalus geriau nei bet kokie kiti filtrai.&lt;\/span&gt;&lt;\/span&gt;&lt;\/p&gt;<br \/>\n&lt;ol&gt;<br \/>\n&lt;li&gt;<br \/>\n&lt;p style=&quot;text-align: justify;&quot;&gt;&lt;span&gt;&lt;span&gt;TRUE HEPA filtras sulaiko 99,97% vis\u0173 kiet\u0173j\u0173 daleli\u0173, kuri\u0173 dydis yra 0,3 &amp;micro;m.&lt;\/span&gt;&lt;\/span&gt;&lt;\/p&gt;<br \/>\n&lt;\/li&gt;<br \/>\n&lt;\/ol&gt;<br \/>\n&lt;p style=&quot;text-align: justify;&quot;&gt;&lt;span&gt;&lt;span&gt;Tai efektyviausias oro filtras, &amp;scaron;alinantis dulkes, alergenus ir kitas kiet\u0105sias daleles, \u012fskaitant bakterijas. True HEPA filtrus rekomenduoja JAV Nacionalinio Saugumo Departamentas.&lt;\/span&gt;&lt;\/span&gt;&lt;\/p&gt;<br \/>\n&lt;p style=&quot;text-align: justify;&quot;&gt;&lt;span&gt;&lt;span&gt;&amp;nbsp;&amp;nbsp;&amp;nbsp;&amp;nbsp; 2. Tio2 photocatalytic filter:&lt;\/span&gt;&lt;\/span&gt;&lt;\/p&gt;<br \/>\n&lt;p style=&quot;text-align: justify;&quot;&gt;&lt;span&gt;&lt;span&gt;&amp;Scaron;is filtras efektyviai ma\u017eina chemikalus, bakterijas ir kvapus. Fotokatalitinis filtras veikia kartu su UV lempa; jie abu itin stipriai kovoja su bakterijomis ir virusais. Fotokatalitinis filtras yra pagamintas i&amp;scaron; titano dioksido. Kai &amp;scaron;i med\u017eiaga ap&amp;scaron;vie\u010diama UV spinduliais, i&amp;scaron;laisvinamas vandenilio peroksidas (H&lt;sub&gt;2&lt;\/sub&gt;Oh&lt;sub&gt;2&lt;\/sub&gt;) ir hidroksilo radikalai (OH). &amp;Scaron;ios med\u017eiagos eliminuoja kvapus (tabako d\u016bmus), bakterijas ir virusus.&lt;\/span&gt;&lt;\/span&gt;&lt;\/p&gt;<br \/>\n&lt;p style=&quot;text-align: justify;&quot;&gt;&lt;span&gt;&lt;span&gt;&amp;nbsp;&amp;nbsp;&amp;nbsp; 3. UV-C lempa. Lempos ultravioletiniai spinduliai (UV-C radiacija), kuri\u0173 bangos ilgis yra 254 nm, naikina kenksmingus mikroorganizmus, tokius kaip mikrobai, virusai, pel\u0117siai ir bakterijas. Be to, tie mikroorganizmai, kurie susikaupia prietaise, taip pat yra sunaikinami, tod\u0117l jie negali daugintis ir sklisti patalpose kartu su oro srov\u0117mis. UV-C&amp;nbsp;&amp;scaron;viesa turi auk&amp;scaron;\u010diausi\u0105 da\u017en\u012f, trumpiausi\u0105 bangos ilg\u012f ir did\u017eiausi\u0105 energijos kiek\u012f i&amp;scaron; vis\u0173 &amp;scaron;viesos r\u016b&amp;scaron;i\u0173, tad gali prasiskverbti pro mikroorganizm\u0173 membran\u0105 ir sunaikinti j\u0173 DNR. Likusias daleles i&amp;scaron;filtruoja HEPA filtras. Jau \u012frodyta, kad daugiau nei t\u016bkstantyje prietais\u0173 naudojama UV technologija itin efektyviai naikina patogeninius virusus, bakterijas ir pirmuonis. Naudojantis UV-C &amp;scaron;viesa, gali b\u016bti sunaikinama iki 99,99% ar daugiau mikrobiologini\u0173 organizm\u0173.&lt;\/span&gt;&lt;\/span&gt;&lt;\/p&gt;<br \/>\n&lt;p style=&quot;text-align: justify;&quot;&gt;&lt;span&gt;&lt;span&gt;&amp;nbsp;&amp;nbsp;&amp;nbsp; 4. Ozono nei&amp;scaron;skiriantis joninis valytuvas skleid\u017eia &amp;gt; 6&amp;nbsp;000&amp;nbsp;000 neigiam\u0173 jon\u0173 \/ cm&amp;sup3;, kurie paskleid\u017eiami visoje patalpoje, ir naikina ter&amp;scaron;alus bei kvapus. Neigiami jonai prisitvirtina prie dulki\u0173 daleli\u0173, mikroorganizm\u0173 ir kit\u0173 nepageidaujam\u0173 jungini\u0173 ir sujungia juos tarpusavyje. Tuomet dalel\u0117s tampa sunkesn\u0117s ir nus\u0117da ant grind\u0173 arba yra i&amp;scaron;filtruojamos oro valytuvo.&lt;\/span&gt;&lt;\/span&gt;&lt;\/p&gt;<br \/>\n&lt;p style=&quot;text-align: justify;&quot;&gt;&lt;span&gt;&lt;span&gt;&amp;nbsp;&amp;nbsp;&amp;nbsp;&amp;nbsp; 5. &amp;Scaron;varus ir sveikas oras paskleid\u017eiamas patalpoje.&lt;\/span&gt;&lt;\/span&gt;&lt;\/p&gt;<br \/>\n&lt;p style=&quot;text-align: justify;&quot;&gt;&lt;span&gt;&lt;span&gt;&lt;strong&gt;Scope of action of the True HEPA UV-C ionic air purifier CA-508:&lt;\/strong&gt;&lt;\/span&gt;&lt;\/span&gt;&lt;\/p&gt;<br \/>\n&lt;table border=&quot;0&quot; cellspacing=&quot;0&quot; cellpadding=&quot;0&quot;&gt;<br \/>\n&lt;tbody&gt;<br \/>\n&lt;tr&gt;<br \/>\n&lt;td&gt;<br \/>\n&lt;p&gt;&lt;span&gt;&lt;span&gt;Ter&amp;scaron;alai:&lt;br \/&gt;&amp;bull; dulk\u0117s&lt;br \/&gt;&amp;bull; smulkios dulk\u0117s&lt;br \/&gt;&amp;bull; spausdintuvo da\u017eai&lt;br \/&gt;&amp;bull; \u012fvairi\u0173 r\u016b&amp;scaron;i\u0173 kietosios dalel\u0117s&lt;br \/&gt;&lt;br \/&gt;Chemin\u0117s med\u017eiagos:&lt;br \/&gt;&amp;bull; Lakieji organiniai junginiai (LOJ)&lt;br \/&gt;&amp;bull; formaldehidas&amp;nbsp;&lt;br \/&gt;&lt;br \/&gt;Fragrances:&lt;br \/&gt;&amp;bull; gyv\u016bn\u0173&lt;br \/&gt;&amp;bull; pel\u0117si\u0173&lt;br \/&gt;&amp;bull; virtuv\u0117s \/ gaminamo maisto&lt;br \/&gt;&amp;bull; da\u017e\u0173&lt;\/span&gt;&lt;\/span&gt;&lt;\/p&gt;<br \/>\n&lt;\/td&gt;<br \/>\n&lt;td&gt;<br \/>\n&lt;p&gt;&lt;span&gt;&lt;span&gt;Allergens:&lt;br \/&gt;&amp;bull; pel\u0117si\u0173 sporos&lt;br \/&gt;&amp;bull; gyv\u016bn\u0173 pleiskanos (ka\u010di\u0173, &amp;scaron;un\u0173 ir pan.)&lt;br \/&gt;&amp;bull; dulki\u0173 erku\u010di\u0173 alergenai&lt;br \/&gt;&amp;bull; \u017eiedadulk\u0117s&lt;br \/&gt;&lt;br \/&gt;Mikroorganizmai:&lt;br \/&gt;&amp;bull; bakterijos&lt;br \/&gt;&amp;bull; virusai&lt;br \/&gt;&lt;br \/&gt;General:&lt;br \/&gt;&amp;bull; patalp\u0173 oro tar&amp;scaron;a&lt;br \/&gt;&amp;bull; tabako d\u016bmai&lt;br \/&gt;&amp;bull; smogas ir pramonin\u0117 tar&amp;scaron;a&lt;br \/&gt;&amp;bull; i&amp;scaron;metamieji d\u016bmai ir dalel\u0117s&lt;\/span&gt;&lt;\/span&gt;&lt;\/p&gt;<br \/>\n&lt;\/td&gt;<br \/>\n&lt;\/tr&gt;<br \/>\n&lt;\/tbody&gt;<br \/>\n&lt;\/table&gt;<br \/>\n&lt;p&gt;&lt;br \/&gt;&lt;a class=&quot;catalogue&quot; href=&quot;https:\/\/www.rubisolis.lt\/\/failai\/files\/ca-508.pdf&quot; target=&quot;blank&quot;&gt;Download product manual &lt;\/a&gt;&lt;\/p&gt;<\/p>","protected":false},"excerpt":{"rendered":"<p>&lt;p style=&quot;text-align: justify;&quot;&gt;Clean Air Optima&amp;reg; AHAM \/ CADR sertifikuota na&amp;scaron;i oro valymo sistema CA-508 reikliai patalp\u0173 aplinkai kurti.&lt;\/p&gt; &lt;p<\/p>","protected":false},"featured_media":26323,"comment_status":"closed","ping_status":"open","template":"","meta":[],"product_brand":[],"product_cat":[23],"product_tag":[535],"class_list":{"0":"post-26321","1":"product","2":"type-product","3":"status-publish","4":"has-post-thumbnail","6":"product_cat-be-kategorijos","7":"product_tag-naujiena","9":"first","10":"onbackorder","11":"taxable","12":"shipping-taxable","13":"product-type-variable"},"_links":{"self":[{"href":"https:\/\/orotech.lt\/en\/wp-json\/wp\/v2\/product\/26321","targetHints":{"allow":["GET"]}}],"collection":[{"href":"https:\/\/orotech.lt\/en\/wp-json\/wp\/v2\/product"}],"about":[{"href":"https:\/\/orotech.lt\/en\/wp-json\/wp\/v2\/types\/product"}],"replies":[{"embeddable":true,"href":"https:\/\/orotech.lt\/en\/wp-json\/wp\/v2\/comments?post=26321"}],"version-history":[{"count":1,"href":"https:\/\/orotech.lt\/en\/wp-json\/wp\/v2\/product\/26321\/revisions"}],"predecessor-version":[{"id":26322,"href":"https:\/\/orotech.lt\/en\/wp-json\/wp\/v2\/product\/26321\/revisions\/26322"}],"wp:featuredmedia":[{"embeddable":true,"href":"https:\/\/orotech.lt\/en\/wp-json\/wp\/v2\/media\/26323"}],"wp:attachment":[{"href":"https:\/\/orotech.lt\/en\/wp-json\/wp\/v2\/media?parent=26321"}],"wp:term":[{"taxonomy":"product_brand","embeddable":true,"href":"https:\/\/orotech.lt\/en\/wp-json\/wp\/v2\/product_brand?post=26321"},{"taxonomy":"product_cat","embeddable":true,"href":"https:\/\/orotech.lt\/en\/wp-json\/wp\/v2\/product_cat?post=26321"},{"taxonomy":"product_tag","embeddable":true,"href":"https:\/\/orotech.lt\/en\/wp-json\/wp\/v2\/product_tag?post=26321"}],"curies":[{"name":"wp","href":"https:\/\/api.w.org\/{rel}","templated":true}]}}