{"id":26331,"date":"2025-09-09T07:35:03","date_gmt":"2025-09-09T07:35:03","guid":{"rendered":"https:\/\/orotech.lt\/oro-valytuvas-clean-air-ca-510pro-smart-hepa-uv\/"},"modified":"2025-09-10T06:15:25","modified_gmt":"2025-09-10T06:15:25","slug":"oro-valytuvas-clean-air-ca-510pro-smart-hepa-uv","status":"publish","type":"product","link":"https:\/\/orotech.lt\/en\/oro-valytuvas-clean-air-ca-510pro-smart-hepa-uv\/","title":{"rendered":"Oro valytuvas Clean Air CA-510Pro Smart HEPA UV"},"content":{"rendered":"<p>&lt;p&gt;&lt;strong&gt;CA-510Pro Smart oro valytuvas&lt;\/strong&gt; yra pa\u017eangus prietaisas, sukurtas efektyviai valyti ir i&amp;scaron;valyti or\u0105 j\u016bs\u0173 namuose ar biure. &amp;Scaron;is valytuvas yra apr\u016bpintas keletu funkcij\u0173, kurios u\u017etikrina, kad \u012fkv\u0117ptas oras b\u016bt\u0173 kuo &amp;scaron;varesnis ir sveikesnis.&amp;nbsp;Suma\u017eindamas dulki\u0173 kiek\u012f, alergenus ir kenksmingus mikroorganizmus ore, CA-510Pro Smart oro valytuvas padeda pagerinti j\u016bs\u0173 gyvenam\u0105j\u0105 aplink\u0105 ir u\u017etikrina, kad kv\u0117puojate &amp;scaron;var\u0173 ir sveik\u0105 or\u0105.&lt;br \/&gt;&amp;nbsp;&lt;\/p&gt;<br \/>\n&lt;p&gt;&lt;strong&gt;Su HEPA filtru&lt;\/strong&gt;&lt;\/p&gt;<br \/>\n&lt;p&gt;Viena i&amp;scaron; pagrindini\u0173 &amp;scaron;io valytuvo funkcij\u0173 yra auk&amp;scaron;tos kokyb\u0117s HEPA filtras. HEPA filtras yra galingas filtravimo elementas, kuris geba sugauti net ma\u017eiausias dulk\u0117s, pel\u0117sio sporas, \u017eiedadulkes, alergenus ir kitus kenksmingus oro ter&amp;scaron;alus. Tai padeda suma\u017einti alergij\u0173 simptomus ir gerina bendr\u0105 oro kokyb\u0119.&lt;\/p&gt;<br \/>\n&lt;p&gt;&lt;strong&gt;Su UV &amp;scaron;viesa&amp;nbsp;&lt;\/strong&gt;&lt;\/p&gt;<br \/>\n&lt;p&gt;Be to, CA-510Pro Smart oro valytuvas naudoja UV &amp;scaron;viesos technologij\u0105, kuri yra efektyvi kovojant su bakterijomis ir virusais ore. UV &amp;scaron;viesa dezinfekuoja ir naikina &amp;scaron;iuos kenksmingus organizmus, padedama u\u017etikrinti sveik\u0105 ir higieni&amp;scaron;k\u0105 or\u0105 patalpose.&lt;\/p&gt;<br \/>\n&lt;p&gt;&lt;strong&gt;I&amp;scaron;manus valdymas&amp;nbsp;&lt;br \/&gt;&lt;\/strong&gt;&lt;\/p&gt;<br \/>\n&lt;p&gt;\u012erenginys turi i&amp;scaron;mani\u0105j\u0105 funkcij\u0105, kuri leid\u017eia valdyti ir monitoruoti valymo proces\u0105 per i&amp;scaron;man\u0173j\u012f telefon\u0105 arba kitus valdymo prietaisus. Galite valdyti valytuv\u0105, nustatyti valymo laik\u0105, patikrinti oro kokyb\u0117s rodiklius ir gauti prane&amp;scaron;imus apie filtro pakeitim\u0105 arba kitus svarbius prane&amp;scaron;imus.&lt;\/p&gt;<br \/>\n&lt;p&gt;You can download the required app here:&lt;\/p&gt;<br \/>\n&lt;p&gt;&lt;a href=&quot;https:\/\/apps.apple.com\/np\/app\/cleanairoptima\/id1597731227&quot;&gt;Apple App Store&lt;\/a&gt;&lt;br \/&gt;&lt;a href=&quot;https:\/\/play.google.com\/store\/apps\/details?id=com.cleanairoptima.smart&amp;amp;gl&quot;&gt;Google Play Store&lt;\/a&gt;&amp;nbsp; &amp;nbsp;&lt;\/p&gt;<br \/>\n&lt;p&gt;&lt;strong&gt;Kompakti&amp;scaron;kas&amp;nbsp;&lt;\/strong&gt;&lt;\/p&gt;<br \/>\n&lt;p&gt;CA-510Pro Smart oro valytuvas yra kompakti&amp;scaron;ko dyd\u017eio ir turi modern\u0173 dizain\u0105, tod\u0117l jis lengvai \u012fsijungs \u012f bet kur\u012f interjer\u0105. Jis taip pat yra energij\u0105 taupantis, tod\u0117l naudojimas nebus brangus ir nepatogus.&lt;\/p&gt;<br \/>\n&lt;p&gt;&lt;strong&gt;Itin tylus&lt;\/strong&gt;&lt;br \/&gt;\u012erenginys yra itin tylus, taupo energij\u0105 ir u\u017etikrina itin tiksl\u0173 reguliavim\u0105, reguliuojant oro greit\u012f pagal j\u016bs\u0173 pasirinktus 3 ventiliatoriaus lygius. Be to, &amp;scaron;io unikalaus oro valytuvo BLDC variklis tarnauja daug ilgiau, palyginti su standartiniu oro valytuvu su kintamosios srov\u0117s varikliu.&amp;nbsp;&lt;\/p&gt;<br \/>\n&lt;p&gt;&lt;strong&gt;Miego re\u017eimo programavimas&lt;\/strong&gt;&lt;\/p&gt;<br \/>\n&lt;p&gt;Nusta\u010dius miego re\u017eim\u0105, pritemdomas ekranas, o ventiliatoriaus greitis perjungiamas \u012f itin tylaus veikimo, kad netrikdyt\u0173 miego.&lt;\/p&gt;<br \/>\n&lt;p&gt;&lt;strong&gt;Technical characteristics:&lt;\/strong&gt;&lt;\/p&gt;<br \/>\n&lt;ul&gt;<br \/>\n&lt;li&gt;Patalpoms iki 110m&amp;sup2; \/ 275m&amp;sup3;;&lt;\/li&gt;<br \/>\n&lt;li&gt;Filtras: HEPA tipo;&lt;\/li&gt;<br \/>\n&lt;li&gt;Ventiliatori\u0173 grei\u010diai: 3;&lt;\/li&gt;<br \/>\n&lt;li&gt;Galia: 45W;&lt;\/li&gt;<br \/>\n&lt;li&gt;Matmenys:&amp;nbsp;32 x 21 x 56 cm;&lt;\/li&gt;<br \/>\n&lt;li&gt;Svoris:&amp;nbsp;7,5 kg.&amp;nbsp; &amp;nbsp;&lt;\/li&gt;<br \/>\n&lt;\/ul&gt;<br \/>\n&lt;p style=&quot;text-align: center;&quot;&gt;&lt;iframe src=&quot;https:\/\/www.youtube.com\/embed\/lndGDTU9JsI?si=mJqsHvi0QHi2KonV&quot; frameborder=&quot;0&quot; width=&quot;560&quot; height=&quot;315&quot;&gt;&lt;\/iframe&gt;&lt;\/p&gt;<br \/>\n&lt;p&gt;&amp;nbsp;&lt;\/p&gt;<br \/>\n&lt;p&gt;&lt;a class=&quot;catalogue&quot; href=&quot;\/en\/images\/Userfiles\/instrukcija-oro-valytuvas-ca-510pro-smartpdf.pdf\/&quot; target=&quot;blank&quot;&gt;Download product manual&lt;\/a&gt;&lt;\/p&gt;<\/p>","protected":false},"excerpt":{"rendered":"<p>&lt;p&gt;&lt;strong&gt;CA-510Pro Smart oro valytuvas&lt;\/strong&gt; yra pa\u017eangus prietaisas, sukurtas efektyviai valyti ir i&amp;scaron;valyti or\u0105 j\u016bs\u0173 namuose ar biure. &amp;Scaron;is valytuvas yra<\/p>","protected":false},"featured_media":26333,"comment_status":"closed","ping_status":"open","template":"","meta":[],"product_brand":[],"product_cat":[23],"product_tag":[535],"class_list":{"0":"post-26331","1":"product","2":"type-product","3":"status-publish","4":"has-post-thumbnail","6":"product_cat-be-kategorijos","7":"product_tag-naujiena","9":"first","10":"onbackorder","11":"taxable","12":"shipping-taxable","13":"product-type-variable"},"_links":{"self":[{"href":"https:\/\/orotech.lt\/en\/wp-json\/wp\/v2\/product\/26331","targetHints":{"allow":["GET"]}}],"collection":[{"href":"https:\/\/orotech.lt\/en\/wp-json\/wp\/v2\/product"}],"about":[{"href":"https:\/\/orotech.lt\/en\/wp-json\/wp\/v2\/types\/product"}],"replies":[{"embeddable":true,"href":"https:\/\/orotech.lt\/en\/wp-json\/wp\/v2\/comments?post=26331"}],"version-history":[{"count":1,"href":"https:\/\/orotech.lt\/en\/wp-json\/wp\/v2\/product\/26331\/revisions"}],"predecessor-version":[{"id":26332,"href":"https:\/\/orotech.lt\/en\/wp-json\/wp\/v2\/product\/26331\/revisions\/26332"}],"wp:featuredmedia":[{"embeddable":true,"href":"https:\/\/orotech.lt\/en\/wp-json\/wp\/v2\/media\/26333"}],"wp:attachment":[{"href":"https:\/\/orotech.lt\/en\/wp-json\/wp\/v2\/media?parent=26331"}],"wp:term":[{"taxonomy":"product_brand","embeddable":true,"href":"https:\/\/orotech.lt\/en\/wp-json\/wp\/v2\/product_brand?post=26331"},{"taxonomy":"product_cat","embeddable":true,"href":"https:\/\/orotech.lt\/en\/wp-json\/wp\/v2\/product_cat?post=26331"},{"taxonomy":"product_tag","embeddable":true,"href":"https:\/\/orotech.lt\/en\/wp-json\/wp\/v2\/product_tag?post=26331"}],"curies":[{"name":"wp","href":"https:\/\/api.w.org\/{rel}","templated":true}]}}