{"id":26338,"date":"2025-09-09T07:35:03","date_gmt":"2025-09-09T07:35:03","guid":{"rendered":"https:\/\/orotech.lt\/oro-valytuvas-clean-air-ca-509pro-smart-hepa-uv\/"},"modified":"2025-09-10T06:15:26","modified_gmt":"2025-09-10T06:15:26","slug":"oro-valytuvas-clean-air-ca-509pro-smart-hepa-uv","status":"publish","type":"product","link":"https:\/\/orotech.lt\/en\/oro-valytuvas-clean-air-ca-509pro-smart-hepa-uv\/","title":{"rendered":"Oro valytuvas Clean Air CA-509Pro Smart HEPA UV"},"content":{"rendered":"<p>&lt;p&gt;CA-509 Pro Smart oro valytuvas yra auk&amp;scaron;tos kokyb\u0117s valymo \u012frenginys, skirtas valyti or\u0105 vidaus patalpose. &amp;Scaron;is oro valytuvas yra apr\u016bpintas pa\u017eangiomis technologijomis, kurios padeda i&amp;scaron;valyti or\u0105 nuo alergen\u0173, dulki\u0173 daleli\u0173, bakterij\u0173 ir kit\u0173 ne&amp;scaron;varum\u0173, kurie gali b\u016bti \u017ealingi j\u016bs\u0173 sveikatai.&lt;\/p&gt;<br \/>\n&lt;p&gt;&lt;strong&gt;Su HEPA filtru&lt;\/strong&gt;&lt;\/p&gt;<br \/>\n&lt;p&gt;Pagrindin\u0117 &amp;scaron;io oro valytuvo savyb\u0117 yra HEPA filtras. &amp;Scaron;i auk&amp;scaron;tos kokyb\u0117s filtravimo sistema pasi\u017eymi dideliu efektyvumu, galin\u010diu pa&amp;scaron;alinti ma\u017eas daleles i&amp;scaron; oro, kuri\u0173 dydis siekia net iki 0,3 mikrono. Tai apima alergenus, dulkes, pel\u0117sio sporas, gyv\u016bn\u0173 plaukus ir kitas smulkesnes daleles, kurios gali b\u016bti \u012fkv\u0117ptos ir sukelti kv\u0117pavimo tak\u0173 problem\u0173.&lt;\/p&gt;<br \/>\n&lt;p&gt;&lt;strong&gt;Su UV &amp;scaron;viesa&lt;br \/&gt;&lt;\/strong&gt;&lt;\/p&gt;<br \/>\n&lt;p&gt;Be to, CA-509 Pro Smart oro valytuvas taip pat naudoja UV (ultravioletin\u012f) &amp;scaron;viesos valymo metod\u0105. UV &amp;scaron;viesa sunaikina bakterijas, virusus ir mikroorganizmus, kurie gali b\u016bti oro tar&amp;scaron;os &amp;scaron;altinis. Tai suteikia papildom\u0105 apsaug\u0105 nuo lig\u0173 suk\u0117l\u0117j\u0173 ir pagerina bendr\u0105 oro kokyb\u0119.&lt;\/p&gt;<br \/>\n&lt;p&gt;&lt;strong&gt;I&amp;scaron;manus valdymas&lt;\/strong&gt;&lt;\/p&gt;<br \/>\n&lt;p&gt;&amp;Scaron;is oro valytuvas taip pat gali b\u016bti valdomas per mobil\u0173j\u012f telefon\u0105 ar kit\u0105 \u012frengin\u012f su specialia program\u0117le. Galite nustatyti oro valymo re\u017eimus, steb\u0117ti oro kokyb\u0117s rodiklius ir gauti prane&amp;scaron;imus apie filtro keitim\u0105 arba kitus svarbius \u012fsp\u0117jimus.&lt;\/p&gt;<br \/>\n&lt;p&gt;You can download the required app here:&lt;\/p&gt;<br \/>\n&lt;p&gt;&lt;a href=&quot;https:\/\/apps.apple.com\/np\/app\/cleanairoptima\/id1597731227&quot;&gt;Apple App Store&lt;\/a&gt;&lt;br \/&gt;&lt;a href=&quot;https:\/\/play.google.com\/store\/apps\/details?id=com.cleanairoptima.smart&amp;amp;gl&quot;&gt;Google Play Store&lt;\/a&gt;&amp;nbsp;&amp;nbsp;&lt;\/p&gt;<br \/>\n&lt;p&gt;&lt;strong&gt;Kompakti&amp;scaron;kas&lt;\/strong&gt;&lt;\/p&gt;<br \/>\n&lt;p&gt;CA-509 Pro Smart oro valytuvas yra kompakti&amp;scaron;kas, tod\u0117l j\u012f lengva pastatyti bet kurioje patalpoje &ndash; namuose, biure ar net automobilyje. Tai yra patogus b\u016bdas pagerinti oro kokyb\u0119 nam\u0173 ar darbo aplinkoje.&lt;\/p&gt;<br \/>\n&lt;p&gt;&lt;strong&gt;Itin tylus&lt;\/strong&gt;&lt;br \/&gt;&amp;bdquo;Clean Air Optima&amp;reg;&amp;ldquo; oro valytuvo CA-509 Pro Smart nuolatin\u0117s srov\u0117s variklis be &amp;scaron;epet\u0117li\u0173 yra itin tylus, taupo energij\u0105 ir u\u017etikrina itin tiksl\u0173 reguliavim\u0105, reguliuojant oro greit\u012f pagal j\u016bs\u0173 pasirinktus 3 ventiliatoriaus lygius. Be to, &amp;scaron;io unikalaus Clean Air Optima&amp;reg; oro valytuvo BLDC variklis tarnauja daug ilgiau, palyginti su standartiniu oro valytuvu su kintamosios srov\u0117s varikliu.&lt;\/p&gt;<br \/>\n&lt;p&gt;&lt;strong&gt;Miego re\u017eimo programavimas&lt;\/strong&gt;&lt;\/p&gt;<br \/>\n&lt;p&gt;Nusta\u010dius miego re\u017eim\u0105, pritemdomas ekranas, o ventiliatoriaus greitis perjungiamas \u012f itin tylaus veikimo, kad netrikdyt\u0173 miego.&amp;nbsp;&lt;\/p&gt;<br \/>\n&lt;p&gt;Bendrai, CA-509Pro Smart oro valytuvas sujungia auk&amp;scaron;t\u0105 filtravimo efektyvum\u0105 su UV &amp;scaron;viesos valymo technologija, suteikdamas jums &amp;scaron;var\u0173 ir sveik\u0105 or\u0105.&lt;\/p&gt;<br \/>\n&lt;p&gt;&lt;strong&gt;Technical characteristics:&lt;\/strong&gt;&lt;\/p&gt;<br \/>\n&lt;ul&gt;<br \/>\n&lt;li&gt;Patalpoms iki&amp;nbsp;90m&amp;sup2;;&lt;\/li&gt;<br \/>\n&lt;li&gt;Su miego re\u017eimu;&lt;\/li&gt;<br \/>\n&lt;li&gt;I&amp;scaron;manus valdymas;&lt;\/li&gt;<br \/>\n&lt;li&gt;Filtras: HEPA tipo;&lt;\/li&gt;<br \/>\n&lt;li&gt;Ventiliatoriaus grei\u010diai: 3;&lt;\/li&gt;<br \/>\n&lt;li&gt;Galia: 45 W;&lt;\/li&gt;<br \/>\n&lt;li&gt;Matmenys:&amp;nbsp;32 x 21 x 56 cm;&lt;\/li&gt;<br \/>\n&lt;li&gt;Svoris: 7,5 kg.&lt;\/li&gt;<br \/>\n&lt;\/ul&gt;<br \/>\n&lt;p style=&quot;text-align: center;&quot;&gt;&lt;iframe src=&quot;https:\/\/www.youtube.com\/embed\/8-LetfXo25Y?si=DuLso24n64dEJlYf&quot; frameborder=&quot;0&quot; width=&quot;560&quot; height=&quot;315&quot;&gt;&lt;\/iframe&gt;&lt;\/p&gt;<br \/>\n&lt;p&gt;&amp;nbsp;&lt;\/p&gt;<br \/>\n&lt;p&gt;&lt;a class=&quot;catalogue&quot; href=&quot;https:\/\/rubisolis.lt\/images\/Userfiles\/My_folder\/Instrukcijos\/Instrukcija_Oro_valytuvas_Clean_Air_CA-509Pro_Smart_HEPA_UV.pdf&quot; target=&quot;blank&quot;&gt;Download product manual&lt;\/a&gt;&lt;\/p&gt;<\/p>","protected":false},"excerpt":{"rendered":"<p>&lt;p&gt;CA-509 Pro Smart oro valytuvas yra auk&amp;scaron;tos kokyb\u0117s valymo \u012frenginys, skirtas valyti or\u0105 vidaus patalpose. &amp;Scaron;is oro valytuvas yra apr\u016bpintas<\/p>","protected":false},"featured_media":26340,"comment_status":"closed","ping_status":"open","template":"","meta":[],"product_brand":[],"product_cat":[23],"product_tag":[535],"class_list":{"0":"post-26338","1":"product","2":"type-product","3":"status-publish","4":"has-post-thumbnail","6":"product_cat-be-kategorijos","7":"product_tag-naujiena","9":"first","10":"onbackorder","11":"taxable","12":"shipping-taxable","13":"product-type-variable"},"_links":{"self":[{"href":"https:\/\/orotech.lt\/en\/wp-json\/wp\/v2\/product\/26338","targetHints":{"allow":["GET"]}}],"collection":[{"href":"https:\/\/orotech.lt\/en\/wp-json\/wp\/v2\/product"}],"about":[{"href":"https:\/\/orotech.lt\/en\/wp-json\/wp\/v2\/types\/product"}],"replies":[{"embeddable":true,"href":"https:\/\/orotech.lt\/en\/wp-json\/wp\/v2\/comments?post=26338"}],"version-history":[{"count":1,"href":"https:\/\/orotech.lt\/en\/wp-json\/wp\/v2\/product\/26338\/revisions"}],"predecessor-version":[{"id":26339,"href":"https:\/\/orotech.lt\/en\/wp-json\/wp\/v2\/product\/26338\/revisions\/26339"}],"wp:featuredmedia":[{"embeddable":true,"href":"https:\/\/orotech.lt\/en\/wp-json\/wp\/v2\/media\/26340"}],"wp:attachment":[{"href":"https:\/\/orotech.lt\/en\/wp-json\/wp\/v2\/media?parent=26338"}],"wp:term":[{"taxonomy":"product_brand","embeddable":true,"href":"https:\/\/orotech.lt\/en\/wp-json\/wp\/v2\/product_brand?post=26338"},{"taxonomy":"product_cat","embeddable":true,"href":"https:\/\/orotech.lt\/en\/wp-json\/wp\/v2\/product_cat?post=26338"},{"taxonomy":"product_tag","embeddable":true,"href":"https:\/\/orotech.lt\/en\/wp-json\/wp\/v2\/product_tag?post=26338"}],"curies":[{"name":"wp","href":"https:\/\/api.w.org\/{rel}","templated":true}]}}