{"id":26345,"date":"2025-09-09T07:35:03","date_gmt":"2025-09-09T07:35:03","guid":{"rendered":"https:\/\/orotech.lt\/oro-valytuvas-clean-air-ca-502pro-mini-hepa-uv\/"},"modified":"2025-09-10T06:15:27","modified_gmt":"2025-09-10T06:15:27","slug":"oro-valytuvas-clean-air-ca-502pro-mini-hepa-uv","status":"publish","type":"product","link":"https:\/\/orotech.lt\/en\/oro-valytuvas-clean-air-ca-502pro-mini-hepa-uv\/","title":{"rendered":"Oro valytuvas Clean Air CA-502Pro Mini HEPA UV"},"content":{"rendered":"<p>&lt;p&gt;&lt;strong&gt;CA-502Pro Mini&lt;\/strong&gt; yra auk&amp;scaron;tos kokyb\u0117s oro valytuvas, skirtas ma\u017eoms patalpoms ir asmeniniam naudojimui. &amp;Scaron;is oro valytuvas turi HEPA UV filtr\u0105, kuris u\u017etikrina efektyv\u0173 or\u0105 valan\u010di\u0173j\u0173 daleli\u0173 filtravim\u0105 bei patalpose esan\u010di\u0173 kenksming\u0173 mikroorganizm\u0173, toki\u0173 kaip bakterijos ir virusai, naikinim\u0105.&lt;\/p&gt;<br \/>\n&lt;p&gt;HEPA (High-Efficiency Particulate Air) filtrai yra vieni i&amp;scaron; efektyviausi\u0173 filtr\u0173, skirt\u0173 pa&amp;scaron;alinti dulk\u0117ms, alergenams, bakterijoms, virusams ir kitoms ma\u017eoms dalel\u0117ms i&amp;scaron; oro. &amp;Scaron;is oro valytuvas turi HEPA filtr\u0105, kuris sugeba sugauti ir i&amp;scaron;laikyti net smulki\u0105sias daleles, toki\u0105 kaip dulkes, pel\u0117siai, \u017eiedadulk\u0117s ir gyv\u016bn\u0173 plaukai. Tai ypa\u010d svarbu nuo alergij\u0173 ar astmos ken\u010diantiems asmenims, kurie nori i&amp;scaron;laikyti gryn\u0105 ir sveik\u0105 or\u0105 patalpose.&lt;\/p&gt;<br \/>\n&lt;p&gt;&lt;strong&gt;Be to, CA-502Pro Mini turi UV &amp;scaron;viesos technologij\u0105&lt;\/strong&gt;, kuri dar efektyviau padeda naikinti bakterijas, virusus ir kitus kenksmingus mikroorganizmus. UV &amp;scaron;viesa yra \u017einoma d\u0117l savo geb\u0117jimo sunaikinti mikroorganizmus, neutralizuojant j\u0173 DNR ir DNR-RNR strukt\u016bras, taip u\u017ekertant keli\u0105 j\u0173 dauginimuisi.&lt;\/p&gt;<br \/>\n&lt;p&gt;&lt;strong&gt;&amp;Scaron;is oro valytuvas yra kompakti&amp;scaron;kas ir patogus naudoti&lt;\/strong&gt;. Jis turi \u012fvairias grei\u010dio ir filtravimo re\u017eimo parinktis tam, kad gal\u0117tum\u0117te pritaikyti valymo proces\u0105 pagal savo poreikius. Be to, jis turi tyl\u0173 (naktinio r\u0117\u017eimo) veikim\u0105, kuris nebla&amp;scaron;ko miego ar d\u0117mesio darbo metu.&lt;\/p&gt;<br \/>\n&lt;p&gt;&lt;strong&gt;Efektyvus oro valymas &amp;scaron;e&amp;scaron;iais etapais:&lt;\/strong&gt;&lt;\/p&gt;<br \/>\n&lt;ol&gt;<br \/>\n&lt;li&gt;&lt;strong&gt;Dvipusis horizontalus \u012ftraukimas&lt;\/strong&gt;. U\u017eter&amp;scaron;tas patalp\u0173 oras \u012ftraukiamas \u017eemo triuk&amp;scaron;mo galingo ventiliatoriaus.&lt;\/li&gt;<br \/>\n&lt;li&gt;&lt;strong&gt;Du prie&amp;scaron;filtriai\/aktyvuotos anglies filtrai.&amp;nbsp;&lt;\/strong&gt;Du prie&amp;scaron;filtriai surenka didesnes dulki\u0173 daleles ir kitus ter&amp;scaron;alus, efektyviai filtruoja nepageidaujamus kvapus.&lt;\/li&gt;<br \/>\n&lt;li&gt;&lt;strong&gt;Du TRUE HEPA (H13) filtrai su nanosidabro danga.&amp;nbsp;&lt;\/strong&gt;&amp;Scaron;ie du filtrai i&amp;scaron;valo 99,97 % vis\u0173 ore esan\u010di\u0173 daleli\u0173 iki 0,3 mikron\u0173 (0,3 &amp;micro;m) dyd\u017eio. HEPA filtras yra efektyviausias oro filtras, pa&amp;scaron;alinantis: dulkes\/smulkias dulkes, cigare\u010di\u0173 d\u016bmus, \u017eiedadulkes, alergenus ir pan. Nanosidabro dangos antibakterinis sluoksnis pa&amp;scaron;alina bakterijas ir pel\u0117sius.&lt;\/li&gt;<br \/>\n&lt;li&gt;&lt;strong&gt;UV-C LED lemput\u0117.&amp;nbsp;&lt;\/strong&gt;Lemput\u0117s ultravioletin\u0117 &amp;scaron;viesa (UV-C spinduliuot\u0117) su 254 nm bangos ilgiu naikina sveikatai kenksmingus mikroorganizmus, tokius kaip: mikrobai, virusai, pel\u0117siai (pel\u0117si\u0173 sporos) ir bakterijos. Be to, ji sunaikina mikroorganizmus, kurie kaupiasi \u012frenginyje, taip u\u017ekertant keli\u0105 j\u0173 dauginimuisi ir plitimui ore. I&amp;scaron; vis\u0173 &amp;scaron;viesos spinduli\u0173, UV-C &amp;scaron;viesa turi did\u017eiausi\u0105 da\u017en\u012f ir trumpiausi\u0105 bangos ilg\u012f, tod\u0117l ji turi ir did\u017eiausi\u0105 energij\u0105, kuri spinduliuodama prasiskverbia per organizmo i&amp;scaron;orin\u0119 membran\u0105 ir sunaikina jo DNR. &amp;Scaron;ios r\u016b&amp;scaron;ies \u012frenginiai, \u012fdiegti visame pasaulyje, \u012frod\u0117, kad \u012fmontuota UV technologija yra labai efektyvi prie&amp;scaron; patogeninius virusus, bakterijas ir vienal\u0105s\u010dius organizmus. Naudojant UV-C &amp;scaron;vies\u0105, galima pasiekti mikrobiologinio inaktyvavimo laipsn\u012f iki 99,99 % ir daugiau.&lt;\/li&gt;<br \/>\n&lt;li&gt;&lt;strong&gt;DUO be ozono DIN EN 60335-2-65 jonizatorius.&amp;nbsp;&lt;\/strong&gt;Du jonizatoriai, kuri\u0173 bendras paj\u0117gumas yra daugiau nei 3 000 000 neigiam\u0173 jon\u0173\/cm&amp;sup3;, pasklinda po vis\u0105 patalp\u0105 ir taip neutralizuoja kenksmingas med\u017eiagas ir kvapus. Neigiami jonai prisitvirtina prie dulki\u0173 daleli\u0173, mikroorganizm\u0173 ir kit\u0173 nepageidaujam\u0173 med\u017eiag\u0173 ore ir sujungia juos. Tokiu b\u016bdu &amp;scaron;ios dalel\u0117s tampa sunkesn\u0117s u\u017e or\u0105 ir nus\u0117da arba yra i&amp;scaron;valomos oro valytuvo pagalba.&lt;\/li&gt;<br \/>\n&lt;li&gt;&lt;strong&gt;I&amp;scaron;valytas oras.&amp;nbsp;&lt;\/strong&gt;&amp;Scaron;varus, sveikas oras i&amp;scaron;leid\u017eiamas i&amp;scaron; oro valytuvo vir&amp;scaron;aus \u012f patalp\u0105.&amp;nbsp;&lt;\/li&gt;<br \/>\n&lt;\/ol&gt;<br \/>\n&lt;p&gt;&lt;strong&gt;Minimalistinis dizainas&lt;\/strong&gt;&lt;\/p&gt;<br \/>\n&lt;p&gt;D\u0117l universalaus dizaino, prietaisas der\u0117s prie bet kokio interjero, bet kokios paskirties kambaryje.&lt;\/p&gt;<br \/>\n&lt;p&gt;CA-502Pro Mini oro valytuvas yra puikus pasirinkimas tiems, kas siekia i&amp;scaron;laikyti &amp;scaron;var\u0173, sveik\u0105 ir gaiv\u0173 or\u0105 savo aplinkoje, suma\u017einti alergenus.&lt;\/p&gt;<br \/>\n&lt;p&gt;&lt;strong&gt;Technical characteristics:&lt;\/strong&gt;&lt;\/p&gt;<br \/>\n&lt;ul&gt;<br \/>\n&lt;li&gt;Tinka iki 20m&amp;sup2; dyd\u017eio patalpoms;&lt;\/li&gt;<br \/>\n&lt;li&gt;Yra miego re\u017eimas;&amp;nbsp;&lt;\/li&gt;<br \/>\n&lt;li&gt;Ventiliatoriaus na&amp;scaron;umas iki 100m&amp;sup3;\/val.;&lt;\/li&gt;<br \/>\n&lt;li&gt;Maitinimo \u012ftampa: AC 220V &#8211; 240V \/ 50Hz;&lt;\/li&gt;<br \/>\n&lt;li&gt;Energijos s\u0105naudos: maks. 16 vat\u0173;&lt;\/li&gt;<br \/>\n&lt;li&gt;Matmenys: 16,5 x 16,5 x 23 cm;&lt;\/li&gt;<br \/>\n&lt;li&gt;Svoris: 1,2 kg.&amp;nbsp;&lt;\/li&gt;<br \/>\n&lt;\/ul&gt;<br \/>\n&lt;p style=&quot;text-align: center;&quot;&gt;&lt;iframe src=&quot;https:\/\/www.youtube.com\/embed\/RE8kSD1nbzQ?si=TLkuyCQoa6hxF4jg&quot; frameborder=&quot;0&quot; width=&quot;560&quot; height=&quot;315&quot;&gt;&lt;\/iframe&gt;&lt;\/p&gt;<br \/>\n&lt;p&gt;&lt;a class=&quot;catalogue&quot; href=&quot;\/en\/images\/Userfiles\/www.rubisolis.lt_manual-ca-502pro-minipdf.pdf\/&quot; target=&quot;blank&quot;&gt;Download product manual&lt;\/a&gt;&lt;\/p&gt;<\/p>","protected":false},"excerpt":{"rendered":"<p>&lt;p&gt;&lt;strong&gt;CA-502Pro Mini&lt;\/strong&gt; yra auk&amp;scaron;tos kokyb\u0117s oro valytuvas, skirtas ma\u017eoms patalpoms ir asmeniniam naudojimui. &amp;Scaron;is oro valytuvas turi HEPA UV filtr\u0105,<\/p>","protected":false},"featured_media":26347,"comment_status":"closed","ping_status":"open","template":"","meta":[],"product_brand":[],"product_cat":[23],"product_tag":[535],"class_list":{"0":"post-26345","1":"product","2":"type-product","3":"status-publish","4":"has-post-thumbnail","6":"product_cat-be-kategorijos","7":"product_tag-naujiena","9":"first","10":"onbackorder","11":"taxable","12":"shipping-taxable","13":"product-type-variable"},"_links":{"self":[{"href":"https:\/\/orotech.lt\/en\/wp-json\/wp\/v2\/product\/26345","targetHints":{"allow":["GET"]}}],"collection":[{"href":"https:\/\/orotech.lt\/en\/wp-json\/wp\/v2\/product"}],"about":[{"href":"https:\/\/orotech.lt\/en\/wp-json\/wp\/v2\/types\/product"}],"replies":[{"embeddable":true,"href":"https:\/\/orotech.lt\/en\/wp-json\/wp\/v2\/comments?post=26345"}],"version-history":[{"count":1,"href":"https:\/\/orotech.lt\/en\/wp-json\/wp\/v2\/product\/26345\/revisions"}],"predecessor-version":[{"id":26346,"href":"https:\/\/orotech.lt\/en\/wp-json\/wp\/v2\/product\/26345\/revisions\/26346"}],"wp:featuredmedia":[{"embeddable":true,"href":"https:\/\/orotech.lt\/en\/wp-json\/wp\/v2\/media\/26347"}],"wp:attachment":[{"href":"https:\/\/orotech.lt\/en\/wp-json\/wp\/v2\/media?parent=26345"}],"wp:term":[{"taxonomy":"product_brand","embeddable":true,"href":"https:\/\/orotech.lt\/en\/wp-json\/wp\/v2\/product_brand?post=26345"},{"taxonomy":"product_cat","embeddable":true,"href":"https:\/\/orotech.lt\/en\/wp-json\/wp\/v2\/product_cat?post=26345"},{"taxonomy":"product_tag","embeddable":true,"href":"https:\/\/orotech.lt\/en\/wp-json\/wp\/v2\/product_tag?post=26345"}],"curies":[{"name":"wp","href":"https:\/\/api.w.org\/{rel}","templated":true}]}}