{"id":26352,"date":"2025-09-09T07:35:03","date_gmt":"2025-09-09T07:35:03","guid":{"rendered":"https:\/\/orotech.lt\/oro-valytuvas-clean-air-ca-503b-compact-smart-hepa\/"},"modified":"2025-09-10T06:15:28","modified_gmt":"2025-09-10T06:15:28","slug":"oro-valytuvas-clean-air-ca-503b-compact-smart-hepa","status":"publish","type":"product","link":"https:\/\/orotech.lt\/en\/oro-valytuvas-clean-air-ca-503b-compact-smart-hepa\/","title":{"rendered":"Oro valytuvas Clean Air CA-503B Compact Smart HEPA"},"content":{"rendered":"<p>&lt;p&gt;&lt;strong&gt;CA-503B Compact Smart&lt;\/strong&gt;&amp;nbsp; &lt;strong&gt;HEPA &lt;\/strong&gt;yra auk&amp;scaron;tos kokyb\u0117s oro valytuvas, skirtas ma\u017eoms patalpoms (iki 30m&amp;sup2; \/ 75m&amp;sup3;) ir asmeniniam naudojimui. &amp;Scaron;is oro valytuvas turi HEPA UV filtr\u0105, kuris u\u017etikrina efektyv\u0173 or\u0105 valan\u010di\u0173j\u0173 daleli\u0173 filtravim\u0105 bei patalpose esan\u010di\u0173 kenksming\u0173 mikroorganizm\u0173, toki\u0173 kaip bakterijos ir virusai, naikinim\u0105.&lt;\/p&gt;<br \/>\n&lt;p&gt;HEPA (High-Efficiency Particulate Air) filtrai yra vieni i&amp;scaron; efektyviausi\u0173 filtr\u0173, skirt\u0173 pa&amp;scaron;alinti dulk\u0117ms, alergenams, bakterijoms, virusams ir kitoms ma\u017eoms dalel\u0117ms i&amp;scaron; oro. &lt;strong&gt;&amp;Scaron;is oro valytuvas turi HEPA filtr\u0105&lt;\/strong&gt;, kuris sugeba sugauti ir i&amp;scaron;laikyti net smulki\u0105sias daleles, tokis kaip dulk\u0117s, pel\u0117siai, \u017eiedadulk\u0117s ir gyv\u016bn\u0173 plaukai. Tai ypa\u010d svarbu nuo alergij\u0173 ar astmos ken\u010diantiems asmenims, kurie nori i&amp;scaron;laikyti gryn\u0105 ir sveik\u0105 or\u0105 patalpose.&lt;\/p&gt;<br \/>\n&lt;p&gt;&lt;strong&gt;&amp;Scaron;is oro valytuvas yra kompakti&amp;scaron;kas ir patogus naudoti&lt;\/strong&gt;. Jis turi \u012fvairias grei\u010dio ir filtravimo re\u017eimo parinktis tam, kad gal\u0117tum\u0117te pritaikyti valymo proces\u0105 pagal savo poreikius. Be to, jis turi tyl\u0173 (naktinio r\u0117\u017eimo) veikim\u0105, kuris nebla&amp;scaron;ko miego ar d\u0117mesio darbo metu.&lt;\/p&gt;<br \/>\n&lt;p&gt;CA-503B Compact Smart HEPA oro valytuvas yra puikus pasirinkimas tiems, kas siekia i&amp;scaron;laikyti &amp;scaron;var\u0173, sveik\u0105 ir gaiv\u0173 or\u0105 savo aplinkoje, suma\u017einti alergenus.&lt;\/p&gt;<br \/>\n&lt;p&gt;&lt;strong&gt;Efektyvus oro valymas 8 etapais:&lt;\/strong&gt;&lt;\/p&gt;<br \/>\n&lt;ol&gt;<br \/>\n&lt;li&gt;&lt;strong&gt;360&amp;deg; vertikalus siurbimas&lt;\/strong&gt;. Galingas, ta\u010diau energij\u0105 tausojantis ventiliatorius \u012fsiurbia nevalyt\u0105 patalp\u0173 or\u0105.&lt;\/li&gt;<br \/>\n&lt;li&gt;&lt;strong&gt;Prie&amp;scaron;filtris.&amp;nbsp;&lt;\/strong&gt;Pirminis filtras sulaiko didesnes dulki\u0173 daleles ir kitus ter&amp;scaron;alus, tokius kaip namini\u0173 gyv\u016bn\u0117li\u0173 plaukai ir pleiskanos.&lt;\/li&gt;<br \/>\n&lt;li&gt;&lt;strong&gt;Hepafiltras. &lt;\/strong&gt;Jis&amp;nbsp;i&amp;scaron;valo 99,97% ore tvyran\u010di\u0173 ne&amp;scaron;varum\u0173 ir mikroelement\u0173. Hepafiltras yra efektyviausias oro filtras, skirtas pa&amp;scaron;alinti: dulkes, kiet\u0105sias daleles, alergenus ir kitas kiet\u0105sias daleles.&lt;\/li&gt;<br \/>\n&lt;li&gt;&lt;strong&gt;Aktyvios anglies filtras.&amp;nbsp;&lt;\/strong&gt;Aktyvios anglies filtras efektyviai filtruoja dujas, chemines med\u017eiagas, cigare\u010di\u0173 d\u016bmus, lakiuosius organinius junginius (LOJ) ir nepageidaujamus kvapus.&lt;\/li&gt;<br \/>\n&lt;li&gt;&lt;strong&gt;Tio2 fotokatalizinis filtras.&amp;nbsp;&lt;\/strong&gt;&amp;Scaron;is filtras gali veiksmingai suma\u017einti chemini\u0173 med\u017eiag\u0173, bakterij\u0173 ir kvap\u0173 kiek\u012f. Fotokatalizinis filtras veikia kartu su UV-C LED lempa, sukurdamas ypa\u010d galing\u0105 bakterij\u0173 ir virus\u0173 naikinimo efekt\u0105.&lt;\/li&gt;<br \/>\n&lt;li&gt;&lt;strong&gt;Jonizatorius be ozono DIN EN 60335-2-65.&lt;\/strong&gt; Du jonizatoriai neutralizuodami kenksmingas med\u017eiagas ir kvapus. Neigiami jonai prisitvirtina prie dulki\u0173 daleli\u0173, mikroorganizm\u0173 ir kit\u0173 nepageidaujam\u0173 ore esan\u010di\u0173 med\u017eiag\u0173 ir jas sujungia. Tokiu b\u016bdu dalel\u0117s tampa sunkesn\u0117s u\u017e or\u0105 ir krenta \u017eemyn arba jas i&amp;scaron; oro i&amp;scaron;filtruoja oro valytuvas.&lt;\/li&gt;<br \/>\n&lt;li&gt;&lt;strong&gt;UV-C LED lempa.&amp;nbsp;&lt;\/strong&gt;Lempos ultravioletin\u0117 &amp;scaron;viesa (UV-C spinduliuot\u0117), kurios bangos ilgis yra 254 nm, naikina kenksmingus mikroorganizmus, tokius kaip: mikrobus, virusus, pel\u0117s\u012f ir bakterijas. Be to, \u012frenginyje susikaup\u0119 mikroorganizmai sunaikinami. Tai neleid\u017eia jiems daugintis ir pasiskirstyti per oro sraut\u0105 patalpoje. I&amp;scaron; vis\u0173 &amp;scaron;viesos spinduli\u0173 UV-C &amp;scaron;viesa turi did\u017eiausi\u0105 da\u017en\u012f ir trumpiausi\u0105 bangos ilg\u012f, tod\u0117l joje taip pat yra did\u017eiausias energijos kiekis, kuris per savo spinduliuot\u0119 prasiskverbia pro i&amp;scaron;orin\u0119 organizmo membran\u0105 ir sunaikina DNR.&lt;\/li&gt;<br \/>\n&lt;li&gt;&lt;strong&gt;I&amp;scaron;valytas oras. &lt;\/strong&gt;Per \u012frenginio vir&amp;scaron;uje esan\u010dias angas i&amp;scaron;valytas oras&amp;nbsp;patenka \u012f patalpas.&lt;\/li&gt;<br \/>\n&lt;\/ol&gt;<br \/>\n&lt;p&gt;&lt;strong&gt;Aromatherapy function&lt;\/strong&gt;&lt;\/p&gt;<br \/>\n&lt;p&gt;&amp;Scaron;is oro valytuvas gali atlikti ir aromaterapin\u0119 funkcij\u0105. \u012erenginyje yra \u012fmontuotas specialus eteriniams aliejams la&amp;scaron;inti skirtas stal\u010diukas, tod\u0117l galite susikurti jauki\u0105 aplink\u0105 m\u0117giamais aromatais.&lt;\/p&gt;<br \/>\n&lt;p&gt;&lt;strong&gt;I&amp;scaron;manus valdymas&lt;\/strong&gt;&lt;\/p&gt;<br \/>\n&lt;p&gt;Oro valytuvas gali b\u016bti valdomas per nuotol\u012f, i&amp;scaron; bet kokio kambario naudojant speciali\u0105 program\u0117l\u0119. Tai suteikia galimyb\u0119 lengvai ir greitai valdyti \u012frengin\u012f net per nuotol\u012f.&lt;\/p&gt;<br \/>\n&lt;p&gt;You can download the required app here:&lt;\/p&gt;<br \/>\n&lt;p&gt;&lt;a href=&quot;https:\/\/apps.apple.com\/np\/app\/cleanairoptima\/id1597731227&quot;&gt;&lt;strong&gt;Apple App Store&amp;nbsp;&lt;\/strong&gt;&lt;\/a&gt;&lt;br \/&gt;&lt;a href=&quot;https:\/\/play.google.com\/store\/apps\/details?id=com.cleanairoptima.smart&amp;amp;gl&quot;&gt;&lt;strong&gt;Google Play Store&lt;\/strong&gt;&lt;\/a&gt;&lt;\/p&gt;<br \/>\n&lt;p&gt;&lt;strong&gt;Technical characteristics:&lt;\/strong&gt;&lt;\/p&gt;<br \/>\n&lt;ul&gt;<br \/>\n&lt;li&gt;Tinka patalpoms iki: 30m&amp;sup2;&lt;\/li&gt;<br \/>\n&lt;li&gt;Programos: galimas automatinis arba miego re\u017eimas;&lt;\/li&gt;<br \/>\n&lt;li&gt;I&amp;scaron;manus valdymas program\u0117le;&lt;\/li&gt;<br \/>\n&lt;li&gt;Matmenys: 20,6 x 20,6 x 27,4 cm.&lt;\/li&gt;<br \/>\n&lt;\/ul&gt;<br \/>\n&lt;p&gt;&lt;a class=&quot;catalogue&quot; href=&quot;https:\/\/rubisolis.lt\/images\/Userfiles\/My_folder\/Instrukcija_Oro_valytuvas_Clean_Air_CA-503B_Compact_Smart_HEPA.pdf&quot; target=&quot;blank&quot;&gt;Download product manual&lt;\/a&gt;&lt;\/p&gt;<\/p>","protected":false},"excerpt":{"rendered":"<p>&lt;p&gt;&lt;strong&gt;CA-503B Compact Smart&lt;\/strong&gt;&amp;nbsp; &lt;strong&gt;HEPA &lt;\/strong&gt;yra auk&amp;scaron;tos kokyb\u0117s oro valytuvas, skirtas ma\u017eoms patalpoms (iki 30m&amp;sup2; \/ 75m&amp;sup3;) ir asmeniniam naudojimui. &amp;Scaron;is<\/p>","protected":false},"featured_media":26354,"comment_status":"closed","ping_status":"open","template":"","meta":[],"product_brand":[],"product_cat":[23],"product_tag":[535],"class_list":{"0":"post-26352","1":"product","2":"type-product","3":"status-publish","4":"has-post-thumbnail","6":"product_cat-be-kategorijos","7":"product_tag-naujiena","9":"first","10":"onbackorder","11":"taxable","12":"shipping-taxable","13":"product-type-variable"},"_links":{"self":[{"href":"https:\/\/orotech.lt\/en\/wp-json\/wp\/v2\/product\/26352","targetHints":{"allow":["GET"]}}],"collection":[{"href":"https:\/\/orotech.lt\/en\/wp-json\/wp\/v2\/product"}],"about":[{"href":"https:\/\/orotech.lt\/en\/wp-json\/wp\/v2\/types\/product"}],"replies":[{"embeddable":true,"href":"https:\/\/orotech.lt\/en\/wp-json\/wp\/v2\/comments?post=26352"}],"version-history":[{"count":1,"href":"https:\/\/orotech.lt\/en\/wp-json\/wp\/v2\/product\/26352\/revisions"}],"predecessor-version":[{"id":26353,"href":"https:\/\/orotech.lt\/en\/wp-json\/wp\/v2\/product\/26352\/revisions\/26353"}],"wp:featuredmedia":[{"embeddable":true,"href":"https:\/\/orotech.lt\/en\/wp-json\/wp\/v2\/media\/26354"}],"wp:attachment":[{"href":"https:\/\/orotech.lt\/en\/wp-json\/wp\/v2\/media?parent=26352"}],"wp:term":[{"taxonomy":"product_brand","embeddable":true,"href":"https:\/\/orotech.lt\/en\/wp-json\/wp\/v2\/product_brand?post=26352"},{"taxonomy":"product_cat","embeddable":true,"href":"https:\/\/orotech.lt\/en\/wp-json\/wp\/v2\/product_cat?post=26352"},{"taxonomy":"product_tag","embeddable":true,"href":"https:\/\/orotech.lt\/en\/wp-json\/wp\/v2\/product_tag?post=26352"}],"curies":[{"name":"wp","href":"https:\/\/api.w.org\/{rel}","templated":true}]}}