{"id":26364,"date":"2025-09-09T07:35:03","date_gmt":"2025-09-09T07:35:03","guid":{"rendered":"https:\/\/orotech.lt\/elektriniai-teniniai-sildytuvai-energotech-energoinfra-2\/"},"modified":"2025-09-10T06:15:29","modified_gmt":"2025-09-10T06:15:29","slug":"electric-floor-heaters-energotech-energoinfra-2","status":"publish","type":"product","link":"https:\/\/orotech.lt\/en\/electric-floor-heaters-energotech-energoinfra-2\/","title":{"rendered":"Electric surface heaters Energotech EnergoInfra"},"content":{"rendered":"<p style=\"text-align: justify;\"><span style=\"text-align: justify;\">EnergoInfra are universal radiant heaters used on outdoor terraces, balconies, conservatories, market stalls, outdoor cafes, smoking areas, etc. They can also be effectively used for heating individual zones in workshops or other industrial buildings.<\/span><\/p>\n<p style=\"text-align: center;\">\n\t<iframe allow=\"accelerometer; autoplay; clipboard-write; encrypted-media; gyroscope; picture-in-picture\" allowfullscreen=\"\" frameborder=\"0\" height=\"315\" src=\"https:\/\/www.youtube.com\/embed\/51svsdPLMvE\" width=\"560\"><\/iframe><\/p>\n<p><strong>Specifications:<\/strong><\/p>\n<ul>\n<li>\n\t\t<strong>Protection class IP44;<\/strong><\/li>\n<li>\n\t\tVoltage: 230V;<\/li>\n<li>\n\t\tHeater power: 500 \/ 1000 \/ 1500 W;<\/li>\n<li>\n\t\tHeater weight: 1.5 \/ 2 \/ 3 kg;<\/li>\n<li>\n\t\tEIR500 dimensions: 700 x 75 x 40 mm;<\/li>\n<li>\n\t\tEIR1000 dimensions: 1170 x 75 x 40 mm<\/li>\n<li>\n\t\tEIR1500 dimensions: 168 x 75 x 40 mm<\/li>\n<li>\n\t\tStainless steel;<\/li>\n<li>\n\t\tReflector \u2013 anodized aluminum;<\/li>\n<li>\n\t\tAdjustable fasteners.<\/li>\n<\/ul>\n<p style=\"text-align: justify;\">\n\tEnergoInfra infrared heaters can be used in damp rooms, drying rooms, bathrooms, utility rooms or even outdoors, as they belong to the IP44 protection class. Therefore, they can be used in bathrooms or utility rooms. These heating devices can be mounted on the wall or to the ceiling.<\/p>\n<p>\tSpinduliniai \u0161ildytuv\u0173 EnergoInfra korpusai, apsaugin\u0117s grotel\u0117s ir \u0161ildymo elementas yra pagaminti i\u0161korozijai atsparios med\u017eiagos &ndash; ner\u016bdijan\u010dio plieno. Reflektorius &ndash; i\u0161 anoduoto aliuminio. Visa tai u\u017etikrina produkto ilgaam\u017ei\u0161kum\u0105.<\/p>\n<p>\tThere are 3 models to choose from, EIR500, 1000 and 1500 (see technical specifications). The heaters are supplied with adjustable mounting elements. If necessary, the devices can also be lowered to a lower height using cables or chains.<\/p>\n<ul>\n<\/ul>\n<p><a class=\"catalogue\" href=\"https:\/\/www.rubisolis.lt\/failai\/files\/produktu%20pdf\/EnergoInfra_EN.pdf\" target=\"blank\" rel=\"nofollow noopener\">Download product catalog<\/a><br \/>\n\t<a class=\"catalogue\" href=\"https:\/\/www.rubisolis.lt\/failai\/files\/produktu%20pdf\/EnergoInfra_EN.pdf\" target=\"blank\" rel=\"nofollow noopener\">Download product manual <\/a><\/p>","protected":false},"excerpt":{"rendered":"<p>EnergoInfra yra universal\u016bs spinduliniai \u0161ildytuvai, naudojami lauko terasose, balkonuose, oran\u017eerijose, priepir\u010diuose, lauko kavin\u0117se, r\u016bkymo vietose ir pan. Jie taip pat<\/p>","protected":false},"featured_media":26366,"comment_status":"closed","ping_status":"open","template":"","meta":[],"product_brand":[],"product_cat":[23],"product_tag":[535],"class_list":{"0":"post-26364","1":"product","2":"type-product","3":"status-publish","4":"has-post-thumbnail","6":"product_cat-be-kategorijos","7":"product_tag-naujiena","9":"first","10":"onbackorder","11":"taxable","12":"shipping-taxable","13":"product-type-variable"},"_links":{"self":[{"href":"https:\/\/orotech.lt\/en\/wp-json\/wp\/v2\/product\/26364","targetHints":{"allow":["GET"]}}],"collection":[{"href":"https:\/\/orotech.lt\/en\/wp-json\/wp\/v2\/product"}],"about":[{"href":"https:\/\/orotech.lt\/en\/wp-json\/wp\/v2\/types\/product"}],"replies":[{"embeddable":true,"href":"https:\/\/orotech.lt\/en\/wp-json\/wp\/v2\/comments?post=26364"}],"version-history":[{"count":1,"href":"https:\/\/orotech.lt\/en\/wp-json\/wp\/v2\/product\/26364\/revisions"}],"predecessor-version":[{"id":26365,"href":"https:\/\/orotech.lt\/en\/wp-json\/wp\/v2\/product\/26364\/revisions\/26365"}],"wp:featuredmedia":[{"embeddable":true,"href":"https:\/\/orotech.lt\/en\/wp-json\/wp\/v2\/media\/26366"}],"wp:attachment":[{"href":"https:\/\/orotech.lt\/en\/wp-json\/wp\/v2\/media?parent=26364"}],"wp:term":[{"taxonomy":"product_brand","embeddable":true,"href":"https:\/\/orotech.lt\/en\/wp-json\/wp\/v2\/product_brand?post=26364"},{"taxonomy":"product_cat","embeddable":true,"href":"https:\/\/orotech.lt\/en\/wp-json\/wp\/v2\/product_cat?post=26364"},{"taxonomy":"product_tag","embeddable":true,"href":"https:\/\/orotech.lt\/en\/wp-json\/wp\/v2\/product_tag?post=26364"}],"curies":[{"name":"wp","href":"https:\/\/api.w.org\/{rel}","templated":true}]}}