{"id":26369,"date":"2025-09-09T07:35:03","date_gmt":"2025-09-09T07:35:03","guid":{"rendered":"https:\/\/orotech.lt\/oro-valytuvas-clean-air-ca-503t-compact-smart-hepa\/"},"modified":"2025-09-10T06:15:30","modified_gmt":"2025-09-10T06:15:30","slug":"oro-valytuvas-clean-air-ca-503t-compact-smart-hepa","status":"publish","type":"product","link":"https:\/\/orotech.lt\/en\/oro-valytuvas-clean-air-ca-503t-compact-smart-hepa\/","title":{"rendered":"Oro valytuvas Clean Air CA-503T Compact Smart HEPA"},"content":{"rendered":"<p>&lt;p style=&quot;text-align: justify;&quot;&gt;Vidaus patalp\u0173 oro kokyb\u0117, kuria kv\u0117puojame, yra svarbi m\u016bs\u0173 sveikatai ir gerovei. Kuo ma\u017eiau dulki\u0173, alergen\u0173, mikroorganizm\u0173 ir chemini\u0173 ter&amp;scaron;al\u0173 \u012fkvepiame, tuo ma\u017eesn\u0117 tikimyb\u0117 susirgti. O moderni\u0173 pastat\u0173 energijos efektyvumo sprendimai da\u017enai sukelia prast\u0105 ventiliacij\u0105, leid\u017eian\u010di\u0105 bakterijoms, virusams, dulki\u0173 erk\u0117ms, pel\u0117siui ir alergenams laisvai plisti.&amp;nbsp;&lt;\/p&gt;<br \/>\n&lt;p style=&quot;text-align: justify;&quot;&gt;HEPA filtrai yra vieni i&amp;scaron; efektyviausi\u0173 filtr\u0173, skirt\u0173 pa&amp;scaron;alinti dulk\u0117ms, alergenams, bakterijoms, virusams ir kitoms ma\u017eoms dalel\u0117ms i&amp;scaron; oro. &lt;strong&gt;&amp;Scaron;is oro valytuvas turi HEPA filtr\u0105&lt;\/strong&gt;, kuris sugeba sugauti ir i&amp;scaron;laikyti net smulki\u0105sias daleles, tokias kaip dulk\u0117s, pel\u0117siai, \u017eiedadulk\u0117s ir gyv\u016bn\u0173 plaukai. Galinga 360&amp;deg; oro cirkuliacijos sistema Clean Air Optima&amp;reg; i&amp;scaron;maniajame HEPA UV jonizatoriaus oro valytuve u\u017etikrina gryno kv\u0117puojamo oro paskirstym\u0105 kiekviename kambario kampe. &amp;Scaron;is kompakti&amp;scaron;kas oro valytuvas puikiai tinka \u017emon\u0117ms, ken\u010diantiems nuo kv\u0117pavimo problem\u0173, ir yra pritaikytas naudoti gyvenamosiose patalpose, miegamuosiuose, biuruose, ekspozicij\u0173 sal\u0117se, gydymo kabinetuose ir kt.&amp;nbsp;&lt;\/p&gt;<br \/>\n&lt;p style=&quot;text-align: justify;&quot;&gt;D\u0117l savo stilingo kompakti&amp;scaron;ko dizaino, neutralios spalv\u0173 gamos ir itin ramaus veikimo oro valytuvas CA-503T Compact Smart puikiai dera bet kokiame interjere. Platus ir efektyvus filtravimo spektras daro &amp;scaron;\u012f oro valytuv\u0105 ypa\u010d tinkam\u0105 \u017emon\u0117ms, sergantiems astma, bronchitu, LOPL, alergijomis ir turintiems silpn\u0105 imunitet\u0105.&lt;\/p&gt;<br \/>\n&lt;p style=&quot;text-align: center;&quot;&gt;&lt;iframe src=&quot;https:\/\/www.youtube.com\/embed\/QiOtPiCQydQ?si=vt9c4pgyNA1KDKvG&quot; frameborder=&quot;0&quot; width=&quot;560&quot; height=&quot;315&quot;&gt;&lt;\/iframe&gt;&lt;\/p&gt;<br \/>\n&lt;p style=&quot;text-align: justify;&quot;&gt;&lt;strong&gt;Efektyvus oro valymas 8 etapais:&lt;\/strong&gt;&lt;\/p&gt;<br \/>\n&lt;ol&gt;<br \/>\n&lt;li&gt;&lt;strong&gt;360&amp;deg; vertikalus siurbimas&lt;\/strong&gt;. Galingas, ta\u010diau energij\u0105 tausojantis ventiliatorius \u012fsiurbia nevalyt\u0105 patalp\u0173 or\u0105.&lt;\/li&gt;<br \/>\n&lt;li&gt;&lt;strong&gt;Prie&amp;scaron;filtris.&amp;nbsp;&lt;\/strong&gt;Pirminis filtras sulaiko didesnes dulki\u0173 daleles ir kitus ter&amp;scaron;alus, tokius kaip namini\u0173 gyv\u016bn\u0117li\u0173 plaukai ir pleiskanos.&lt;\/li&gt;<br \/>\n&lt;li&gt;&lt;strong&gt;Hepafiltras.&amp;nbsp;&lt;\/strong&gt;Jis&amp;nbsp;i&amp;scaron;valo 99,97% ore tvyran\u010di\u0173 ne&amp;scaron;varum\u0173 ir mikroelement\u0173.&amp;nbsp;&lt;\/li&gt;<br \/>\n&lt;li&gt;&lt;strong&gt;Aktyvios anglies filtras.&amp;nbsp;&lt;\/strong&gt;Aktyvios anglies filtras efektyviai filtruoja dujas, chemines med\u017eiagas, cigare\u010di\u0173 d\u016bmus, lakiuosius organinius junginius (LOJ) ir nepageidaujamus kvapus.&lt;\/li&gt;<br \/>\n&lt;li&gt;&lt;strong&gt;Tio2 fotokatalizinis filtras.&amp;nbsp;&lt;\/strong&gt;&amp;Scaron;is filtras gali veiksmingai suma\u017einti chemini\u0173 med\u017eiag\u0173, bakterij\u0173 ir kvap\u0173 kiek\u012f. Fotokatalizinis filtras veikia kartu su UV-C LED lempa, sukurdamas ypa\u010d galing\u0105 bakterij\u0173 ir virus\u0173 naikinimo efekt\u0105.&lt;\/li&gt;<br \/>\n&lt;li&gt;&lt;strong&gt;Jonizatorius be ozono DIN EN 60335-2-65.&lt;\/strong&gt;&amp;nbsp;Du jonizatoriai neutralizuodami kenksmingas med\u017eiagas ir kvapus. Neigiami jonai prisitvirtina prie dulki\u0173 daleli\u0173, mikroorganizm\u0173 ir kit\u0173 nepageidaujam\u0173 ore esan\u010di\u0173 med\u017eiag\u0173 ir jas sujungia.&amp;nbsp;&lt;\/li&gt;<br \/>\n&lt;li&gt;&lt;strong&gt;UV-C LED lempa.&amp;nbsp;&lt;\/strong&gt;Lempos ultravioletin\u0117 &amp;scaron;viesa (UV-C spinduliuot\u0117), kurios bangos ilgis yra 254 nm, naikina kenksmingus mikroorganizmus, tokius kaip: mikrobus, virusus, pel\u0117s\u012f ir bakterijas. Be to, \u012frenginyje susikaup\u0119 mikroorganizmai sunaikinami.&lt;\/li&gt;<br \/>\n&lt;li&gt;&lt;strong&gt;I&amp;scaron;valytas oras.&amp;nbsp;&lt;\/strong&gt;Per \u012frenginio vir&amp;scaron;uje esan\u010dias angas i&amp;scaron;valytas oras&amp;nbsp;patenka \u012f patalpas.&lt;\/li&gt;<br \/>\n&lt;\/ol&gt;<br \/>\n&lt;p style=&quot;text-align: justify;&quot;&gt;&lt;strong&gt;I&amp;scaron;man\u016bs sprendimai viename \u012frenginyje&lt;\/strong&gt;&lt;\/p&gt;<br \/>\n&lt;p style=&quot;text-align: justify;&quot;&gt;Integruotas i&amp;scaron;manusis jutiklis visi&amp;scaron;kai automati&amp;scaron;kai matuoja ir kontroliuoja oro kokyb\u0119. Ventiliatorius automati&amp;scaron;kai prisitaiko prie kiet\u0173j\u0173 daleli\u0173 koncentracijos, kuri\u0105 matuoja jutiklis, ir veikia trimis grei\u010diais.&lt;strong&gt; Oro valytuvas Clean Air CA-503T &lt;\/strong&gt;Compact Smart HEPA&amp;nbsp;turi skaitmenin\u012f ekran\u0105, kuris pateiki\u0105 tiksli\u0105 informacij\u0105 apie dabartin\u0119 oro kokyb\u0119, matuodamas PM2.5 lyg\u012f patalpoje. Taip pat, &amp;scaron;is valytuvas gali b\u016bti valdomas per nuotol\u012f, i&amp;scaron; bet kokio kambario naudojant speciali\u0105 program\u0117l\u0119 &amp;bdquo;CleanAirOptima&amp;ldquo;. Tai suteikia galimyb\u0119 lengvai ir greitai valdyti \u012frengin\u012f net per nuotol\u012f. Reikaling\u0105 program\u0117l\u0119 galite atsisi\u0173sti \u010dia:&lt;\/p&gt;<br \/>\n&lt;p&gt;&lt;a href=&quot;https:\/\/apps.apple.com\/np\/app\/cleanairoptima\/id1597731227&quot;&gt;&lt;strong&gt;Apple App Store&amp;nbsp;&lt;\/strong&gt;&lt;\/a&gt;&lt;br \/&gt;&lt;a href=&quot;https:\/\/play.google.com\/store\/apps\/details?id=com.cleanairoptima.smart&amp;amp;gl&quot;&gt;&lt;strong&gt;Google Play Store&lt;\/strong&gt;&lt;\/a&gt;&lt;\/p&gt;<br \/>\n&lt;p style=&quot;text-align: justify;&quot;&gt;&lt;strong&gt;Aromatherapy function&lt;\/strong&gt;&lt;\/p&gt;<br \/>\n&lt;p style=&quot;text-align: justify;&quot;&gt;&amp;Scaron;is oro valytuvas gali atlikti ir aromaterapin\u0119 funkcij\u0105. \u012erenginyje yra \u012fmontuotas specialus eteriniams aliejams la&amp;scaron;inti skirtas stal\u010diukas, tod\u0117l galite susikurti jauki\u0105 aplink\u0105 m\u0117giamais aromatais. Naudokite aromaterapij\u0105, kad sukurtum\u0117te maloni\u0105 atmosfer\u0105 savo gyvenamosiose erdv\u0117se ir jaustum\u0117t\u0117s patogiau bei labiau atsipalaidav\u0119.&amp;nbsp;&lt;\/p&gt;<br \/>\n&lt;p style=&quot;text-align: justify;&quot;&gt;&lt;strong&gt;Advantages:&lt;\/strong&gt;&lt;\/p&gt;<br \/>\n&lt;ul&gt;<br \/>\n&lt;li&gt;360&amp;deg; oro srauto sistema &amp;ndash; efektyviai paskirsto i&amp;scaron;valyt\u0105 or\u0105 visoje patalpoje;&lt;\/li&gt;<br \/>\n&lt;li&gt;6 lygi\u0173 filtravimo technologija u\u017etikrina apsaug\u0105 nuo dulki\u0173 ir kiet\u0173j\u0173 daleli\u0173 (PM2.5), virus\u0173 ir bakterij\u0173 (COVID-19), cigare\u010di\u0173 d\u016bm\u0173, nemaloni\u0173 kvap\u0173, pel\u0117si\u0173 spor\u0173, \u017eiedadulki\u0173, nam\u0173 dulki\u0173 erku\u010di\u0173;&lt;\/li&gt;<br \/>\n&lt;li&gt;3 ventiliavimo lygiai;&lt;\/li&gt;<br \/>\n&lt;li&gt;Jonizavimas;&lt;\/li&gt;<br \/>\n&lt;li&gt;Laikmatis (1-12h);&lt;\/li&gt;<br \/>\n&lt;li&gt;Tikrasis HEPA H13 filtras &amp;ndash; surenka 99,97 % kiet\u0173j\u0173 daleli\u0173 iki 0,3 mikrometr\u0173;&lt;\/li&gt;<br \/>\n&lt;li&gt;Aromaterapija &amp;ndash; galimyb\u0117 naudoti eterinius aliejus sukuria maloni\u0105 atmosfer\u0105;&lt;\/li&gt;<br \/>\n&lt;li&gt;Tylus veikimas &amp;ndash; ypa\u010d tylus miego r\u0117\u017eimas (10 dB(A)) u\u017etikrina ram\u0173 poils\u012f;&lt;\/li&gt;<br \/>\n&lt;li&gt;I&amp;scaron;manusis valdymas &amp;ndash; automatinis oro kokyb\u0117s steb\u0117jimas ir reguliavimas per skaitmenin\u012f ekran\u0105 arba mobili\u0105 program\u0117l\u0119 &amp;bdquo;CleanAirOptima&amp;ldquo;;&lt;\/li&gt;<br \/>\n&lt;li&gt;Kompakti&amp;scaron;kas dizainas &amp;ndash; stilingai dera bet kokiame interjere.&amp;nbsp;&lt;\/li&gt;<br \/>\n&lt;\/ul&gt;<br \/>\n&lt;p&gt;&lt;strong&gt;Technical characteristics:&lt;\/strong&gt;&lt;\/p&gt;<br \/>\n&lt;ul&gt;<br \/>\n&lt;li&gt;Tinka patalpoms iki: 30m&amp;sup2; \/&amp;nbsp;75m&amp;sup3;;&lt;\/li&gt;<br \/>\n&lt;li&gt;Programos: galimas automatinis arba miego re\u017eimas;&lt;\/li&gt;<br \/>\n&lt;li&gt;I&amp;scaron;manus valdymas program\u0117le;&lt;\/li&gt;<br \/>\n&lt;li&gt;Re\u017eimai: automatinis ir miego;&lt;\/li&gt;<br \/>\n&lt;li&gt;HEPA filtras:&amp;nbsp;H13;&lt;\/li&gt;<br \/>\n&lt;li&gt;WiFi ry&amp;scaron;ys:&amp;nbsp;2,4 GHz;&lt;\/li&gt;<br \/>\n&lt;li&gt;Maitinimas:&amp;nbsp;200&amp;ndash;240 V, 50 Hz \/ 60 Hz;&lt;\/li&gt;<br \/>\n&lt;li&gt;Galia:&amp;nbsp;22 W;&lt;\/li&gt;<br \/>\n&lt;li&gt;Ventiliatoriaus galia:&amp;nbsp;140 m&amp;sup3;\/h;&lt;\/li&gt;<br \/>\n&lt;li&gt;Neigiami jonai:&amp;nbsp;3 000 000 jon\u0173\/cm&amp;sup3;;&lt;\/li&gt;<br \/>\n&lt;li&gt;Garsas:&amp;nbsp;10-50 dB(A);&lt;\/li&gt;<br \/>\n&lt;li&gt;Svoris:&amp;nbsp;1,89 kg;&lt;\/li&gt;<br \/>\n&lt;li&gt;Matmenys: 20,6 x 20,6 x 27,4 cm.&lt;\/li&gt;<br \/>\n&lt;\/ul&gt;<br \/>\n&lt;p&gt;&lt;a class=&quot;catalogue&quot; href=&quot;https:\/\/rubisolis.lt\/images\/Userfiles\/My_folder\/Instrukcija_Oro_valytuvas_Clean_Air_CA-503B_Compact_Smart_HEPA.pdf&quot; target=&quot;blank&quot;&gt;Download product manual&lt;\/a&gt;&lt;\/p&gt;<\/p>","protected":false},"excerpt":{"rendered":"<p>&lt;p style=&quot;text-align: justify;&quot;&gt;Vidaus patalp\u0173 oro kokyb\u0117, kuria kv\u0117puojame, yra svarbi m\u016bs\u0173 sveikatai ir gerovei. Kuo ma\u017eiau dulki\u0173, alergen\u0173, mikroorganizm\u0173 ir<\/p>","protected":false},"featured_media":26371,"comment_status":"closed","ping_status":"open","template":"","meta":[],"product_brand":[],"product_cat":[23],"product_tag":[535],"class_list":{"0":"post-26369","1":"product","2":"type-product","3":"status-publish","4":"has-post-thumbnail","6":"product_cat-be-kategorijos","7":"product_tag-naujiena","9":"first","10":"onbackorder","11":"taxable","12":"shipping-taxable","13":"product-type-variable"},"_links":{"self":[{"href":"https:\/\/orotech.lt\/en\/wp-json\/wp\/v2\/product\/26369","targetHints":{"allow":["GET"]}}],"collection":[{"href":"https:\/\/orotech.lt\/en\/wp-json\/wp\/v2\/product"}],"about":[{"href":"https:\/\/orotech.lt\/en\/wp-json\/wp\/v2\/types\/product"}],"replies":[{"embeddable":true,"href":"https:\/\/orotech.lt\/en\/wp-json\/wp\/v2\/comments?post=26369"}],"version-history":[{"count":1,"href":"https:\/\/orotech.lt\/en\/wp-json\/wp\/v2\/product\/26369\/revisions"}],"predecessor-version":[{"id":26370,"href":"https:\/\/orotech.lt\/en\/wp-json\/wp\/v2\/product\/26369\/revisions\/26370"}],"wp:featuredmedia":[{"embeddable":true,"href":"https:\/\/orotech.lt\/en\/wp-json\/wp\/v2\/media\/26371"}],"wp:attachment":[{"href":"https:\/\/orotech.lt\/en\/wp-json\/wp\/v2\/media?parent=26369"}],"wp:term":[{"taxonomy":"product_brand","embeddable":true,"href":"https:\/\/orotech.lt\/en\/wp-json\/wp\/v2\/product_brand?post=26369"},{"taxonomy":"product_cat","embeddable":true,"href":"https:\/\/orotech.lt\/en\/wp-json\/wp\/v2\/product_cat?post=26369"},{"taxonomy":"product_tag","embeddable":true,"href":"https:\/\/orotech.lt\/en\/wp-json\/wp\/v2\/product_tag?post=26369"}],"curies":[{"name":"wp","href":"https:\/\/api.w.org\/{rel}","templated":true}]}}