{"id":26377,"date":"2025-09-09T07:40:03","date_gmt":"2025-09-09T07:40:03","guid":{"rendered":"https:\/\/orotech.lt\/elektriniai-teniniai-sildytuvai-energotech-energoinfra-industry-2\/"},"modified":"2025-09-10T06:15:31","modified_gmt":"2025-09-10T06:15:31","slug":"electric-floor-heaters-energotech-energoinfra-industry-2","status":"publish","type":"product","link":"https:\/\/orotech.lt\/en\/electric-floor-heaters-energotech-energoinfra-industry-2\/","title":{"rendered":"Electric surface heaters Energotech EnergoInfra Industry"},"content":{"rendered":"<p style=\"text-align: justify;\"><span style=\"text-align: justify;\">Radiant heaters EnergoInfra Industry, is an economical heating for industrial buildings with high ceilings (from 3 to 40 m). Heat accumulation in floors, walls and other surfaces means that the air temperature in the room may be lower, but the feeling of comfort remains the same.<\/span><\/p>\n<p style=\"text-align: center;\"><iframe allow=\"accelerometer; autoplay; clipboard-write; encrypted-media; gyroscope; picture-in-picture\" allowfullscreen=\"\" frameborder=\"0\" height=\"315\" src=\"https:\/\/www.youtube.com\/embed\/51svsdPLMvE\" width=\"560\"><\/iframe><\/p>\n<p style=\"text-align: justify;\">\n\tVisa tai leid\u017eia sutaupyti 25 &ndash; 50 % energijos lyginant su konvekciniu \u0161ildymu. D\u0117l auk\u0161tos veikimo temperat\u016bros \u0161ie spinduliniai \u0161ildytuvai taip pat gali b\u016bti naudojami lauke, krovos aik\u0161tel\u0117se, stadion\u0173 lo\u017e\u0117se ir pan. IP44 apsaugos klas\u0117 leid\u017eia \u0161iuos \u012frenginius naudoti dr\u0117gnose patalpose, d\u017eiovyklose. Jie puikiai tinka bendram auk\u0161t\u0173 patalp\u0173 (6 &ndash; 40 m) \u0161ildymui arba atskir\u0173 zon\u0173 \u0161ildymui (3 &ndash; 3,5 m).<\/p>\n<p>\tSpindulini\u0173 \u0161ildytuv\u0173 EnergoInfra Industry korpusas yra pagamintas i\u0161 cinkuoto metalo, reflektorius &ndash; i\u0161 anoduoto aliuminio. Galima rinktis i\u0161 3 modeli\u0173: EIR3000, 4500 ir 6000 (\u017er. technin\u0117je specifikacijoje). \u0160ildytuvai turi tris atskirus \u0161ildymo elementus, 1+1+1, ir gali b\u016bti vienfaziai arba trifaziai. Juos galima lengvai pritvirtinti ant sienos arba prie lub\u0173.<\/p>\n<p>\tSupplied with adjustable mounting elements. If necessary, the devices can also be lowered to a lower height using cables or chains.<\/p>\n<p><a class=\"catalogue\" href=\"https:\/\/www.rubisolis.lt\/failai\/files\/produktu%20pdf\/EnergoInfra_Industry_EN.pdf\" target=\"blank\" rel=\"nofollow noopener\">Download product catalog<\/a><br \/>\n\t<a class=\"catalogue\" href=\"https:\/\/www.rubisolis.lt\/failai\/files\/produktu%20pdf\/Energotech\/Energoinfra%20Industry%20tenini%C5%B3%20%C5%A1ildytuv%C5%B3%20naudojimo%20instrukcija.pdf\" target=\"blank\" rel=\"nofollow noopener\">Download product manual <\/a><\/p>","protected":false},"excerpt":{"rendered":"<p>Radiant heaters EnergoInfra Industry, it is economical heating for industrial buildings with high ceilings (from 3 to 40 m). Heat accumulation in the floor,<\/p>","protected":false},"featured_media":26379,"comment_status":"closed","ping_status":"open","template":"","meta":[],"product_brand":[],"product_cat":[23],"product_tag":[535],"class_list":{"0":"post-26377","1":"product","2":"type-product","3":"status-publish","4":"has-post-thumbnail","6":"product_cat-be-kategorijos","7":"product_tag-naujiena","9":"first","10":"onbackorder","11":"taxable","12":"shipping-taxable","13":"product-type-variable"},"_links":{"self":[{"href":"https:\/\/orotech.lt\/en\/wp-json\/wp\/v2\/product\/26377","targetHints":{"allow":["GET"]}}],"collection":[{"href":"https:\/\/orotech.lt\/en\/wp-json\/wp\/v2\/product"}],"about":[{"href":"https:\/\/orotech.lt\/en\/wp-json\/wp\/v2\/types\/product"}],"replies":[{"embeddable":true,"href":"https:\/\/orotech.lt\/en\/wp-json\/wp\/v2\/comments?post=26377"}],"version-history":[{"count":1,"href":"https:\/\/orotech.lt\/en\/wp-json\/wp\/v2\/product\/26377\/revisions"}],"predecessor-version":[{"id":26378,"href":"https:\/\/orotech.lt\/en\/wp-json\/wp\/v2\/product\/26377\/revisions\/26378"}],"wp:featuredmedia":[{"embeddable":true,"href":"https:\/\/orotech.lt\/en\/wp-json\/wp\/v2\/media\/26379"}],"wp:attachment":[{"href":"https:\/\/orotech.lt\/en\/wp-json\/wp\/v2\/media?parent=26377"}],"wp:term":[{"taxonomy":"product_brand","embeddable":true,"href":"https:\/\/orotech.lt\/en\/wp-json\/wp\/v2\/product_brand?post=26377"},{"taxonomy":"product_cat","embeddable":true,"href":"https:\/\/orotech.lt\/en\/wp-json\/wp\/v2\/product_cat?post=26377"},{"taxonomy":"product_tag","embeddable":true,"href":"https:\/\/orotech.lt\/en\/wp-json\/wp\/v2\/product_tag?post=26377"}],"curies":[{"name":"wp","href":"https:\/\/api.w.org\/{rel}","templated":true}]}}