{"id":26404,"date":"2025-09-09T07:40:03","date_gmt":"2025-09-09T07:40:03","guid":{"rendered":"https:\/\/orotech.lt\/multifunkcinis-irankis-15in1-trotec\/"},"modified":"2025-09-10T06:15:33","modified_gmt":"2025-09-10T06:15:33","slug":"multifunkcinis-irankis-15in1-trotec","status":"publish","type":"product","link":"https:\/\/orotech.lt\/en\/multifunkcinis-irankis-15in1-trotec\/","title":{"rendered":"Multifunkcinis \u012frankis 15in1 Trotec"},"content":{"rendered":"<p style=\"text-align: justify;\"><em>Ki\u0161eninis multifunkcinis \u012frankis su atsuktuvo antgaliais, galvut\u0117mis bei lenktiniu peiliu<br \/>\n\t<\/em><\/p>\n<p style=\"text-align: justify;\">Prakti\u0161kas ir kompakti\u0161kas \u012frankis, puikiai pasitarnaus atliekant smulkius darbus buityje, u\u017esiimant m\u0117gstama veikla ar keliaujant. &ldquo;15 in 1&ldquo; daugiafunkciniame \u012frankyje yra 3 kry\u017eminio atsuktuvo antgaliai (PH1, PH2, PH3), 2 plok\u0161\u010dio atsuktuvo antgaliai (5 mm, 6 mm); 2 \u0161e\u0161iakampio atsuktuvo antgaliai ( H5, H6) bei 4 \u0161e\u0161iakamp\u0117s atsuktuvo galvut\u0117s (6, 8, 9, 10 mm). Pridedamas papildomas keturkampis adapteris (1\/4&quot;), leid\u017eiantis prie magnetinio 1\/4&quot; \u0161e\u0161iakampio laikiklio prijungti atsuktuvo galvutes. Spyruoklinis rutulinis guolis, integruotas \u012f kvadratin\u0119 adapterio galvut\u0119, u\u017etikrina tvirt\u0105 jungt\u012f. Taip pat, \u012frankyje \u012fmontuoti 2 lenktiniai peiliukai: tiesus ir dantytas.<\/p>\n<p style=\"text-align: justify;\">Kadangi antgali\u0173 laikiklis gali b\u016bti u\u017efiksuotas trimis skirtingomis pad\u0117timis, daugiafunkc\u012f \u012frank\u012f galima sulenkti bet kokiu kampu, kuris jums labiausiai tinkamas \u012fvairiose darbo situacijose. O d\u0117ka magnetinio antgali\u0173 adapterio su 1\/4 colio \u0161e\u0161iakampe \u012fduba gal\u0117site prisitaikyti jau turimus antgalius su kitais reikiamais dyd\u017eiais.<\/p>\n<p>Advantages:<\/p>\n<ul>\n<li>\n\t\tKompakti\u0161kas ki\u0161eninis \u012frankis;<\/li>\n<li>\n\t\tGali b\u016bti naudojamas kaip peilis, atsuktuvas;<\/li>\n<li>\n\t\t\u012erankius galima u\u017efiksuoti 3 skirtingais kampais: 90&deg;, 135&deg; ir 180&deg;;<\/li>\n<li>\n\t\tTies\u016bs ir dantyti a\u0161menys, pagaminti i\u0161 ner\u016bdijan\u010dio plieno;<\/li>\n<li>\n\t\tRankenoje integruotos patogios i\u0161lankstomos d\u0117tuv\u0117s antgaliams ir galvut\u0117ms;<\/li>\n<li>\n\t\t\u012erankiai pagaminti i\u0161 ner\u016bdijan\u010dio plieno;<\/li>\n<li>\n\t\tTvirta konstrukcija u\u017etikrina ilg\u0105 tarnavimo laik\u0105.<\/li>\n<\/ul>\n<p>Technical characteristics:<\/p>\n<ul>\n<li>\n\t\tKry\u017eminio atsuktuvo antgalis: PH1, PH2, PH3;<\/li>\n<li>\n\t\tPlok\u0161\u010dio atsuktuvo antgalis: 5 mm, 6 mm;<\/li>\n<li>\n\t\t\u0160e\u0161iakampio atsuktuvo antgalis: H5, H6;<\/li>\n<li>\n\t\t\u0160e\u0161iakamp\u0117s atsuktuvo galvut\u0117: 6 mm, 8 mm, 9 mm, 10 mm;<\/li>\n<li>\n\t\tPer\u0117jimas: 1\/4&quot; \u0161e\u0161iakampis velenas;<\/li>\n<li>\n\t\tMagnetinis antgali\u0173 laikiklis: 1\/4&quot;;<\/li>\n<li>\n\t\tA\u0161men\u0173 skai\u010dius: 2;<\/li>\n<li>\n\t\tMatmenys (mm): 35 x 40 x 115;<\/li>\n<li>\n\t\tSvoris (kg): 0.25 kg.<\/li>\n<\/ul>","protected":false},"excerpt":{"rendered":"<p>Ki\u0161eninis multifunkcinis \u012frankis su atsuktuvo antgaliais, galvut\u0117mis bei lenktiniu peiliu Prakti\u0161kas ir kompakti\u0161kas \u012frankis, puikiai pasitarnaus atliekant smulkius darbus buityje,<\/p>","protected":false},"featured_media":26406,"comment_status":"closed","ping_status":"open","template":"","meta":[],"product_brand":[],"product_cat":[23],"product_tag":[535],"class_list":{"0":"post-26404","1":"product","2":"type-product","3":"status-publish","4":"has-post-thumbnail","6":"product_cat-be-kategorijos","7":"product_tag-naujiena","9":"first","10":"onbackorder","11":"taxable","12":"shipping-taxable","13":"product-type-variable"},"_links":{"self":[{"href":"https:\/\/orotech.lt\/en\/wp-json\/wp\/v2\/product\/26404","targetHints":{"allow":["GET"]}}],"collection":[{"href":"https:\/\/orotech.lt\/en\/wp-json\/wp\/v2\/product"}],"about":[{"href":"https:\/\/orotech.lt\/en\/wp-json\/wp\/v2\/types\/product"}],"replies":[{"embeddable":true,"href":"https:\/\/orotech.lt\/en\/wp-json\/wp\/v2\/comments?post=26404"}],"version-history":[{"count":1,"href":"https:\/\/orotech.lt\/en\/wp-json\/wp\/v2\/product\/26404\/revisions"}],"predecessor-version":[{"id":26405,"href":"https:\/\/orotech.lt\/en\/wp-json\/wp\/v2\/product\/26404\/revisions\/26405"}],"wp:featuredmedia":[{"embeddable":true,"href":"https:\/\/orotech.lt\/en\/wp-json\/wp\/v2\/media\/26406"}],"wp:attachment":[{"href":"https:\/\/orotech.lt\/en\/wp-json\/wp\/v2\/media?parent=26404"}],"wp:term":[{"taxonomy":"product_brand","embeddable":true,"href":"https:\/\/orotech.lt\/en\/wp-json\/wp\/v2\/product_brand?post=26404"},{"taxonomy":"product_cat","embeddable":true,"href":"https:\/\/orotech.lt\/en\/wp-json\/wp\/v2\/product_cat?post=26404"},{"taxonomy":"product_tag","embeddable":true,"href":"https:\/\/orotech.lt\/en\/wp-json\/wp\/v2\/product_tag?post=26404"}],"curies":[{"name":"wp","href":"https:\/\/api.w.org\/{rel}","templated":true}]}}