{"id":26416,"date":"2025-09-09T07:40:03","date_gmt":"2025-09-09T07:40:03","guid":{"rendered":"https:\/\/orotech.lt\/akumuliatorinis-suktuvas-greztuvas-trotec-pscs-11-12v\/"},"modified":"2025-09-10T06:15:34","modified_gmt":"2025-09-10T06:15:34","slug":"akumuliatorinis-suktuvas-greztuvas-trotec-pscs-11-12v","status":"publish","type":"product","link":"https:\/\/orotech.lt\/en\/akumuliatorinis-suktuvas-greztuvas-trotec-pscs-11-12v\/","title":{"rendered":"Akumuliatorinis suktuvas &#8211; gr\u0119\u017etuvas Trotec PSCS 11-12V"},"content":{"rendered":"<p style=\"text-align: justify;\"><em>Galingas sukimas ir patogus gr\u0119\u017eimas viename!<\/em><\/p>\n<p style=\"text-align: justify;\">Vokie\u010di\u0173 gamintojo TROTEC auk\u0161tos kokyb\u0117s, ergonomi\u0161kas ir kompakti\u0161kas akumuliatorinis suktuvas &ndash; gr\u0119\u017etuvas. Stebinantis kainos ir kokyb\u0117s santykis.&nbsp;\u0160io prietaiso 19 Nm sukimo momentas suteikia galimyb\u0119 esant net ma\u017eam grei\u010diui atlikti galing\u0105 sukim\u0105 bei leid\u017eia patogiai gr\u0119\u017eti dideliu grei\u010diu. &bdquo;PSCS 11-12V&ldquo;, turintis daugyb\u0119 funkcij\u0173, yra idealus ir itin rekomenduojamas \u012frankis beveik kiekvieno tipo sukimo ar gr\u0119\u017eimo darbams namuose, dirbtuv\u0117se, sode.&nbsp;Patvirtinta auk\u0161\u010diausios kokyb\u0117s bei saugumo \u017eenklais TUV ir GS.<\/p>\n<p style=\"text-align: justify;\"><strong>Suktuvo &#8211; gr\u0119\u017etuvo&nbsp;PSCS 11-12V privalumai:<\/strong><\/p>\n<ul>\n<li style=\"text-align: justify;\">\n\t\tGalingas, 12 V li\u010dio jon\u0173 akumuliatorius be atminties efekto ir savaiminio i\u0161sikrovimo;<\/li>\n<li style=\"text-align: justify;\">\n\t\tGalingas variklis su dviej\u0173 grei\u010di\u0173 pavara;<\/li>\n<li style=\"text-align: justify;\">\n\t\t19 sukimo momento pakop\u0173, kartu su gr\u0119\u017eimo funkcija;<\/li>\n<li style=\"text-align: justify;\">\n\t\tGriebtuvas su automatiniu suspaudimu;<\/li>\n<li style=\"text-align: justify;\">\n\t\tKintamo grei\u010dio kontrol\u0117 su staigiu sustabdymu;<\/li>\n<li style=\"text-align: justify;\">\n\t\tIntegruotas LED ap\u0161vietimas;<\/li>\n<li style=\"text-align: justify;\">\n\t\tGreitas, valandos trukm\u0117s, \u012fkrovimas;<\/li>\n<li style=\"text-align: justify;\">\n\t\tTrij\u0173 pakop\u0173 akumuliatoriaus&nbsp; talpos indikatorius;<\/li>\n<li style=\"text-align: justify;\">\n\t\tPatogi rankena, d\u0117l korpuse integruotos mink\u0161tos gumos;<\/li>\n<li style=\"text-align: justify;\">\n\t\tPatogus sukimo \u012f kair\u0119 ar de\u0161in\u0119 mygtukas ir saugos u\u017eraktas.<\/li>\n<\/ul>\n<p style=\"text-align: justify;\"><strong>Suktuvo &#8211; gr\u0119\u017etuvo&nbsp;PSCS 11-12V specifikacijos:<\/strong><\/p>\n<ul>\n<li style=\"text-align: justify;\">\n\t\tLaisv\u0105ja eiga 1 pavaros aps.\/min.: 0 &#8211; 400 min<sup>-1<\/sup>;<\/li>\n<li style=\"text-align: justify;\">\n\t\tLaisv\u0105ja eiga 2&nbsp; pavaros aps.\/min.: 0 &#8211; 1,300 min<sup>-1<\/sup>;<\/li>\n<li style=\"text-align: justify;\">\n\t\tGriebtuvo suver\u017eimo diapazonas (mm): maks. 10;<\/li>\n<li style=\"text-align: justify;\">\n\t\tMaks. gr\u0105\u017eto skersmuo medienai gr\u0119\u017eti (mm): 20;<\/li>\n<li style=\"text-align: justify;\">\n\t\tMaks. gr\u0105\u017eto skersmuo plienui gr\u0119\u017eti (mm): 8;<\/li>\n<li style=\"text-align: justify;\">\n\t\tMaksimalus sukimo momentas (Nm): 22;<\/li>\n<li style=\"text-align: justify;\">\n\t\tAntgali\u0173 skai\u010dius komplekte: 2;<\/li>\n<li style=\"text-align: justify;\">\n\t\tAkumuliatoriaus r\u016b\u0161is: Li-Ion;<\/li>\n<li style=\"text-align: justify;\">\n\t\tAkumuliatoriaus \u012fkrovimo laikas (h): 1;<\/li>\n<li style=\"text-align: justify;\">\n\t\tGarsinio sl\u0117gio lygis dB(A): 63,07;<\/li>\n<li style=\"text-align: justify;\">\n\t\tGarso galios lygis (dB): 74,07;<\/li>\n<li style=\"text-align: justify;\">\n\t\tVibracijos dydis (m\/s2): 1,58;<\/li>\n<li style=\"text-align: justify;\">\n\t\tI\u0161matavimai (mm): 180 x 190 x 50;<\/li>\n<li style=\"text-align: justify;\">\n\t\tSvoris (kg): 1,25;<\/li>\n<li style=\"text-align: justify;\">\n\t\tApsaugos klas\u0117: II.<\/li>\n<\/ul>\n<p style=\"text-align: justify;\"><strong>Komplekt\u0105 sudaro:<\/strong><\/p>\n<ul>\n<li>\n\t\t1 akumuliatorinis atsuktuvas\/gr\u0119\u017etuvas PSCS 11-12V;<\/li>\n<li>\n\t\t2 antgaliai (50 mm);<\/li>\n<li>\n\t\t1 greitasis \u012fkroviklis;<\/li>\n<li>\n\t\t1 transportavimo lagaminas.<\/li>\n<\/ul>","protected":false},"excerpt":{"rendered":"<p>Galingas sukimas ir patogus gr\u0119\u017eimas viename! Vokie\u010di\u0173 gamintojo TROTEC auk\u0161tos kokyb\u0117s, ergonomi\u0161kas ir kompakti\u0161kas akumuliatorinis suktuvas &ndash; gr\u0119\u017etuvas. Stebinantis kainos<\/p>","protected":false},"featured_media":26418,"comment_status":"closed","ping_status":"open","template":"","meta":[],"product_brand":[],"product_cat":[23],"product_tag":[535],"class_list":{"0":"post-26416","1":"product","2":"type-product","3":"status-publish","4":"has-post-thumbnail","6":"product_cat-be-kategorijos","7":"product_tag-naujiena","9":"first","10":"onbackorder","11":"taxable","12":"shipping-taxable","13":"product-type-variable"},"_links":{"self":[{"href":"https:\/\/orotech.lt\/en\/wp-json\/wp\/v2\/product\/26416","targetHints":{"allow":["GET"]}}],"collection":[{"href":"https:\/\/orotech.lt\/en\/wp-json\/wp\/v2\/product"}],"about":[{"href":"https:\/\/orotech.lt\/en\/wp-json\/wp\/v2\/types\/product"}],"replies":[{"embeddable":true,"href":"https:\/\/orotech.lt\/en\/wp-json\/wp\/v2\/comments?post=26416"}],"version-history":[{"count":1,"href":"https:\/\/orotech.lt\/en\/wp-json\/wp\/v2\/product\/26416\/revisions"}],"predecessor-version":[{"id":26417,"href":"https:\/\/orotech.lt\/en\/wp-json\/wp\/v2\/product\/26416\/revisions\/26417"}],"wp:featuredmedia":[{"embeddable":true,"href":"https:\/\/orotech.lt\/en\/wp-json\/wp\/v2\/media\/26418"}],"wp:attachment":[{"href":"https:\/\/orotech.lt\/en\/wp-json\/wp\/v2\/media?parent=26416"}],"wp:term":[{"taxonomy":"product_brand","embeddable":true,"href":"https:\/\/orotech.lt\/en\/wp-json\/wp\/v2\/product_brand?post=26416"},{"taxonomy":"product_cat","embeddable":true,"href":"https:\/\/orotech.lt\/en\/wp-json\/wp\/v2\/product_cat?post=26416"},{"taxonomy":"product_tag","embeddable":true,"href":"https:\/\/orotech.lt\/en\/wp-json\/wp\/v2\/product_tag?post=26416"}],"curies":[{"name":"wp","href":"https:\/\/api.w.org\/{rel}","templated":true}]}}