{"id":26427,"date":"2025-09-09T07:40:03","date_gmt":"2025-09-09T07:40:03","guid":{"rendered":"https:\/\/orotech.lt\/akumuliatorinis-suktuvas-greztuvas-trotec-pscs-11-3-6v\/"},"modified":"2025-09-10T06:15:35","modified_gmt":"2025-09-10T06:15:35","slug":"akumuliatorinis-suktuvas-greztuvas-trotec-pscs-11-3-6v","status":"publish","type":"product","link":"https:\/\/orotech.lt\/en\/akumuliatorinis-suktuvas-greztuvas-trotec-pscs-11-3-6v\/","title":{"rendered":"Akumuliatorinis suktuvas-gr\u0119\u017etuvas Trotec PSCS 11-3.6V"},"content":{"rendered":"<p style=\"text-align: justify;\">Vokie\u010di\u0173 gamintojo TROTEC auk\u0161tos kokyb\u0117s, ergonomi\u0161kas ir kompakti\u0161kas akumuliatorinis suktuvas &ndash; gr\u0119\u017etuvas. Stebinantis kainos ir kokyb\u0117s santykis. &bdquo;PSCS 11-3.6V&ldquo;, turintis daugyb\u0119 funkcij\u0173, yra idealus ir itin rekomenduojamas \u012frankis beveik kiekvieno tipo sukimo ar gr\u0119\u017eimo darbams namuose, dirbtuv\u0117se, sode. Patvirtinta auk\u0161\u010diausios kokyb\u0117s bei saugumo \u017eenklais TUV ir GS.<\/p>\n<p style=\"text-align: justify;\"><span><strong><span>Suktuvo &#8211; gr\u0119\u017etuvo PSCS 11-3.6 V privalumai:<\/span><\/strong><\/span><\/p>\n<ul>\n<li style=\"text-align: justify;\">\n\t\t<span><span>Galingas, 3.6 V li\u010dio jon\u0173 akumuliatorius be atminties efekto ir savaiminio i\u0161sikrovimo;<\/span><\/span><\/li>\n<li style=\"text-align: justify;\">\n\t\t<span><span>Magnetinis \u0161e\u0161iakampis antgali\u0173 laikiklis;<\/span><\/span><\/li>\n<li style=\"text-align: justify;\">\n\t\t<span><span>Greitam antgali\u0173 pakeitimui \u012fmontuotas padidinamasis stiklas suktuvo-gr\u0119\u017etuvo korpuse;<\/span><\/span><\/li>\n<li style=\"text-align: justify;\">\n\t\t<span><span>Integruotas LED ap\u0161vietimas;<\/span><\/span><\/li>\n<li style=\"text-align: justify;\">\n\t\t<span><span>Trij\u0173 pakop\u0173 akumuliatoriaus talpos indikatorius;<\/span><\/span><\/li>\n<li style=\"text-align: justify;\">\n\t\t<span><span>Korpuse \u012fmontuotas laikiklis <\/span><span>6-iems<\/span><span> antgaliams;<\/span><\/span><\/li>\n<li style=\"text-align: justify;\">\n\t\t<span><span>Patogi rankena, d\u0117l korpuse integruotos mink\u0161tos gumos;<\/span><\/span><\/li>\n<li style=\"text-align: justify;\">\n\t\t<span><span>Patogus sukimo \u012f kair\u0119 ar de\u0161in\u0119 mygtukas ir saugos u\u017eraktas.<\/span><\/span><\/li>\n<\/ul>\n<p style=\"text-align: justify;\"><span><strong><span>Suktuvo &#8211; gr\u0119\u017etuvo PSCS 11-3,6 V technin\u0117 informacija:<\/span><\/strong><\/span><\/p>\n<ul>\n<li style=\"text-align: justify;\">\n\t\t<span><span>Laisv\u0105ja eiga 1 pavaros aps.\/min.: 0 &#8211; 230 min<\/span><sup><span>-1<\/span><\/sup><span>;<\/span><\/span><\/li>\n<li style=\"text-align: justify;\">\n\t\t<span><span>Maks. gr\u0105\u017eto skersmuo medienai gr\u0119\u017eti: 6 mm;<\/span><\/span><\/li>\n<li style=\"text-align: justify;\">\n\t\t<span><span>Maks. gr\u0105\u017eto skersmuo plienui gr\u0119\u017eti: 4 mm;<\/span><\/span><\/li>\n<li style=\"text-align: justify;\">\n\t\t<span><span>Maksimalus sukimo momentas: 4 Nm;<\/span><\/span><\/li>\n<li style=\"text-align: justify;\">\n\t\t<span><span>Antgali\u0173 skai\u010dius komplekte: 6;<\/span><\/span><\/li>\n<li style=\"text-align: justify;\">\n\t\t<span><span>Akumuliatoriaus r\u016b\u0161is: Li-Ion;<\/span><\/span><\/li>\n<li style=\"text-align: justify;\">\n\t\t<span><span>Akumuliatoriaus \u012fkrovimo laikas: 3 h;<\/span><\/span><\/li>\n<li style=\"text-align: justify;\">\n\t\t<span><span>Garsinio sl\u0117gio lygis: 62 dB(A);<\/span><\/span><\/li>\n<li style=\"text-align: justify;\">\n\t\t<span><span>Garso galios lygis: 75.8 dB;<\/span><\/span><\/li>\n<li style=\"text-align: justify;\">\n\t\t<span><span>Vibracijos dydis: 0.216 m\/s&sup2;;<\/span><\/span><\/li>\n<li style=\"text-align: justify;\">\n\t\t<span><span>I\u0161matavimai: 220x160x45 mm;<\/span><\/span><\/li>\n<li style=\"text-align: justify;\">\n\t\t<span><span>Svoris (kg): 0.47&nbsp;kg;<\/span><\/span><\/li>\n<li style=\"text-align: justify;\">\n\t\t<span><span>Apsaugos klas\u0117: II.<\/span><\/span><\/li>\n<\/ul>\n<p style=\"text-align: justify;\"><a class=\"catalogue\" href=\"https:\/\/www.rubisolis.lt\/\/failai\/files\/produktu%20pdf\/Trotec\/%C4%AErankiai\/PSCS%2011-3%2C6V%20naudojimo%20instrukcija.pdf\" target=\"blank\" rel=\"nofollow noopener\">Download product manual<\/a><\/p>","protected":false},"excerpt":{"rendered":"<p>Vokie\u010di\u0173 gamintojo TROTEC auk\u0161tos kokyb\u0117s, ergonomi\u0161kas ir kompakti\u0161kas akumuliatorinis suktuvas &ndash; gr\u0119\u017etuvas. Stebinantis kainos ir kokyb\u0117s santykis. &bdquo;PSCS 11-3.6V&ldquo;, turintis<\/p>","protected":false},"featured_media":26429,"comment_status":"closed","ping_status":"open","template":"","meta":[],"product_brand":[],"product_cat":[23],"product_tag":[535],"class_list":{"0":"post-26427","1":"product","2":"type-product","3":"status-publish","4":"has-post-thumbnail","6":"product_cat-be-kategorijos","7":"product_tag-naujiena","9":"first","10":"onbackorder","11":"taxable","12":"shipping-taxable","13":"product-type-variable"},"_links":{"self":[{"href":"https:\/\/orotech.lt\/en\/wp-json\/wp\/v2\/product\/26427","targetHints":{"allow":["GET"]}}],"collection":[{"href":"https:\/\/orotech.lt\/en\/wp-json\/wp\/v2\/product"}],"about":[{"href":"https:\/\/orotech.lt\/en\/wp-json\/wp\/v2\/types\/product"}],"replies":[{"embeddable":true,"href":"https:\/\/orotech.lt\/en\/wp-json\/wp\/v2\/comments?post=26427"}],"version-history":[{"count":1,"href":"https:\/\/orotech.lt\/en\/wp-json\/wp\/v2\/product\/26427\/revisions"}],"predecessor-version":[{"id":26428,"href":"https:\/\/orotech.lt\/en\/wp-json\/wp\/v2\/product\/26427\/revisions\/26428"}],"wp:featuredmedia":[{"embeddable":true,"href":"https:\/\/orotech.lt\/en\/wp-json\/wp\/v2\/media\/26429"}],"wp:attachment":[{"href":"https:\/\/orotech.lt\/en\/wp-json\/wp\/v2\/media?parent=26427"}],"wp:term":[{"taxonomy":"product_brand","embeddable":true,"href":"https:\/\/orotech.lt\/en\/wp-json\/wp\/v2\/product_brand?post=26427"},{"taxonomy":"product_cat","embeddable":true,"href":"https:\/\/orotech.lt\/en\/wp-json\/wp\/v2\/product_cat?post=26427"},{"taxonomy":"product_tag","embeddable":true,"href":"https:\/\/orotech.lt\/en\/wp-json\/wp\/v2\/product_tag?post=26427"}],"curies":[{"name":"wp","href":"https:\/\/api.w.org\/{rel}","templated":true}]}}