{"id":26439,"date":"2025-09-09T07:40:03","date_gmt":"2025-09-09T07:40:03","guid":{"rendered":"https:\/\/orotech.lt\/akumuliatorinis-suktuvas-greztuvas-trotec-pscs-11-3-6v-ir-antgaliu-su-atsuktuvu-trotec-9in1-rinkinys\/"},"modified":"2025-09-10T06:15:36","modified_gmt":"2025-09-10T06:15:36","slug":"akumuliatorinis-suktuvas-greztuvas-trotec-pscs-11-3-6v-ir-antgaliu-su-atsuktuvu-trotec-9in1-rinkinys","status":"publish","type":"product","link":"https:\/\/orotech.lt\/en\/akumuliatorinis-suktuvas-greztuvas-trotec-pscs-11-3-6v-ir-antgaliu-su-atsuktuvu-trotec-9in1-rinkinys\/","title":{"rendered":"Akumuliatorinis suktuvas-gr\u0119\u017etuvas Trotec PSCS 11-3.6V ir antgali\u0173 su atsuktuvu Trotec 9in1 rinkinys"},"content":{"rendered":"<p>&lt;p style=&quot;text-align: justify;&quot;&gt;&lt;strong&gt;Akumuliatorinis suktuvas-gr\u0119\u017etuvas Trotec PSCS 11-3.6V&lt;br \/&gt;&lt;\/strong&gt;&lt;\/p&gt;<br \/>\n&lt;p style=&quot;text-align: justify;&quot;&gt;Vokie\u010di\u0173 gamintojo TROTEC auk&amp;scaron;tos kokyb\u0117s, ergonomi&amp;scaron;kas ir kompakti&amp;scaron;kas akumuliatorinis suktuvas &amp;ndash; gr\u0119\u017etuvas. Stebinantis kainos ir kokyb\u0117s santykis. &amp;bdquo;PSCS 11-3.6V&amp;ldquo;, turintis daugyb\u0119 funkcij\u0173, yra idealus ir itin rekomenduojamas \u012frankis beveik kiekvieno tipo sukimo ar gr\u0119\u017eimo darbams namuose, dirbtuv\u0117se, sode. Patvirtinta auk&amp;scaron;\u010diausios kokyb\u0117s bei saugumo \u017eenklais TUV ir GS.&lt;\/p&gt;<br \/>\n&lt;p style=&quot;text-align: justify;&quot;&gt;&lt;span&gt;&lt;strong&gt;&lt;span&gt;Suktuvo &ndash; gr\u0119\u017etuvo PSCS 11-3.6 V privalumai:&lt;\/span&gt;&lt;\/strong&gt;&lt;\/span&gt;&lt;\/p&gt;<br \/>\n&lt;ul&gt;<br \/>\n&lt;li style=&quot;text-align: justify;&quot;&gt;&lt;span&gt;&lt;span&gt;Galingas, 3.6 V li\u010dio jon\u0173 akumuliatorius be atminties efekto ir savaiminio i&amp;scaron;sikrovimo;&lt;\/span&gt;&lt;\/span&gt;&lt;\/li&gt;<br \/>\n&lt;li style=&quot;text-align: justify;&quot;&gt;&lt;span&gt;&lt;span&gt;Magnetinis &amp;scaron;e&amp;scaron;iakampis antgali\u0173 laikiklis;&lt;\/span&gt;&lt;\/span&gt;&lt;\/li&gt;<br \/>\n&lt;li style=&quot;text-align: justify;&quot;&gt;&lt;span&gt;&lt;span&gt;Greitam antgali\u0173 pakeitimui \u012fmontuotas padidinamasis stiklas suktuvo-gr\u0119\u017etuvo korpuse;&lt;\/span&gt;&lt;\/span&gt;&lt;\/li&gt;<br \/>\n&lt;li style=&quot;text-align: justify;&quot;&gt;&lt;span&gt;&lt;span&gt;Integruotas LED ap&amp;scaron;vietimas;&lt;\/span&gt;&lt;\/span&gt;&lt;\/li&gt;<br \/>\n&lt;li style=&quot;text-align: justify;&quot;&gt;&lt;span&gt;&lt;span&gt;Trij\u0173 pakop\u0173 akumuliatoriaus talpos indikatorius;&lt;\/span&gt;&lt;\/span&gt;&lt;\/li&gt;<br \/>\n&lt;li style=&quot;text-align: justify;&quot;&gt;&lt;span&gt;&lt;span&gt;Korpuse \u012fmontuotas laikiklis &lt;\/span&gt;&lt;span&gt;6-iems&lt;\/span&gt;&lt;span&gt; antgaliams;&lt;\/span&gt;&lt;\/span&gt;&lt;\/li&gt;<br \/>\n&lt;li style=&quot;text-align: justify;&quot;&gt;&lt;span&gt;&lt;span&gt;Patogi rankena, d\u0117l korpuse integruotos mink&amp;scaron;tos gumos;&lt;\/span&gt;&lt;\/span&gt;&lt;\/li&gt;<br \/>\n&lt;li style=&quot;text-align: justify;&quot;&gt;&lt;span&gt;&lt;span&gt;Patogus sukimo \u012f kair\u0119 ar de&amp;scaron;in\u0119 mygtukas ir saugos u\u017eraktas.&lt;\/span&gt;&lt;\/span&gt;&lt;\/li&gt;<br \/>\n&lt;\/ul&gt;<br \/>\n&lt;p style=&quot;text-align: justify;&quot;&gt;&lt;span&gt;&lt;strong&gt;&lt;span&gt;Suktuvo &ndash; gr\u0119\u017etuvo PSCS 11-3,6 V technin\u0117 informacija:&lt;\/span&gt;&lt;\/strong&gt;&lt;\/span&gt;&lt;\/p&gt;<br \/>\n&lt;ul&gt;<br \/>\n&lt;li&gt;&lt;span&gt;&lt;span&gt;Laisv\u0105ja eiga 1 pavaros aps.\/min.: 0 &ndash; 230 min&lt;\/span&gt;&lt;sup&gt;&lt;span&gt;-1&lt;\/span&gt;&lt;\/sup&gt;&lt;span&gt;;&lt;\/span&gt;&lt;\/span&gt;&lt;\/li&gt;<br \/>\n&lt;li&gt;&lt;span&gt;&lt;span&gt;Maks. gr\u0105\u017eto skersmuo medienai gr\u0119\u017eti: 6 mm;&lt;\/span&gt;&lt;\/span&gt;&lt;\/li&gt;<br \/>\n&lt;li&gt;&lt;span&gt;&lt;span&gt;Maks. gr\u0105\u017eto skersmuo plienui gr\u0119\u017eti: 4 mm;&lt;\/span&gt;&lt;\/span&gt;&lt;\/li&gt;<br \/>\n&lt;li&gt;&lt;span&gt;&lt;span&gt;Maksimalus sukimo momentas: 4 Nm;&lt;\/span&gt;&lt;\/span&gt;&lt;\/li&gt;<br \/>\n&lt;li&gt;&lt;span&gt;&lt;span&gt;Antgali\u0173 skai\u010dius komplekte: 6;&lt;\/span&gt;&lt;\/span&gt;&lt;\/li&gt;<br \/>\n&lt;li&gt;&lt;span&gt;&lt;span&gt;Akumuliatoriaus r\u016b&amp;scaron;is: Li-Ion;&lt;\/span&gt;&lt;\/span&gt;&lt;\/li&gt;<br \/>\n&lt;li&gt;&lt;span&gt;&lt;span&gt;Akumuliatoriaus \u012fkrovimo laikas: 3 h;&lt;\/span&gt;&lt;\/span&gt;&lt;\/li&gt;<br \/>\n&lt;li&gt;&lt;span&gt;&lt;span&gt;Garsinio sl\u0117gio lygis: 62 dB(A);&lt;\/span&gt;&lt;\/span&gt;&lt;\/li&gt;<br \/>\n&lt;li&gt;&lt;span&gt;&lt;span&gt;Garso galios lygis: 75.8 dB;&lt;\/span&gt;&lt;\/span&gt;&lt;\/li&gt;<br \/>\n&lt;li&gt;&lt;span&gt;&lt;span&gt;Vibracijos dydis: 0.216 m\/s&amp;sup2;;&lt;\/span&gt;&lt;\/span&gt;&lt;\/li&gt;<br \/>\n&lt;li&gt;&lt;span&gt;&lt;span&gt;I&amp;scaron;matavimai: 220x160x45 mm;&lt;\/span&gt;&lt;\/span&gt;&lt;\/li&gt;<br \/>\n&lt;li&gt;&lt;span&gt;&lt;span&gt;Svoris (kg): 0.47&amp;nbsp;kg;&lt;\/span&gt;&lt;\/span&gt;&lt;\/li&gt;<br \/>\n&lt;li&gt;&lt;span&gt;&lt;span&gt;Apsaugos klas\u0117: II.&lt;\/span&gt;&lt;\/span&gt;&lt;\/li&gt;<br \/>\n&lt;\/ul&gt;<br \/>\n&lt;p&gt;&lt;strong&gt;Antgali\u0173 rinkinys su atsuktuvu Trotec 9in1&amp;nbsp;&lt;\/strong&gt;&lt;\/p&gt;<br \/>\n&lt;p&gt;Viskas viename: tvirtas ir kompakti&amp;scaron;kas atsuktuvas su 6 antgaliais ir 3 &amp;scaron;e&amp;scaron;iakamp\u0117mis galvut\u0117mis&lt;\/p&gt;<br \/>\n&lt;p style=&quot;text-align: justify;&quot;&gt;Tvirtas, auk&amp;scaron;tos kokyb\u0117s ergonomi&amp;scaron;kas atsuktuvas Trotec &amp;bdquo;9 IN 1&amp;ldquo; tiks \u012fvairiems buities darbams. Kad atsuktuvas tarnaut\u0173 ilgai ir pateisint\u0173 l\u016bkes\u010dius, plok&amp;scaron;\u010dio atsuktuvo antgalius (4 mm, 5 mm, 6 mm) reikt\u0173 naudoti lengvesniems montavimo, surinkimo, medienos apdirbimo ar restauravimo darbams. Kry\u017eminio atsuktuvo antgalius (PH0, PH1, PH2) galima naudoti remontuojant dvira\u010dius, motociklus, elektroninius prietaisus. &amp;Scaron;e&amp;scaron;iakamp\u0117s atsuktuvo galvut\u0117s (1\/4&quot;, 5\/16&quot;, 3\/8&quot;) puikiai pasitarnaus dirbant su universaliais medienai arba metalui tinkan\u010diais var\u017etais.&lt;\/p&gt;<br \/>\n&lt;p style=&quot;text-align: justify;&quot;&gt;Taip pat galima u\u017erakinti atsuktuvo ranken\u0105, kad prireikus b\u016bt\u0173 galima dirbti, kaip ir su stand\u017eiu atsuktuvu. Rankena padengta guma, tod\u0117l \u012frank\u012f patogu valdyti.&lt;\/p&gt;<br \/>\n&lt;p style=&quot;text-align: justify;&quot;&gt;&lt;strong&gt;Antgali\u0173 rinkinys su atsuktuvu Trotec 9in1&amp;nbsp;privalumai:&lt;\/strong&gt;&lt;\/p&gt;<br \/>\n&lt;ul&gt;<br \/>\n&lt;li&gt;Ergonomi&amp;scaron;kas atsuktuvas su 9 skirtingais antgaliais;&lt;\/li&gt;<br \/>\n&lt;li&gt;360&amp;deg; rankenos sukimo kampas (minimalus gr\u012f\u017eimo kampas 14,4&amp;deg;);&lt;\/li&gt;<br \/>\n&lt;li&gt;Paprasta antgali\u0173 jungties sistema;&lt;\/li&gt;<br \/>\n&lt;li&gt;Rankena padengta guma, tod\u0117l \u012frankis neslysta i&amp;scaron; rankos, patogu valdyti;&lt;\/li&gt;<br \/>\n&lt;li&gt;Pagamintas i&amp;scaron; auk&amp;scaron;\u010diausios kokyb\u0117s \u012franki\u0173 plieno;&lt;\/li&gt;<br \/>\n&lt;li&gt;Pakei\u010dia 9 atskirus atsuktuvus arba ver\u017eliarak\u010dius.&lt;\/li&gt;<br \/>\n&lt;\/ul&gt;<br \/>\n&lt;p style=&quot;text-align: justify;&quot;&gt;&lt;strong&gt;Antgali\u0173 rinkinys su atsuktuvu Trotec 9in1 technin\u0117s savyb\u0117s:&lt;\/strong&gt;&lt;\/p&gt;<br \/>\n&lt;ul&gt;<br \/>\n&lt;li&gt;Kry\u017eminio atsuktuvo antgalis: PH0, PH1, PH2;&lt;\/li&gt;<br \/>\n&lt;li&gt;Plok&amp;scaron;\u010dio atsuktuvo antgalis: 4 mm, 5 mm, 6 mm;&lt;\/li&gt;<br \/>\n&lt;li&gt;&amp;Scaron;e&amp;scaron;iakamp\u0117s atsuktuvo galvut\u0117: 1\/4&quot;, 5\/16&quot;, 3\/8&quot;;&lt;\/li&gt;<br \/>\n&lt;li&gt;Matmenys (mm): 35 x 35 x 220;&lt;\/li&gt;<br \/>\n&lt;li&gt;Svoris (kg): 0.1 kg.&amp;nbsp;&lt;\/li&gt;<br \/>\n&lt;\/ul&gt;<br \/>\n&lt;p style=&quot;text-align: justify;&quot;&gt;&lt;a class=&quot;catalogue&quot; href=&quot;https:\/\/www.rubisolis.lt\/\/failai\/files\/produktu%20pdf\/Trotec\/%C4%AErankiai\/PSCS%2011-3%2C6V%20naudojimo%20instrukcija.pdf&quot; target=&quot;blank&quot;&gt;Download product manual&lt;\/a&gt;&lt;\/p&gt;<\/p>","protected":false},"excerpt":{"rendered":"<p>&lt;p style=&quot;text-align: justify;&quot;&gt;&lt;strong&gt;Akumuliatorinis suktuvas-gr\u0119\u017etuvas Trotec PSCS 11-3.6V&lt;br \/&gt;&lt;\/strong&gt;&lt;\/p&gt; &lt;p style=&quot;text-align: justify;&quot;&gt;Vokie\u010di\u0173 gamintojo TROTEC auk&amp;scaron;tos kokyb\u0117s, ergonomi&amp;scaron;kas ir kompakti&amp;scaron;kas akumuliatorinis suktuvas<\/p>","protected":false},"featured_media":26441,"comment_status":"closed","ping_status":"open","template":"","meta":[],"product_brand":[],"product_cat":[23],"product_tag":[535],"class_list":{"0":"post-26439","1":"product","2":"type-product","3":"status-publish","4":"has-post-thumbnail","6":"product_cat-be-kategorijos","7":"product_tag-naujiena","9":"first","10":"onbackorder","11":"taxable","12":"shipping-taxable","13":"product-type-variable"},"_links":{"self":[{"href":"https:\/\/orotech.lt\/en\/wp-json\/wp\/v2\/product\/26439","targetHints":{"allow":["GET"]}}],"collection":[{"href":"https:\/\/orotech.lt\/en\/wp-json\/wp\/v2\/product"}],"about":[{"href":"https:\/\/orotech.lt\/en\/wp-json\/wp\/v2\/types\/product"}],"replies":[{"embeddable":true,"href":"https:\/\/orotech.lt\/en\/wp-json\/wp\/v2\/comments?post=26439"}],"version-history":[{"count":1,"href":"https:\/\/orotech.lt\/en\/wp-json\/wp\/v2\/product\/26439\/revisions"}],"predecessor-version":[{"id":26440,"href":"https:\/\/orotech.lt\/en\/wp-json\/wp\/v2\/product\/26439\/revisions\/26440"}],"wp:featuredmedia":[{"embeddable":true,"href":"https:\/\/orotech.lt\/en\/wp-json\/wp\/v2\/media\/26441"}],"wp:attachment":[{"href":"https:\/\/orotech.lt\/en\/wp-json\/wp\/v2\/media?parent=26439"}],"wp:term":[{"taxonomy":"product_brand","embeddable":true,"href":"https:\/\/orotech.lt\/en\/wp-json\/wp\/v2\/product_brand?post=26439"},{"taxonomy":"product_cat","embeddable":true,"href":"https:\/\/orotech.lt\/en\/wp-json\/wp\/v2\/product_cat?post=26439"},{"taxonomy":"product_tag","embeddable":true,"href":"https:\/\/orotech.lt\/en\/wp-json\/wp\/v2\/product_tag?post=26439"}],"curies":[{"name":"wp","href":"https:\/\/api.w.org\/{rel}","templated":true}]}}