{"id":26451,"date":"2025-09-09T07:40:03","date_gmt":"2025-09-09T07:40:03","guid":{"rendered":"https:\/\/orotech.lt\/akumuliatorinis-perforatorius-trotec-prds-20-20v\/"},"modified":"2025-09-10T06:15:37","modified_gmt":"2025-09-10T06:15:37","slug":"akumuliatorinis-perforatorius-trotec-prds-20-20v","status":"publish","type":"product","link":"https:\/\/orotech.lt\/en\/akumuliatorinis-perforatorius-trotec-prds-20-20v\/","title":{"rendered":"Akumuliatorinis perforatorius Trotec PRDS 20-20V"},"content":{"rendered":"<p>&lt;p style=&quot;text-align: justify;&quot;&gt;&lt;img style=&quot;width: 1000px; height: 234px;&quot; src=&quot;\/images\/Userfiles\/www.rubisolis.lt_Akumuliatorinis_grztuvas_Trotec_PRDS_20-20V.jpg&quot; alt=&quot;&quot; \/&gt;&lt;\/p&gt;<br \/>\n&lt;p style=&quot;text-align: justify;&quot;&gt;Vos 3 kg sveriantis &lt;strong&gt;akumuliatorinis&amp;nbsp;perforatorius&lt;\/strong&gt;&amp;nbsp;&lt;strong&gt;Trotec PRDS 20-20V&lt;\/strong&gt; su 20 V 4 Ah li\u010dio jon\u0173 akumuliatoriumi i&amp;scaron; &quot;Flexpower&quot; serijos suteiks gr\u0119\u017eimo laisv\u0119 bet kokiomis s\u0105lygomis!&amp;nbsp;Nesvarbu, ar reikia skverbtis \u012f kiet\u0105 uolien\u0105, m\u016br\u0105, beton\u0105 ar plytas, ar gr\u0119\u017eti skyles medienoje, plastike, keramikoje ir metale: visada galite pasikliauti i&amp;scaron;tverminga patogaus akumuliatorinio perforatoriaus galia. D\u0117l didelio sm\u016bgi\u0173 da\u017enio (5 000 sm\u016bgi\u0173 per minut\u0119) ir sm\u016bgio j\u0117gos (2,0 d\u017eaulio) bendra sm\u016bgio energija be vargo \u012fstumia 3 komplekte esan\u010dius SDS gr\u0105\u017etus \u012f apdirbam\u0105 med\u017eiag\u0105. Su akumuliatoriniu perforatoriumi Trtoec PRDS 20-20V&amp;nbsp;galima dirbti net vir&amp;scaron; galvos, nepavargstant ir ma\u017eai vibruojant.&amp;nbsp;&lt;\/p&gt;<br \/>\n&lt;p style=&quot;text-align: justify;&quot;&gt;Sraigtams \u012fsukti ir atsukti &lt;strong&gt;akumuliatorinis&amp;nbsp;perforatorius&amp;nbsp;Trotec PRDS 20-20V&lt;\/strong&gt;&amp;nbsp;turi perjungiam\u0105 sukimosi pagal \/ prie&amp;scaron; laikrod\u017eio rodykl\u0119 funkcij\u0105.&amp;nbsp;Optimaliam darbo zonos ap&amp;scaron;vietimui prietaiso korpuse yra integruota galinga LED darbo lemput\u0117. Trij\u0173 pakop\u0173 akumuliatoriaus talpos indikatorius visada pateikia patikim\u0105 informacij\u0105 apie likusi\u0105 20 V daugiafunkcinio akumuliatoriaus, kurio didel\u0117 \u012fkrovimo talpa yra 4 Ah, \u012fkrovimo gali\u0105. Palyginti su 2 Ah akumuliatoriumi, &amp;scaron;is maitinimo paketas u\u017etikrina dvigubai didesn\u0119 gali\u0105.&amp;nbsp;&lt;\/p&gt;<br \/>\n&lt;p style=&quot;text-align: justify;&quot;&gt;&lt;strong&gt;Papildoma gumuota rankena&lt;\/strong&gt;&lt;\/p&gt;<br \/>\n&lt;p style=&quot;text-align: justify;&quot;&gt;Papildom\u0105 ranken\u0105 galima pasukti 360&amp;deg; kampu, kad stabiliai laikyt\u0173si bet kurioje pad\u0117tyje. Taip u\u017etikrinama, kad &lt;strong&gt;akumuliatorinis&amp;nbsp;perforatorius&lt;\/strong&gt; T&lt;strong&gt;rotec PRDS 20-20V&amp;nbsp;&lt;\/strong&gt;visada gerai ir tvirtai laikyt\u0173si rankoje pa\u010diose \u012fvairiausiose darbo vietose.&amp;nbsp;&lt;\/p&gt;<br \/>\n&lt;p style=&quot;text-align: justify;&quot;&gt;&lt;strong&gt;Ner\u016bdijan\u010dio plieno gylio ribotuvas&lt;\/strong&gt;&lt;\/p&gt;<br \/>\n&lt;p style=&quot;text-align: justify;&quot;&gt;I&amp;scaron;laikykite gr\u0119\u017eimo gylio kontrol\u0119 gr\u0119\u017eiant. Gylio ribotuvas leid\u017eia nuolat reguliuoti gr\u0119\u017eimo gyl\u012f. Gylio ribotuvas lengvai \u012fstatomas \u012f pagalbin\u0117s rankenos &amp;scaron;onin\u0119 talpykl\u0105 ir tvirtinamas rankenos sraigtiniu sujungimu.&amp;nbsp;&lt;\/p&gt;<br \/>\n&lt;p style=&quot;text-align: justify;&quot;&gt;&lt;strong&gt;3 vnt. SDS gr\u0105\u017etai&lt;\/strong&gt;&lt;\/p&gt;<br \/>\n&lt;p style=&quot;text-align: justify;&quot;&gt;Chromuoti gr\u0105\u017etai su 4 a&amp;scaron;menimis leid\u017eia greitai gr\u0119\u017eti medien\u0105, metal\u0105, plien\u0105, m\u016br\u0105 \/ plytas ir gipso plok&amp;scaron;tes. Did\u017eiausias gr\u0119\u017eimo skersmuo medienoje yra 26 mm, metale &ndash; 13 mm, o betone &ndash; 20 mm.&amp;nbsp;&lt;\/p&gt;<br \/>\n&lt;p style=&quot;text-align: justify;&quot;&gt;&lt;strong&gt;Laikymo d\u0117\u017e\u0117&lt;\/strong&gt;&lt;\/p&gt;<br \/>\n&lt;p style=&quot;text-align: justify;&quot;&gt;Nuo dulki\u0173 apsaugotame auk&amp;scaron;tos kokyb\u0117s plastiko transportavimo d\u0117kle kiekvienas \u012frankis ras savo nuolatin\u0119 viet\u0105. Idealiai tinka naudoti besikei\u010dian\u010diose statybviet\u0117se arba saugiai laikyti \u012frankius r\u016bsyje ar \u012franki\u0173 spintoje.&amp;nbsp;&lt;\/p&gt;<br \/>\n&lt;p style=&quot;text-align: justify;&quot;&gt;&lt;strong&gt;Vienas akumuliatorius keliems \u012frenginiams &amp;ndash; naujovi&amp;scaron;ka Trotec akumuliatori\u0173 keitimo siste&lt;\/strong&gt;&lt;strong&gt;ma!&lt;\/strong&gt;&lt;\/p&gt;<br \/>\n&lt;p style=&quot;text-align: justify;&quot;&gt;Trotec gamintojo sukurtos &amp;bdquo;Flexpower&amp;ldquo; serijos d\u0117ka galite apsieiti be daugyb\u0117s akumuliatori\u0173 ir \u012fkrovikli\u0173 &amp;ndash; naujoji keli\u0173 \u012frengini\u0173 akumuliatori\u0173 sistema &amp;bdquo;Flexpower&amp;ldquo; gali b\u016bti derinama su daugybe Trotec belaid\u017ei\u0173 elektrini\u0173 \u012franki\u0173. &amp;bdquo;Flexpower&amp;ldquo; sistema pasi\u017eymi patogiu naudojimu, universalumu bei prisideda prie vartoji&amp;scaron;kumo ma\u017einimo.&amp;nbsp; &amp;nbsp;&lt;\/p&gt;<br \/>\n&lt;p style=&quot;text-align: justify;&quot;&gt;Patvirtinta auk&amp;scaron;\u010diausios kokyb\u0117s bei saugumo \u017eenklais TUV ir GS.&lt;\/p&gt;<br \/>\n&lt;p style=&quot;text-align: justify;&quot;&gt;&lt;img style=&quot;width: 1000px; height: 250px;&quot; src=&quot;\/images\/Userfiles\/www.rubisolis.lt_akumuliatorius_trotec_elektriniu_irankiu_universalus_akumuliatorius_trotec_20_V_2_Ah_.jpg&quot; alt=&quot;&quot; \/&gt;&lt;\/p&gt;<br \/>\n&lt;p style=&quot;text-align: justify;&quot;&gt;&lt;strong&gt;Advantages:&lt;\/strong&gt;&lt;\/p&gt;<br \/>\n&lt;ul&gt;<br \/>\n&lt;li&gt;&quot;Flexpower&quot; daugiabaterin\u0117 sistema &#8211; galima lanks\u010diai derinti su kitais &quot;Trotec&quot; akumuliatoriniais \u012frankiais;&lt;\/li&gt;<br \/>\n&lt;li&gt;Galingas var\u017et\u0173 \u012fsukimas ir gr\u0119\u017eimas medienoje ir metale, taip pat sm\u016bginis gr\u0119\u017eimas m\u016bre ir betone;&lt;\/li&gt;<br \/>\n&lt;li&gt;Sukamojo ir sm\u016bginio gr\u0119\u017eimo fungrkcij\u0173 pasirinkimo jungiklis;&lt;\/li&gt;<br \/>\n&lt;li&gt;Laipsni&amp;scaron;kas eigos ir grei\u010dio reguliavimas su &quot;Quickstop&quot; funkcija;&lt;\/li&gt;<br \/>\n&lt;li&gt;Patogus de&amp;scaron;iniojo ir kairiojo sukimosi perjungimas ir \u012fjungimo blokavimas;&lt;\/li&gt;<br \/>\n&lt;li&gt;\u012emontuotas LED darbo ap&amp;scaron;vietimas;&lt;\/li&gt;<br \/>\n&lt;li&gt;Greitas \u012fkroviklis: \u012fkrovimo trukm\u0117 tik 1,5 val.;&lt;\/li&gt;<br \/>\n&lt;li&gt;Trij\u0173 pakop\u0173 akumuliatoriaus talpos rodmuo integruotas akumuliatoriuje;&lt;\/li&gt;<br \/>\n&lt;li&gt;Gumuoti mink&amp;scaron;ti rankenos \u012fd\u0117klai ant korpuso ir pagrindin\u0117s rankenos, kad b\u016bt\u0173 galima itin gerai suimti.&lt;\/li&gt;<br \/>\n&lt;\/ul&gt;<br \/>\n&lt;p&gt;&lt;strong&gt;Technical characteristics:&lt;\/strong&gt;&lt;\/p&gt;<br \/>\n&lt;ul&gt;<br \/>\n&lt;li&gt;\u012etampa: 20V;&lt;\/li&gt;<br \/>\n&lt;li&gt;Maks. sukimo momentas: 54 Nm;&lt;\/li&gt;<br \/>\n&lt;li&gt;S\u016bki\u0173 skai\u010dius tu&amp;scaron;\u010dioje eigoje: 0-1000;&lt;\/li&gt;<br \/>\n&lt;li&gt;Sm\u016bgi\u0173 da\u017enis: 0-5000;&lt;\/li&gt;<br \/>\n&lt;li&gt;Sm\u016bgio j\u0117ga: 2J;&lt;\/li&gt;<br \/>\n&lt;li&gt;Apsaugos klas\u0117: III;&lt;\/li&gt;<br \/>\n&lt;li&gt;Maks. gr\u0119\u017eimo skersmuo; 26mm mediena, 13mm metalas, 20mm betonas;&lt;\/li&gt;<br \/>\n&lt;li&gt;Svoris: 3 kg;&lt;\/li&gt;<br \/>\n&lt;li&gt;Akumuliatorius: li\u010dio jon\u0173;&lt;\/li&gt;<br \/>\n&lt;li&gt;Akumuliatoriaus \u012ftampa: 20 V;&lt;\/li&gt;<br \/>\n&lt;li&gt;Akumuliatoriaus nom. talpa: 4Ah.&amp;nbsp;&lt;\/li&gt;<br \/>\n&lt;\/ul&gt;<br \/>\n&lt;p&gt;&lt;strong&gt;Komplekt\u0105 sudaro:&lt;\/strong&gt;&lt;\/p&gt;<br \/>\n&lt;ul&gt;<br \/>\n&lt;li&gt;Akumuliatorinis perforatorius Trotec PRDS 20-20V;&lt;\/li&gt;<br \/>\n&lt;li&gt;Papildoma ranketa;&lt;\/li&gt;<br \/>\n&lt;li&gt;Gylio ribotuvas (200 mm);&lt;\/li&gt;<br \/>\n&lt;li&gt;SDS gr\u0105\u017etai &#8211; 3 vnt. (&amp;Oslash; 6 x 150 mm, &amp;Oslash; 8 x 150 mm, &amp;Oslash; 10 x 150 mm);&lt;\/li&gt;<br \/>\n&lt;li&gt;Flexpower serijos akumuliatorius 20 V 4 Ah;&lt;\/li&gt;<br \/>\n&lt;li&gt;Akumuliatoriaus \u012fkroviklis;&lt;\/li&gt;<br \/>\n&lt;li&gt;Laikymo d\u0117\u017e\u0117.&lt;\/li&gt;<br \/>\n&lt;\/ul&gt;<br \/>\n&lt;p style=&quot;text-align: justify;&quot;&gt;&lt;a class=&quot;catalogue&quot; href=&quot;\/en\/images\/Userfiles\/www.rubisolis.lt_Akumuliatorinis_grztuvas_Trotec_PRDS_20-20V_instrukcija.pdf\/&quot; target=&quot;blank&quot;&gt;Download product manual&lt;\/a&gt;&lt;\/p&gt;<\/p>","protected":false},"excerpt":{"rendered":"<p>&lt;p style=&quot;text-align: justify;&quot;&gt;&lt;img style=&quot;width: 1000px; height: 234px;&quot; src=&quot;\/images\/Userfiles\/www.rubisolis.lt_Akumuliatorinis_grztuvas_Trotec_PRDS_20-20V.jpg&quot; alt=&quot;&quot; \/&gt;&lt;\/p&gt; &lt;p style=&quot;text-align: justify;&quot;&gt;Vos 3 kg sveriantis &lt;strong&gt;akumuliatorinis&amp;nbsp;perforatorius&lt;\/strong&gt;&amp;nbsp;&lt;strong&gt;Trotec PRDS 20-20V&lt;\/strong&gt; su<\/p>","protected":false},"featured_media":26453,"comment_status":"closed","ping_status":"open","template":"","meta":[],"product_brand":[],"product_cat":[23],"product_tag":[535],"class_list":{"0":"post-26451","1":"product","2":"type-product","3":"status-publish","4":"has-post-thumbnail","6":"product_cat-be-kategorijos","7":"product_tag-naujiena","9":"first","10":"onbackorder","11":"taxable","12":"shipping-taxable","13":"product-type-variable"},"_links":{"self":[{"href":"https:\/\/orotech.lt\/en\/wp-json\/wp\/v2\/product\/26451","targetHints":{"allow":["GET"]}}],"collection":[{"href":"https:\/\/orotech.lt\/en\/wp-json\/wp\/v2\/product"}],"about":[{"href":"https:\/\/orotech.lt\/en\/wp-json\/wp\/v2\/types\/product"}],"replies":[{"embeddable":true,"href":"https:\/\/orotech.lt\/en\/wp-json\/wp\/v2\/comments?post=26451"}],"version-history":[{"count":1,"href":"https:\/\/orotech.lt\/en\/wp-json\/wp\/v2\/product\/26451\/revisions"}],"predecessor-version":[{"id":26452,"href":"https:\/\/orotech.lt\/en\/wp-json\/wp\/v2\/product\/26451\/revisions\/26452"}],"wp:featuredmedia":[{"embeddable":true,"href":"https:\/\/orotech.lt\/en\/wp-json\/wp\/v2\/media\/26453"}],"wp:attachment":[{"href":"https:\/\/orotech.lt\/en\/wp-json\/wp\/v2\/media?parent=26451"}],"wp:term":[{"taxonomy":"product_brand","embeddable":true,"href":"https:\/\/orotech.lt\/en\/wp-json\/wp\/v2\/product_brand?post=26451"},{"taxonomy":"product_cat","embeddable":true,"href":"https:\/\/orotech.lt\/en\/wp-json\/wp\/v2\/product_cat?post=26451"},{"taxonomy":"product_tag","embeddable":true,"href":"https:\/\/orotech.lt\/en\/wp-json\/wp\/v2\/product_tag?post=26451"}],"curies":[{"name":"wp","href":"https:\/\/api.w.org\/{rel}","templated":true}]}}