{"id":26463,"date":"2025-09-09T07:40:03","date_gmt":"2025-09-09T07:40:03","guid":{"rendered":"https:\/\/orotech.lt\/kampinis-slifuotuvas-trotec-pags-10-115\/"},"modified":"2025-09-10T06:15:38","modified_gmt":"2025-09-10T06:15:38","slug":"kampinis-slifuotuvas-trotec-pags-10-115","status":"publish","type":"product","link":"https:\/\/orotech.lt\/en\/kampinis-slifuotuvas-trotec-pags-10-115\/","title":{"rendered":"Kampinis \u0161lifuotuvas Trotec PAGS 10-115"},"content":{"rendered":"<p style=\"text-align: justify;\">Kampinis \u0161lifuotuvas Trotec PAGS 10-115 yra skirtas metalo ir akmens gamini\u0173 pjaustymui, \u0161lifavimui, poliravimui ir valymui \u0161epe\u010diu (nenaudojant vandens) bei plyteli\u0173 ir betono blok\u0173 pjaustymui. \u012erenginyje \u012ftaisytas 500 W galios variklis. \u012ejungimo \/ i\u0161jungimo variklis turi \u012fjungimo blokuot\u0119. Reguliavimo ranken\u0117le galima pasirinkti nominal\u0173 apsuk\u0173 da\u017en\u012f iki 12000 min-1 (priklausomai nuo to, kokia med\u017eiaga bus apdorojama). Galima naudoti \u012fvairius 115 mm skersmens diskus. Apsaugin\u012f gaubt\u0105 galima greitai sureguliuoti nenaudojant joki\u0173 \u012franki\u0173. Papildom\u0105 ranken\u0105 galima montuoti 2 skirtingomis pad\u0117timis, kurios leid\u017eia patogiai dirbti, nejau\u010diant vibracijos. <strong>Naudojant \u012frank\u012f reikalingos apsaugin\u0117s klausos priemon\u0117s.<\/strong><\/p>\n<p style=\"text-align: justify;\"><strong>Technical specifications:<\/strong><\/p>\n<ul>\n<li style=\"text-align: justify;\">\n\t\tProtection class: II;<\/li>\n<li style=\"text-align: justify;\">\n\t\tTinklo jungtis: 1\/N ~ 230 &#8211; 240 V \/ 50 Hz;<\/li>\n<li style=\"text-align: justify;\">\n\t\tNaudojamoji galia: 500 W;<\/li>\n<li style=\"text-align: justify;\">\n\t\tNominalus apsuk\u0173 da\u017enis: 12000 min-1;<\/li>\n<li style=\"text-align: justify;\">\n\t\tPjovimo disko tu\u0161\u010diosios eigos greitis: 13300 min-1;<\/li>\n<li style=\"text-align: justify;\">\n\t\tDisko greitis: 80 m\/s;<\/li>\n<li style=\"text-align: justify;\">\n\t\tSkyl\u0117s skersmuo: 22.23 mm;<\/li>\n<li style=\"text-align: justify;\">\n\t\tPjovimo disko storis 3 mm<\/li>\n<li style=\"text-align: justify;\">\n\t\t\u0160lifuotuvo suklio sriegis: M14;<\/li>\n<li style=\"text-align: justify;\">\n\t\tMaks. disko skersmuo: 115 mm;<\/li>\n<li style=\"text-align: justify;\">\n\t\tLaido ilgis: 2,5 m;<\/li>\n<li style=\"text-align: justify;\">\n\t\tWeight: 1.5 kg;<\/li>\n<li style=\"text-align: justify;\">\n\t\tVibracijos emisijos vert\u0117: 5,78 m\/s<sup>2<\/sup>;<\/li>\n<li style=\"text-align: justify;\">\n\t\tNeapibr\u0117\u017etis K: 1,5 m\/s<sup>2<\/sup>;<\/li>\n<li style=\"text-align: justify;\">\n\t\tGarso sl\u0117gio lygis: 90 dB(A);<\/li>\n<li style=\"text-align: justify;\">\n\t\tGarso galios lygis 101 dB(A);<\/li>\n<li style=\"text-align: justify;\">\n\t\tNeapibr\u0117\u017etis K: 3 dB.<\/li>\n<\/ul>\n<p style=\"text-align: justify;\"><strong>Advantages:<\/strong><\/p>\n<ul>\n<li style=\"text-align: justify;\">\n\t\tPatvirtinta auk\u0161\u010diausios kokyb\u0117s bei saugumo \u017eenklais TUV ir GS;<\/li>\n<li style=\"text-align: justify;\">\n\t\tTvirtas 500 W variklis efektyviam nuolatiniam darbui;<\/li>\n<li style=\"text-align: justify;\">\n\t\tIdealiai tinka pjauti, \u0161lifuoti ir valyti metal\u0105, taip pat pjauti plyteles ir akmens gaminius;<\/li>\n<li style=\"text-align: justify;\">\n\t\tLengvas, kompakti\u0161ko dizaino su optimaliomis valdymo savyb\u0117mis, puikiai tinka valdyti viena ranka;<\/li>\n<li style=\"text-align: justify;\">\n\t\tU\u017erakinamas jungiklis nuolatiniam darbui;<\/li>\n<li style=\"text-align: justify;\">\n\t\tPatogus darbas d\u0117l \u017eemos vibracijos;<\/li>\n<li style=\"text-align: justify;\">\n\t\t\u0160pindelio u\u017eraktas leid\u017eia lengvai keisti diskus;<\/li>\n<li style=\"text-align: justify;\">\n\t\tApsauga nuo netik\u0117to \u012fsijungimo nutr\u016bkus elektros tiekimui;<\/li>\n<li style=\"text-align: justify;\">\n\t\tReguliuojama pjovimo disko apsauga, u\u017etikrinanti auk\u0161t\u0105 darbo saug\u0105;<\/li>\n<li style=\"text-align: justify;\">\n\t\tPapildoma rankena, montuojama i\u0161 abiej\u0173 pusi\u0173;<\/li>\n<li style=\"text-align: justify;\">\n\t\tPlatus veikimo diapazonas d\u0117l ilgo kabelio.<\/li>\n<\/ul>\n<p style=\"text-align: justify;\"><a class=\"catalogue\" href=\"https:\/\/www.rubisolis.lt\/\/failai\/files\/produktu%20pdf\/Trotec\/%C4%AErankiai\/TRT-BA-PAGS10-115-TC-002-LT.pdf\" target=\"blank\" rel=\"nofollow noopener\">Download product manual <\/a><\/p>","protected":false},"excerpt":{"rendered":"<p>Kampinis \u0161lifuotuvas Trotec PAGS 10-115 yra skirtas metalo ir akmens gamini\u0173 pjaustymui, \u0161lifavimui, poliravimui ir valymui \u0161epe\u010diu (nenaudojant vandens) bei<\/p>","protected":false},"featured_media":26465,"comment_status":"closed","ping_status":"open","template":"","meta":[],"product_brand":[],"product_cat":[23],"product_tag":[535],"class_list":{"0":"post-26463","1":"product","2":"type-product","3":"status-publish","4":"has-post-thumbnail","6":"product_cat-be-kategorijos","7":"product_tag-naujiena","9":"first","10":"onbackorder","11":"taxable","12":"shipping-taxable","13":"product-type-variable"},"_links":{"self":[{"href":"https:\/\/orotech.lt\/en\/wp-json\/wp\/v2\/product\/26463","targetHints":{"allow":["GET"]}}],"collection":[{"href":"https:\/\/orotech.lt\/en\/wp-json\/wp\/v2\/product"}],"about":[{"href":"https:\/\/orotech.lt\/en\/wp-json\/wp\/v2\/types\/product"}],"replies":[{"embeddable":true,"href":"https:\/\/orotech.lt\/en\/wp-json\/wp\/v2\/comments?post=26463"}],"version-history":[{"count":1,"href":"https:\/\/orotech.lt\/en\/wp-json\/wp\/v2\/product\/26463\/revisions"}],"predecessor-version":[{"id":26464,"href":"https:\/\/orotech.lt\/en\/wp-json\/wp\/v2\/product\/26463\/revisions\/26464"}],"wp:featuredmedia":[{"embeddable":true,"href":"https:\/\/orotech.lt\/en\/wp-json\/wp\/v2\/media\/26465"}],"wp:attachment":[{"href":"https:\/\/orotech.lt\/en\/wp-json\/wp\/v2\/media?parent=26463"}],"wp:term":[{"taxonomy":"product_brand","embeddable":true,"href":"https:\/\/orotech.lt\/en\/wp-json\/wp\/v2\/product_brand?post=26463"},{"taxonomy":"product_cat","embeddable":true,"href":"https:\/\/orotech.lt\/en\/wp-json\/wp\/v2\/product_cat?post=26463"},{"taxonomy":"product_tag","embeddable":true,"href":"https:\/\/orotech.lt\/en\/wp-json\/wp\/v2\/product_tag?post=26463"}],"curies":[{"name":"wp","href":"https:\/\/api.w.org\/{rel}","templated":true}]}}