{"id":26475,"date":"2025-09-09T07:40:03","date_gmt":"2025-09-09T07:40:03","guid":{"rendered":"https:\/\/orotech.lt\/akumuliatorinis-rankinis-diskinis-pjuklas-trotec-pcss-10-20-v\/"},"modified":"2025-09-10T06:15:38","modified_gmt":"2025-09-10T06:15:38","slug":"akumuliatorinis-rankinis-diskinis-pjuklas-trotec-pcss-10-20-v","status":"publish","type":"product","link":"https:\/\/orotech.lt\/en\/akumuliatorinis-rankinis-diskinis-pjuklas-trotec-pcss-10-20-v\/","title":{"rendered":"Akumuliatorinis rankinis diskinis pj\u016bklas Trotec PCSS 10-20 V"},"content":{"rendered":"<p>&lt;p style=&quot;text-align: justify;&quot;&gt;Trotec PCSS 10-20 V &amp;ndash; &lt;strong&gt;belaidis&lt;\/strong&gt; &lt;strong&gt;rankinis diskinis pj\u016bklas&lt;\/strong&gt;, kuriuo patogiai bei tiksliai galite pjauti ne tik medien\u0105, med\u017eio dro\u017eli\u0173 plok&amp;scaron;tes, plastik\u0105, bet ir lengvas statybines med\u017eiagas ar net spalvotuosius metalus, naudojant atitinkamas pj\u016bklo gele\u017etes. Komplektacijoje esanti gele\u017et\u0117 idealiai tinka i&amp;scaron;ilginiams pj\u016bviams tiek medienai, tiek plastikui. Greitam ir saugiam gele\u017e\u010di\u0173 keitimui PCSS 10-20V turi prakti&amp;scaron;k\u0105 veleno u\u017erakt\u0105. &lt;strong&gt;Belaidis rankinis diskinis pj\u016bklas Trotec PCSS 10-20 V&lt;\/strong&gt;&amp;nbsp;gali b\u016bti greitai ir lengvai sukonfig\u016bruojamas pagal \u012fvairius poreikius. Pjovimo gyl\u012f ir kamp\u0105 galima nustatyti be papildom\u0173 \u012franki\u0173: iki 48 mm gylis ir iki 45 laipsni\u0173 kampas.&lt;\/p&gt;<br \/>\n&lt;p style=&quot;text-align: justify;&quot;&gt;Galinga ir ilgaam\u017e\u0117 &amp;bdquo;Flexpower&amp;ldquo; 20V \/ 2Ah li\u010dio jon\u0173 baterija u\u017etikrina patvari\u0105 ir nuolat didel\u0119 pjovimo gali\u0105. Korpuse integruota 3 pakop\u0173 akumuliatoriaus lygio indikacija rodo akumuliatoriaus b\u016bsen\u0105, net jei baterija n\u0117ra prijungta prie \u012frenginio. Naudojant greit\u0105 \u012fkrovikl\u012f, visi&amp;scaron;kai i&amp;scaron;sikrovusi baterija v\u0117l bus paruo&amp;scaron;ta naudoti po 1 valandos. &amp;bdquo;Flexpower&amp;ldquo; keli\u0173 \u012frengini\u0173 baterija taip pat gali b\u016bti naudojama su kitais &amp;bdquo;Trotec&amp;ldquo; \u012frankiais.&lt;\/p&gt;<br \/>\n&lt;p style=&quot;text-align: justify;&quot;&gt;Kompakti&amp;scaron;kas PCSS 10-20V turi ideal\u0173 svorio centr\u0105, yra ergonomi&amp;scaron;kai optimizuotas nuolatiniam naudojimui, o pagrindin\u0117 rankena turi pamink&amp;scaron;tinimus. Tod\u0117l beviel\u012f ne&amp;scaron;iojam\u0105j\u012f diskin\u012f pj\u016bkl\u0105 malonu valdyti net ilgai dirbant ranka, o d\u0117l papildomos priekin\u0117s rankenos j\u012f galima saugiai ir tiksliai valdyti dviemis rankomis. Tikslesniam darbui pj\u016bkle yra integruotas lazerinis \u017eymeklis.&lt;\/p&gt;<br \/>\n&lt;p style=&quot;text-align: justify;&quot;&gt;Saugiam prietaiso naudojimui yra integruotas jungiklis apsaugantis nuo nepageidaujamo \u012frenginio paleidimo. \u012ejungimo \/ i&amp;scaron;jungimo jungiklis su staigaus sustabdymo funkcija leid\u017eia \u017eaibi&amp;scaron;ku grei\u010diu reaguoti \u012f bet koki\u0105 situacij\u0105, o &amp;scaron;vytuoklinis gaubtas su atitraukiama rankena suteikia papildom\u0105 apsaug\u0105.&lt;\/p&gt;<br \/>\n&lt;p style=&quot;text-align: justify;&quot;&gt;&lt;strong&gt;Vienas akumuliatorius keliems \u012frenginiams &amp;ndash; naujovi&amp;scaron;ka Trotec akumuliatori\u0173 keitimo sistema!&lt;br \/&gt;&lt;\/strong&gt;&lt;\/p&gt;<br \/>\n&lt;p style=&quot;text-align: justify;&quot;&gt;Didelis &amp;scaron;io prietaiso prana&amp;scaron;umas yra premium klas\u0117s NMC tipo li\u010dio akumuliatorius, u\u017etikrinantis nuolatin\u012f veikim\u0105 pilnu paj\u0117gumu. Lyginant su \u012fprastomis li\u010dio baterijomis (kai senkant akumuliatoriui, prietaiso galia ma\u017e\u0117ja), tai leid\u017eia efektyviai atlikti darbus per trumpesn\u012f laik\u0105. Senstant baterijai galia i&amp;scaron;lieka &amp;ndash; tai prid\u0117tin\u0117 Trotec prietaiso vert\u0117!&amp;nbsp;Trotec gamintojo sukurtos &amp;bdquo;Flexpower&amp;ldquo; serijos d\u0117ka galite apsieiti be daugyb\u0117s akumuliatori\u0173 ir \u012fkrovikli\u0173 &amp;ndash; naujoji keli\u0173 \u012frengini\u0173 akumuliatori\u0173 sistema &amp;bdquo;Flexpower&amp;ldquo; gali b\u016bti derinama su daugybe Trotec belaid\u017ei\u0173 elektrini\u0173 \u012franki\u0173. &amp;bdquo;Flexpower&amp;ldquo; sistema pasi\u017eymi patogiu naudojimu, universalumu bei prisideda prie vartoji&amp;scaron;kumo ma\u017einimo.&amp;nbsp; &amp;nbsp;&lt;\/p&gt;<br \/>\n&lt;p style=&quot;text-align: justify;&quot;&gt;Patvirtinta auk&amp;scaron;\u010diausios kokyb\u0117s bei saugumo \u017eenklais TUV ir GS.&lt;\/p&gt;<br \/>\n&lt;p style=&quot;text-align: justify;&quot;&gt;&lt;img style=&quot;width: 1000px; height: 250px;&quot; src=&quot;\/images\/Userfiles\/www.rubisolis.lt_akumuliatorius_trotec_elektriniu_irankiu_universalus_akumuliatorius_trotec_20_V_2_Ah_.jpg&quot; alt=&quot;&quot; \/&gt;&lt;\/p&gt;<br \/>\n&lt;p&gt;&lt;strong&gt;Advantages:&lt;\/strong&gt;&lt;\/p&gt;<br \/>\n&lt;ul&gt;<br \/>\n&lt;li&gt;20V li\u010dio jon\u0173 baterija be atminties efekto ir be savaiminio i&amp;scaron;sikrovimo;&lt;\/li&gt;<br \/>\n&lt;li&gt;20 V 2,0 Ah akumuliatorius &amp;ndash; lanks\u010diai derinamas su kitais Trotec &amp;bdquo;Flexpower&amp;ldquo; belaid\u017eiais \u012frankiais;&lt;\/li&gt;<br \/>\n&lt;li&gt;Greitas \u012fkroviklis su automatiniu \u012fkrovimo i&amp;scaron;sijungimu: \u012fkrovimas per 1 valand\u0105;&lt;\/li&gt;<br \/>\n&lt;li&gt;Baterijoje integruotas trij\u0173 lygi\u0173 akumuliatoriaus talpos indikatorius;&lt;\/li&gt;<br \/>\n&lt;li&gt;Plastikinis &amp;scaron;vytuoklinis gaubtas;&lt;\/li&gt;<br \/>\n&lt;li&gt;Pjovimo gylio ir pasvirimo kampo reguliavimas be \u012franki\u0173;&lt;\/li&gt;<br \/>\n&lt;li&gt;Leid\u017eia tiksliai pjauti iki 48 mm gylio ir iki 45 laipsni\u0173 pasvirimo kampu;&lt;\/li&gt;<br \/>\n&lt;li&gt;Apsauginis jungiklis nuo nety\u010dinio \u012fjungimo;&lt;\/li&gt;<br \/>\n&lt;li&gt;\u012ejungimo \/ i&amp;scaron;jungimo jungiklis su greitu sustabdymu;&lt;\/li&gt;<br \/>\n&lt;li&gt;Lengvas pjovimo disko keitimas d\u0117l integruoto veleno u\u017erakto;&lt;\/li&gt;<br \/>\n&lt;li&gt;Ergonomi&amp;scaron;ka rankena ir papildoma priekin\u0117 rankena optimaliam valdymui;&lt;\/li&gt;<br \/>\n&lt;li&gt;Gumos pamink&amp;scaron;tinimai korpuse suteikia ypa\u010d ger\u0105 sukibim\u0105;&lt;\/li&gt;<br \/>\n&lt;li&gt;Pritvirtinamas lazerinis \u017eymeklis;&lt;\/li&gt;<br \/>\n&lt;li&gt;Jungtis i&amp;scaron;oriniam dulki\u0173 nusiurbimui;&lt;\/li&gt;<br \/>\n&lt;li&gt;Suderinamas su standartiniais diskini\u0173 pj\u016bkl\u0173 diskais su maks. 150 mm skersmeniu;&lt;\/li&gt;<br \/>\n&lt;\/ul&gt;<br \/>\n&lt;p&gt;&lt;strong&gt;Technical information:&lt;br \/&gt;&lt;\/strong&gt;&lt;\/p&gt;<br \/>\n&lt;ul&gt;<br \/>\n&lt;li&gt;Tu&amp;scaron;\u010diosios eigos greitis: 3800 aps.\/min;&lt;\/li&gt;<br \/>\n&lt;li&gt;Akumuliatoriaus vardin\u0117 \u012ftampa: 20V;&lt;\/li&gt;<br \/>\n&lt;li&gt;Akumuliatoriaus talpa 2,0 Ah;&lt;\/li&gt;<br \/>\n&lt;li&gt;Garso sl\u0117gio lygis LpA: 89 dB(A);&lt;\/li&gt;<br \/>\n&lt;li&gt;Garso galios lygis LwA: 100 dB(A);&lt;\/li&gt;<br \/>\n&lt;li&gt;Pagrindin\u0117s rankenos vibracijos emisija (ah) pjaunant medien\u0105: 1,879 m\/s&amp;sup2;;&lt;\/li&gt;<br \/>\n&lt;li&gt;Tu&amp;scaron;\u010dioji pj\u016bklo disko eiga: 9000 min-1;&lt;\/li&gt;<br \/>\n&lt;li&gt;Pj\u016bklo disko skersmuo: 150 mm;&lt;\/li&gt;<br \/>\n&lt;li&gt;Disko angos skersmuo: 16 mm;&lt;\/li&gt;<br \/>\n&lt;li&gt;A&amp;scaron;men\u0173 storis: 0,9 mm;&lt;\/li&gt;<br \/>\n&lt;li&gt;\u012etampa: 230 &#8211; 240 V\/50 Hz;&lt;\/li&gt;<br \/>\n&lt;li&gt;I&amp;scaron;vesties \u012ftampa: 21,5 V;&lt;\/li&gt;<br \/>\n&lt;li&gt;Naudojama galia: 65W;&lt;\/li&gt;<br \/>\n&lt;li&gt;Laido ilgis: 1,5 m;&lt;\/li&gt;<br \/>\n&lt;li&gt;Apsaugos klas\u0117: II;&lt;\/li&gt;<br \/>\n&lt;li&gt;I&amp;scaron;matavimai: 190x352x238 mm;&lt;\/li&gt;<br \/>\n&lt;li&gt;Svoris: 2,6 kg.&lt;\/li&gt;<br \/>\n&lt;\/ul&gt;<br \/>\n&lt;p style=&quot;text-align: justify;&quot;&gt;&lt;a class=&quot;catalogue&quot; href=&quot;\/en\/images\/Userfiles\/www.rubisolis.lt_Akumuliatorinis_rankinis_diskinis_pjklas_Trotec_PCSS_10-20_V_Cordless_Hand_Circular_Saw_PCSS_10-20V_instrukcija.PDF\/&quot; target=&quot;blank&quot;&gt;Download product manual&lt;\/a&gt;&lt;\/p&gt;<\/p>","protected":false},"excerpt":{"rendered":"<p>&lt;p style=&quot;text-align: justify;&quot;&gt;Trotec PCSS 10-20 V &amp;ndash; &lt;strong&gt;belaidis&lt;\/strong&gt; &lt;strong&gt;rankinis diskinis pj\u016bklas&lt;\/strong&gt;, kuriuo patogiai bei tiksliai galite pjauti ne tik medien\u0105,<\/p>","protected":false},"featured_media":26477,"comment_status":"closed","ping_status":"open","template":"","meta":[],"product_brand":[],"product_cat":[23],"product_tag":[535],"class_list":{"0":"post-26475","1":"product","2":"type-product","3":"status-publish","4":"has-post-thumbnail","6":"product_cat-be-kategorijos","7":"product_tag-naujiena","9":"first","10":"onbackorder","11":"taxable","12":"shipping-taxable","13":"product-type-variable"},"_links":{"self":[{"href":"https:\/\/orotech.lt\/en\/wp-json\/wp\/v2\/product\/26475","targetHints":{"allow":["GET"]}}],"collection":[{"href":"https:\/\/orotech.lt\/en\/wp-json\/wp\/v2\/product"}],"about":[{"href":"https:\/\/orotech.lt\/en\/wp-json\/wp\/v2\/types\/product"}],"replies":[{"embeddable":true,"href":"https:\/\/orotech.lt\/en\/wp-json\/wp\/v2\/comments?post=26475"}],"version-history":[{"count":1,"href":"https:\/\/orotech.lt\/en\/wp-json\/wp\/v2\/product\/26475\/revisions"}],"predecessor-version":[{"id":26476,"href":"https:\/\/orotech.lt\/en\/wp-json\/wp\/v2\/product\/26475\/revisions\/26476"}],"wp:featuredmedia":[{"embeddable":true,"href":"https:\/\/orotech.lt\/en\/wp-json\/wp\/v2\/media\/26477"}],"wp:attachment":[{"href":"https:\/\/orotech.lt\/en\/wp-json\/wp\/v2\/media?parent=26475"}],"wp:term":[{"taxonomy":"product_brand","embeddable":true,"href":"https:\/\/orotech.lt\/en\/wp-json\/wp\/v2\/product_brand?post=26475"},{"taxonomy":"product_cat","embeddable":true,"href":"https:\/\/orotech.lt\/en\/wp-json\/wp\/v2\/product_cat?post=26475"},{"taxonomy":"product_tag","embeddable":true,"href":"https:\/\/orotech.lt\/en\/wp-json\/wp\/v2\/product_tag?post=26475"}],"curies":[{"name":"wp","href":"https:\/\/api.w.org\/{rel}","templated":true}]}}