{"id":26487,"date":"2025-09-09T07:40:51","date_gmt":"2025-09-09T07:40:51","guid":{"rendered":"https:\/\/orotech.lt\/svytuoklinis-siaurapjuklis-trotec-pjss-11-20v\/"},"modified":"2025-09-10T06:15:39","modified_gmt":"2025-09-10T06:15:39","slug":"svytuoklinis-siaurapjuklis-trotec-pjss-11-20v","status":"publish","type":"product","link":"https:\/\/orotech.lt\/en\/svytuoklinis-siaurapjuklis-trotec-pjss-11-20v\/","title":{"rendered":"\u0160vytuoklinis siaurapj\u016bklis Trotec PJSS 11-20V"},"content":{"rendered":"<p>&lt;p style=&quot;text-align: justify;&quot;&gt;&lt;strong&gt;&amp;Scaron;vytuoklinis siaurapj\u016bklis&lt;\/strong&gt; Trotec PJSS 11-20V yra pritaikytas \u012fvairiems darbams su greitu pjovimo jud\u0117jimu d\u0117l nustatytos &amp;scaron;vytuoklin\u0117s eigos bei nereikalaujantis. Apsauga nuo atply&amp;scaron;tan\u010di\u0173 daleli\u0173 leid\u017eia atlikti pj\u016bvius be atplai&amp;scaron;\u0173. &amp;Scaron;vytuoklin\u0117 eiga gali b\u016bti nustatyta \u012f 3 pakopas arba, esant poreikiui, i&amp;scaron;jungta. Pakeisti pj\u016bklo gele\u017etes galima nenaudojant instrument\u0173. &lt;strong&gt;&amp;Scaron;vytuoklinis siaurapj\u016bklis&lt;\/strong&gt; Trotec PJSS 11-20V&amp;nbsp;ap&amp;scaron;vie\u010dia darbo srit\u012f&amp;nbsp;&amp;scaron;viesos diod\u0173 darbo lemput\u0117, taipogi galima prijungti lazer\u012f, rodant\u012f esan\u010di\u0105 pj\u016bvio linij\u0105. \u012erenginys taip pat turi orap\u016bt\u0117s funkcij\u0105 bei integruot\u0105 siurblio jungt\u012f efektyviam svetimk\u016bni\u0173 nusiurbimui. Dar daugiau, akumuliatorius turi savo \u012fkrovos indikatori\u0173, su kuriuo gal\u0117site nustatyti \u012fkrovos b\u016bsen\u0105, neprijung\u0119 akumuliatoriaus prie \u012frenginio. PJSS 11-20V tinkamas naudoti tiesiems ir vingiuotiems pj\u016bviams kampuose medienos, plastiko ir lengvojo metalo ruo&amp;scaron;iniuose. Taip pat, \u012fstri\u017eiems pj\u016bviams iki 45&amp;deg;&amp;nbsp;kampu kampuotose medienos, plastiko ir lengvojo metalo ruo&amp;scaron;iniuose.&lt;\/p&gt;<br \/>\n&lt;p style=&quot;text-align: justify;&quot;&gt;&lt;strong&gt;Vienas akumuliatorius keliems \u012frenginiams &amp;ndash; naujovi&amp;scaron;ka Trotec akumuliatori\u0173 keitimo sistema!&lt;br \/&gt;&lt;\/strong&gt;&lt;\/p&gt;<br \/>\n&lt;p style=&quot;text-align: justify;&quot;&gt;Didelis &amp;scaron;io prietaiso prana&amp;scaron;umas yra premium klas\u0117s NMC tipo li\u010dio akumuliatorius, u\u017etikrinantis nuolatin\u012f veikim\u0105 pilnu paj\u0117gumu. Lyginant su \u012fprastomis li\u010dio baterijomis (kai senkant akumuliatoriui, prietaiso galia ma\u017e\u0117ja), tai leid\u017eia efektyviai atlikti darbus per trumpesn\u012f laik\u0105. Senstant baterijai galia i&amp;scaron;lieka &amp;ndash; tai prid\u0117tin\u0117 Trotec prietaiso vert\u0117!&amp;nbsp;Trotec gamintojo sukurtos &amp;bdquo;Flexpower&amp;ldquo; serijos d\u0117ka galite apsieiti be daugyb\u0117s akumuliatori\u0173 ir \u012fkrovikli\u0173 &amp;ndash; naujoji keli\u0173 \u012frengini\u0173 akumuliatori\u0173 sistema &amp;bdquo;Flexpower&amp;ldquo; gali b\u016bti derinama su daugybe Trotec belaid\u017ei\u0173 elektrini\u0173 \u012franki\u0173. &amp;bdquo;Flexpower&amp;ldquo; sistema pasi\u017eymi patogiu naudojimu, universalumu bei prisideda prie vartoji&amp;scaron;kumo ma\u017einimo.&amp;nbsp; &amp;nbsp;&lt;\/p&gt;<br \/>\n&lt;p style=&quot;text-align: justify;&quot;&gt;Patvirtinta auk&amp;scaron;\u010diausios kokyb\u0117s bei saugumo \u017eenklais TUV ir GS.&lt;\/p&gt;<br \/>\n&lt;p style=&quot;text-align: justify;&quot;&gt;&lt;img style=&quot;width: 1000px; height: 250px;&quot; src=&quot;\/images\/Userfiles\/www.rubisolis.lt_akumuliatorius_trotec_elektriniu_irankiu_universalus_akumuliatorius_trotec_20_V_2_Ah_.jpg&quot; alt=&quot;&quot; \/&gt;&lt;\/p&gt;<br \/>\n&lt;p style=&quot;text-align: justify;&quot;&gt;&lt;em&gt;D\u0117mesio: naudojant \u012frank\u012f reikalingos apsaugin\u0117s klausos priemon\u0117s.&lt;\/em&gt;&lt;\/p&gt;<br \/>\n&lt;p style=&quot;text-align: justify;&quot;&gt;&lt;strong&gt;Technical characteristics:&lt;\/strong&gt;&lt;\/p&gt;<br \/>\n&lt;ul&gt;<br \/>\n&lt;li&gt;Apsaugos klas\u0117: II;&lt;\/li&gt;<br \/>\n&lt;li&gt;Tu&amp;scaron;\u010dios eigos s\u016bki\u0173 skai\u010dius: 0 &#8211; 2700 min-1;&lt;\/li&gt;<br \/>\n&lt;li&gt;Pjovimo kampas: 0&amp;deg; \/ 15&amp;deg; \/ 30&amp;deg; \/ 45&amp;deg;&lt;\/li&gt;<br \/>\n&lt;li&gt;Eigos ilgis: 20 mm;&lt;\/li&gt;<br \/>\n&lt;li&gt;Akumuliatoriaus r\u016b&amp;scaron;is: Li-Ion;&lt;\/li&gt;<br \/>\n&lt;li&gt;Akumuliatoriaus talpa: 2 Ah;&lt;\/li&gt;<br \/>\n&lt;li&gt;Svoris: 2 kg;&lt;\/li&gt;<br \/>\n&lt;li&gt;Garso sl\u0117gio lygis: 85 dB(A);&lt;\/li&gt;<br \/>\n&lt;li&gt;Garso galios lygis 96 dB(A);&lt;\/li&gt;<br \/>\n&lt;li&gt;Neapibr\u0117\u017etis K: 3 dB.&lt;\/li&gt;<br \/>\n&lt;\/ul&gt;<br \/>\n&lt;p style=&quot;text-align: justify;&quot;&gt;&lt;strong&gt;Advantages:&lt;\/strong&gt;&lt;\/p&gt;<br \/>\n&lt;ul&gt;<br \/>\n&lt;li&gt;Galingas, skland\u017eiai veikiantis 850 W variklis, u\u017etikrinantis ma\u017e\u0105 vibracij\u0105;&lt;\/li&gt;<br \/>\n&lt;li&gt;4 pakop\u0173 jungiklis u\u017etikrina optimali\u0105 pjovimo eig\u0105;&lt;\/li&gt;<br \/>\n&lt;li&gt;Pagal poreik\u012f lazerinis kreiptuvas pjovimo linijai pa\u017eym\u0117ti;&lt;\/li&gt;<br \/>\n&lt;li&gt;Pagrindo plok&amp;scaron;t\u0117 pagaminta i&amp;scaron; plieno su nuimamu slankiojan\u010diu bloku &amp;ndash; reguliuojama&lt;\/li&gt;<br \/>\n&lt;li&gt;pjovimui \u012f abi puses be \u012franki\u0173 iki 45&amp;deg;;&lt;\/li&gt;<br \/>\n&lt;li&gt;2 p\u016bstuvo funkcijos: i&amp;scaron;p\u016btimas ir siurbimas;&lt;\/li&gt;<br \/>\n&lt;li&gt;Apsauga nuo automatinio prietaiso \u012fjungimo i&amp;scaron; naujo, pvz. nutr\u016bkus elektros tiekimui;&lt;\/li&gt;<br \/>\n&lt;li&gt;Greitai atleid\u017eiamas griebtuvas, skirtas be \u012franki\u0173 pakeisti pj\u016bklo gele\u017et\u0119 per kelias sekundes;&lt;\/li&gt;<br \/>\n&lt;li&gt;Apsauga nuo \u012fskilim\u0173 neply&amp;scaron;tantiems pj\u016bviams;&lt;\/li&gt;<br \/>\n&lt;li&gt;Integruota LED darbin\u0117 lempa;&lt;\/li&gt;<br \/>\n&lt;li&gt;Jungiklio fiksavimo \u012ftaisas nuolatiniam darbui.&lt;\/li&gt;<br \/>\n&lt;\/ul&gt;<br \/>\n&lt;p style=&quot;text-align: justify;&quot;&gt;&lt;strong&gt;Komplekt\u0105 sudaro: &lt;\/strong&gt;&lt;\/p&gt;<br \/>\n&lt;ul&gt;<br \/>\n&lt;li&gt;1 akumuliatorinis &amp;scaron;vytuoklinis siaurapj\u016bklis;&lt;\/li&gt;<br \/>\n&lt;li&gt;1 lygiagreti atrama;&lt;\/li&gt;<br \/>\n&lt;li&gt;2 pj\u016bklo gele\u017et\u0117s HCS med\u017eiui;&lt;\/li&gt;<br \/>\n&lt;li&gt;1 pj\u016bklo gele\u017et\u0117 HCS metalui;&lt;\/li&gt;<br \/>\n&lt;li&gt;1 dulki\u0173 nusiurbimo adapteris;&lt;\/li&gt;<br \/>\n&lt;li&gt;1 apsauga nuo atply&amp;scaron;tan\u010di\u0173 daleli\u0173;&lt;\/li&gt;<br \/>\n&lt;li&gt;1 slankiklis;&lt;\/li&gt;<br \/>\n&lt;li&gt;1 akumuliatorius;&lt;\/li&gt;<br \/>\n&lt;li&gt;1 greitasis \u012fkroviklis;&lt;\/li&gt;<br \/>\n&lt;li&gt;1 &amp;scaron;e&amp;scaron;iabriaunis raktas;&lt;\/li&gt;<br \/>\n&lt;li&gt;1 transportavimo lagaminas.&lt;\/li&gt;<br \/>\n&lt;\/ul&gt;<br \/>\n&lt;p&gt;&lt;a class=&quot;catalogue&quot; href=&quot;\/en\/images\/Userfiles\/www.rubisolis.lt_svytuoklinis_siaurapjklis_trotec_PJSS_11-20V_instrukcija1.pdf\/&quot; target=&quot;blank&quot;&gt;Download product manual&lt;\/a&gt;&lt;\/p&gt;<\/p>","protected":false},"excerpt":{"rendered":"<p>&lt;p style=&quot;text-align: justify;&quot;&gt;&lt;strong&gt;&amp;Scaron;vytuoklinis siaurapj\u016bklis&lt;\/strong&gt; Trotec PJSS 11-20V yra pritaikytas \u012fvairiems darbams su greitu pjovimo jud\u0117jimu d\u0117l nustatytos &amp;scaron;vytuoklin\u0117s eigos bei<\/p>","protected":false},"featured_media":26489,"comment_status":"closed","ping_status":"open","template":"","meta":[],"product_brand":[],"product_cat":[23],"product_tag":[535],"class_list":{"0":"post-26487","1":"product","2":"type-product","3":"status-publish","4":"has-post-thumbnail","6":"product_cat-be-kategorijos","7":"product_tag-naujiena","9":"first","10":"onbackorder","11":"taxable","12":"shipping-taxable","13":"product-type-variable"},"_links":{"self":[{"href":"https:\/\/orotech.lt\/en\/wp-json\/wp\/v2\/product\/26487","targetHints":{"allow":["GET"]}}],"collection":[{"href":"https:\/\/orotech.lt\/en\/wp-json\/wp\/v2\/product"}],"about":[{"href":"https:\/\/orotech.lt\/en\/wp-json\/wp\/v2\/types\/product"}],"replies":[{"embeddable":true,"href":"https:\/\/orotech.lt\/en\/wp-json\/wp\/v2\/comments?post=26487"}],"version-history":[{"count":1,"href":"https:\/\/orotech.lt\/en\/wp-json\/wp\/v2\/product\/26487\/revisions"}],"predecessor-version":[{"id":26488,"href":"https:\/\/orotech.lt\/en\/wp-json\/wp\/v2\/product\/26487\/revisions\/26488"}],"wp:featuredmedia":[{"embeddable":true,"href":"https:\/\/orotech.lt\/en\/wp-json\/wp\/v2\/media\/26489"}],"wp:attachment":[{"href":"https:\/\/orotech.lt\/en\/wp-json\/wp\/v2\/media?parent=26487"}],"wp:term":[{"taxonomy":"product_brand","embeddable":true,"href":"https:\/\/orotech.lt\/en\/wp-json\/wp\/v2\/product_brand?post=26487"},{"taxonomy":"product_cat","embeddable":true,"href":"https:\/\/orotech.lt\/en\/wp-json\/wp\/v2\/product_cat?post=26487"},{"taxonomy":"product_tag","embeddable":true,"href":"https:\/\/orotech.lt\/en\/wp-json\/wp\/v2\/product_tag?post=26487"}],"curies":[{"name":"wp","href":"https:\/\/api.w.org\/{rel}","templated":true}]}}