{"id":26499,"date":"2025-09-09T07:40:51","date_gmt":"2025-09-09T07:40:51","guid":{"rendered":"https:\/\/orotech.lt\/akumuliatorinis-grandininis-pjuklas-trotec-pchs-10-20v\/"},"modified":"2025-09-10T06:15:40","modified_gmt":"2025-09-10T06:15:40","slug":"akumuliatorinis-grandininis-pjuklas-trotec-pchs-10-20v","status":"publish","type":"product","link":"https:\/\/orotech.lt\/en\/akumuliatorinis-grandininis-pjuklas-trotec-pchs-10-20v\/","title":{"rendered":"Akumuliatorinis grandininis pj\u016bklas Trotec PCHS 10-20V"},"content":{"rendered":"<p>&lt;p style=&quot;text-align: justify;&quot;&gt;&lt;strong&gt;Akumuliatorinis grandininis pj\u016bklas Trotec&amp;nbsp;PCHS 10-20V&lt;\/strong&gt;&amp;nbsp;- tai kompakti&amp;scaron;kas ir lengvas elektrinis grandininis pj\u016bklas su dideliu pjovimo na&amp;scaron;umu ir pasukama rankena, \u012fskaitant 20 V Flexpower kei\u010diam\u0105 akumuliatori\u0173 ir grandin\u0117s apsaug\u0105.&lt;\/p&gt;<br \/>\n&lt;p style=&quot;text-align: justify;&quot;&gt;&amp;nbsp;&lt;\/p&gt;<br \/>\n&lt;p style=&quot;text-align: justify;&quot;&gt;&lt;img style=&quot;width: 1000px; height: 250px;&quot; src=&quot;\/images\/Userfiles\/www.rubisolis.lt_akumuliatorius_trotec_elektriniu_irankiu_universalus_akumuliatorius_trotec_20_V_2_Ah_.jpg&quot; alt=&quot;&quot; \/&gt;&lt;\/p&gt;<br \/>\n&lt;p style=&quot;text-align: justify;&quot;&gt;Patogus ir lengvas PCHS 10&amp;ndash;20 V elektrinis grandininis pj\u016bklas su &amp;bdquo;Flexpower&amp;ldquo; baterija (20 V, 2 Ah) yra universalus med\u017eio pj\u016bklas, skirtas nuosavybei ir sodui pri\u017ei\u016br\u0117ti. Nesvarbu, ar norite nupjauti med\u017eius, karpyti kr\u016bmus ar pjauti malkas, PCHS 10&amp;ndash;20 V akumuliatorinis grandininis pj\u016bklas idealiai tinka beveik visiems sodo ir prie\u017ei\u016bros darbams. Grandininiu pj\u016bklu nesunkiai galima i&amp;scaron;kirsti ir ma\u017eesnius med\u017eius, taip pat tiksliai nupjauti medines lentas, kvadratin\u0119 ir apvali\u0105 medien\u0105.&lt;\/p&gt;<br \/>\n&lt;p style=&quot;text-align: justify;&quot;&gt;D\u0117l savo galingo Flexpower baterij\u0173 ir \u012fsp\u016bdingo grandin\u0117s grei\u010dio (3800 min-1), akumuliatorinis elektrinis grandininis pj\u016bklas stebina galingais pj\u016bviais, siauru pj\u016bklu ir labai geru pjovimo na&amp;scaron;umu &amp;ndash; tuo pa\u010diu pasi\u016blydamas maksimal\u0173 lankstum\u0105. \u010cia joks kabelis nevar\u017eo jud\u0117jimo laisv\u0117s. 19,5 cm ilgio pj\u016bklo juosta, pagaminta i&amp;scaron; sukimui atsparaus plieno (Q235), daro \u012fsp\u016bd\u012f ilgaam\u017ei&amp;scaron;kumu ir leid\u017eia pjauti maks. 150 mm.&lt;\/p&gt;<br \/>\n&lt;p style=&quot;text-align: justify;&quot;&gt;&lt;strong&gt;Naudinga \u017einoti:&lt;\/strong&gt; PCHS 10-20 V grandininio pj\u016bklo 20V\/2Ah &lt;strong&gt;Flexpower multi-baterija gali b\u016bti naudojama su daugeliu kit\u0173 Trotec elektrini\u0173 \u012franki\u0173.&lt;\/strong&gt; Viena baterija \u012fvairiems naudingiems namams, sodui ir darbui \u012frankiams.&lt;\/p&gt;<br \/>\n&lt;p style=&quot;text-align: justify;&quot;&gt;&lt;strong&gt;Technical specifications:&lt;br \/&gt;&lt;\/strong&gt;&lt;\/p&gt;<br \/>\n&lt;ul&gt;<br \/>\n&lt;li&gt;Vardin\u0117 \u012ftampa: 20 V;&lt;\/li&gt;<br \/>\n&lt;li&gt;Tu&amp;scaron;\u010diosios eigos judesi\u0173 skai\u010dius: nuo 0 iki 3800 min-1;&lt;\/li&gt;<br \/>\n&lt;li&gt;Apsaugos klas\u0117: II;&lt;\/li&gt;<br \/>\n&lt;li&gt;Akumuliatorius nuolatinei srovei: Multiflex 20 &amp;ndash; 2,0, Li\u010dio jon\u0173 tipo, 2,0 Ah talpos;&lt;\/li&gt;<br \/>\n&lt;li&gt;Greitasis \u012fkroviklis kintam\u0105jai srovei: Multiflex 20 &amp;ndash; 2.0;&lt;\/li&gt;<br \/>\n&lt;li&gt;\u012etampa: 230-240 V \/ 50 Hz;&lt;\/li&gt;<br \/>\n&lt;li&gt;Galia: 65 W;&lt;\/li&gt;<br \/>\n&lt;li&gt;\u012ekrovimo trukm\u0117: 1 val.;&lt;\/li&gt;<br \/>\n&lt;li&gt;Kabelio ilgis 1,5 m;&lt;\/li&gt;<br \/>\n&lt;li&gt;I&amp;scaron;matavimai: 90x530x150 mm;&lt;\/li&gt;<br \/>\n&lt;li&gt;Svoris: 1,7 kg.&lt;\/li&gt;<br \/>\n&lt;\/ul&gt;<br \/>\n&lt;p style=&quot;text-align: justify;&quot;&gt;&lt;strong&gt;Advantages:&lt;br \/&gt;&lt;\/strong&gt;&lt;\/p&gt;<br \/>\n&lt;ul&gt;<br \/>\n&lt;li&gt;20 V galinga li\u010dio jon\u0173 baterija be savaiminio i&amp;scaron;sikrovimo;&lt;\/li&gt;<br \/>\n&lt;li&gt;&amp;bdquo;Flexpower&amp;ldquo; baterija;&lt;\/li&gt;<br \/>\n&lt;li&gt;Puikiai tinka gen\u0117ti med\u017eius ir kr\u016bmus bei smulkinti \u017ealius augalus;&lt;\/li&gt;<br \/>\n&lt;li&gt;Idealiai tinka pjaustyti lentas, kvadratin\u0119 ir apvali\u0105 medien\u0105;&lt;\/li&gt;<br \/>\n&lt;li&gt;90&amp;deg; besisukanti rankena patogiam pjovimui ir greitam darbui;&lt;\/li&gt;<br \/>\n&lt;li&gt;Apsauginis jungiklis apsaugo nuo nepageidaujamo grandininio pj\u016bklo \u012fjungimo, kad b\u016bt\u0173 galima saugiai naudotis;&lt;\/li&gt;<br \/>\n&lt;li&gt;Itin kompakti&amp;scaron;kas korpusas pagamintas i&amp;scaron; sustiprinto plastiko su mink&amp;scaron;ta rankena, u\u017etikrinan\u010dia auk&amp;scaron;t\u0105 darbo komfort\u0105 ir ilgaam\u017ei&amp;scaron;kum\u0105;&lt;\/li&gt;<br \/>\n&lt;li&gt;Lankstus apsauginis gaubtas saugiam darbui;&lt;\/li&gt;<br \/>\n&lt;li&gt;6 coli\u0173 pj\u016bklo grandin\u0117 u\u017etikrina auk&amp;scaron;t\u0105 pjovimo na&amp;scaron;um\u0105 ir galingus pj\u016bvius;&lt;\/li&gt;<br \/>\n&lt;li&gt;Tylus veikimas;&lt;\/li&gt;<br \/>\n&lt;li&gt;Greito grandin\u0117s keitimo funkcija be \u012franki\u0173;&lt;\/li&gt;<br \/>\n&lt;li&gt;Tvirtas plastikinis grandin\u0117s gaubtas saugiam laikymui.&amp;nbsp;&amp;nbsp;&lt;\/li&gt;<br \/>\n&lt;\/ul&gt;<\/p>","protected":false},"excerpt":{"rendered":"<p>&lt;p style=&quot;text-align: justify;&quot;&gt;&lt;strong&gt;Akumuliatorinis grandininis pj\u016bklas Trotec&amp;nbsp;PCHS 10-20V&lt;\/strong&gt;&amp;nbsp;- tai kompakti&amp;scaron;kas ir lengvas elektrinis grandininis pj\u016bklas su dideliu pjovimo na&amp;scaron;umu ir pasukama<\/p>","protected":false},"featured_media":26501,"comment_status":"closed","ping_status":"open","template":"","meta":[],"product_brand":[],"product_cat":[23],"product_tag":[535],"class_list":{"0":"post-26499","1":"product","2":"type-product","3":"status-publish","4":"has-post-thumbnail","6":"product_cat-be-kategorijos","7":"product_tag-naujiena","9":"first","10":"onbackorder","11":"taxable","12":"shipping-taxable","13":"product-type-variable"},"_links":{"self":[{"href":"https:\/\/orotech.lt\/en\/wp-json\/wp\/v2\/product\/26499","targetHints":{"allow":["GET"]}}],"collection":[{"href":"https:\/\/orotech.lt\/en\/wp-json\/wp\/v2\/product"}],"about":[{"href":"https:\/\/orotech.lt\/en\/wp-json\/wp\/v2\/types\/product"}],"replies":[{"embeddable":true,"href":"https:\/\/orotech.lt\/en\/wp-json\/wp\/v2\/comments?post=26499"}],"version-history":[{"count":1,"href":"https:\/\/orotech.lt\/en\/wp-json\/wp\/v2\/product\/26499\/revisions"}],"predecessor-version":[{"id":26500,"href":"https:\/\/orotech.lt\/en\/wp-json\/wp\/v2\/product\/26499\/revisions\/26500"}],"wp:featuredmedia":[{"embeddable":true,"href":"https:\/\/orotech.lt\/en\/wp-json\/wp\/v2\/media\/26501"}],"wp:attachment":[{"href":"https:\/\/orotech.lt\/en\/wp-json\/wp\/v2\/media?parent=26499"}],"wp:term":[{"taxonomy":"product_brand","embeddable":true,"href":"https:\/\/orotech.lt\/en\/wp-json\/wp\/v2\/product_brand?post=26499"},{"taxonomy":"product_cat","embeddable":true,"href":"https:\/\/orotech.lt\/en\/wp-json\/wp\/v2\/product_cat?post=26499"},{"taxonomy":"product_tag","embeddable":true,"href":"https:\/\/orotech.lt\/en\/wp-json\/wp\/v2\/product_tag?post=26499"}],"curies":[{"name":"wp","href":"https:\/\/api.w.org\/{rel}","templated":true}]}}