{"id":26511,"date":"2025-09-09T07:40:51","date_gmt":"2025-09-09T07:40:51","guid":{"rendered":"https:\/\/orotech.lt\/karsto-oro-orapute-hystream-2000\/"},"modified":"2025-09-10T06:15:41","modified_gmt":"2025-09-10T06:15:41","slug":"karsto-oro-orapute-hystream-2000","status":"publish","type":"product","link":"https:\/\/orotech.lt\/en\/karsto-oro-orapute-hystream-2000\/","title":{"rendered":"Kar\u0161to oro orap\u016bt\u0117 HyStream 2000"},"content":{"rendered":"<p style=\"text-align: justify;\"><strong>Kar\u0161to oro orap\u016bt\u0117 HyStream 2000 &ndash; universalus \u012frankis \u012fvairiems darbams<\/strong><\/p>\n<p style=\"text-align: justify;\">Kar\u0161to oro orap\u016bt\u0117 HyStream 2000 &ndash; tai galingas ir universalus \u012frankis, skirtas \u012fvairioms u\u017eduotims: plastikini\u0173 detali\u0173 suvirinimui, da\u017e\u0173 ir klij\u0173 liku\u010di\u0173 pa\u0161alinimui, laid\u0173 izoliacijai, tapet\u0173 nu\u0117mimui, pavir\u0161i\u0173 d\u017eiovinimui ir net angli\u0173 \u012fk\u016brimui grilyje.<\/p>\n<p style=\"text-align: justify;\">Valdymo skydelyje galima reguliuoti temperat\u016br\u0105 10 &deg;C intervalais nuo 50 &deg;C iki 650 &deg;C. 50 &deg;C \u0161alto oro pakopa (1 pakopa) leid\u017eia greitai suma\u017einti temperat\u016br\u0105 ir atv\u0117sinti \u012frengin\u012f. Galite rinktis vien\u0105 i\u0161 5 ventiliavimo pakop\u0173, leid\u017eian\u010di\u0173 keisti oro sraut\u0105 nuo 250 l\/min iki 500 l\/min. Keturis darbinius antgalius galima per kelet\u0105 sekund\u017ei\u0173 pakeisti nenaudojant papildom\u0173 \u012franki\u0173. Jie skirti \u012fvairioms naudojimo sritims, pvz., nedeigiamiems da\u017e\u0173 sluoksniams d\u017eiovinti ir \u0161alinti, kaitinti (pvz., nuo \u0161ilumos susitraukiantiems vamzdeliams), sandarinimo darbams atlikti, plastikams formuoti ir suvirinti, lituoti ar alavuoti bei klijuotiniams jungtims i\u0161ardyti. D\u0117l ergonomin\u0117s rankenos formos ir nedidelio svorio galite stabiliai valdyti \u012frengin\u012f.<\/p>\n<p><strong>Advantages:<br \/>\n\t<\/strong><\/p>\n<ul>\n<li>\n\t\tErgonomi\u0161kas pistoletinis dizainas;<\/li>\n<li>\n\t\tLCD ekranas su pasirinktomis nustatytomis reik\u0161m\u0117mis;<\/li>\n<li>\n\t\tOro srauto ir temperat\u016bros reguliavimas nepriklausomai vienas nuo kito;<\/li>\n<li>\n\t\tKomplekte pridedami specialios paskirties darbiniai antgaliai;<\/li>\n<li>\n\t\tSaugus naudojimas d\u0117l apsaugos nuo perkaitimo;<\/li>\n<li>\n\t\tD\u0117l specialiai subalansuoto svorio paskirstymo galima naudoti ir stabilioje vertikalioje pad\u0117tyje.<\/li>\n<\/ul>\n<p><strong>Technical characteristics:<\/strong><\/p>\n<ul>\n<li>\n\t\tPower supply: 230V\/50Hz;<\/li>\n<li>\n\t\tNaudojamoji galia: 2 kW;<\/li>\n<li>\n\t\tProtection class: II;<\/li>\n<li>\n\t\tOro temperat\u016bra: 50&ndash;650 &deg;C (10 &deg;C intervalais);<\/li>\n<li>\n\t\tOro t\u016bris: 250&ndash;500 l\/min (5 v\u0117dinimo pakopos);<\/li>\n<li>\n\t\tKabelio ilgis: 1,90 m;<\/li>\n<li>\n\t\tMatmenys: 255 x 30 mm;<\/li>\n<li>\n\t\tMas\u0117: 0,94 kg&nbsp;<\/li>\n<\/ul>\n<p><strong>Komplekte rasite \u012fvairias antgali\u0173 pritaikymo galimybes:<\/strong><\/p>\n<ul>\n<li>\n\t\tPlatus oro srauto antgalis &ndash; vienodam pavir\u0161iaus d\u017eiovinimui.<\/li>\n<li>\n\t\tStiklo apsaugos antgalis &ndash; \u0161ilumos nukreipimui nuo jautri\u0173 pavir\u0161i\u0173.<\/li>\n<li>\n\t\tSuma\u017einto oro srauto antgalis &ndash; precizi\u0161kam da\u017e\u0173 pa\u0161alinimui ar plastikini\u0173 detali\u0173 suvirinimui.<\/li>\n<li>\n\t\tGrilio u\u017edegimo antgalis &ndash; angli\u0173 \u012fk\u016brimui per kelias minutes.<\/li>\n<\/ul>\n<p><a class=\"catalogue\" href=\"\/en\/images\/Userfiles\/www.rubisolis.lt_orapt_Trotec_HyStream_2000_instrukcija.pdf\/\" target=\"blank\">Download product manual<\/a><\/p>","protected":false},"excerpt":{"rendered":"<p>Kar\u0161to oro orap\u016bt\u0117 HyStream 2000 &ndash; universalus \u012frankis \u012fvairiems darbams Kar\u0161to oro orap\u016bt\u0117 HyStream 2000 &ndash; tai galingas ir universalus<\/p>","protected":false},"featured_media":26513,"comment_status":"closed","ping_status":"open","template":"","meta":[],"product_brand":[],"product_cat":[23],"product_tag":[535],"class_list":{"0":"post-26511","1":"product","2":"type-product","3":"status-publish","4":"has-post-thumbnail","6":"product_cat-be-kategorijos","7":"product_tag-naujiena","9":"first","10":"onbackorder","11":"taxable","12":"shipping-taxable","13":"product-type-variable"},"_links":{"self":[{"href":"https:\/\/orotech.lt\/en\/wp-json\/wp\/v2\/product\/26511","targetHints":{"allow":["GET"]}}],"collection":[{"href":"https:\/\/orotech.lt\/en\/wp-json\/wp\/v2\/product"}],"about":[{"href":"https:\/\/orotech.lt\/en\/wp-json\/wp\/v2\/types\/product"}],"replies":[{"embeddable":true,"href":"https:\/\/orotech.lt\/en\/wp-json\/wp\/v2\/comments?post=26511"}],"version-history":[{"count":1,"href":"https:\/\/orotech.lt\/en\/wp-json\/wp\/v2\/product\/26511\/revisions"}],"predecessor-version":[{"id":26512,"href":"https:\/\/orotech.lt\/en\/wp-json\/wp\/v2\/product\/26511\/revisions\/26512"}],"wp:featuredmedia":[{"embeddable":true,"href":"https:\/\/orotech.lt\/en\/wp-json\/wp\/v2\/media\/26513"}],"wp:attachment":[{"href":"https:\/\/orotech.lt\/en\/wp-json\/wp\/v2\/media?parent=26511"}],"wp:term":[{"taxonomy":"product_brand","embeddable":true,"href":"https:\/\/orotech.lt\/en\/wp-json\/wp\/v2\/product_brand?post=26511"},{"taxonomy":"product_cat","embeddable":true,"href":"https:\/\/orotech.lt\/en\/wp-json\/wp\/v2\/product_cat?post=26511"},{"taxonomy":"product_tag","embeddable":true,"href":"https:\/\/orotech.lt\/en\/wp-json\/wp\/v2\/product_tag?post=26511"}],"curies":[{"name":"wp","href":"https:\/\/api.w.org\/{rel}","templated":true}]}}