{"id":26543,"date":"2025-09-09T07:40:51","date_gmt":"2025-09-09T07:40:51","guid":{"rendered":"https:\/\/orotech.lt\/elektrinis-sildytuvas-trotec-tds-10-p\/"},"modified":"2025-09-10T06:15:45","modified_gmt":"2025-09-10T06:15:45","slug":"elektrinis-sildytuvas-trotec-tds-10-p","status":"publish","type":"product","link":"https:\/\/orotech.lt\/en\/elektrinis-sildytuvas-trotec-tds-10-p\/","title":{"rendered":"Elektrinis \u0161ildytuvas Trotec TDS 10 P"},"content":{"rendered":"<p>&lt;p&gt;&lt;em style=&quot;text-align: justify;&quot;&gt;Idealiai tinkantys&amp;nbsp;&lt;\/em&gt;r\u016bsiuose,&lt;em&gt; sand\u0117liavimo patalpose, ne&amp;scaron;ildomose patalpose vykstant statyb\u0173 darbams, statyb\u0173 gyvenamosiose priekabose ar ant stogo dangos&amp;nbsp;&lt;\/em&gt;&lt;\/p&gt;<br \/>\n&lt;p&gt;&lt;strong&gt;&lt;em&gt;TDS &amp;ndash; prakti&amp;scaron;ki elektriniai &amp;scaron;ildytuvai efektyviam &amp;scaron;ildymui&lt;\/em&gt;&lt;\/strong&gt;&lt;\/p&gt;<br \/>\n&lt;p style=&quot;text-align: justify;&quot;&gt;TDS 10 P elektrinis &amp;scaron;ildytuvas &amp;ndash; tai tvirtas elektrinis &amp;scaron;ildymo \u012frenginys su metaline konstrukcija ir galingu, bet tyliu radialiniu ventiliatoriumi, skirtas greitam ir efektyviam patalp\u0173 &amp;scaron;ildymui. D\u0117ka integruotos apsaugos nuo perkaitimo bei papildomos apsaugos nuo pasvirimo, automati&amp;scaron;kai i&amp;scaron;jungian\u010dios prietais\u0105, kai &amp;scaron;is atsitiktinai pakreipiamas, &amp;scaron;is &amp;scaron;ildytuvas gali b\u016bti saugiai naudojamas r\u016bsiuose, sand\u0117liavimo patalpose, ne&amp;scaron;ildomose patalpose vykstant statyb\u0173 darbams, statyb\u0173 gyvenamosiose priekabose ar ant stogo dangos. TDS 10 P, kaip kiti elektriniai &amp;scaron;ildytuvai, &amp;scaron;ildymo metu nei&amp;scaron;skiria kondensato ir nedegina deguonies, tod\u0117l &amp;scaron;is prietaisas puikiai tinka u\u017edaroms, neventiliuojamoms patalpoms &amp;scaron;ildyti. Prietaise \u012fmontuotas termostatas, galima pasirinkti du &amp;scaron;ildymo lygius iki 2 kW. Keramikinis &amp;scaron;ildymo elementas u\u017etikrina ilgesn\u012f tarnavimo ir trumpesn\u012f &amp;scaron;ildymo laik\u0105, tinkamum\u0105 alergi&amp;scaron;kiems \u017emon\u0117ms d\u0117l &amp;scaron;ildymo metu nedeginam\u0173 dulki\u0173.&amp;nbsp;&lt;\/p&gt;<br \/>\n&lt;p style=&quot;text-align: center;&quot;&gt;&lt;iframe src=&quot;https:\/\/www.youtube.com\/embed\/7hn-vJBPhVk&quot; frameborder=&quot;0&quot; width=&quot;560&quot; height=&quot;315&quot;&gt;&lt;\/iframe&gt;&lt;\/p&gt;<br \/>\n&lt;p style=&quot;text-align: justify;&quot;&gt;&lt;strong&gt;Advantages:&lt;\/strong&gt;&lt;\/p&gt;<br \/>\n&lt;ul&gt;<br \/>\n&lt;li&gt;Modernaus dizaino tvirtas prietaiso korpusas;&lt;\/li&gt;<br \/>\n&lt;li&gt;Ilgaam\u017e\u0117 keramin\u0117 PTC &amp;scaron;ildytuvo baterija;&lt;\/li&gt;<br \/>\n&lt;li&gt;Galingas radialinis ventiliatorius, u\u017etikrinantis puiki\u0105 oro cirkuliacij\u0105;&lt;\/li&gt;<br \/>\n&lt;li&gt;Daugiapakop\u0117 temperat\u016bros kontrol\u0117 su dviem &amp;scaron;ildymo lygiais ir atskiru &amp;scaron;alto oro lygiu;&lt;\/li&gt;<br \/>\n&lt;li&gt;Nei&amp;scaron;skiria kondensato bei nedegina deguonies, tod\u0117l tinka u\u017edaroms patalpoms;&lt;\/li&gt;<br \/>\n&lt;li&gt;Prietaiso pasvirimo apsauga;&lt;\/li&gt;<br \/>\n&lt;li&gt;Apsauga nuo perkaitimo;&lt;\/li&gt;<br \/>\n&lt;li&gt;Lengvas transportavimas ir valdymas.&amp;nbsp;&lt;\/li&gt;<br \/>\n&lt;\/ul&gt;<br \/>\n&lt;p style=&quot;text-align: justify;&quot;&gt;&lt;strong&gt;Tinkami naudoti:&lt;\/strong&gt;&lt;\/p&gt;<br \/>\n&lt;ul&gt;<br \/>\n&lt;li&gt;Sand\u0117liuose ir dirbtuv\u0117se;&lt;\/li&gt;<br \/>\n&lt;li&gt;&amp;Scaron;iltnamiuose;&lt;\/li&gt;<br \/>\n&lt;li&gt;R\u016bsiuose;&lt;\/li&gt;<br \/>\n&lt;li&gt;Statyb\u0173 aik&amp;scaron;tel\u0117se;&lt;\/li&gt;<br \/>\n&lt;li&gt;Gara\u017euose;&lt;\/li&gt;<br \/>\n&lt;li&gt;Maitinimo \u012fstaigose;&lt;\/li&gt;<br \/>\n&lt;li&gt;Prekybos kioskuose;&lt;\/li&gt;<br \/>\n&lt;li&gt;Laiv\u0173 statymo vietose.&lt;\/li&gt;<br \/>\n&lt;\/ul&gt;<br \/>\n&lt;p style=&quot;text-align: justify;&quot;&gt;&lt;strong&gt;Technical characteristics:&lt;\/strong&gt;&lt;\/p&gt;<br \/>\n&lt;ul&gt;<br \/>\n&lt;li&gt;&amp;Scaron;ildymo galia: 1 lygis &amp;ndash; tik ventiliavimas; 2 lygis &amp;ndash; 1400 W; 3 lygis &amp;ndash; 2000 W;&lt;\/li&gt;<br \/>\n&lt;li&gt;Oro srautas (m3 \/ val.): 227;&lt;\/li&gt;<br \/>\n&lt;li&gt;Darbinis diapazonas: nuo -15 oC iki +30 oC;&lt;\/li&gt;<br \/>\n&lt;li&gt;Apsaugos klas\u0117: IP20;&lt;\/li&gt;<br \/>\n&lt;li&gt;Tinklo jungtis: 220-240 V \/ 50 HZ;&lt;\/li&gt;<br \/>\n&lt;li&gt;Maks. naudojamoji galia (W): 2000;&lt;\/li&gt;<br \/>\n&lt;li&gt;Vardin\u0117 imamoji srov\u0117 (A): 9,1;&lt;\/li&gt;<br \/>\n&lt;li&gt;Tinklo saugiklis: 10 A;&lt;\/li&gt;<br \/>\n&lt;li&gt;Ki&amp;scaron;tuko tipas: CEE 7\/7;&lt;\/li&gt;<br \/>\n&lt;li&gt;Laido ilgis (m): 1,3;&lt;\/li&gt;<br \/>\n&lt;li&gt;Garso sl\u0117gio lygis (1 m atstumu): 48 dB (A);&lt;\/li&gt;<br \/>\n&lt;li&gt;Apsauga nuo perkaitimo (oC): 75;&lt;\/li&gt;<br \/>\n&lt;li&gt;Matmenys (IxPxA mm): 160 x 205 x 322;&lt;\/li&gt;<br \/>\n&lt;li&gt;Minimalus atstumas iki sien\u0173 ir daikt\u0173 vir&amp;scaron;uje, gale, &amp;scaron;one, priekyje (cm): 50;&lt;\/li&gt;<br \/>\n&lt;li&gt;Svoris (kg): 3.&lt;\/li&gt;<br \/>\n&lt;\/ul&gt;<br \/>\n&lt;p style=&quot;text-align: justify;&quot;&gt;&lt;a class=&quot;catalogue&quot; href=&quot;\/en\/images\/Userfiles\/www.rubisolis.lt_TDS_10_P_elektrinis_sildytuvas.pdf\/&quot; target=&quot;blank&quot;&gt;Download product manual &lt;\/a&gt;&lt;\/p&gt;<\/p>","protected":false},"excerpt":{"rendered":"<p>&lt;p&gt;&lt;em style=&quot;text-align: justify;&quot;&gt;Idealiai tinkantys&amp;nbsp;&lt;\/em&gt;r\u016bsiuose,&lt;em&gt; sand\u0117liavimo patalpose, ne&amp;scaron;ildomose patalpose vykstant statyb\u0173 darbams, statyb\u0173 gyvenamosiose priekabose ar ant stogo dangos&amp;nbsp;&lt;\/em&gt;&lt;\/p&gt; &lt;p&gt;&lt;strong&gt;&lt;em&gt;TDS &amp;ndash;<\/p>","protected":false},"featured_media":26545,"comment_status":"closed","ping_status":"open","template":"","meta":[],"product_brand":[],"product_cat":[23],"product_tag":[535],"class_list":{"0":"post-26543","1":"product","2":"type-product","3":"status-publish","4":"has-post-thumbnail","6":"product_cat-be-kategorijos","7":"product_tag-naujiena","9":"first","10":"onbackorder","11":"taxable","12":"shipping-taxable","13":"product-type-variable"},"_links":{"self":[{"href":"https:\/\/orotech.lt\/en\/wp-json\/wp\/v2\/product\/26543","targetHints":{"allow":["GET"]}}],"collection":[{"href":"https:\/\/orotech.lt\/en\/wp-json\/wp\/v2\/product"}],"about":[{"href":"https:\/\/orotech.lt\/en\/wp-json\/wp\/v2\/types\/product"}],"replies":[{"embeddable":true,"href":"https:\/\/orotech.lt\/en\/wp-json\/wp\/v2\/comments?post=26543"}],"version-history":[{"count":1,"href":"https:\/\/orotech.lt\/en\/wp-json\/wp\/v2\/product\/26543\/revisions"}],"predecessor-version":[{"id":26544,"href":"https:\/\/orotech.lt\/en\/wp-json\/wp\/v2\/product\/26543\/revisions\/26544"}],"wp:featuredmedia":[{"embeddable":true,"href":"https:\/\/orotech.lt\/en\/wp-json\/wp\/v2\/media\/26545"}],"wp:attachment":[{"href":"https:\/\/orotech.lt\/en\/wp-json\/wp\/v2\/media?parent=26543"}],"wp:term":[{"taxonomy":"product_brand","embeddable":true,"href":"https:\/\/orotech.lt\/en\/wp-json\/wp\/v2\/product_brand?post=26543"},{"taxonomy":"product_cat","embeddable":true,"href":"https:\/\/orotech.lt\/en\/wp-json\/wp\/v2\/product_cat?post=26543"},{"taxonomy":"product_tag","embeddable":true,"href":"https:\/\/orotech.lt\/en\/wp-json\/wp\/v2\/product_tag?post=26543"}],"curies":[{"name":"wp","href":"https:\/\/api.w.org\/{rel}","templated":true}]}}