{"id":26559,"date":"2025-09-09T07:40:51","date_gmt":"2025-09-09T07:40:51","guid":{"rendered":"https:\/\/orotech.lt\/pvc-kondicionieriaus-isorinio-bloko-apsauga-2\/"},"modified":"2025-09-10T06:15:50","modified_gmt":"2025-09-10T06:15:50","slug":"pvc-kondicionieriaus-isorinio-bloko-apsauga-2","status":"publish","type":"product","link":"https:\/\/orotech.lt\/en\/pvc-kondicionieriaus-isorinio-bloko-apsauga-2\/","title":{"rendered":"PVC Air Conditioner Outdoor Unit Protection"},"content":{"rendered":"<p>PVC air conditioner outdoor unit protection is an innovative solution designed to protect the outdoor unit of your home or office air conditioner from adverse weather conditions, mechanical damage and dust accumulation. This product creates a strong protective layer that increases the efficiency and durability of your air conditioner and also contributes to preserving the aesthetics of the outdoor unit.&nbsp;<\/p>\n<p><strong>Technical information:<\/strong><\/p>\n<ul>\n<li>\n\t\tProtection of the air conditioner&#039;s outdoor unit;<\/li>\n<li>\n\t\tMaterial: PVC wood imitation;<\/li>\n<li>\n\t\tMounting system: adjustable mounting straps and hooks, adaptable to different block sizes;<\/li>\n<li>\n\t\tCare: Wipe clean with a clean damp cloth or water and mild soap.<\/li>\n<\/ul>\n<p>Protect your air conditioner&#039;s outdoor unit from adverse environmental conditions and mechanical damage with the air conditioner outdoor unit protector. This product will not only increase the durability of your unit, but also ensure its optimal performance throughout the year. Take care of your air conditioner for long-lasting comfort!&nbsp;<\/p>","protected":false},"excerpt":{"rendered":"<p>PVC kondicionieriaus i\u0161orinio bloko apsauga yra inovatyvus sprendimas, skirtas apsaugoti j\u016bs\u0173 nam\u0173 ar biuro kondicionieriaus i\u0161orin\u012f blok\u0105 nuo nepalanki\u0173 oro<\/p>","protected":false},"featured_media":26561,"comment_status":"closed","ping_status":"open","template":"","meta":[],"product_brand":[],"product_cat":[23],"product_tag":[535],"class_list":{"0":"post-26559","1":"product","2":"type-product","3":"status-publish","4":"has-post-thumbnail","6":"product_cat-be-kategorijos","7":"product_tag-naujiena","9":"first","10":"onbackorder","11":"taxable","12":"shipping-taxable","13":"product-type-variable"},"_links":{"self":[{"href":"https:\/\/orotech.lt\/en\/wp-json\/wp\/v2\/product\/26559","targetHints":{"allow":["GET"]}}],"collection":[{"href":"https:\/\/orotech.lt\/en\/wp-json\/wp\/v2\/product"}],"about":[{"href":"https:\/\/orotech.lt\/en\/wp-json\/wp\/v2\/types\/product"}],"replies":[{"embeddable":true,"href":"https:\/\/orotech.lt\/en\/wp-json\/wp\/v2\/comments?post=26559"}],"version-history":[{"count":1,"href":"https:\/\/orotech.lt\/en\/wp-json\/wp\/v2\/product\/26559\/revisions"}],"predecessor-version":[{"id":26560,"href":"https:\/\/orotech.lt\/en\/wp-json\/wp\/v2\/product\/26559\/revisions\/26560"}],"wp:featuredmedia":[{"embeddable":true,"href":"https:\/\/orotech.lt\/en\/wp-json\/wp\/v2\/media\/26561"}],"wp:attachment":[{"href":"https:\/\/orotech.lt\/en\/wp-json\/wp\/v2\/media?parent=26559"}],"wp:term":[{"taxonomy":"product_brand","embeddable":true,"href":"https:\/\/orotech.lt\/en\/wp-json\/wp\/v2\/product_brand?post=26559"},{"taxonomy":"product_cat","embeddable":true,"href":"https:\/\/orotech.lt\/en\/wp-json\/wp\/v2\/product_cat?post=26559"},{"taxonomy":"product_tag","embeddable":true,"href":"https:\/\/orotech.lt\/en\/wp-json\/wp\/v2\/product_tag?post=26559"}],"curies":[{"name":"wp","href":"https:\/\/api.w.org\/{rel}","templated":true}]}}