{"id":26563,"date":"2025-09-09T07:45:02","date_gmt":"2025-09-09T07:45:02","guid":{"rendered":"https:\/\/orotech.lt\/kondicionieriaus-isorinio-bloko-apsauga-feelspot\/"},"modified":"2025-09-10T06:15:51","modified_gmt":"2025-09-10T06:15:51","slug":"feelspot-air-conditioner-outdoor-unit-protection","status":"publish","type":"product","link":"https:\/\/orotech.lt\/en\/feelspot-air-conditioner-outdoor-unit-protection\/","title":{"rendered":"Air conditioner outdoor unit protection Feelspot"},"content":{"rendered":"<p style=\"text-align: justify;\"><strong>Feelspot air conditioner external unit protection - stylish protection for your air conditioner&nbsp;<\/strong><\/p>\n<p style=\"text-align: justify;\">Are you looking for a solution to maintain a flawless appearance and provide reliable protection for your outdoor air conditioner unit? <strong>Feelspot external block protection<\/strong> \u2013 it is functionality, durability and aesthetics in one product. Air conditioner <strong>outdoor unit protection<\/strong> is an innovative solution designed to protect the outdoor unit of your home or office air conditioner from adverse weather conditions, mechanical damage and dust accumulation. The highest quality materials used in production ensure the efficiency and durability of your air conditioner and also contribute to preserving the aesthetics of the outdoor unit.&nbsp; &nbsp;<\/p>\n<p style=\"text-align: justify;\">Feelspot is synonymous with innovative, modern solutions.<strong> Air conditioner external unit protection <\/strong>not only perfectly protects your air conditioner, but also gives the exterior an additional style accent. Ensure the durability and aesthetic appearance of your air conditioner today!&nbsp;<\/p>\n<p><strong>Advantages:<\/strong><\/p>\n<ul>\n<li>\n\t\tTop quality materials: made of galvanized metal, which is corrosion resistant and perfect for outdoor use even in cold weather;<\/li>\n<li>\n\t\tConvenient and quick installation system;<\/li>\n<li>\n\t\tEfficient air circulation: special openings in the design ensure optimal air flow, protecting your air conditioner from overheating;<\/li>\n<li>\n\t\tModern design: minimalist gray protection blends harmoniously with various building facades;<\/li>\n<li>\n\t\tThe top canopy can be opened upwards!<\/li>\n<\/ul>\n<p><strong>Technical information:<\/strong><\/p>\n<ul>\n<li>\n\t\tColor: RAL7016, anthracite;<\/li>\n<li>\n\t\tDimensions <strong>external<\/strong>: L (1000 x 500 x 800 mm), M (930 x 500 x 780 mm);<\/li>\n<li>\n\t\tDimensions <strong>internal<\/strong>: L (950 x 475 x 780 mm), M (880 x 475 x 760 mm);<\/li>\n<li>\n\t\tMaterial: galvanized metal 120g (EN10340), coated with matte powder paint (80\u00b5m);<\/li>\n<li>\n\t\tMetal thickness \u2013 1.2 mm.<\/li>\n<\/ul>\n<p><strong>Warranty:<\/strong><\/p>\n<ul>\n<li>\n\t\tPaint layer \u2013 2 years;<\/li>\n<li>\n\t\tCorrosion \u2013 5 years.<\/li>\n<\/ul>\n<p><strong>The package includes:<\/strong><\/p>\n<ul>\n<li>\n\t\tSide parts, 3 pcs.<\/li>\n<li>\n\t\tCanopy, 1 pc.<\/li>\n<li>\n\t\tAssembly screws (suspension screws not included).&nbsp;<\/li>\n<\/ul>","protected":false},"excerpt":{"rendered":"<p>Kondicionieriaus i\u0161orin\u0117 bloko apsauga Feelspot &ndash; stilinga apsauga j\u016bs\u0173 kondicionieriui&nbsp; Ie\u0161kote sprendimo, kaip i\u0161laikyti nepriekai\u0161ting\u0105 i\u0161vaizd\u0105 ir u\u017etikrinti patikim\u0105 apsaug\u0105<\/p>","protected":false},"featured_media":26565,"comment_status":"closed","ping_status":"open","template":"","meta":[],"product_brand":[],"product_cat":[],"product_tag":[],"class_list":{"0":"post-26563","1":"product","2":"type-product","3":"status-publish","4":"has-post-thumbnail","7":"first","8":"onbackorder","9":"taxable","10":"shipping-taxable","11":"product-type-variable"},"_links":{"self":[{"href":"https:\/\/orotech.lt\/en\/wp-json\/wp\/v2\/product\/26563","targetHints":{"allow":["GET"]}}],"collection":[{"href":"https:\/\/orotech.lt\/en\/wp-json\/wp\/v2\/product"}],"about":[{"href":"https:\/\/orotech.lt\/en\/wp-json\/wp\/v2\/types\/product"}],"replies":[{"embeddable":true,"href":"https:\/\/orotech.lt\/en\/wp-json\/wp\/v2\/comments?post=26563"}],"version-history":[{"count":1,"href":"https:\/\/orotech.lt\/en\/wp-json\/wp\/v2\/product\/26563\/revisions"}],"predecessor-version":[{"id":26564,"href":"https:\/\/orotech.lt\/en\/wp-json\/wp\/v2\/product\/26563\/revisions\/26564"}],"wp:featuredmedia":[{"embeddable":true,"href":"https:\/\/orotech.lt\/en\/wp-json\/wp\/v2\/media\/26565"}],"wp:attachment":[{"href":"https:\/\/orotech.lt\/en\/wp-json\/wp\/v2\/media?parent=26563"}],"wp:term":[{"taxonomy":"product_brand","embeddable":true,"href":"https:\/\/orotech.lt\/en\/wp-json\/wp\/v2\/product_brand?post=26563"},{"taxonomy":"product_cat","embeddable":true,"href":"https:\/\/orotech.lt\/en\/wp-json\/wp\/v2\/product_cat?post=26563"},{"taxonomy":"product_tag","embeddable":true,"href":"https:\/\/orotech.lt\/en\/wp-json\/wp\/v2\/product_tag?post=26563"}],"curies":[{"name":"wp","href":"https:\/\/api.w.org\/{rel}","templated":true}]}}