{"id":26568,"date":"2025-09-09T07:55:03","date_gmt":"2025-09-09T07:55:03","guid":{"rendered":"https:\/\/orotech.lt\/lituoklis-su-skaitmenine-litavimo-stotele-trotec-psis-10-230v\/"},"modified":"2025-09-10T06:15:52","modified_gmt":"2025-09-10T06:15:52","slug":"lituoklis-su-skaitmenine-litavimo-stotele-trotec-psis-10-230v","status":"publish","type":"product","link":"https:\/\/orotech.lt\/en\/lituoklis-su-skaitmenine-litavimo-stotele-trotec-psis-10-230v\/","title":{"rendered":"Lituoklis su skaitmenine litavimo stotele Trotec PSIS 10-230V"},"content":{"rendered":"<p style=\"text-align: justify;\">\u0160is prietais\u0173 komplektas skirtas elektronikos \u012frenginiams lituoti, plastikui sujungti ar net rankdarbiams atlikti. Litavimo stotel\u0117s lituoklio temperat\u016bra gali b\u016bti nuo 200 <sup>oh<\/sup>C iki 450 <sup>oh<\/sup>C. Stotel\u0117s valdymo pulte galima i\u0161 anksto pasirinkti tris temperat\u016bros lygius (200<sup>oh<\/sup>C\/300<sup>oh<\/sup>C\/400<sup>oh<\/sup>C). Taip pat, temperat\u016br\u0105 galima reguliuoti 10 <sup>oh<\/sup>C intervalais.<\/p>\n<p><strong>Technical specifications:<\/strong><\/p>\n<ul>\n<li>\n\t\t\u012etampa: 230 V \/ 50 Hz;<\/li>\n<li>\n\t\tGalia: 60 W;<\/li>\n<li>\n\t\tTemperat\u016bros intervalas: 200 <sup>oh<\/sup>C &#8211; 450 <sup>oh<\/sup>C;<\/li>\n<li>\n\t\tLitavimo stotel\u0117s laido ilgis: 1,5 m;<\/li>\n<li>\n\t\tLituoklio laido ilgis: 1,2 m;<\/li>\n<li>\n\t\tProtection class: I;<\/li>\n<li>\n\t\tWeight: 1 kg.<\/li>\n<\/ul>\n<p><strong>Advantages:<\/strong><\/p>\n<ul>\n<li>\n\t\t60 W skaitmenin\u0117 litavimo stotel\u0117 su temperat\u016brai atspariu lituokliu;<\/li>\n<li>\n\t\tVos per 60 sekund\u017ei\u0173 pasiekiamas reikalingas temperat\u016bros lygis bei palaikoma pastovi auk\u0161ta temperat\u016bra;<\/li>\n<li>\n\t\tDidelis, lengvai skaitomas LC ekranas;<\/li>\n<li>\n\t\t3 i\u0161 anksto suprogramuotos temperat\u016bros vert\u0117s (200<sup>oh<\/sup>C\/300<sup>oh<\/sup>C\/400<sup>oh<\/sup>C);<\/li>\n<li>\n\t\tReguliuojama stotel\u0117s temperat\u016bra (200 &deg; C &#8211; 450 &deg; C) \u012fvairiems darbams atlikti;<\/li>\n<li>\n\t\tEnergij\u0105 taupantis prietaisas, automati\u0161kai i\u0161sijungiantis po 30 min.;<\/li>\n<li>\n\t\tLitavimo antgali\u0173 keitimas be \u012franki\u0173;<\/li>\n<li>\n\t\tTvirtas lituoklio laikiklis u\u017etikrina tvirt\u0105 atram\u0105.<\/li>\n<\/ul>\n<p><strong>Komplekt\u0105 sudaro:<\/strong><\/p>\n<ul>\n<li>\n\t\tLituoklis su skaitmenine stotele;<\/li>\n<li>\n\t\t1 lituoklio laikiklis;<\/li>\n<li>\n\t\t3 litavimo antgliai;<\/li>\n<li>\n\t\t1 lydmetalis &oslash; 1,0 mm, 10 g;<\/li>\n<li>\n\t\t1 lydmetalis &oslash; 1,5 mm, 10 g;<\/li>\n<li>\n\t\t1 lituoklio antgalio valymo kempin\u0117l\u0117.<\/li>\n<\/ul>\n<p>\n\t<a class=\"catalogue\" href=\"https:\/\/www.rubisolis.lt\/\/failai\/files\/produktu%20pdf\/Trotec\/%C4%AErankiai\/TRT-BA-PSIS10-230V-TC-001-LT.pdf\" target=\"blank\" rel=\"nofollow noopener\">Download product manual<\/a><\/p>","protected":false},"excerpt":{"rendered":"<p>\u0160is prietais\u0173 komplektas skirtas elektronikos \u012frenginiams lituoti, plastikui sujungti ar net rankdarbiams atlikti. Litavimo stotel\u0117s lituoklio temperat\u016bra gali b\u016bti nuo<\/p>","protected":false},"featured_media":26570,"comment_status":"closed","ping_status":"open","template":"","meta":[],"product_brand":[],"product_cat":[23],"product_tag":[535],"class_list":{"0":"post-26568","1":"product","2":"type-product","3":"status-publish","4":"has-post-thumbnail","6":"product_cat-be-kategorijos","7":"product_tag-naujiena","9":"first","10":"onbackorder","11":"taxable","12":"shipping-taxable","13":"product-type-variable"},"_links":{"self":[{"href":"https:\/\/orotech.lt\/en\/wp-json\/wp\/v2\/product\/26568","targetHints":{"allow":["GET"]}}],"collection":[{"href":"https:\/\/orotech.lt\/en\/wp-json\/wp\/v2\/product"}],"about":[{"href":"https:\/\/orotech.lt\/en\/wp-json\/wp\/v2\/types\/product"}],"replies":[{"embeddable":true,"href":"https:\/\/orotech.lt\/en\/wp-json\/wp\/v2\/comments?post=26568"}],"version-history":[{"count":1,"href":"https:\/\/orotech.lt\/en\/wp-json\/wp\/v2\/product\/26568\/revisions"}],"predecessor-version":[{"id":26569,"href":"https:\/\/orotech.lt\/en\/wp-json\/wp\/v2\/product\/26568\/revisions\/26569"}],"wp:featuredmedia":[{"embeddable":true,"href":"https:\/\/orotech.lt\/en\/wp-json\/wp\/v2\/media\/26570"}],"wp:attachment":[{"href":"https:\/\/orotech.lt\/en\/wp-json\/wp\/v2\/media?parent=26568"}],"wp:term":[{"taxonomy":"product_brand","embeddable":true,"href":"https:\/\/orotech.lt\/en\/wp-json\/wp\/v2\/product_brand?post=26568"},{"taxonomy":"product_cat","embeddable":true,"href":"https:\/\/orotech.lt\/en\/wp-json\/wp\/v2\/product_cat?post=26568"},{"taxonomy":"product_tag","embeddable":true,"href":"https:\/\/orotech.lt\/en\/wp-json\/wp\/v2\/product_tag?post=26568"}],"curies":[{"name":"wp","href":"https:\/\/api.w.org\/{rel}","templated":true}]}}