{"id":26580,"date":"2025-09-09T07:55:03","date_gmt":"2025-09-09T07:55:03","guid":{"rendered":"https:\/\/orotech.lt\/graviravimo-irankis-trotec-pegs-10-230-v\/"},"modified":"2025-09-10T06:15:53","modified_gmt":"2025-09-10T06:15:53","slug":"graviravimo-irankis-trotec-pegs-10-230-v","status":"publish","type":"product","link":"https:\/\/orotech.lt\/en\/graviravimo-irankis-trotec-pegs-10-230-v\/","title":{"rendered":"Graviravimo \u012frankis Trotec PEGS 10-230 V"},"content":{"rendered":"<p style=\"text-align: justify;\"><strong>Graviravimo \u012frankis<\/strong> Trotec PEGS 10-230 V &ndash; prakti\u0161kas \u012frankis skirtas graviruoti metalui, med\u017eiui, keramikai, odai, plastikui, bei stiklui. Su patogiu graviravimo prietaisu PEGS 10-230 V turite begal\u0119 galimybi\u0173 individualiai i\u0161graviruoti ir papuo\u0161ti kasdienius ir buities daiktus, papuo\u0161alus ar dovanas. Kad gal\u0117tum\u0117te prad\u0117ti i\u0161 karto, \u012f komplekt\u0105 jau \u012ftraukti 4 prakti\u0161ki graviravimo trafaretai su raid\u0117mis, skai\u010diais bei naudingais ir dekoratyviniais simboliais. Graviravimo prietaisu motyvus, tekstus ar pie\u0161inius taip pat tinka graviruoti laisva ranka. 17 vat\u0173 Trotec PEGS 10-230V <strong>graviravimo \u012frankis<\/strong> i\u0161vysto 6000 aps.\/min. tu\u0161\u010diosios eigos greit\u012f. Kei\u010diamas prietaiso graviravimo antgalis pagamintas i\u0161 patvaraus volframo plieno, kuris leid\u017eia i\u0161graviruoti beveik bet koki\u0105 med\u017eiag\u0105 kontroliuojamai ir tiksliai.<\/p>\n<p style=\"text-align: justify;\"><strong>Privalumai:<\/strong><\/p>\n<ul>\n<li>\n\t\tTinka \u012fvairioms med\u017eiagoms, tokioms kaip metalas, keramika, oda, stiklas, mediena ar plastikas;<\/li>\n<li>\n\t\tPatvarus, auk\u0161tos kokyb\u0117s graviravimo antgalis, pagamintas i\u0161 volframo plieno;<\/li>\n<li>\n\t\tGraviravimo antgalio fiksatoriui nereikalingi papildomi \u012frankiai<\/li>\n<li>\n\t\t2 metr\u0173 maitinimo laidas su prakti\u0161ka pakabinimo \u0105sele;<\/li>\n<li>\n\t\tTolygiai reguliuojamas eigos gylis iki maks. 4mm;<\/li>\n<li>\n\t\tErgonomi\u0161kas dizainas su neslystan\u010dia mink\u0161ta rankena;<\/li>\n<li>\n\t\tKomplektacijoje prid\u0117ti 4 graviravimo trafaretai.<\/li>\n<\/ul>\n<p style=\"text-align: justify;\"><strong>Technin\u0117 informacija:<\/strong><\/p>\n<ul>\n<li>\n\t\tDarbo laikas iki pirminio atv\u0117sinimo: 10 min.;<\/li>\n<li>\n\t\tJungtis prie tinklo: 230 V\/50 Hz;<\/li>\n<li>\n\t\tGalia: 17 W;<\/li>\n<li>\n\t\tApsaugos klas\u0117: II;<\/li>\n<li>\n\t\tKabelio ilgis: 2 m;<\/li>\n<li>\n\t\tGarso sl\u0117gio lygis: 74 [dB(A)];<\/li>\n<li>\n\t\tGarso galios lygis: 85 [dB];<\/li>\n<li>\n\t\tTu\u0161\u010diosios eigos s\u016bki\u0173 skai\u010dius: 6000 aps.\/min.;<\/li>\n<li>\n\t\tMatmenys: 42x45x150;<\/li>\n<li>\n\t\tSvoris: 0,37 kg<\/li>\n<\/ul>\n<p style=\"text-align: justify;\"><a class=\"catalogue\" href=\"\/images\/Userfiles\/www.rubisolis.lt_graviravimo_rankis_Trotec_PEGS_10-230_V_Engraving_pen_Trotec_PEGS_10-230_V_instrukcija.PDF\" target=\"blank\">Atsisi\u0173sti produkto instrukcij\u0105<\/a><\/p>\n","protected":false},"excerpt":{"rendered":"<p>Graviravimo \u012frankis Trotec PEGS 10-230 V &ndash; prakti\u0161kas \u012frankis skirtas graviruoti metalui, med\u017eiui, keramikai, odai, plastikui, bei stiklui. Su patogiu<\/p>","protected":false},"featured_media":26582,"comment_status":"closed","ping_status":"open","template":"","meta":[],"product_brand":[],"product_cat":[23],"product_tag":[535],"class_list":{"0":"post-26580","1":"product","2":"type-product","3":"status-publish","4":"has-post-thumbnail","6":"product_cat-be-kategorijos","7":"product_tag-naujiena","9":"first","10":"onbackorder","11":"taxable","12":"shipping-taxable","13":"product-type-variable"},"_links":{"self":[{"href":"https:\/\/orotech.lt\/en\/wp-json\/wp\/v2\/product\/26580","targetHints":{"allow":["GET"]}}],"collection":[{"href":"https:\/\/orotech.lt\/en\/wp-json\/wp\/v2\/product"}],"about":[{"href":"https:\/\/orotech.lt\/en\/wp-json\/wp\/v2\/types\/product"}],"replies":[{"embeddable":true,"href":"https:\/\/orotech.lt\/en\/wp-json\/wp\/v2\/comments?post=26580"}],"version-history":[{"count":1,"href":"https:\/\/orotech.lt\/en\/wp-json\/wp\/v2\/product\/26580\/revisions"}],"predecessor-version":[{"id":26581,"href":"https:\/\/orotech.lt\/en\/wp-json\/wp\/v2\/product\/26580\/revisions\/26581"}],"wp:featuredmedia":[{"embeddable":true,"href":"https:\/\/orotech.lt\/en\/wp-json\/wp\/v2\/media\/26582"}],"wp:attachment":[{"href":"https:\/\/orotech.lt\/en\/wp-json\/wp\/v2\/media?parent=26580"}],"wp:term":[{"taxonomy":"product_brand","embeddable":true,"href":"https:\/\/orotech.lt\/en\/wp-json\/wp\/v2\/product_brand?post=26580"},{"taxonomy":"product_cat","embeddable":true,"href":"https:\/\/orotech.lt\/en\/wp-json\/wp\/v2\/product_cat?post=26580"},{"taxonomy":"product_tag","embeddable":true,"href":"https:\/\/orotech.lt\/en\/wp-json\/wp\/v2\/product_tag?post=26580"}],"curies":[{"name":"wp","href":"https:\/\/api.w.org\/{rel}","templated":true}]}}