{"id":26592,"date":"2025-09-09T07:55:03","date_gmt":"2025-09-09T07:55:03","guid":{"rendered":"https:\/\/orotech.lt\/akumuliatorines-zoles-ir-krumu-zirkles-trotec-pgss-10-20v\/"},"modified":"2025-09-10T06:15:54","modified_gmt":"2025-09-10T06:15:54","slug":"akumuliatorines-zoles-ir-krumu-zirkles-trotec-pgss-10-20v","status":"publish","type":"product","link":"https:\/\/orotech.lt\/en\/akumuliatorines-zoles-ir-krumu-zirkles-trotec-pgss-10-20v\/","title":{"rendered":"Akumuliatorin\u0117s \u017eol\u0117s ir kr\u016bm\u0173 \u017eirkl\u0117s Trotec PGSS 10-20V"},"content":{"rendered":"<p>&lt;p style=&quot;text-align: justify;&quot;&gt;Sodo prie\u017ei\u016bra reikalauja d\u0117mesio bei tinkam\u0173 sodo \u012franki\u0173. \u017dol\u0117s ir kr\u016bm\u0173&lt;strong&gt;&amp;nbsp;akumuliatorin\u0117s \u017eirkl\u0117s&lt;\/strong&gt; Trotec PGSS 10-20V \u017eymiai palengvins J\u016bs\u0173 darb\u0105 norint tiksliai nupjauti vejos kra&amp;scaron;tus, gen\u0117ti ma\u017ealapes gyvatvores pavasar\u012f\/ruden\u012f, ar suteikti buksmed\u017eiui patraukli\u0105 form\u0105. Maloniai lengvos (1 kg) &lt;strong&gt;akumuliatorin\u0117s \u017eirkl\u0117s&lt;\/strong&gt; turi kei\u010diamus \u017eol\u0117s ir kr\u016bm\u0173 kirpimo priedus su paprasta antgali\u0173 keitimo sistema. Su &amp;scaron;iuo \u012frankiu galite atlikti beveik visus kiemo ir sodo \u017eelmen\u0173 gen\u0117jimo, form\u0173 pjovimo ir prie\u017ei\u016bros darbus, Jums nereik\u0117s nuolat keisti skirting\u0173 \u012franki\u0173. Peili\u0173 gele\u017et\u0117s &amp;scaron;lifuotos i&amp;scaron; abiej\u0173 pusi\u0173 bei pagamintos i&amp;scaron; auk&amp;scaron;tos kokyb\u0117s ir tvirto plieno, tod\u0117l garantuoja puik\u0173 pjovimo efektyvum\u0105 ir ilg\u0105 tarnavimo laik\u0105.&lt;\/p&gt;<br \/>\n&lt;p style=&quot;text-align: justify;&quot;&gt;Palyginti su triuk&amp;scaron;mingomis benzinin\u0117mis gyvatvori\u0173 \u017eirkl\u0117mis, &lt;strong&gt;akumuliatorin\u0117s \u017eirkl\u0117s&lt;\/strong&gt; Trotec PGSS 10-20V&amp;nbsp;pasi\u017eymi tyliu veikimu. Apsaugai nuo nety\u010dinio \u012fjungimo \u012frenginio rankenoje integruotas \u012fjungimo u\u017eraktas. Komplektacijoje esantys apsauginiai dangteliai suma\u017eina susi\u017eeidim\u0173 rizik\u0105 ir apsaugo gele\u017etes nuo dulki\u0173 bei purvo, kol prietaisas yra sand\u0117liuojamas.&lt;\/p&gt;<br \/>\n&lt;p style=&quot;text-align: justify;&quot;&gt;Galinga ir ilgaam\u017e\u0117 &amp;bdquo;Flexpower&amp;ldquo; 20V \/ 2Ah li\u010dio jon\u0173 baterija u\u017etikrina patvari\u0105 ir nuolat didel\u0119 pjovimo gali\u0105. Korpuse integruota 3 pakop\u0173 akumuliatoriaus lygio indikacija rodo akumuliatoriaus b\u016bsen\u0105, net jei baterija n\u0117ra prijungta prie \u012frenginio. Naudojant greit\u0105 \u012fkrovikl\u012f, visi&amp;scaron;kai i&amp;scaron;sikrovusi baterija v\u0117l bus paruo&amp;scaron;ta naudoti po 1 valandos. &amp;bdquo;Flexpower&amp;ldquo; 20V \/ 2Ah keli\u0173 \u012frengini\u0173 baterija taip pat gali b\u016bti naudojama su kitais &amp;bdquo;Trotec&amp;ldquo; \u012frankiais.&lt;\/p&gt;<br \/>\n&lt;p style=&quot;text-align: justify;&quot;&gt;&lt;strong&gt;Vienas akumuliatorius keliems \u012frenginiams &amp;ndash; naujovi&amp;scaron;ka Trotec akumuliatori\u0173 keitimo sistema!&lt;br \/&gt;&lt;\/strong&gt;&lt;\/p&gt;<br \/>\n&lt;p style=&quot;text-align: justify;&quot;&gt;Trotec gamintojo sukurtos &amp;bdquo;Flexpower&amp;ldquo; serijos d\u0117ka galite apsieiti be daugyb\u0117s akumuliatori\u0173 ir \u012fkrovikli\u0173 &amp;ndash; naujoji keli\u0173 \u012frengini\u0173 akumuliatori\u0173 sistema &amp;bdquo;Flexpower&amp;ldquo; gali b\u016bti derinama su daugybe Trotec belaid\u017ei\u0173 elektrini\u0173 \u012franki\u0173. &amp;bdquo;Flexpower&amp;ldquo; sistema pasi\u017eymi patogiu naudojimu, universalumu bei prisideda prie vartoji&amp;scaron;kumo ma\u017einimo.&amp;nbsp; &amp;nbsp;&lt;\/p&gt;<br \/>\n&lt;p style=&quot;text-align: justify;&quot;&gt;Patvirtinta auk&amp;scaron;\u010diausios kokyb\u0117s bei saugumo \u017eenklais TUV ir GS.&lt;\/p&gt;<br \/>\n&lt;p style=&quot;text-align: justify;&quot;&gt;&lt;img style=&quot;width: 1000px; height: 250px;&quot; src=&quot;\/images\/Userfiles\/www.rubisolis.lt_akumuliatorius_trotec_elektriniu_irankiu_universalus_akumuliatorius_trotec_20_V_2_Ah_.jpg&quot; alt=&quot;&quot; \/&gt;&lt;\/p&gt;<br \/>\n&lt;p style=&quot;text-align: justify;&quot;&gt;&lt;em&gt;&lt;strong&gt;D\u0117mesio! Baterijos ir \u012fkroviklio rinkinyje n\u0117ra. Jei neturite jokio kito &amp;bdquo;Trotec&amp;ldquo; elektrinio \u012frankio, 2,0 Ah 20V ar 4,0 Ah 20V &amp;bdquo;Flexpower&amp;ldquo; akumuliatori\u0173 galite \u012fsigyti atskirai.&lt;\/strong&gt;&lt;\/em&gt;&lt;\/p&gt;<br \/>\n&lt;p&gt;&lt;strong&gt;Advantages:&lt;\/strong&gt;&lt;\/p&gt;<br \/>\n&lt;ul&gt;<br \/>\n&lt;li style=&quot;text-align: justify;&quot;&gt;&lt;strong&gt;Akumuliatorin\u0117s \u017eirkl\u0117s&lt;\/strong&gt; leis tvarkingai pri\u017ei\u016br\u0117ti vejos kra&amp;scaron;tus ir formuoti gyvatvores;&lt;\/li&gt;<br \/>\n&lt;li style=&quot;text-align: justify;&quot;&gt;Kompakti&amp;scaron;kas sprendimas sodo prie\u017ei\u016brai;&lt;\/li&gt;<br \/>\n&lt;li style=&quot;text-align: justify;&quot;&gt;Komplektacijoje rasite du auk&amp;scaron;tos kokyb\u0117s peili\u0173 priedus, pagal\u0105stus i&amp;scaron; abiej\u0173 pusi\u0173 (10 cm plo\u010dio \u017eol\u0117s kirpimui ir 20 cm ilgio kr\u016bm\u0173 pjovimui), bei pasi\u017eymin\u010dius puikiu pjovimo na&amp;scaron;umu ir ilgu tarnavimo laiku;&lt;\/li&gt;<br \/>\n&lt;li style=&quot;text-align: justify;&quot;&gt;Prietaisui tinka &amp;ldquo;Flexpower&amp;rdquo; 20 V 2,0 Ah arba 4,0 Ah (abu ne\u012feina \u012f komplekt\u0105) akumuliatoriai &#8211; taip pat gali b\u016bti lanks\u010diai derinama su kitais 20 V akumuliatoriniais Trotec \u012frankiais;&lt;\/li&gt;<br \/>\n&lt;li style=&quot;text-align: justify;&quot;&gt;Lengvas a&amp;scaron;men\u0173 keitimas nenaudojant papildom\u0173 \u012franki\u0173;&lt;\/li&gt;<br \/>\n&lt;li style=&quot;text-align: justify;&quot;&gt;Integruotas nety\u010dinio \u012fjungimo u\u017eraktas;&lt;\/li&gt;<br \/>\n&lt;li style=&quot;text-align: justify;&quot;&gt;Apsauginiai gele\u017e\u010di\u0173 dangteliai.&lt;\/li&gt;<br \/>\n&lt;\/ul&gt;<br \/>\n&lt;p&gt;&lt;strong&gt;Technical information:&lt;\/strong&gt;&lt;\/p&gt;<br \/>\n&lt;ul&gt;<br \/>\n&lt;li&gt;Tu&amp;scaron;\u010diosios eigos aps.\/min: 1200 (min-1);&lt;\/li&gt;<br \/>\n&lt;li&gt;A&amp;scaron;men\u0173 med\u017eiaga: plienas 65 Mn;&lt;\/li&gt;<br \/>\n&lt;li&gt;Garso sl\u0117gio lygis Lpa: 63,2 dB (A);&lt;\/li&gt;<br \/>\n&lt;li&gt;Garso galios lygis Lwa: 83,2 dB (A);&lt;\/li&gt;<br \/>\n&lt;li&gt;Vibracijos emisijos vert\u0117 (ah): 2,6 m\/s&amp;sup2;;&lt;\/li&gt;<br \/>\n&lt;li&gt;Apsaugos klas\u0117: II;&lt;\/li&gt;<br \/>\n&lt;li&gt;Apsauga nuo dr\u0117gm\u0117s: IPX1;&lt;\/li&gt;<br \/>\n&lt;li&gt;Energijos s\u0105naudos: 65 W;&lt;\/li&gt;<br \/>\n&lt;li&gt;Vardin\u0117 \u012ftampa: 230 &amp;ndash; 240 V\/ 50 Hz;&lt;\/li&gt;<br \/>\n&lt;li&gt;Matmenys: 220x75x145 mm;&lt;\/li&gt;<br \/>\n&lt;li&gt;Svoris: 1 kg;&lt;\/li&gt;<br \/>\n&lt;li&gt;\u017dol\u0117s kirpimo priedas:&lt;\/li&gt;<br \/>\n&lt;li&gt;Veikimo laikas 2,0 Ah: 150 min.;&lt;\/li&gt;<br \/>\n&lt;li&gt;Veikimo laikas 4,0 Ah: 300 min.;&lt;\/li&gt;<br \/>\n&lt;li&gt;A&amp;scaron;men\u0173 plotis: 10 cm;&lt;\/li&gt;<br \/>\n&lt;li&gt;Kr\u016bm\u0173 pjovimo priedas:&lt;\/li&gt;<br \/>\n&lt;li&gt;Veikimo laikas 2,0 Ah: 190 min.;&lt;\/li&gt;<br \/>\n&lt;li&gt;Veikimo laikas 4,0 Ah: 400 min.;&lt;\/li&gt;<br \/>\n&lt;li&gt;A&amp;scaron;men\u0173 ilgis: 20 cm;&lt;\/li&gt;<br \/>\n&lt;li&gt;Maksimalus pjovimo storis: 8 cm.&lt;\/li&gt;<br \/>\n&lt;\/ul&gt;<br \/>\n&lt;p&gt;&lt;a class=&quot;catalogue&quot; href=&quot;\/en\/images\/Userfiles\/www.rubisolis.lt_Akumuliatorins_zols_ir_krm_zirkls_Trotec_PGSS_10-20V_CORDLESS_GRASS_AND_SHRUB_SHEARS_PGSS_10-20V.PDF\/&quot; target=&quot;blank&quot;&gt;Download product manual &lt;\/a&gt;&lt;\/p&gt;<\/p>","protected":false},"excerpt":{"rendered":"<p>&lt;p style=&quot;text-align: justify;&quot;&gt;Sodo prie\u017ei\u016bra reikalauja d\u0117mesio bei tinkam\u0173 sodo \u012franki\u0173. \u017dol\u0117s ir kr\u016bm\u0173&lt;strong&gt;&amp;nbsp;akumuliatorin\u0117s \u017eirkl\u0117s&lt;\/strong&gt; Trotec PGSS 10-20V \u017eymiai palengvins J\u016bs\u0173<\/p>","protected":false},"featured_media":26594,"comment_status":"closed","ping_status":"open","template":"","meta":[],"product_brand":[],"product_cat":[23],"product_tag":[535],"class_list":{"0":"post-26592","1":"product","2":"type-product","3":"status-publish","4":"has-post-thumbnail","6":"product_cat-be-kategorijos","7":"product_tag-naujiena","9":"first","10":"onbackorder","11":"taxable","12":"shipping-taxable","13":"product-type-variable"},"_links":{"self":[{"href":"https:\/\/orotech.lt\/en\/wp-json\/wp\/v2\/product\/26592","targetHints":{"allow":["GET"]}}],"collection":[{"href":"https:\/\/orotech.lt\/en\/wp-json\/wp\/v2\/product"}],"about":[{"href":"https:\/\/orotech.lt\/en\/wp-json\/wp\/v2\/types\/product"}],"replies":[{"embeddable":true,"href":"https:\/\/orotech.lt\/en\/wp-json\/wp\/v2\/comments?post=26592"}],"version-history":[{"count":1,"href":"https:\/\/orotech.lt\/en\/wp-json\/wp\/v2\/product\/26592\/revisions"}],"predecessor-version":[{"id":26593,"href":"https:\/\/orotech.lt\/en\/wp-json\/wp\/v2\/product\/26592\/revisions\/26593"}],"wp:featuredmedia":[{"embeddable":true,"href":"https:\/\/orotech.lt\/en\/wp-json\/wp\/v2\/media\/26594"}],"wp:attachment":[{"href":"https:\/\/orotech.lt\/en\/wp-json\/wp\/v2\/media?parent=26592"}],"wp:term":[{"taxonomy":"product_brand","embeddable":true,"href":"https:\/\/orotech.lt\/en\/wp-json\/wp\/v2\/product_brand?post=26592"},{"taxonomy":"product_cat","embeddable":true,"href":"https:\/\/orotech.lt\/en\/wp-json\/wp\/v2\/product_cat?post=26592"},{"taxonomy":"product_tag","embeddable":true,"href":"https:\/\/orotech.lt\/en\/wp-json\/wp\/v2\/product_tag?post=26592"}],"curies":[{"name":"wp","href":"https:\/\/api.w.org\/{rel}","templated":true}]}}