{"id":26604,"date":"2025-09-09T07:55:03","date_gmt":"2025-09-09T07:55:03","guid":{"rendered":"https:\/\/orotech.lt\/ikraunamas-prozektorius-trotec-pwls-06-10\/"},"modified":"2025-09-10T06:15:55","modified_gmt":"2025-09-10T06:15:55","slug":"ikraunamas-prozektorius-trotec-pwls-06-10","status":"publish","type":"product","link":"https:\/\/orotech.lt\/en\/ikraunamas-prozektorius-trotec-pwls-06-10\/","title":{"rendered":"\u012ekraunamas pro\u017eektorius Trotec PWLS 06-10"},"content":{"rendered":"<p style=\"text-align: justify;\">Kompakti\u0161ko dizaino \u012fkraunamas&nbsp;<strong>LED pro\u017eektorius<\/strong> Trotec PWLS 06-10 turi patogi\u0105 ranken\u0105, kuri\u0105 galima pakreipti 180&deg; kampu, \u0161e\u0161iomis skirtingomis pad\u0117timis. D\u0117l \u012fmontuoto magnetinio laikiklio, pro\u017eektori\u0173 galima pritvirtinti prie metalini\u0173 pavir\u0161i\u0173. 10 W galios PWLS 06-10 <strong>LED<\/strong> <strong>pro\u017eektorius<\/strong> skleid\u017eia \u0161altai balt\u0105 \u0161vies\u0105, kurios temperat\u016bra yra 6000 K, o veikimo trukm\u0117 yra apie 4-9 valandos, priklausomai nuo pasirinkto \u0161vietimo re\u017eimo. &nbsp;<\/p>\n<p style=\"text-align: justify;\"><strong><em>Trys \u0161vietimo re\u017eimai:<\/em><\/strong><\/p>\n<p>1 re\u017eimas &#8211; maksimalus ry\u0161kumas: 800 liumen\u0173 \u0161viesos intensyvumas u\u017etikrina optimalias matomumo s\u0105lygas.<\/p>\n<p>2 re\u017eimas &#8211; suma\u017eintas ry\u0161kumas: akinam\u0105 \u0161viesos ry\u0161kum\u0105 galima suma\u017einti iki 240 liumen\u0173.<\/p>\n<p>3 re\u017eimas &#8211; stroboskopo lemput\u0117: \u017eibintuv\u0117lis, kuris u\u017esidega tarpais, gali b\u016bti naudojamas kaip mirksinti \u012fsp\u0117jamoji lemput\u0117 ar kita.<\/p>\n<p style=\"text-align: justify;\">D\u0117ka apsaugos klas\u0117s IP44, \u0161is universalus<strong> LED<\/strong> <strong>pro\u017eektorius<\/strong> puikiai tarnaus ne tik atliekant \u012fvairius automobili\u0173, patalp\u0173 remonto ar buities darbus, kur n\u0117ra pakankamo ap\u0161vietimo, bet ir laisvalaikiu: stovyklaujant, naktin\u0117s \u017e\u016bkl\u0117s metu, naktiniame \u017eygyje ar kita. <strong>LED pro\u017eektorius<\/strong> Trotec PWLS 06-10 turi \u012fmontuot\u0105 akumuliatori\u0173, kuris \u012fkraunamas per USB \u012fkrovimo laid\u0105 ir \u012fkrovikl\u012f.<\/p>\n<p style=\"text-align: justify;\"><em>D\u0117mesio! \u012ekroviklis \u012f komplektacij\u0105 ne\u012feina.&nbsp;&nbsp;<\/em><\/p>\n<p><strong>Technin\u0117 specifikacija:<\/strong><\/p>\n<ul>\n<li>\n\t\tGalia: 10 W;<\/li>\n<li>\n\t\t\u0160viesos srautas: 800 lm;<\/li>\n<li>\n\t\t\u0160viesos trukm\u0117: didelis \u0161viesos intensyvumas &ndash; 4-5 val., ma\u017eas \u0161viesos intensyvumas &ndash; 8-9 val.;<\/li>\n<li>\n\t\tLeid\u017eiama aplinkos temperat\u016bra (neveikimo metu): -30-+75 oC;<\/li>\n<li>\n\t\tDarbin\u0117 temperat\u016bra: -20-+55 oC;<\/li>\n<li>\n\t\tApsaugos tipas: IP44;<\/li>\n<li>\n\t\tApsaugos klas\u0117: III;<\/li>\n<li>\n\t\tAkumuliatoriaus r\u016b\u0161is: Li-Ion;<\/li>\n<li>\n\t\tAkumuliatoriaus talpa: 4400 mAh;<\/li>\n<li>\n\t\tUSB laido ilgis: 0,8 m;<\/li>\n<li>\n\t\tI\u0161matavimai: 40x160x125 mm;<\/li>\n<li>\n\t\tSvoris: 0,434 g.<\/li>\n<\/ul>\n<p><strong>Advantages:<\/strong><\/p>\n<ul>\n<li>\n\t\t3,7 V li\u010dio jon\u0173 akumuliatorius (4,4 Ah);<\/li>\n<li>\n\t\tIntensyvios \u0161viesos LED pro\u017eektorius su sm\u016bgiams atspariu korpusu;<\/li>\n<li>\n\t\tDidelio na\u0161umo COB \u0161viesos diodai suteikia tolygi\u0105, ypa\u010d ry\u0161ki\u0105 \u0161vies\u0105 (800 lm);<\/li>\n<li>\n\t\tLanksti rankena ir koja, gali b\u016bti reguliuojama 180&deg; kampu, 6-mis skirtingomis pad\u0117timis;<\/li>\n<li>\n\t\t3 ap\u0161vietimo re\u017eimai: didelis ry\u0161kumas, ma\u017eas ry\u0161kumas, strobokopo re\u017eimas;<\/li>\n<li>\n\t\t\u012emontuotas magnetinis laikiklis tvirtinimui prie metalini\u0173 pavir\u0161i\u0173;<\/li>\n<li>\n\t\t4 pakop\u0173 akumuliatoriaus lygio indikacija;<\/li>\n<li>\n\t\tI\u0161orin\u0117s baterijos funkcija su USB jungtimi (A tipas) ir 80 cm USB \u012fkrovimo laidu (A tipo USB ki\u0161tukas \/ B tipo mikro USB ki\u0161tukas)<\/li>\n<li>\n\t\tApsaugos klas\u0117: IP44 &#8211; apsauga nuo vandens pursl\u0173;<\/li>\n<li>\n\t\tNuolatinio \u0161vietimo trukm\u0117 &#8211; iki 8 valand\u0173;<\/li>\n<li>\n\t\tSpalvos temperat\u016bra 6000 K (dienos \u0161viesa balta).<\/li>\n<\/ul>\n<p><a class=\"catalogue\" href=\"\/en\/images\/Userfiles\/www.rubisolis.lt_prozektorius_trotec_pwls_06-10_instrukcija_Cordless_LED_work_light_trotec_pwls_06-10_manual.pdf\/\" target=\"blank\">Download product manual<\/a><\/p>","protected":false},"excerpt":{"rendered":"<p>Kompakti\u0161ko dizaino \u012fkraunamas&nbsp;LED pro\u017eektorius Trotec PWLS 06-10 turi patogi\u0105 ranken\u0105, kuri\u0105 galima pakreipti 180&deg; kampu, \u0161e\u0161iomis skirtingomis pad\u0117timis. D\u0117l \u012fmontuoto<\/p>","protected":false},"featured_media":26606,"comment_status":"closed","ping_status":"open","template":"","meta":[],"product_brand":[],"product_cat":[23],"product_tag":[535],"class_list":{"0":"post-26604","1":"product","2":"type-product","3":"status-publish","4":"has-post-thumbnail","6":"product_cat-be-kategorijos","7":"product_tag-naujiena","9":"first","10":"onbackorder","11":"taxable","12":"shipping-taxable","13":"product-type-variable"},"_links":{"self":[{"href":"https:\/\/orotech.lt\/en\/wp-json\/wp\/v2\/product\/26604","targetHints":{"allow":["GET"]}}],"collection":[{"href":"https:\/\/orotech.lt\/en\/wp-json\/wp\/v2\/product"}],"about":[{"href":"https:\/\/orotech.lt\/en\/wp-json\/wp\/v2\/types\/product"}],"replies":[{"embeddable":true,"href":"https:\/\/orotech.lt\/en\/wp-json\/wp\/v2\/comments?post=26604"}],"version-history":[{"count":1,"href":"https:\/\/orotech.lt\/en\/wp-json\/wp\/v2\/product\/26604\/revisions"}],"predecessor-version":[{"id":26605,"href":"https:\/\/orotech.lt\/en\/wp-json\/wp\/v2\/product\/26604\/revisions\/26605"}],"wp:featuredmedia":[{"embeddable":true,"href":"https:\/\/orotech.lt\/en\/wp-json\/wp\/v2\/media\/26606"}],"wp:attachment":[{"href":"https:\/\/orotech.lt\/en\/wp-json\/wp\/v2\/media?parent=26604"}],"wp:term":[{"taxonomy":"product_brand","embeddable":true,"href":"https:\/\/orotech.lt\/en\/wp-json\/wp\/v2\/product_brand?post=26604"},{"taxonomy":"product_cat","embeddable":true,"href":"https:\/\/orotech.lt\/en\/wp-json\/wp\/v2\/product_cat?post=26604"},{"taxonomy":"product_tag","embeddable":true,"href":"https:\/\/orotech.lt\/en\/wp-json\/wp\/v2\/product_tag?post=26604"}],"curies":[{"name":"wp","href":"https:\/\/api.w.org\/{rel}","templated":true}]}}