{"id":26628,"date":"2025-09-09T07:55:03","date_gmt":"2025-09-09T07:55:03","guid":{"rendered":"https:\/\/orotech.lt\/akumuliatoriaus-pakrovejas-trotec-pbcs-6a\/"},"modified":"2025-09-10T06:15:57","modified_gmt":"2025-09-10T06:15:57","slug":"akumuliatoriaus-pakrovejas-trotec-pbcs-6a","status":"publish","type":"product","link":"https:\/\/orotech.lt\/en\/akumuliatoriaus-pakrovejas-trotec-pbcs-6a\/","title":{"rendered":"Akumuliatoriaus pakrov\u0117jas Trotec PBCS 6A"},"content":{"rendered":"<p style=\"text-align: justify;\"><img decoding=\"async\" alt=\"\" src=\"\/images\/Userfiles\/www.rubisolis.lt_akumuliatoriaus_krovjas_Trotec_PBCS_6A_.jpg\" style=\"width: 1000px; height: 234px;\" title=\"\"><\/p>\n<p style=\"text-align: justify;\"><em>Universal <strong>akumuliatoriaus pakrov\u0117jas<\/strong> Trotec PBCS 6A su LCD ekranu skirtas automobili\u0173, visureigi\u0173, motocikl\u0173 traktori\u0173 ar net motorini\u0173 val\u010di\u0173 12 V akumuliatori\u0173 \u012fkrovimui ir prie\u017ei\u016brai&nbsp;<\/em><\/p>\n<p style=\"text-align: justify;\"><strong>Universalus prietaisas, skirtas 12 V akumuliatori\u0173 prie\u017ei\u016brai<br \/>\n\t<\/strong><\/p>\n<p style=\"text-align: justify;\"><strong>Akumuliatoriaus pakrov\u0117jas<\/strong> Trotec PBCS 6A pasi\u017eymi dideliu na\u0161umu ir kompakti\u0161ku dyd\u017eiu. Optimizuotas techni\u0161kai pa\u017eangiems ir galingiems \u0161iuolaikini\u0173 transporto priemoni\u0173 akumuliatoriams. Ne\u0161iojamas <strong>akumuliatoriaus pakrov\u0117jas <\/strong>Trotec PBCS 6A su 6 amper\u0173 \u012fkrovimo srove ir ap\u0161viestu LCD leis m\u0117gautis itin greitu ir saugiu automobili\u0173, visureigi\u0173, motocikl\u0173, traktori\u0173 ar motorini\u0173 val\u010di\u0173 12 V akumuliatori\u0173 \u012fkrovimu.&nbsp;<\/p>\n<p style=\"text-align: justify;\"><strong>Apsauga nuo i\u0161krovimo, akumuliatoriaus pa\u017eeidimo ir su akumuliatoriumi susijusi\u0173 gedim\u0173<br \/>\n\t<\/strong><\/p>\n<p style=\"text-align: justify;\">Jei vairuojate kabriolet\u0105, klasikin\u012f ar senovin\u012f automobil\u012f arba motorizuot\u0105 dvirat\u012f automobil\u012f, tikrai \u017einosite \u0161ias problemas: \u017eema temperat\u016bra \u017eiem\u0105, retas transporto priemon\u0117s naudojimas, trumpi pasiva\u017ein\u0117jimai bei transporto priemon\u0117s am\u017eius turi neigiamos \u012ftakos akumuliatoriaus veikimui. Netinkama prie\u017ei\u016bra suma\u017eina akumuliatoriaus tarnavimo laik\u0105, o tai gali b\u016bti svarbi prie\u017eastis, kod\u0117l j\u016bs\u0173 automobilis ar kita transporto neu\u017esiveda.. Nors baterij\u0173 technologija \u0161iais laikais jau labai pa\u017eengusi, i\u0161sikrov\u0119 akumuliatoriai i\u0161lieka da\u017eniausia gedim\u0173 prie\u017eastimi. Naudodami greitojo \u012fkrovimo re\u017eim\u0105, akumuliatoriaus pakrov\u0117jas Trotec PBCS 6A apsaugo akumuliatori\u0173 nuo i\u0161krovimo ir palaiko ideal\u0173 \u012fkrovimo lyg\u012f!<\/p>\n<p style=\"text-align: justify;\"><strong>Akumuliatoriaus pakrov\u0117jo Trotec PBCS 6A savyb\u0117s:<\/strong><\/p>\n<ul>\n<li>\n\t\t\u0160e\u0161ios reguliuojamos programos (standartinis \u012fkrovimo re\u017eimas, AGM re\u017eimas, \u017eiemos \u012fkrovimo re\u017eimas, trumpalaikio \u012fkrovimo re\u017eimas, atk\u016brimo re\u017eimas, tiekimo re\u017eimas);<\/li>\n<li>\n\t\tPenki\u0173 pakop\u0173 \u012fkrovimo eigos indikacija (20 %, 40 %, 60 %, 80 %, 100 %);<\/li>\n<li>\n\t\tOptin\u0117 \u012fsp\u0117jimo funkcija netinkamo akumuliatoriaus gnybt\u0173 poli\u0161kumo atveju (\u012fskaitant atvirk\u0161tinio poli\u0161kumo apsaugos funkcij\u0105);<\/li>\n<li>\n\t\tPrakti\u0161ka pakabinimo kilpa, skirta tvirtinti prie sienos;<\/li>\n<li>\n\t\tVisi\u0161kai izoliuoti akumuliatoriaus gnybtai.<\/li>\n<li>\n\t\tI\u0161manusis akumuliatoriaus pakrov\u0117jo Trotec PBCS 6A valdymas nuolat stebi \u012fkrovimo ciklus, o prireikus reikaling\u0105 re\u017eim\u0105 pritaiko automati\u0161kai.<\/li>\n<\/ul>\n<p style=\"text-align: justify;\"><strong>Safe use<br \/>\n\t<\/strong><\/p>\n<p style=\"text-align: justify;\"><strong>Akumuliatoriaus pakrov\u0117jas<\/strong> Trotec PBCS 6A turi apsauga nuo dulki\u0173 ir vandens pursl\u0173 pagal IP65 apsaugos laipsn\u012f. Taip pat, <strong>akumuliatoriaus pakrov\u0117jas <\/strong>Trotec PBCS 6A patikimai apsaugo akumuliatori\u0173 nuo per didelio \u012fkrovimo ar perkaitimo. Prijungimo metu nety\u010dia sumai\u0161ius akumuliatoriaus polius taip pat n\u0117ra problema: integruota atvirk\u0161tinio poli\u0161kumo apsaugos funkcija apsaugo nuo trumpojo jungimo, kibirk\u0161\u010diavimo, akumuliatoriaus ar pakrov\u0117jo sugadinimo. LCD ekrane matysite \u012fsp\u0117jamuosius prane\u0161imus kada akumuliatoriaus \u012ftampa per \u017eema arba per auk\u0161ta.<\/p>\n<p style=\"text-align: justify;\"><strong>\u012ekrovimo programos<br \/>\n\t<\/strong><\/p>\n<ul>\n<li>\n\t\t<strong>Standartinis \u012fkrovimo re\u017eimas.<\/strong> Standartinis \u012fkrovimo re\u017eimas tinka \u012fkrauti i\u0161 dalies i\u0161sikrovusias \u0161vino r\u016bg\u0161ties ir gelio tipo 12 V baterijas. Cikli\u0161kai optimizuotas \u012fkrovimo procesas prailgina akumuliatoriaus tarnavimo laik\u0105.<\/li>\n<li>\n\t\t<strong>AGM \u012fkrovimo re\u017eimas.<\/strong> AGM \u012fkrovimo re\u017eimas yra specialiai pritaikytas \u012fkrauti AGM tipo 12 V akumuliatorius. Cikli\u0161kai optimizuotas \u012fkrovimo procesas prailgina akumuliatoriaus tarnavimo laik\u0105.<\/li>\n<li>\n\t\t<strong>\u017diemos \u012fkrovimo re\u017eimas.<\/strong> \u0160iuolaikin\u0117s baterijos (\u0161vino r\u016bg\u0161ties, AGM ir gelio) yra itin jautrios temperat\u016brai. Kai aplinkos temperat\u016bra nukrenta \u017eemiau 5 &deg;C, cheminiai procesai \u0161vino r\u016bg\u0161ties akumuliatoriuje sul\u0117t\u0117ja. Tada \u017eiemos \u012fkrovimo re\u017eimas puikiai tinka greitai \u012fkrauti 12 V akumuliatorius \u0161altoje aplinkoje (-20 &deg;C iki +5 &deg;C) su padidinta \u012fkrovimo \u012ftampa.<\/li>\n<li>\n\t\t<strong>Greitojo \u012fkrovimo re\u017eimas.<\/strong> Greitojo \u012fkrovimo re\u017eimas skirtas visam laikui ir patikimai kompensuoti savaimin\u012f akumuliatoriaus i\u0161sikrovim\u0105 (\u0161vino r\u016bg\u0161tis, AGM ir gelis). Maksimali \u012fkrovimo talpa palaikoma nuolat, nepa\u017eeid\u017eiant akumuliatoriaus per daug \u012fkraunant. Idealiai tinka retai naudojam\u0173 transporto priemoni\u0173, pvz.: senovini\u0173 automobili\u0173 ar kabriolet\u0173 akumuliatori\u0173 prie\u017ei\u016brai.<\/li>\n<li>\n\t\t<strong>Atk\u016brimo re\u017eimas i\u0161montuotiems ir atskirai stovintiems akumuliatoriams.<\/strong> Atk\u016brimo re\u017eimas skirtas taisyti giliai i\u0161sikrovusius \u0161vino r\u016bg\u0161ties akumuliatorius, siekiant u\u017etikrinti, kad jie v\u0117l dirbt\u0173 savo vardin\u0119 talp\u0105. Akumuliatoriaus tarnavimo laikas pailg\u0117ja, daugeliu atvej\u0173 atnaujinimas gali u\u017ekirsti keli\u0105 b\u016btinybei \u012fsigyti nauj\u0105 baterij\u0105.<\/li>\n<li>\n\t\t<strong>Tiekimo re\u017eimas.<\/strong> Kai reikia atjungti arba pakeisti baterij\u0105, maitinimo re\u017eimu veikiantis PBCS 6A naudojamas kaip maitinimo \u0161altinis. Visi elektroniniai automobilio nustatymai lieka nepakit\u0119.<\/li>\n<\/ul>\n<p><strong>\u012ekrovimo laikas<br \/>\n\t<\/strong><\/p>\n<ul>\n<li>\n\t\t12 Ah: 2 val.<\/li>\n<li>\n\t\t30 Ah: 5 val.;<\/li>\n<li>\n\t\t60 Ah: 10 val.;<\/li>\n<li>\n\t\t70 Ah: 12 val.;&nbsp;<\/li>\n<li>\n\t\t100 Ah: 17 val.;&nbsp;<\/li>\n<li>\n\t\t120 Ah: 20 val..<\/li>\n<\/ul>\n<p style=\"text-align: justify;\"><strong>Technin\u0117 savyb\u0117s:<br \/>\n\t<\/strong><\/p>\n<ul>\n<li>\n\t\tVoltage: 12V;<\/li>\n<li>\n\t\tMaksimali \u012fkrovimo srov\u0117: 6,0 A;<\/li>\n<li>\n\t\tMaitinimas: 100W;<\/li>\n<li>\n\t\tBaterijos tipas: 4-150 aH galingumo \u0161vino r\u016bg\u0161ties, Ca\/Ca, EFB, gelio ir AGM akumuliatoriai;<\/li>\n<li>\n\t\tProtection class: IP65;<\/li>\n<li>\n\t\tPrijungimo ki\u0161tukas: CEE 7\/16;<\/li>\n<li>\n\t\tCable length: 1.5 m;<\/li>\n<li>\n\t\tGnybt\u0173 skai\u010dius: 2 vnt.;<\/li>\n<li>\n\t\t\u012ekrovimo programos: 6 vnt.;<\/li>\n<li>\n\t\tMatmenys: 280&nbsp;x 105&nbsp;x 62 mm;<\/li>\n<li>\n\t\tSvoris (pakuot\u0117s): 0.54 kg.<\/li>\n<\/ul>\n<p><a class=\"catalogue\" href=\"\/en\/images\/Userfiles\/www.rubisolis.lt_akumuliatoriaus_krovjas_Trotec_PBCS_4A_6A_10_A_instrukcija.pdf\/\" target=\"blank\">Download product manual<\/a><\/p>","protected":false},"excerpt":{"rendered":"<p>Universalus akumuliatoriaus pakrov\u0117jas Trotec PBCS 6A su LCD ekranu skirtas automobili\u0173, visureigi\u0173, motocikl\u0173 traktori\u0173 ar net motorini\u0173 val\u010di\u0173 12 V<\/p>","protected":false},"featured_media":26630,"comment_status":"closed","ping_status":"open","template":"","meta":[],"product_brand":[],"product_cat":[23],"product_tag":[535],"class_list":{"0":"post-26628","1":"product","2":"type-product","3":"status-publish","4":"has-post-thumbnail","6":"product_cat-be-kategorijos","7":"product_tag-naujiena","9":"first","10":"onbackorder","11":"taxable","12":"shipping-taxable","13":"product-type-variable"},"_links":{"self":[{"href":"https:\/\/orotech.lt\/en\/wp-json\/wp\/v2\/product\/26628","targetHints":{"allow":["GET"]}}],"collection":[{"href":"https:\/\/orotech.lt\/en\/wp-json\/wp\/v2\/product"}],"about":[{"href":"https:\/\/orotech.lt\/en\/wp-json\/wp\/v2\/types\/product"}],"replies":[{"embeddable":true,"href":"https:\/\/orotech.lt\/en\/wp-json\/wp\/v2\/comments?post=26628"}],"version-history":[{"count":1,"href":"https:\/\/orotech.lt\/en\/wp-json\/wp\/v2\/product\/26628\/revisions"}],"predecessor-version":[{"id":26629,"href":"https:\/\/orotech.lt\/en\/wp-json\/wp\/v2\/product\/26628\/revisions\/26629"}],"wp:featuredmedia":[{"embeddable":true,"href":"https:\/\/orotech.lt\/en\/wp-json\/wp\/v2\/media\/26630"}],"wp:attachment":[{"href":"https:\/\/orotech.lt\/en\/wp-json\/wp\/v2\/media?parent=26628"}],"wp:term":[{"taxonomy":"product_brand","embeddable":true,"href":"https:\/\/orotech.lt\/en\/wp-json\/wp\/v2\/product_brand?post=26628"},{"taxonomy":"product_cat","embeddable":true,"href":"https:\/\/orotech.lt\/en\/wp-json\/wp\/v2\/product_cat?post=26628"},{"taxonomy":"product_tag","embeddable":true,"href":"https:\/\/orotech.lt\/en\/wp-json\/wp\/v2\/product_tag?post=26628"}],"curies":[{"name":"wp","href":"https:\/\/api.w.org\/{rel}","templated":true}]}}