{"id":26640,"date":"2025-09-09T07:55:03","date_gmt":"2025-09-09T07:55:03","guid":{"rendered":"https:\/\/orotech.lt\/oro-kondicionierius-monoblokas-be-isorinio-bloko-su-wi-fi-trotec-pac-w-2650-sh-2\/"},"modified":"2025-09-10T06:15:57","modified_gmt":"2025-09-10T06:15:57","slug":"oro-kondicionierius-monoblokas-be-isorinio-bloko-su-wi-fi-trotec-pac-w-2650-sh-2","status":"publish","type":"product","link":"https:\/\/orotech.lt\/en\/oro-kondicionierius-monoblokas-be-isorinio-bloko-su-wi-fi-trotec-pac-w-2650-sh-2\/","title":{"rendered":"Monoblock air conditioner (without external unit) with Wi-Fi Trotec PAC-W 2650 SH"},"content":{"rendered":"<p style=\"text-align: justify;\"><em>&quot;4 in 1&quot; air conditioner without an external unit: cools, heats, ventilates and dehumidifies<\/em><\/p>\n<p style=\"text-align: justify;\">Whether you are in a house, apartment or office, air conditioning is a real blessing in the hot summer. With the powerful Trotec PAC-W 2650 SH air conditioner, staying indoors becomes pleasant even in tropical climates. In addition, modern air conditioners without an external unit with heat pump technology are recommended as a cost-effective additional heating system in the cold season.<\/p>\n<p style=\"text-align: justify;\">The Trotec PAC-W 2650 SH monoblock has extremely high performance, quickly cooling or heating a room up to 34 m<sup>2 <\/sup>area. Also, the wall-mounted air conditioner can be used as a dehumidifier or fan with the cooling or heating function turned off. This air conditioner has 2 ducts designed to supply fresh air from outside to the room and release heat to the outside. What&#039;s more, the washable air filter, night mode, timer, automatic mode will allow you to enjoy pleasant coolness without requiring complex control or special maintenance.<\/p>\n<p style=\"text-align: justify;\">Advantages of the PAC-W 2650 SH air conditioner without an outdoor unit and air outlet hose:<\/p>\n<ul>\n<li>\n\t\tthe device is installed indoors, so it can be installed on any floor of the building;<\/li>\n<li>\n\t\tlower acquisition costs;<\/li>\n<li>\n\t\tthe appearance of the facade is unchanged and noise is avoided;<\/li>\n<li>\n\t\tno need to keep the window open to let out warm air;<\/li>\n<li>\n\t\tquieter operation compared to an air conditioner that requires an air outlet hose;<\/li>\n<li>\n\t\tcheaper installation costs;<\/li>\n<li>\n\t\tthere are no maintenance costs.<\/li>\n<\/ul>\n<p style=\"text-align: justify;\">The wall-mounted air conditioner PAC-W 2650 SH can be controlled remotely. Just download the mobile app &quot;Trotec&quot; from Google Play or the Apps store and you will be able to control the indoor climate in real time from anywhere with your smart device. You can also connect it to a home control system or control it with a remote control.<\/p>\n<p style=\"text-align: justify;\">Unlike Mono-Split air conditioners, the PAC-W 2650 SH air conditioner does not require additional refrigerant lines to perform its functions, so the modern SlimLine wall unit will blend harmoniously into any interior in the living room, bedroom or office. This device is supplied with all the parts required for installation.<\/p>\n<p style=\"text-align: justify;\">The manufacturer is concerned about the future of the world&#039;s climate, which is why this air conditioner uses propane (R290) as a refrigerant. It is an environmentally friendly and organic refrigerant that meets the latest climate protection requirements.<\/p>\n<p><strong>Advantages of the Trotec PAC-W 2650 SH:<\/strong><\/p>\n<ul>\n<li>\n\t\t&quot;4 in 1&quot; in one: cooling, heating, ventilation, dehumidification;<\/li>\n<li>\n\t\tExtremely compact design device without external unit;<\/li>\n<li>\n\t\tEasy installation;<\/li>\n<li>\n\t\tWLAN integration and the ability to control the device via an app for smart devices;<\/li>\n<li>\n\t\tEnergy-saving inverter technology ensures a constant room temperature without fluctuations;<\/li>\n<li>\n\t\t3 fan speeds;<\/li>\n<li>\n\t\tTimer function;<\/li>\n<li>\n\t\tRemote control;<\/li>\n<li>\n\t\tClean the air filter;<\/li>\n<li>\n\t\tAir purification (animal hair, fluff, dust);<\/li>\n<li>\n\t\tNight mode;<\/li>\n<li>\n\t\tQuiet operation \u2264 48 dB (A)<\/li>\n<li>\n\t\tEnvironmentally friendly refrigerant R290.<\/li>\n<\/ul>\n<p><strong>Technical characteristics:<\/strong><\/p>\n<ul>\n<li>\n\t\tSuitable for rooms up to 34 m<sup>2<\/sup> \/ 85 m<sup>3<\/sup>;<\/li>\n<li>\n\t\tMaximum cooling capacity (kW) \/ energy efficiency class: 2.6 \/ A;<\/li>\n<li>\n\t\tMaximum heating power (kW) \/ energy efficiency class: 2.3 \/ A+;<\/li>\n<li>\n\t\tEnergy consumption in cooling mode (kW): 1;<\/li>\n<li>\n\t\tEnergy consumption in heating mode (kW): 0.7;<\/li>\n<li>\n\t\tMin.\/max. temperature range: -5-35 <sup>oh<\/sup>C;<\/li>\n<li>\n\t\tRefrigerant: R290;<\/li>\n<li>\n\t\tCooling agent quantity (kg): 0.290;<\/li>\n<li>\n\t\tVoltage (V|HZ): 220 \u2013 240 \/ 50;<\/li>\n<li>\n\t\tPower consumption (kW): 1;<\/li>\n<li>\n\t\tDimensions (LxWxH)(mm): 1000x205x585;<\/li>\n<li>\n\t\tSound level at 1 m (dB(A)): 48;<\/li>\n<li>\n\t\tAir outlet hose length (IxD) (mm):450\u00d7180;<\/li>\n<li>\n\t\tCable length (m): 1.8;<\/li>\n<li>\n\t\tMaximum air flow: 500 m<sup>3<\/sup>\/hour;<\/li>\n<li>\n\t\tMax. air dehumidification: 1.2 l\/h;<\/li>\n<li>\n\t\tWeight (kg): 40.<\/li>\n<\/ul>\n<p><a class=\"catalogue\" href=\"\/en\/images\/Userfiles\/TRT-BA-PAC-W2650SH-TC-001-EN.pdf\/\" target=\"blank\">Download product manual<\/a><\/p>","protected":false},"excerpt":{"rendered":"<p>&bdquo;4 in 1&ldquo; oro kondicionierius be i\u0161orinio bloko: v\u0117sina, \u0161ildo, v\u0117dina bei sausina Nesvarbu, ar esate name, bute ar biure,<\/p>","protected":false},"featured_media":26642,"comment_status":"closed","ping_status":"open","template":"","meta":[],"product_brand":[],"product_cat":[23],"product_tag":[535],"class_list":{"0":"post-26640","1":"product","2":"type-product","3":"status-publish","4":"has-post-thumbnail","6":"product_cat-be-kategorijos","7":"product_tag-naujiena","9":"first","10":"onbackorder","11":"taxable","12":"shipping-taxable","13":"product-type-variable"},"_links":{"self":[{"href":"https:\/\/orotech.lt\/en\/wp-json\/wp\/v2\/product\/26640","targetHints":{"allow":["GET"]}}],"collection":[{"href":"https:\/\/orotech.lt\/en\/wp-json\/wp\/v2\/product"}],"about":[{"href":"https:\/\/orotech.lt\/en\/wp-json\/wp\/v2\/types\/product"}],"replies":[{"embeddable":true,"href":"https:\/\/orotech.lt\/en\/wp-json\/wp\/v2\/comments?post=26640"}],"version-history":[{"count":1,"href":"https:\/\/orotech.lt\/en\/wp-json\/wp\/v2\/product\/26640\/revisions"}],"predecessor-version":[{"id":26641,"href":"https:\/\/orotech.lt\/en\/wp-json\/wp\/v2\/product\/26640\/revisions\/26641"}],"wp:featuredmedia":[{"embeddable":true,"href":"https:\/\/orotech.lt\/en\/wp-json\/wp\/v2\/media\/26642"}],"wp:attachment":[{"href":"https:\/\/orotech.lt\/en\/wp-json\/wp\/v2\/media?parent=26640"}],"wp:term":[{"taxonomy":"product_brand","embeddable":true,"href":"https:\/\/orotech.lt\/en\/wp-json\/wp\/v2\/product_brand?post=26640"},{"taxonomy":"product_cat","embeddable":true,"href":"https:\/\/orotech.lt\/en\/wp-json\/wp\/v2\/product_cat?post=26640"},{"taxonomy":"product_tag","embeddable":true,"href":"https:\/\/orotech.lt\/en\/wp-json\/wp\/v2\/product_tag?post=26640"}],"curies":[{"name":"wp","href":"https:\/\/api.w.org\/{rel}","templated":true}]}}