{"id":26652,"date":"2025-09-09T07:55:03","date_gmt":"2025-09-09T07:55:03","guid":{"rendered":"https:\/\/orotech.lt\/belaidis-inhaliatorius-herupa-smart-mesh\/"},"modified":"2025-09-10T06:15:58","modified_gmt":"2025-09-10T06:15:58","slug":"belaidis-inhaliatorius-herupa-smart-mesh","status":"publish","type":"product","link":"https:\/\/orotech.lt\/en\/belaidis-inhaliatorius-herupa-smart-mesh\/","title":{"rendered":"Belaidis inhaliatorius Herupa Smart Mesh"},"content":{"rendered":"<p style=\"text-align: justify;\"><strong>Herupa Smart Mesh &ndash; <\/strong>mobilus inhaliatorius. Naujos technologijos leid\u017eia inhaliacijas atlikti kaip niekad lengvai ir efektyviai. Garai skleid\u017eiami tik \u012fkv\u0117piant, o nuo\u017eulni j\u0173 talpa leis sunaudoti vaistus maksimaliai. Prietaisas veikia visi\u0161kai be garso, tad juo gal\u0117site naudotis net nakt\u012f, inhaliacija nesukels nemaloni\u0173 jausm\u0173 vaikams ir netrukdys aplinkini\u0173 kasdieninei veiklai. Kompakti\u0161kas ir lengvas, su komplekte esan\u010dia d\u0117\u017eute tilps bet kurioje rankin\u0117je ar lagamine. Smart Mesh turi \u012fkraunam\u0105 li\u010dio baterij\u0105, tad proced\u016br\u0173 netrukdys jokie nepatog\u016bs laidai, jas gal\u0117site atlikti lauke, kelion\u0117je ar \u017eygyje.<\/p>\n<p style=\"text-align: justify;\"><strong>PA\u017dANGI TECHNOLOGIJA.<\/strong> Microwave technologija. Ypatingos technologijos d\u0117ka, medikamentai pu\u010diami intervalais, derinat prie kv\u0117pavimo. Tris sekundes \u012fkvepiant pu\u010dia, tris i\u0161kvepiant nepu\u010dia, tad vaistai pasisavinami ypa\u010d efektyviai.<\/p>\n<p style=\"text-align: justify;\"><strong>TYLUS.<\/strong> Tinklelinis purk\u0161tuvas veikia be jokio garso, tod\u0117l nesukelia nemaloni\u0173 poj\u016b\u010di\u0173 vaikams ir netrukdo artim\u0173j\u0173 ramyb\u0117s netgi inhaliuojant nakt\u012f. D\u0117l tylaus veikimo prietais\u0105 be joki\u0173 nepatogum\u0173 gal\u0117site naudoti net vie\u0161ose vietose.<\/p>\n<p style=\"text-align: justify;\"><strong>NE\u0160IOJAMAS IR BELAIDIS.<\/strong> Delne telpantis tinklelinis inhaliatorius yra lengvas ir kompakti\u0161kas, komplekte yra patogus d\u0117klas, tod\u0117l dar niekada nebuvo taip paprasta pasiimti j\u012f su savimi \u012f darb\u0105, kelion\u0119, \u017eyg\u012f ar \u012f sve\u010dius.<\/p>\n<p style=\"text-align: justify;\"><strong>PAKRAUNAMAS.<\/strong> Pakraunama li\u010dio baterija gali veikti net 60 minu\u010di\u0173 nepertraukiamai, tod\u0117l nereik\u0117s da\u017enai \u012fkrauti. Turi micro USB jungt\u012f, tod\u0117l galima pakrauti ne tik i\u0161 elektros lizdo, ta\u010diau ir i\u0161 power banko ar ne\u0161iojamo kompiuterio.<\/p>\n<p style=\"text-align: justify;\"><strong>TINKAMAS VISAI \u0160EIMAI.<\/strong> Inhaliatorius tinkamas visai \u0161eimai &#8211; komplekte kandiklis, kauk\u0117 suaugusiam ir vaiki\u0161ka kauk\u0117.&nbsp; Nuo\u017eulnus vaist\u0173 talpos indo dugnas leis sunaudoti juos maksimaliai, prietaisas veiks ir pakreipus, tad yra galimyb\u0117 inhaliuoti net miegant.<\/p>\n<p style=\"text-align: justify;\"><strong>Main features:<\/strong><\/p>\n<ol>\n<li style=\"text-align: justify;\">\n\t\tPakraunama li\u010dio titano baterija. Pakrautas gali veikti net 60 minu\u010di\u0173 nepertraukiamai, tad nereik\u0117s da\u017enai \u012fkrauti.<\/li>\n<li style=\"text-align: justify;\">\n\t\tTuri micro usb jungt\u012f. Tod\u0117l galima pakrauti ne tik i\u0161 elektros lizdo, ta\u010diau ir i\u0161 power banko ar ne\u0161iojamojo kompiuterio.<\/li>\n<li style=\"text-align: justify;\">\n\t\tYpatingai tylus. Tod\u0117l nesukelia nemaloni\u0173 poj\u016b\u010di\u0173 vaikams ir netrukdo artim\u0173j\u0173 ramyb\u0117s inhaliuojant netgi nakt\u012f.<\/li>\n<li style=\"text-align: justify;\">\n\t\tMicrowave technologija. Ypatingos technologijos d\u0117ka, medikamentai pu\u010diami intervalais, derinat prie kv\u0117pavimo. Tris sekundes \u012fkvepiant pu\u010dia, tris i\u0161kvepiant nepu\u010dia, tad vaistai pasisavinami ypa\u010d efektyviai.<\/li>\n<li style=\"text-align: justify;\">\n\t\tPaprastas naudojimas. Ant prietaiso esan\u010di\u0173 valdikli\u0173 pagalba, paprastai padidinsite ar suma\u017einsite intensyvum\u0105.<\/li>\n<li style=\"text-align: justify;\">\n\t\tVaist\u0173 talpa 10 ml.&nbsp; J\u0105 nuimsite\/u\u017ed\u0117site vienu judesiu, ypatingai patogu papildant vaistais ar plaunant.<\/li>\n<li style=\"text-align: justify;\">\n\t\tNuo\u017eulnus indelio dugnas maksimaliam vaist\u0173 sunaudojimui. Net pakreipus ar apvertus prietais\u0105 inhaliatorius kur\u012f laik\u0105 veikia, n\u0117ra pauzi\u0173.<\/li>\n<li style=\"text-align: justify;\">\n\t\tKompakti\u0161kas ir ergonomi\u0161kas. Forma unikali pagal ranka. Labai patogu!<\/li>\n<li style=\"text-align: justify;\">\n\t\tSuper kompakti\u0161ka ir patogi pakuote d\u0117\u017eut\u0117 ne\u0161iojimuisi<\/li>\n<li style=\"text-align: justify;\">\n\t\tKomplekte kandiklis, kauk\u0117 vaikui, kauk\u0117 suaugusiam.<\/li>\n<\/ol>\n<p style=\"text-align: justify;\"><strong>Paskirtis:<\/strong><\/p>\n<p style=\"text-align: justify;\">Inhaliatorius gali b\u016bti naudojamas kv\u0117pavimo takams dr\u0117kinti, bronch\u0173 spazmams ir gleivin\u0117s edemai ma\u017einti, sekrecijai palengvinti, u\u017edegimui ma\u017einti, hiposensibilizacijai. Pla\u010diai paplitusi\u0173 kv\u0117pavimo tak\u0173 lig\u0173, toki\u0173 kaip astma, l\u0117tin\u0117 obstrukcin\u0117 plau\u010di\u0173 liga, bronchitas, laringitas, per\u0161alimas, \u0161ienlig\u0117 ar rinosinusitas ir kt. profilaktikai.<\/p>\n<p><strong>Technical information:<\/strong><\/p>\n<ul>\n<li>\n\t\tElektros tiekimas:<strong>&nbsp;<\/strong>DC 4,8 V arba DC 5,0 V su AC adapteriu;<\/li>\n<li>\n\t\tPur\u0161kimo lygis: 0,25 ml\/min ~ 0,90 ml\/min;<\/li>\n<li>\n\t\tVeikimo da\u017enis:&nbsp;130 kHz &plusmn; 10 %;<\/li>\n<li>\n\t\tAerozolio daleli\u0173 dydis (MMAD):&nbsp;3,0 &micro;m &plusmn; 25 %;<\/li>\n<li>\n\t\tTolygus daleli\u0173 dyd\u017eio pasiskirstymas:<strong>&nbsp;<\/strong>Proporcija tarp 1 &micro;m &ndash; 5 &micro;m yra daugiau nei 50 %;<\/li>\n<li>\n\t\tVandens temperat\u016bra kameroje:<strong>&nbsp;<\/strong>&le; 45 &deg;C;<\/li>\n<li>\n\t\tVaist\u0173 talpos t\u016bris:&nbsp;10 ml;<\/li>\n<li>\n\t\tTriuk\u0161mo lygis:&nbsp;&le; 50 dB;<\/li>\n<li>\n\t\tPrietaiso i\u0161matavimai \/ svoris:<strong>&nbsp;<\/strong>67,8 mm (ilgis) x 47,5 mm (plotis) x 110 mm (auk\u0161tis) \/ 125 g;<\/li>\n<li>\n\t\tVeikimo aplinka:&nbsp;temperat\u016bra: 5 &deg;C &ndash; 40 &deg;C; santykin\u0117 dr\u0117gm\u0117: &le; 80 %; atmosferinis sl\u0117gis, kai nesusidaro kondensatas: (50,0 &ndash; 106,0) kPa<\/li>\n<li>\n\t\tSaugojimas \/ pristatymo s\u0105lygos:&nbsp;temperat\u016bra: -20 &deg;C &ndash; 55 &deg;C; santykin\u0117 dr\u0117gm\u0117: &le; 80 %; atmosferinis sl\u0117gis, kai nesusidaro kondensatas: (50,0 &ndash; 106,0) kPa<\/li>\n<\/ul>\n<p><strong>Pakuot\u0117je rasite:<\/strong><\/p>\n<ul>\n<li>\n\t\t<span><span>1 x ne\u0161iojamas tinklelinis inhaliatorius. <\/span><\/span><\/li>\n<li>\n\t\t<span><span>2 x kauk\u0117s (1 suaugusiems, 1 vaiki\u0161ka)<\/span><\/span><\/li>\n<li>\n\t\t<span>1 x kandiklis<\/span><\/li>\n<li>\n\t\t1 x USB laidas<\/li>\n<li>\n\t\t1 x naudojimosi instrukcija<\/li>\n<li>\n\t\t<span><span>1 x d\u0117klas inhaliatoriaus ne\u0161iojimuisi\/laikymui<\/span><\/span><\/li>\n<li>\n\t\t<strong>Viskas kartu &ndash; 1 patikimas pagalbininkas<\/strong><strong>!<\/strong><\/li>\n<\/ul>\n<p><a class=\"catalogue\" href=\"https:\/\/www.rubisolis.lt\/\/failai\/files\/Herupa\/Herupa%20Smart%20Mesh%20inhaliatoriaus%20naudojimo%20instrukcija.pdf\" target=\"blank\" rel=\"nofollow noopener\">Download product manual<\/a><\/p>","protected":false},"excerpt":{"rendered":"<p>Herupa Smart Mesh &ndash; mobilus inhaliatorius. Naujos technologijos leid\u017eia inhaliacijas atlikti kaip niekad lengvai ir efektyviai. Garai skleid\u017eiami tik \u012fkv\u0117piant,<\/p>","protected":false},"featured_media":26654,"comment_status":"closed","ping_status":"open","template":"","meta":[],"product_brand":[],"product_cat":[23],"product_tag":[535],"class_list":{"0":"post-26652","1":"product","2":"type-product","3":"status-publish","4":"has-post-thumbnail","6":"product_cat-be-kategorijos","7":"product_tag-naujiena","9":"first","10":"onbackorder","11":"taxable","12":"shipping-taxable","13":"product-type-variable"},"_links":{"self":[{"href":"https:\/\/orotech.lt\/en\/wp-json\/wp\/v2\/product\/26652","targetHints":{"allow":["GET"]}}],"collection":[{"href":"https:\/\/orotech.lt\/en\/wp-json\/wp\/v2\/product"}],"about":[{"href":"https:\/\/orotech.lt\/en\/wp-json\/wp\/v2\/types\/product"}],"replies":[{"embeddable":true,"href":"https:\/\/orotech.lt\/en\/wp-json\/wp\/v2\/comments?post=26652"}],"version-history":[{"count":1,"href":"https:\/\/orotech.lt\/en\/wp-json\/wp\/v2\/product\/26652\/revisions"}],"predecessor-version":[{"id":26653,"href":"https:\/\/orotech.lt\/en\/wp-json\/wp\/v2\/product\/26652\/revisions\/26653"}],"wp:featuredmedia":[{"embeddable":true,"href":"https:\/\/orotech.lt\/en\/wp-json\/wp\/v2\/media\/26654"}],"wp:attachment":[{"href":"https:\/\/orotech.lt\/en\/wp-json\/wp\/v2\/media?parent=26652"}],"wp:term":[{"taxonomy":"product_brand","embeddable":true,"href":"https:\/\/orotech.lt\/en\/wp-json\/wp\/v2\/product_brand?post=26652"},{"taxonomy":"product_cat","embeddable":true,"href":"https:\/\/orotech.lt\/en\/wp-json\/wp\/v2\/product_cat?post=26652"},{"taxonomy":"product_tag","embeddable":true,"href":"https:\/\/orotech.lt\/en\/wp-json\/wp\/v2\/product_tag?post=26652"}],"curies":[{"name":"wp","href":"https:\/\/api.w.org\/{rel}","templated":true}]}}