{"id":26664,"date":"2025-09-09T07:55:03","date_gmt":"2025-09-09T07:55:03","guid":{"rendered":"https:\/\/orotech.lt\/inhaliatorius-herupa-smart-mesh-plus-ir-app-zaidimas-inhaliuojant\/"},"modified":"2025-09-10T06:15:59","modified_gmt":"2025-09-10T06:15:59","slug":"inhaliatorius-herupa-smart-mesh-plus-ir-app-zaidimas-inhaliuojant","status":"publish","type":"product","link":"https:\/\/orotech.lt\/en\/inhaliatorius-herupa-smart-mesh-plus-ir-app-zaidimas-inhaliuojant\/","title":{"rendered":"Inhaliatorius Herupa Smart Mesh Plus ir App \u017eaidimas inhaliuojant"},"content":{"rendered":"<p style=\"text-align: justify;\">Herupa Smart Mesh Plus&nbsp;&ndash; belaidis <strong>inhaliatorius<\/strong> su program\u0117le (App) mobiliesiams \u012frenginiams &ndash; labiausiai u\u017esispyrusiems. Inhaliavimas dar niekad nebuvo toks smagus! <strong>Herupa inhaliatorius<\/strong> sujungtas su \u017eaidimu telefone\/plan\u010detinime kompiuteryje skatins kuo giliau \u012fkv\u0117pti, o i\u0161kv\u0117pimas pad\u0117s surinkti \u0161auni\u0105 gyv\u016bn\u0117li\u0173 kolekcij\u0105.<\/p>\n<p style=\"text-align: justify;\"><strong>Silent<\/strong><\/p>\n<p style=\"text-align: justify;\">Tinklelinis purk\u0161tuvas veikia be jokio garso, tod\u0117l nesukelia nemaloni\u0173 poj\u016b\u010di\u0173 vaikams ir netrukdo artim\u0173j\u0173 ramyb\u0117s netgi inhaliuojant nakt\u012f. D\u0117l tylaus veikimo prietais\u0105 be joki\u0173 nepatogum\u0173 gal\u0117site naudoti net vie\u0161ose vietose.<\/p>\n<p style=\"text-align: justify;\"><strong>Ne\u0161iojamas ir belaidis<\/strong><\/p>\n<p style=\"text-align: justify;\">Delne telpantis inhaliatorius yra lengvas ir kompakti\u0161kas, komplekte yra patogus d\u0117klas, tod\u0117l dar niekada nebuvo taip paprasta pasiimti j\u012f su savimi \u012f darb\u0105, kelion\u0119, \u017eyg\u012f ar \u012f sve\u010dius.<\/p>\n<p style=\"text-align: justify;\"><strong>Pakraunamas<\/strong><\/p>\n<p style=\"text-align: justify;\">Pakraunama li\u010dio baterija gali veikti net 60 minu\u010di\u0173 nepertraukiamai, tod\u0117l nereik\u0117s da\u017enai \u012fkrauti. Turi micro USB jungt\u012f, tod\u0117l galima pakrauti ne tik i\u0161 elektros lizdo, ta\u010diau ir i\u0161 power banko ar ne\u0161iojamo kompiuterio.<\/p>\n<p style=\"text-align: justify;\"><strong>Tinkamas visai \u0161eimai<\/strong><\/p>\n<p style=\"text-align: justify;\"><strong>Inhaliatorius<\/strong> tinkamas visai \u0161eimai &ndash; komplekte kandiklis, kauk\u0117 suaugusiam ir vaiki\u0161ka kauk\u0117. Nuo\u017eulnus vaist\u0173 talpos indo dugnas leis sunaudoti juos maksimaliai, prietaisas veiks ir pakreipus, tad yra galimyb\u0117 inhaliuoti net miegant. Naujos technologijos leid\u017eia inhaliacijas atlikti kaip niekad lengvai ir efektyviai. Inhaliatorius program\u0117l\u0117s (App) pagalba sujungiamas su mobiliuoju \u012frenginiu. Program\u0117l\u0117s pagalba gal\u0117site reguliuoti inhaliacijos intensyvum\u0105, matysite vaist\u0173 suvartojimo statistik\u0105. Integruotas \u017eaidimas leis ma\u017eiesiams i\u0161vengti neigiam\u0173 emocij\u0173 gydymo procese ir paskatins gilesn\u012f kv\u0117pavim\u0105.&nbsp; Prietaisas veikia visi\u0161kai be garso, tad juo gal\u0117site naudotis net nakt\u012f ir netrukdys aplinkini\u0173 kasdieninei veiklai. Kompakti\u0161kas ir lengvas, su komplekte esan\u010diu d\u0117klu tilps bet kurioje rankin\u0117je ar lagamine. Smart Mesh Plus turi \u012fkraunam\u0105 li\u010dio baterij\u0105, tad proced\u016br\u0173 netrukdys jokie nepatog\u016bs laidai, jas gal\u0117site atlikti lauke, kelion\u0117je ar \u017eygyje.<\/p>\n<p style=\"text-align: justify;\"><strong>Program\u0117l\u0119 galite atsisi\u0173sti:<br \/>\n\t<\/strong><\/p>\n<ul>\n<li>\n\t\t<a href=\"http:\/\/www.rubisolis.lt\/images\/Userfiles\/app-release1.apk\" target=\"_blank\" rel=\"nofollow noopener\">Android operacinei sistemai<br \/>\n\t\t<\/a><\/li>\n<li>\n\t\t<a href=\"https:\/\/apps.apple.com\/lt\/app\/yirdoc\/id1252204832\" target=\"_blank\" rel=\"nofollow noopener\">iOS operacinei sistemai<br \/>\n\t\t<\/a><\/li>\n<\/ul>\n<p style=\"text-align: justify;\"><strong>Paskirtis<\/strong><\/p>\n<p style=\"text-align: justify;\"><strong>Inhaliatorius<\/strong> gali b\u016bti naudojamas kv\u0117pavimo takams dr\u0117kinti, bronch\u0173 spazmams ir gleivin\u0117s edemai ma\u017einti, sekrecijai palengvinti, u\u017edegimui ma\u017einti, hiposensibilizacijai. Pla\u010diai paplitusi\u0173 kv\u0117pavimo tak\u0173 lig\u0173, toki\u0173 kaip astma, l\u0117tin\u0117 obstrukcin\u0117 plau\u010di\u0173 liga, bronchitas, laringitas, per\u0161alimas, \u0161ienlig\u0117 ar rinosinusitas ir kt. gydymui bei profilaktikai.<\/p>\n<h4 style=\"text-align: justify;\">\n\t<strong>The package includes:<\/strong><\/h4>\n<ul>\n<li style=\"text-align: justify;\">\n\t\tKorpusas, pur\u0161kimo galvut\u0117 ir priedai (kandiklius ir kaukes);<\/li>\n<li style=\"text-align: justify;\">\n\t\tInstrukcija;<\/li>\n<li style=\"text-align: justify;\">\n\t\tD\u0117klas inhaliatoriaus ne\u0161iojimui\/laikymui;<\/li>\n<li style=\"text-align: justify;\">\n\t\tUSB laidas;<\/li>\n<\/ul>\n<p style=\"text-align: center;\"><iframe allow=\"accelerometer; autoplay; clipboard-write; encrypted-media; gyroscope; picture-in-picture\" allowfullscreen=\"\" frameborder=\"0\" height=\"315\" src=\"https:\/\/www.youtube.com\/embed\/Fsh20YQZG20\" title=\"YouTube video player\" width=\"560\"><\/iframe><\/p>\n<p style=\"text-align: justify;\"><a class=\"catalogue\" href=\"https:\/\/rubisolis.lt\/images\/Userfiles\/My_folder\/Foto\/Herupa-Smart-Mesh-Plus-naudojimo-instrukcija-.pdf\" target=\"blank\" rel=\"nofollow noopener\">Download product manual<\/a><\/p>","protected":false},"excerpt":{"rendered":"<p>Herupa Smart Mesh Plus&nbsp;&ndash; belaidis inhaliatorius su program\u0117le (App) mobiliesiams \u012frenginiams &ndash; labiausiai u\u017esispyrusiems. Inhaliavimas dar niekad nebuvo toks smagus!<\/p>","protected":false},"featured_media":26666,"comment_status":"closed","ping_status":"open","template":"","meta":[],"product_brand":[],"product_cat":[23],"product_tag":[535],"class_list":{"0":"post-26664","1":"product","2":"type-product","3":"status-publish","4":"has-post-thumbnail","6":"product_cat-be-kategorijos","7":"product_tag-naujiena","9":"first","10":"onbackorder","11":"taxable","12":"shipping-taxable","13":"product-type-variable"},"_links":{"self":[{"href":"https:\/\/orotech.lt\/en\/wp-json\/wp\/v2\/product\/26664","targetHints":{"allow":["GET"]}}],"collection":[{"href":"https:\/\/orotech.lt\/en\/wp-json\/wp\/v2\/product"}],"about":[{"href":"https:\/\/orotech.lt\/en\/wp-json\/wp\/v2\/types\/product"}],"replies":[{"embeddable":true,"href":"https:\/\/orotech.lt\/en\/wp-json\/wp\/v2\/comments?post=26664"}],"version-history":[{"count":1,"href":"https:\/\/orotech.lt\/en\/wp-json\/wp\/v2\/product\/26664\/revisions"}],"predecessor-version":[{"id":26665,"href":"https:\/\/orotech.lt\/en\/wp-json\/wp\/v2\/product\/26664\/revisions\/26665"}],"wp:featuredmedia":[{"embeddable":true,"href":"https:\/\/orotech.lt\/en\/wp-json\/wp\/v2\/media\/26666"}],"wp:attachment":[{"href":"https:\/\/orotech.lt\/en\/wp-json\/wp\/v2\/media?parent=26664"}],"wp:term":[{"taxonomy":"product_brand","embeddable":true,"href":"https:\/\/orotech.lt\/en\/wp-json\/wp\/v2\/product_brand?post=26664"},{"taxonomy":"product_cat","embeddable":true,"href":"https:\/\/orotech.lt\/en\/wp-json\/wp\/v2\/product_cat?post=26664"},{"taxonomy":"product_tag","embeddable":true,"href":"https:\/\/orotech.lt\/en\/wp-json\/wp\/v2\/product_tag?post=26664"}],"curies":[{"name":"wp","href":"https:\/\/api.w.org\/{rel}","templated":true}]}}