{"id":26675,"date":"2025-09-09T08:00:03","date_gmt":"2025-09-09T08:00:03","guid":{"rendered":"https:\/\/orotech.lt\/baltojo-triuksmo-irenginys-miegui-herupa\/"},"modified":"2025-09-10T06:16:00","modified_gmt":"2025-09-10T06:16:00","slug":"baltojo-triuksmo-irenginys-miegui-herupa","status":"publish","type":"product","link":"https:\/\/orotech.lt\/en\/baltojo-triuksmo-irenginys-miegui-herupa\/","title":{"rendered":"Baltojo triuk\u0161mo \u012frenginys miegui Herupa"},"content":{"rendered":"<p style=\"text-align: justify;\">Jo vardas Sn\u016bdas. Tai dar vienas Herupa pad\u0117j\u0117jas j\u016bs\u0173 gerai savijautai. \u0160io pad\u0117j\u0117jo laim\u0117 &ndash; geras J\u016bs\u0173 miegas. Nesigin\u010dysime, kad kai gerai miegame, i\u0161kart k\u016bne, prote ir visame kame geriau.<\/p>\n<p>\tSn\u016bdas Herupa yra belaidis, tod\u0117l yra laisvas patogiai jud\u0117ti i\u0161 miegamojo \u012f vaik\u0173 kambarius ir dar kur papra\u0161ysite. Labai m\u0117gsta keliauti kartu su Jumis atostog\u0173 ar darbo reikalais. Jam visur gerai, jei jums gerai.<\/p>\n<p>\t\u0160is prietaisas link\u0119s pakeisti telefon\u0105 J\u016bs\u0173 miegamajame ar vaiko kambaryje. Yra paprastas, joki\u0173 bang\u0173 neskleid\u017eiantis ir nuo telefono padedantis pails\u0117ti. Sveikatos specialistai rekomenduoja \u017eadintuvui naudoti rankin\u012f ar pastatom\u0105 laikrod\u012f &ndash; \u017eadintuv\u0105.<\/p>\n<p>\tJaukiai \u0161vie\u010dia. Vaikams ir suaugusiems da\u017eniausiai tai patinka. Su laikma\u010diu i\u0161sijungia, kai jau miegate.<\/p>\n<p>\n\t<strong>Kaip Sn\u016bdas veikia?<\/strong><br \/>\n\tApie balt\u0105j\u012f triuk\u0161m\u0105 keli sakiniai i\u0161 mokslo ir tyrim\u0173.<\/p>\n<p>\tJei pasidom\u0117site pla\u010diau ir paskaitysite atsiliepimus apie balt\u0105j\u012f triuk\u0161m\u0105, tai tikrai veikia!<\/p>\n<p>\n\t<strong>Kok\u012f arsenal\u0105 prie\u0161 nemig\u0105 turi?<\/strong><\/p>\n<p style=\"text-align: justify;\">Generuoja \u012fvairius baltojo triuk\u0161mo tipus:<br \/>\n\t&bull; Muzikin\u0117 d\u0117\u017eut\u0117;<br \/>\n\t&bull; V\u0117jo varpeliai;<br \/>\n\t&bull; Pianinas;<br \/>\n\t&bull; Vandens la\u0161as ir sekundin\u0117 rodykl\u0117;<br \/>\n\t&bull; Tylioji arfa;<br \/>\n\t&bull; J\u016bra ir \u017euv\u0117dros;<br \/>\n\t&bull; Gitara;<br \/>\n\t&bull; Arfa<\/p>\n<p style=\"text-align: justify;\">\n\t<strong>Kokias papildomas geras savybes turi?<\/strong><\/p>\n<p style=\"text-align: justify;\">&bull; Keli garso lygio re\u017eimai;<br \/>\n\t&bull; Naktin\u0117 lemput\u0117 (9 spalvos);<br \/>\n\t&bull; Laikmatis;<br \/>\n\t&bull; Belaidis. Tinka namams, biurams ir kelion\u0117ms.<\/p>\n<p>\t<strong>Technical characteristics:<\/strong><\/p>\n<p style=\"text-align: justify;\">&bull; Triuk\u0161mo generavimo tipai: melodijos, baltasis triuk\u0161mas, gamtos garsai ir kt.;<br \/>\n\t&bull; Nominali \u012ftampa: 5V;<br \/>\n\t&bull; Nominali galia: 3W;<br \/>\n\t&bull; Nominali srov\u0117 2A;<br \/>\n\t&bull; Akumuliatoriaus talpa: 3,7 V; 2000 mAh;<br \/>\n\t&bull; Maitinimas: pakraunamas per USB jungt\u012f;<br \/>\n\t&bull; LED ap\u0161vietimas (9 var.): m\u0117lyna, raudona, \u017ealia, violetin\u0117, \u0161viesiai m\u0117lyna, geltona, balta, \u0161iltai \u017ealia, \u0161iltai geltona spalva;<br \/>\n\t&bull; Laikmatis: 30\/60\/90 min.;<br \/>\n\t&bull; Svoris (be pakuot\u0117s): 470 g;<br \/>\n\t&bull; Dydis (be pakuot\u0117s): 194 x 89,5 x 74,5 mm.<\/p>\n<p style=\"text-align: justify;\">\n\t<strong>The package includes:<\/strong><\/p>\n<p style=\"text-align: justify;\">&bull; Balto triuk\u0161mo \u012frenginys;<br \/>\n\t&bull; Pakrovimo laidas (C tipo).<\/p>\n<p>\tGero miego link\u0117dami,<br \/>\n\tHERUPA<br \/>\n\t&nbsp;<\/p>","protected":false},"excerpt":{"rendered":"<p>Jo vardas Sn\u016bdas. Tai dar vienas Herupa pad\u0117j\u0117jas j\u016bs\u0173 gerai savijautai. \u0160io pad\u0117j\u0117jo laim\u0117 &ndash; geras J\u016bs\u0173 miegas. Nesigin\u010dysime, kad<\/p>","protected":false},"featured_media":26677,"comment_status":"closed","ping_status":"open","template":"","meta":[],"product_brand":[],"product_cat":[23],"product_tag":[535],"class_list":{"0":"post-26675","1":"product","2":"type-product","3":"status-publish","4":"has-post-thumbnail","6":"product_cat-be-kategorijos","7":"product_tag-naujiena","9":"first","10":"onbackorder","11":"taxable","12":"shipping-taxable","13":"product-type-variable"},"_links":{"self":[{"href":"https:\/\/orotech.lt\/en\/wp-json\/wp\/v2\/product\/26675","targetHints":{"allow":["GET"]}}],"collection":[{"href":"https:\/\/orotech.lt\/en\/wp-json\/wp\/v2\/product"}],"about":[{"href":"https:\/\/orotech.lt\/en\/wp-json\/wp\/v2\/types\/product"}],"replies":[{"embeddable":true,"href":"https:\/\/orotech.lt\/en\/wp-json\/wp\/v2\/comments?post=26675"}],"version-history":[{"count":1,"href":"https:\/\/orotech.lt\/en\/wp-json\/wp\/v2\/product\/26675\/revisions"}],"predecessor-version":[{"id":26676,"href":"https:\/\/orotech.lt\/en\/wp-json\/wp\/v2\/product\/26675\/revisions\/26676"}],"wp:featuredmedia":[{"embeddable":true,"href":"https:\/\/orotech.lt\/en\/wp-json\/wp\/v2\/media\/26677"}],"wp:attachment":[{"href":"https:\/\/orotech.lt\/en\/wp-json\/wp\/v2\/media?parent=26675"}],"wp:term":[{"taxonomy":"product_brand","embeddable":true,"href":"https:\/\/orotech.lt\/en\/wp-json\/wp\/v2\/product_brand?post=26675"},{"taxonomy":"product_cat","embeddable":true,"href":"https:\/\/orotech.lt\/en\/wp-json\/wp\/v2\/product_cat?post=26675"},{"taxonomy":"product_tag","embeddable":true,"href":"https:\/\/orotech.lt\/en\/wp-json\/wp\/v2\/product_tag?post=26675"}],"curies":[{"name":"wp","href":"https:\/\/api.w.org\/{rel}","templated":true}]}}