{"id":26691,"date":"2025-09-09T08:00:03","date_gmt":"2025-09-09T08:00:03","guid":{"rendered":"https:\/\/orotech.lt\/membrana-inhaliatoriui-herupa-smart-mesh\/"},"modified":"2025-09-10T06:16:02","modified_gmt":"2025-09-10T06:16:02","slug":"membrana-inhaliatoriui-herupa-smart-mesh","status":"publish","type":"product","link":"https:\/\/orotech.lt\/en\/membrana-inhaliatoriui-herupa-smart-mesh\/","title":{"rendered":"Membrana inhaliatoriui Herupa Smart Mesh"},"content":{"rendered":"<p style=\"text-align: justify;\">Membrana, skirta belaid\u017eiui inhaliatoriui <a href=\"https:\/\/www.rubisolis.lt\/belaidis-inhaliatorius-herupa-smart-mesh\" target=\"_blank\" rel=\"nofollow noopener\">Herupa Smart Mesh<\/a>. Membrana belaid\u017eiam inhaliatoriui Herupa Smart Mesh yra esmin\u0117 dalis \u0161io modernaus medicinos prietaiso, skirta efektyviam inhaliacijos procesui.<\/p>\n<p style=\"text-align: justify;\"><strong>Features:<\/strong><\/p>\n<ul>\n<li style=\"text-align: justify;\">\n\t\t<strong>Inovatyvi Mesh technologija<\/strong>: membrana naudoja speciali\u0105 tinklelio arba &quot;mesh&quot; technologij\u0105, kuri suteikia kokybi\u0161k\u0105 inhaliacij\u0105. Tai rei\u0161kia, kad vaisto dalel\u0117s yra i\u0161skirstytos lygiai ir smulkiai, o tai padeda pagerinti j\u0173 pasiskirstym\u0105 plau\u010diuose.<\/li>\n<li style=\"text-align: justify;\">\n\t\t<strong>Patikimumas<\/strong>: Herupa Smart Mesh inhaliatoriuose naudojama membrana yra patvari ir atspari dilimui. Tai rei\u0161kia, kad ji tarnaus ilg\u0105 laik\u0105 be joki\u0173 problem\u0173 ir u\u017etikrins nuolatin\u012f efektyvum\u0105.<\/li>\n<li style=\"text-align: justify;\">\n\t\t<strong>Gamybos kokyb\u0117<\/strong>: membranos gamybai naudojamos auk\u0161\u010diausios kokyb\u0117s med\u017eiagos, u\u017etikrinan\u010dios, kad ji atitikt\u0173 medicinos pramon\u0117s standartus ir jums neb\u016bt\u0173 reikalingas da\u017enas pakeitimas.<\/li>\n<li style=\"text-align: justify;\">\n\t\t<strong>Higieni\u0161kumas<\/strong>: \u0161i membrana yra lengvai valoma ir dezinfikuojama, u\u017etikrinant jums saug\u0173 ir higieni\u0161k\u0105 inhaliacijos proces\u0105.<\/li>\n<\/ul>\n<p style=\"text-align: justify;\">\u0160i membrana yra neatsiejama <a href=\"https:\/\/www.rubisolis.lt\/belaidis-inhaliatorius-herupa-smart-mesh\" target=\"_blank\" rel=\"nofollow noopener\">Herupa Smart Mesh<\/a> belaid\u017ei\u0173 inhaliatori\u0173 dalis, kuri padeda pagerinti j\u016bs\u0173 kv\u0117pavimo tak\u0173 gydymo efektyvum\u0105 ir suteikia jums daug privalum\u0173 prie\u017ei\u016bros metu. Ji taip pat yra pakei\u010diama, tod\u0117l, kai tik prireiks, gal\u0117site lengvai atnaujinti j\u0105 nauja, u\u017etikrindami tolesn\u012f j\u016bs\u0173 inhaliatoriaus veikim\u0105.<\/p>\n<p style=\"text-align: justify;\"><span style=\"text-align: justify;\">Nepamir\u0161kite laikytis gamintojo nurodym\u0173 d\u0117l prie\u017ei\u016bros ir naudojimo, kad u\u017etikrintum\u0117te ilgalaik\u012f ir patikim\u0105 inhaliatoriaus veikim\u0105.<\/span><\/p>","protected":false},"excerpt":{"rendered":"<p>Membrana, skirta belaid\u017eiui inhaliatoriui Herupa Smart Mesh. Membrana belaid\u017eiam inhaliatoriui Herupa Smart Mesh yra esmin\u0117 dalis \u0161io modernaus medicinos prietaiso,<\/p>","protected":false},"featured_media":26693,"comment_status":"closed","ping_status":"open","template":"","meta":[],"product_brand":[],"product_cat":[23],"product_tag":[535],"class_list":{"0":"post-26691","1":"product","2":"type-product","3":"status-publish","4":"has-post-thumbnail","6":"product_cat-be-kategorijos","7":"product_tag-naujiena","9":"first","10":"onbackorder","11":"taxable","12":"shipping-taxable","13":"product-type-variable"},"_links":{"self":[{"href":"https:\/\/orotech.lt\/en\/wp-json\/wp\/v2\/product\/26691","targetHints":{"allow":["GET"]}}],"collection":[{"href":"https:\/\/orotech.lt\/en\/wp-json\/wp\/v2\/product"}],"about":[{"href":"https:\/\/orotech.lt\/en\/wp-json\/wp\/v2\/types\/product"}],"replies":[{"embeddable":true,"href":"https:\/\/orotech.lt\/en\/wp-json\/wp\/v2\/comments?post=26691"}],"version-history":[{"count":1,"href":"https:\/\/orotech.lt\/en\/wp-json\/wp\/v2\/product\/26691\/revisions"}],"predecessor-version":[{"id":26692,"href":"https:\/\/orotech.lt\/en\/wp-json\/wp\/v2\/product\/26691\/revisions\/26692"}],"wp:featuredmedia":[{"embeddable":true,"href":"https:\/\/orotech.lt\/en\/wp-json\/wp\/v2\/media\/26693"}],"wp:attachment":[{"href":"https:\/\/orotech.lt\/en\/wp-json\/wp\/v2\/media?parent=26691"}],"wp:term":[{"taxonomy":"product_brand","embeddable":true,"href":"https:\/\/orotech.lt\/en\/wp-json\/wp\/v2\/product_brand?post=26691"},{"taxonomy":"product_cat","embeddable":true,"href":"https:\/\/orotech.lt\/en\/wp-json\/wp\/v2\/product_cat?post=26691"},{"taxonomy":"product_tag","embeddable":true,"href":"https:\/\/orotech.lt\/en\/wp-json\/wp\/v2\/product_tag?post=26691"}],"curies":[{"name":"wp","href":"https:\/\/api.w.org\/{rel}","templated":true}]}}