{"id":26695,"date":"2025-09-09T08:00:03","date_gmt":"2025-09-09T08:00:03","guid":{"rendered":"https:\/\/orotech.lt\/medicinine-galvute-inhaliatoriui-herupa-smart-mesh\/"},"modified":"2025-09-10T06:16:03","modified_gmt":"2025-09-10T06:16:03","slug":"medicinine-galvute-inhaliatoriui-herupa-smart-mesh","status":"publish","type":"product","link":"https:\/\/orotech.lt\/en\/medicinine-galvute-inhaliatoriui-herupa-smart-mesh\/","title":{"rendered":"Medicinin\u0117 galvut\u0117 inhaliatoriui Herupa Smart Mesh"},"content":{"rendered":"<p style=\"text-align: justify;\">Medicinin\u0117 galvut\u0117, skirta belaid\u017eiui <a href=\"https:\/\/www.rubisolis.lt\/belaidis-inhaliatorius-herupa-smart-mesh\" target=\"_blank\" rel=\"nofollow noopener\">inhaliatoriui Herupa Smart Mesh<\/a>. \u0160ios medicinin\u0117s galvut\u0117s vaist\u0173 talpa yra 10 ml. Medicinin\u0117 galvut\u0117 yra nuimama bei u\u017ededama vienu judesiu &ndash; ypatingai patogu papildant vaistais ar plaunant! Nuo\u017eulnus indelio dugnas skirtas maksimaliam vaist\u0173 sunaudojimui &ndash; net pakreipus ar apvertus prietais\u0105 inhaliatorius kur\u012f laik\u0105 veikia nesustodamas. Norint pripildyti inhaliatori\u0173 <a href=\"https:\/\/www.rubisolis.lt\/belaidis-inhaliatorius-herupa-smart-mesh\" target=\"_blank\" rel=\"nofollow noopener\">Herupa Smart Mesh<\/a> vaist\u0173 tirpalu, pirmiausia atidarykite vaist\u0173 talp\u0105 (medicinin\u0119 galvut\u0119) ir \u012fpilkite vaist\u0173 tirpalo, nevir\u0161ydami maksimalaus 10 ml kiekio. Tuomet u\u017edarykite galvut\u0119 ir prijungkite norim\u0105 kauk\u0119 arba antgal\u012f inhaliacijai.&nbsp;<\/p>","protected":false},"excerpt":{"rendered":"<p>Medicinin\u0117 galvut\u0117, skirta belaid\u017eiui inhaliatoriui Herupa Smart Mesh. \u0160ios medicinin\u0117s galvut\u0117s vaist\u0173 talpa yra 10 ml. Medicinin\u0117 galvut\u0117 yra nuimama<\/p>","protected":false},"featured_media":26697,"comment_status":"closed","ping_status":"open","template":"","meta":[],"product_brand":[],"product_cat":[23],"product_tag":[535],"class_list":{"0":"post-26695","1":"product","2":"type-product","3":"status-publish","4":"has-post-thumbnail","6":"product_cat-be-kategorijos","7":"product_tag-naujiena","9":"first","10":"onbackorder","11":"taxable","12":"shipping-taxable","13":"product-type-variable"},"_links":{"self":[{"href":"https:\/\/orotech.lt\/en\/wp-json\/wp\/v2\/product\/26695","targetHints":{"allow":["GET"]}}],"collection":[{"href":"https:\/\/orotech.lt\/en\/wp-json\/wp\/v2\/product"}],"about":[{"href":"https:\/\/orotech.lt\/en\/wp-json\/wp\/v2\/types\/product"}],"replies":[{"embeddable":true,"href":"https:\/\/orotech.lt\/en\/wp-json\/wp\/v2\/comments?post=26695"}],"version-history":[{"count":1,"href":"https:\/\/orotech.lt\/en\/wp-json\/wp\/v2\/product\/26695\/revisions"}],"predecessor-version":[{"id":26696,"href":"https:\/\/orotech.lt\/en\/wp-json\/wp\/v2\/product\/26695\/revisions\/26696"}],"wp:featuredmedia":[{"embeddable":true,"href":"https:\/\/orotech.lt\/en\/wp-json\/wp\/v2\/media\/26697"}],"wp:attachment":[{"href":"https:\/\/orotech.lt\/en\/wp-json\/wp\/v2\/media?parent=26695"}],"wp:term":[{"taxonomy":"product_brand","embeddable":true,"href":"https:\/\/orotech.lt\/en\/wp-json\/wp\/v2\/product_brand?post=26695"},{"taxonomy":"product_cat","embeddable":true,"href":"https:\/\/orotech.lt\/en\/wp-json\/wp\/v2\/product_cat?post=26695"},{"taxonomy":"product_tag","embeddable":true,"href":"https:\/\/orotech.lt\/en\/wp-json\/wp\/v2\/product_tag?post=26695"}],"curies":[{"name":"wp","href":"https:\/\/api.w.org\/{rel}","templated":true}]}}