{"id":26700,"date":"2025-09-09T08:00:03","date_gmt":"2025-09-09T08:00:03","guid":{"rendered":"https:\/\/orotech.lt\/vamzdelis-inhaliatoriui-herupa-smart-mesh\/"},"modified":"2025-09-10T06:16:04","modified_gmt":"2025-09-10T06:16:04","slug":"vamzdelis-inhaliatoriui-herupa-smart-mesh","status":"publish","type":"product","link":"https:\/\/orotech.lt\/en\/vamzdelis-inhaliatoriui-herupa-smart-mesh\/","title":{"rendered":"Vamzdelis inhaliatoriui Herupa Smart Mesh"},"content":{"rendered":"<p style=\"text-align: justify;\">Vamzdelis, skirtas belaid\u017eiui <a href=\"https:\/\/www.rubisolis.lt\/belaidis-inhaliatorius-herupa-smart-mesh\" target=\"_blank\" rel=\"nofollow noopener\">inhaliatoriui Herupa Smart Mesh<\/a>. Belaidis Herupa Smart Mesh inhaliatorius su \u0161iuo vamzdeliu tampa dar efektyvesniu ir patogesniu \u012frankiu j\u016bs\u0173 kv\u0117pavimo tak\u0173 problem\u0173 sprendimui. \u012esigykite \u0161\u012f produkt\u0105 ir patirkite jame slypin\u010dius privalumus savo gyvenimo kokyb\u0117s pagerinimui.<\/p>\n<p style=\"text-align: justify;\"><strong>Features:<\/strong><\/p>\n<ul>\n<li>\n\t\t<strong>Patogumas ir lankstumas<\/strong>: vamzdelis yra lengvas, lankstus ir patogiai transportuojamas. Tai rei\u0161kia, kad gal\u0117site j\u012f ne\u0161ioti bet kur ir j\u012f lengvai prijungti prie j\u016bs\u0173 Herupa Smart Mesh inhaliatoriaus.<\/li>\n<li>\n\t\t<strong>Didesnis efektyvumas<\/strong>: \u0161is vamzdelis padeda vaistams pasiekti tiksliai ten, kur j\u0173 reikia. Tai suma\u017eina vaist\u0173 nuostolius ir padidina j\u0173 veiksmingum\u0105.<\/li>\n<li>\n\t\t<strong>Higienos saugojimas<\/strong>: vamzdelis puikiai apsaugo nuo dulki\u0173 ir ne\u0161varum\u0173 patekimo \u012f j\u016bs\u0173 inhaliatoriaus sistem\u0105. Tai u\u017etikrina, kad j\u016bs\u0173 inhaliatorius ilgiau tarnaus ir i\u0161liks higieni\u0161kas.<\/li>\n<li>\n\t\t<strong>Easy to use<\/strong>: vamzdelis lengvai prisideda prie j\u016bs\u0173 Herupa Smart Mesh inhaliatoriaus ir yra lengvai valomas bei pri\u017ei\u016brimas.<\/li>\n<li>\n\t\t<strong>Ilgaam\u017ei\u0161kumas<\/strong>: Vamzdelis pagamintas i\u0161 auk\u0161tos kokyb\u0117s med\u017eiag\u0173, tod\u0117l tarnaus ilgai.&nbsp;<\/li>\n<\/ul>","protected":false},"excerpt":{"rendered":"<p>Vamzdelis, skirtas belaid\u017eiui inhaliatoriui Herupa Smart Mesh. Belaidis Herupa Smart Mesh inhaliatorius su \u0161iuo vamzdeliu tampa dar efektyvesniu ir patogesniu<\/p>","protected":false},"featured_media":26702,"comment_status":"closed","ping_status":"open","template":"","meta":[],"product_brand":[],"product_cat":[23],"product_tag":[535],"class_list":{"0":"post-26700","1":"product","2":"type-product","3":"status-publish","4":"has-post-thumbnail","6":"product_cat-be-kategorijos","7":"product_tag-naujiena","9":"first","10":"onbackorder","11":"taxable","12":"shipping-taxable","13":"product-type-variable"},"_links":{"self":[{"href":"https:\/\/orotech.lt\/en\/wp-json\/wp\/v2\/product\/26700","targetHints":{"allow":["GET"]}}],"collection":[{"href":"https:\/\/orotech.lt\/en\/wp-json\/wp\/v2\/product"}],"about":[{"href":"https:\/\/orotech.lt\/en\/wp-json\/wp\/v2\/types\/product"}],"replies":[{"embeddable":true,"href":"https:\/\/orotech.lt\/en\/wp-json\/wp\/v2\/comments?post=26700"}],"version-history":[{"count":1,"href":"https:\/\/orotech.lt\/en\/wp-json\/wp\/v2\/product\/26700\/revisions"}],"predecessor-version":[{"id":26701,"href":"https:\/\/orotech.lt\/en\/wp-json\/wp\/v2\/product\/26700\/revisions\/26701"}],"wp:featuredmedia":[{"embeddable":true,"href":"https:\/\/orotech.lt\/en\/wp-json\/wp\/v2\/media\/26702"}],"wp:attachment":[{"href":"https:\/\/orotech.lt\/en\/wp-json\/wp\/v2\/media?parent=26700"}],"wp:term":[{"taxonomy":"product_brand","embeddable":true,"href":"https:\/\/orotech.lt\/en\/wp-json\/wp\/v2\/product_brand?post=26700"},{"taxonomy":"product_cat","embeddable":true,"href":"https:\/\/orotech.lt\/en\/wp-json\/wp\/v2\/product_cat?post=26700"},{"taxonomy":"product_tag","embeddable":true,"href":"https:\/\/orotech.lt\/en\/wp-json\/wp\/v2\/product_tag?post=26700"}],"curies":[{"name":"wp","href":"https:\/\/api.w.org\/{rel}","templated":true}]}}