{"id":26707,"date":"2025-09-09T08:00:03","date_gmt":"2025-09-09T08:00:03","guid":{"rendered":"https:\/\/orotech.lt\/medicinine-galvute-inhaliatoriui-herupa-smart-mesh-plus\/"},"modified":"2025-09-10T06:16:05","modified_gmt":"2025-09-10T06:16:05","slug":"medicinine-galvute-inhaliatoriui-herupa-smart-mesh-plus","status":"publish","type":"product","link":"https:\/\/orotech.lt\/en\/medicinine-galvute-inhaliatoriui-herupa-smart-mesh-plus\/","title":{"rendered":"Medicinin\u0117 galvut\u0117 inhaliatoriui Herupa Smart Mesh Plus"},"content":{"rendered":"<p style=\"text-align: justify;\">Medicinin\u0117 galvut\u0117 skirta belaid\u017eiui inhaliatoriui <a href=\"https:\/\/www.rubisolis.lt\/inhaliatorius-herupa-smart-mesh-plus-ir-app-zaidimas-inhaliuojant\" target=\"_blank\" rel=\"nofollow noopener\">Herupa Smart Mesh Plus.<\/a> \u0160ios medicinin\u0117s pur\u0161kimo galvut\u0117s vaist\u0173 talpa yra 8 ml. \u0160i medicinin\u0117 galvut\u0117 yra nuimama bei u\u017ededama vieno mygtuko paspaudimu, tod\u0117l ypatingai patogu papildant vaistais ar plaunant! Nuo\u017eulnus indelio dugnas skirtas maksimaliam vaist\u0173 sunaudojimui &ndash; net pakreipus ar apvertus prietais\u0105 inhaliatorius kur\u012f laik\u0105 veikia nesustodamas. Norint pripildyti inhaliatori\u0173 <a href=\"https:\/\/www.rubisolis.lt\/inhaliatorius-herupa-smart-mesh-plus-ir-app-zaidimas-inhaliuojant\" target=\"_blank\" rel=\"nofollow noopener\">Herupa Smart Mesh Plus<\/a> vaist\u0173 tirpalu, pirmiausia atidarykite vaist\u0173 talp\u0105 (medicinin\u0119 galvut\u0119) ir \u012fpilkite vaist\u0173 tirpalo, nevir\u0161ydami maksimalaus 8 ml kiekio. Tuomet u\u017edarykite galvut\u0119 ir prijunkite norim\u0105 kauk\u0119 arba antgal\u012f inhaliacijai.&nbsp;<\/p>\n<p style=\"text-align: center;\"><iframe allow=\"accelerometer; autoplay; clipboard-write; encrypted-media; gyroscope; picture-in-picture; web-share\" allowfullscreen=\"\" frameborder=\"0\" height=\"315\" referrerpolicy=\"strict-origin-when-cross-origin\" src=\"https:\/\/www.youtube.com\/embed\/Fsh20YQZG20?si=9IRKPtfmPOGErJsB\" title=\"YouTube video player\" width=\"560\"><\/iframe><\/p>","protected":false},"excerpt":{"rendered":"<p>Medicinin\u0117 galvut\u0117 skirta belaid\u017eiui inhaliatoriui Herupa Smart Mesh Plus. \u0160ios medicinin\u0117s pur\u0161kimo galvut\u0117s vaist\u0173 talpa yra 8 ml. \u0160i medicinin\u0117<\/p>","protected":false},"featured_media":26709,"comment_status":"closed","ping_status":"open","template":"","meta":[],"product_brand":[],"product_cat":[23],"product_tag":[535],"class_list":{"0":"post-26707","1":"product","2":"type-product","3":"status-publish","4":"has-post-thumbnail","6":"product_cat-be-kategorijos","7":"product_tag-naujiena","9":"first","10":"onbackorder","11":"taxable","12":"shipping-taxable","13":"product-type-variable"},"_links":{"self":[{"href":"https:\/\/orotech.lt\/en\/wp-json\/wp\/v2\/product\/26707","targetHints":{"allow":["GET"]}}],"collection":[{"href":"https:\/\/orotech.lt\/en\/wp-json\/wp\/v2\/product"}],"about":[{"href":"https:\/\/orotech.lt\/en\/wp-json\/wp\/v2\/types\/product"}],"replies":[{"embeddable":true,"href":"https:\/\/orotech.lt\/en\/wp-json\/wp\/v2\/comments?post=26707"}],"version-history":[{"count":1,"href":"https:\/\/orotech.lt\/en\/wp-json\/wp\/v2\/product\/26707\/revisions"}],"predecessor-version":[{"id":26708,"href":"https:\/\/orotech.lt\/en\/wp-json\/wp\/v2\/product\/26707\/revisions\/26708"}],"wp:featuredmedia":[{"embeddable":true,"href":"https:\/\/orotech.lt\/en\/wp-json\/wp\/v2\/media\/26709"}],"wp:attachment":[{"href":"https:\/\/orotech.lt\/en\/wp-json\/wp\/v2\/media?parent=26707"}],"wp:term":[{"taxonomy":"product_brand","embeddable":true,"href":"https:\/\/orotech.lt\/en\/wp-json\/wp\/v2\/product_brand?post=26707"},{"taxonomy":"product_cat","embeddable":true,"href":"https:\/\/orotech.lt\/en\/wp-json\/wp\/v2\/product_cat?post=26707"},{"taxonomy":"product_tag","embeddable":true,"href":"https:\/\/orotech.lt\/en\/wp-json\/wp\/v2\/product_tag?post=26707"}],"curies":[{"name":"wp","href":"https:\/\/api.w.org\/{rel}","templated":true}]}}