{"id":26722,"date":"2025-09-09T08:00:03","date_gmt":"2025-09-09T08:00:03","guid":{"rendered":"https:\/\/orotech.lt\/inhaliatoriaus-kauke-suaugusiems-herupa-smart-mesh-plus\/"},"modified":"2025-09-10T06:16:07","modified_gmt":"2025-09-10T06:16:07","slug":"inhaliatoriaus-kauke-suaugusiems-herupa-smart-mesh-plus","status":"publish","type":"product","link":"https:\/\/orotech.lt\/en\/inhaliatoriaus-kauke-suaugusiems-herupa-smart-mesh-plus\/","title":{"rendered":"Inhaliatoriaus kauk\u0117 suaugusiems Herupa Smart Mesh Plus"},"content":{"rendered":"<p style=\"text-align: justify;\">Kauk\u0117 suaugusiems, skirta belaid\u017eiui <a href=\"https:\/\/www.rubisolis.lt\/inhaliatorius-herupa-smart-mesh-plus-ir-app-zaidimas-inhaliuojant\" target=\"_blank\" rel=\"nofollow noopener\">inhaliatoriui Herupa Smart Mesh Plus<\/a> yra pa\u017eangi priemon\u0117 kv\u0117pavimo tak\u0173 lig\u0173 gydymui ir palengvinimui. \u0160i kauk\u0117 yra naudojama kartu su Herupa Smart Mesh Plus belaid\u017eiu inhaliatoriumi, naudojamu vaist\u0173 ar kit\u0173 gydom\u0173j\u0173 med\u017eiag\u0173 \u012fkv\u0117pimui. <a href=\"https:\/\/www.rubisolis.lt\/inhaliatorius-herupa-smart-mesh-plus-ir-app-zaidimas-inhaliuojant\" target=\"_blank\" rel=\"nofollow noopener\">Herupa Smart Mesh Plus<\/a> belaid\u017eio inhaliatoriaus kauk\u0117 suaugusiems yra patogi ir efektyvi priemon\u0117 kv\u0117pavimo tak\u0173 lig\u0173 gydymui, leid\u017eianti pajusti palengv\u0117jim\u0105 nuo kv\u0117pavimo tak\u0173 lig\u0173 problem\u0173 ir taip pagerinti gyvenimo kokyb\u0119.&nbsp;<\/p>\n<p style=\"text-align: center;\"><iframe allow=\"accelerometer; autoplay; clipboard-write; encrypted-media; gyroscope; picture-in-picture; web-share\" allowfullscreen=\"\" frameborder=\"0\" height=\"315\" referrerpolicy=\"strict-origin-when-cross-origin\" src=\"https:\/\/www.youtube.com\/embed\/Fsh20YQZG20?si=9IRKPtfmPOGErJsB\" title=\"YouTube video player\" width=\"560\"><\/iframe><\/p>","protected":false},"excerpt":{"rendered":"<p>Kauk\u0117 suaugusiems, skirta belaid\u017eiui inhaliatoriui Herupa Smart Mesh Plus yra pa\u017eangi priemon\u0117 kv\u0117pavimo tak\u0173 lig\u0173 gydymui ir palengvinimui. \u0160i kauk\u0117<\/p>","protected":false},"featured_media":26724,"comment_status":"closed","ping_status":"open","template":"","meta":[],"product_brand":[],"product_cat":[23],"product_tag":[535],"class_list":{"0":"post-26722","1":"product","2":"type-product","3":"status-publish","4":"has-post-thumbnail","6":"product_cat-be-kategorijos","7":"product_tag-naujiena","9":"first","10":"onbackorder","11":"taxable","12":"shipping-taxable","13":"product-type-variable"},"_links":{"self":[{"href":"https:\/\/orotech.lt\/en\/wp-json\/wp\/v2\/product\/26722","targetHints":{"allow":["GET"]}}],"collection":[{"href":"https:\/\/orotech.lt\/en\/wp-json\/wp\/v2\/product"}],"about":[{"href":"https:\/\/orotech.lt\/en\/wp-json\/wp\/v2\/types\/product"}],"replies":[{"embeddable":true,"href":"https:\/\/orotech.lt\/en\/wp-json\/wp\/v2\/comments?post=26722"}],"version-history":[{"count":1,"href":"https:\/\/orotech.lt\/en\/wp-json\/wp\/v2\/product\/26722\/revisions"}],"predecessor-version":[{"id":26723,"href":"https:\/\/orotech.lt\/en\/wp-json\/wp\/v2\/product\/26722\/revisions\/26723"}],"wp:featuredmedia":[{"embeddable":true,"href":"https:\/\/orotech.lt\/en\/wp-json\/wp\/v2\/media\/26724"}],"wp:attachment":[{"href":"https:\/\/orotech.lt\/en\/wp-json\/wp\/v2\/media?parent=26722"}],"wp:term":[{"taxonomy":"product_brand","embeddable":true,"href":"https:\/\/orotech.lt\/en\/wp-json\/wp\/v2\/product_brand?post=26722"},{"taxonomy":"product_cat","embeddable":true,"href":"https:\/\/orotech.lt\/en\/wp-json\/wp\/v2\/product_cat?post=26722"},{"taxonomy":"product_tag","embeddable":true,"href":"https:\/\/orotech.lt\/en\/wp-json\/wp\/v2\/product_tag?post=26722"}],"curies":[{"name":"wp","href":"https:\/\/api.w.org\/{rel}","templated":true}]}}