{"id":26725,"date":"2025-09-09T08:00:03","date_gmt":"2025-09-09T08:00:03","guid":{"rendered":"https:\/\/orotech.lt\/inhaliatoriaus-kauke-suaugusiems-herupa-smart-mesh\/"},"modified":"2025-09-10T06:16:11","modified_gmt":"2025-09-10T06:16:11","slug":"inhaliatoriaus-kauke-suaugusiems-herupa-smart-mesh","status":"publish","type":"product","link":"https:\/\/orotech.lt\/en\/inhaliatoriaus-kauke-suaugusiems-herupa-smart-mesh\/","title":{"rendered":"Inhaliatoriaus kauk\u0117 suaugusiems Herupa Smart Mesh"},"content":{"rendered":"<p style=\"text-align: justify;\">Inhaliatoriaus kauk\u0117 suaugusiems <a href=\"https:\/\/www.rubisolis.lt\/belaidis-inhaliatorius-herupa-smart-mesh\" target=\"_blank\" rel=\"nofollow noopener\">Herupa Smart Mesh<\/a> yra pa\u017eangi priemon\u0117 kv\u0117pavimo tak\u0173 lig\u0173 gydymui ir palengvinimui. \u0160i kauk\u0117 yra naudojama kartu su Herupa Smart Mesh belaid\u017eiu inhaliatoriumi, naudojamu vaist\u0173 ar kit\u0173 gydom\u0173j\u0173 med\u017eiag\u0173 \u012fkv\u0117pimui.&nbsp;<a href=\"https:\/\/www.rubisolis.lt\/belaidis-inhaliatorius-herupa-smart-mesh\" target=\"_blank\" rel=\"nofollow noopener\">Herupa Smart Mesh<\/a> belaid\u017eio inhaliatoriaus kauk\u0117 suaugusiems yra patogi ir efektyvi priemon\u0117 kv\u0117pavimo tak\u0173 lig\u0173 gydymui, leid\u017eianti pajusti palengv\u0117jim\u0105 nuo kv\u0117pavimo tak\u0173 lig\u0173 problem\u0173 ir taip pagerinti gyvenimo kokyb\u0119.<\/p>","protected":false},"excerpt":{"rendered":"<p>Inhaliatoriaus kauk\u0117 suaugusiems Herupa Smart Mesh yra pa\u017eangi priemon\u0117 kv\u0117pavimo tak\u0173 lig\u0173 gydymui ir palengvinimui. \u0160i kauk\u0117 yra naudojama kartu<\/p>","protected":false},"featured_media":26727,"comment_status":"closed","ping_status":"open","template":"","meta":[],"product_brand":[],"product_cat":[23],"product_tag":[535],"class_list":{"0":"post-26725","1":"product","2":"type-product","3":"status-publish","4":"has-post-thumbnail","6":"product_cat-be-kategorijos","7":"product_tag-naujiena","9":"first","10":"onbackorder","11":"taxable","12":"shipping-taxable","13":"product-type-variable"},"_links":{"self":[{"href":"https:\/\/orotech.lt\/en\/wp-json\/wp\/v2\/product\/26725","targetHints":{"allow":["GET"]}}],"collection":[{"href":"https:\/\/orotech.lt\/en\/wp-json\/wp\/v2\/product"}],"about":[{"href":"https:\/\/orotech.lt\/en\/wp-json\/wp\/v2\/types\/product"}],"replies":[{"embeddable":true,"href":"https:\/\/orotech.lt\/en\/wp-json\/wp\/v2\/comments?post=26725"}],"version-history":[{"count":1,"href":"https:\/\/orotech.lt\/en\/wp-json\/wp\/v2\/product\/26725\/revisions"}],"predecessor-version":[{"id":26726,"href":"https:\/\/orotech.lt\/en\/wp-json\/wp\/v2\/product\/26725\/revisions\/26726"}],"wp:featuredmedia":[{"embeddable":true,"href":"https:\/\/orotech.lt\/en\/wp-json\/wp\/v2\/media\/26727"}],"wp:attachment":[{"href":"https:\/\/orotech.lt\/en\/wp-json\/wp\/v2\/media?parent=26725"}],"wp:term":[{"taxonomy":"product_brand","embeddable":true,"href":"https:\/\/orotech.lt\/en\/wp-json\/wp\/v2\/product_brand?post=26725"},{"taxonomy":"product_cat","embeddable":true,"href":"https:\/\/orotech.lt\/en\/wp-json\/wp\/v2\/product_cat?post=26725"},{"taxonomy":"product_tag","embeddable":true,"href":"https:\/\/orotech.lt\/en\/wp-json\/wp\/v2\/product_tag?post=26725"}],"curies":[{"name":"wp","href":"https:\/\/api.w.org\/{rel}","templated":true}]}}