{"id":26734,"date":"2025-09-09T08:00:42","date_gmt":"2025-09-09T08:00:42","guid":{"rendered":"https:\/\/orotech.lt\/halogeninis-infraraudonuju-spinduliu-sildytuvas-trotec-ir-2010-sc\/"},"modified":"2025-09-10T06:20:06","modified_gmt":"2025-09-10T06:20:06","slug":"halogeninis-infraraudonuju-spinduliu-sildytuvas-trotec-ir-2010-sc","status":"publish","type":"product","link":"https:\/\/orotech.lt\/en\/halogeninis-infraraudonuju-spinduliu-sildytuvas-trotec-ir-2010-sc\/","title":{"rendered":"Halogeninis infraraudon\u0173j\u0173 spinduli\u0173 \u0161ildytuvas Trotec IR 2010 SC"},"content":{"rendered":"<p style=\"text-align: justify;\">Halogeninis infraraudon\u0173j\u0173 spinduli\u0173 \u0161ildytuvas Trotec IR 2010 SC &ndash; 2000 W galingumo \u0161ildytuvas su integruotu LED stalo ap\u0161vietimu ir nuotolinio valdymo pultu. Geometrin\u0117s formos lub\u0173 \u0161ildytuvas Trotec IR 2010 SC&nbsp;ne tik stilingo dizaino, bet ir funkcionalus. Sukurtas atvir\u0173 lauko patalp\u0173 \u0161ildymui &ndash; matin\u0117s juodos spalvos ir daugiakampio dizaino spindulinis \u0161ildytuvas suteikia greit\u0105 bei maloni\u0105 infraraudon\u0173j\u0173 spinduli\u0173 \u0161ilum\u0105 s\u0117dimoms ir stovimoms erdv\u0117ms lauko restoranuose, balkonuose ir terasose.<\/p>\n<p style=\"text-align: justify;\">Lietui atsparus pakabinimas \u0161ildytuvas Trotec&nbsp;IR 2010 SC pagamintas i\u0161 milteliniu b\u016bdu dengto aliuminio, bei atitinka IP45 apsaugos klas\u0119. Nuo 46cm plo\u010dio \u0161ildytuvo \u0161iluma sklinda 360 &deg; \u017eemyn &ndash; tikslingai \u0161ildomas iki 12m2&nbsp;plotas. Prie\u0161ingai nuo kit\u0173 lauko \u0161ildytuv\u0173, IR 2010 SC pirmiausia \u0161ildo od\u0105 ir kitus pavir\u0161ius, o ne aplinkos or\u0105. D\u0117l \u0161io veikimo principo jis \u0161ildo pastebimai intensyviau ir efektyviau nei kitos \u0161ildymo technologijos nesukeldamas nemaloni\u0173 kvap\u0173 ar triuk\u0161mo.&nbsp;<\/p>\n<p><strong>Advantages:<\/strong><\/p>\n<ul>\n<li>\n\t\tNereikalingas i\u0161ankstinis pa\u0161ildymas;<\/li>\n<li>\n\t\tDurable, high-quality materials;<\/li>\n<li>\n\t\tTolygi \u0161iluma iki 12m2 plote;<\/li>\n<li>\n\t\tLED ap\u0161vietimas;<\/li>\n<li>\n\t\tIR remote control;<\/li>\n<li>\n\t\tApsauga nuo dr\u0117gm\u0117s, lietaus ir vandens pursl\u0173: IP45;<\/li>\n<li>\n\t\tApsaugin\u0117s grotel\u0117s nuo prisilietimo;<\/li>\n<li>\n\t\tEleganti\u0161kas juodas korpusas pagamintas i\u0161 milteliniu b\u016bdu dengto aliuminio;<\/li>\n<li>\n\t\tClean heating without smell and sound;<\/li>\n<li>\n\t\tEnergy saving.<\/li>\n<\/ul>\n<p><strong>Technical characteristics:<\/strong><\/p>\n<ul>\n<li>\n\t\t\u0160ildymo galia (W): 2000;<\/li>\n<li>\n\t\t\u0160ildomas plotas (m2): 12;<\/li>\n<li>\n\t\tPower supply: 220 \u2013 240 V\/50 Hz;<\/li>\n<li>\n\t\tNominali srov\u0117 (A): 8,6;<\/li>\n<li>\n\t\tConnector: CEE 7\/7;<\/li>\n<li>\n\t\tCable length (m): 1.8;<\/li>\n<li>\n\t\tI\u0161matavimai (mm): 460x460x100;<\/li>\n<li>\n\t\tWeight (kg): 3.<\/li>\n<\/ul>\n<p style=\"text-align: justify;\"><a class=\"catalogue\" href=\"\/en\/images\/Userfiles\/www.rubisolis.lt_halogeninis_infraraudonj_spinduli_sildytuvas_Trotec_IR_2010_SC_instrukcija.pdf\/\" target=\"blank\">Download product manual<\/a><\/p>","protected":false},"excerpt":{"rendered":"<p>Halogeninis infraraudon\u0173j\u0173 spinduli\u0173 \u0161ildytuvas Trotec IR 2010 SC &ndash; 2000 W galingumo \u0161ildytuvas su integruotu LED stalo ap\u0161vietimu ir nuotolinio<\/p>","protected":false},"featured_media":26736,"comment_status":"closed","ping_status":"open","template":"","meta":[],"product_brand":[],"product_cat":[23],"product_tag":[535],"class_list":{"0":"post-26734","1":"product","2":"type-product","3":"status-publish","4":"has-post-thumbnail","6":"product_cat-be-kategorijos","7":"product_tag-naujiena","9":"first","10":"onbackorder","11":"taxable","12":"shipping-taxable","13":"product-type-variable"},"_links":{"self":[{"href":"https:\/\/orotech.lt\/en\/wp-json\/wp\/v2\/product\/26734","targetHints":{"allow":["GET"]}}],"collection":[{"href":"https:\/\/orotech.lt\/en\/wp-json\/wp\/v2\/product"}],"about":[{"href":"https:\/\/orotech.lt\/en\/wp-json\/wp\/v2\/types\/product"}],"replies":[{"embeddable":true,"href":"https:\/\/orotech.lt\/en\/wp-json\/wp\/v2\/comments?post=26734"}],"version-history":[{"count":1,"href":"https:\/\/orotech.lt\/en\/wp-json\/wp\/v2\/product\/26734\/revisions"}],"predecessor-version":[{"id":26735,"href":"https:\/\/orotech.lt\/en\/wp-json\/wp\/v2\/product\/26734\/revisions\/26735"}],"wp:featuredmedia":[{"embeddable":true,"href":"https:\/\/orotech.lt\/en\/wp-json\/wp\/v2\/media\/26736"}],"wp:attachment":[{"href":"https:\/\/orotech.lt\/en\/wp-json\/wp\/v2\/media?parent=26734"}],"wp:term":[{"taxonomy":"product_brand","embeddable":true,"href":"https:\/\/orotech.lt\/en\/wp-json\/wp\/v2\/product_brand?post=26734"},{"taxonomy":"product_cat","embeddable":true,"href":"https:\/\/orotech.lt\/en\/wp-json\/wp\/v2\/product_cat?post=26734"},{"taxonomy":"product_tag","embeddable":true,"href":"https:\/\/orotech.lt\/en\/wp-json\/wp\/v2\/product_tag?post=26734"}],"curies":[{"name":"wp","href":"https:\/\/api.w.org\/{rel}","templated":true}]}}