{"id":26746,"date":"2025-09-09T08:00:42","date_gmt":"2025-09-09T08:00:42","guid":{"rendered":"https:\/\/orotech.lt\/halogeninis-infraraudonuju-spinduliu-sildytuvas-trotec-umbrella-ir-2005-sc\/"},"modified":"2025-09-10T06:20:07","modified_gmt":"2025-09-10T06:20:07","slug":"halogeninis-infraraudonuju-spinduliu-sildytuvas-trotec-umbrella-ir-2005-sc","status":"publish","type":"product","link":"https:\/\/orotech.lt\/en\/halogeninis-infraraudonuju-spinduliu-sildytuvas-trotec-umbrella-ir-2005-sc\/","title":{"rendered":"Halogeninis infraraudon\u0173j\u0173 spinduli\u0173 \u0161ildytuvas Trotec Umbrella IR 2005 SC"},"content":{"rendered":"<p style=\"text-align: justify;\"><strong>Halogeninis infraraudon\u0173j\u0173 spinduli\u0173 \u0161ildytuvas Trotec Umbrella IR 2005 SC<\/strong> &ndash;&nbsp;protingai suprojektuotas 3 sparn\u0173 spindulinis \u0161ildytuvas specialiai sukurtas nesud\u0117tingam tvirtinimui po beveik bet kokiu lauko sk\u0117\u010diu, kad sode, lauko restoranuose ir baruose, lauko renginiuose ir mug\u0117se suteikt\u0173 maloni\u0105 \u0161ilum\u0105 neu\u017eimdamas papildomos vietos.<\/p>\n<p style=\"text-align: justify;\">\u0160ildytuv\u0105, pagamint\u0105 i\u0161 oro s\u0105lygoms atsparaus aliuminio ir apsaugot\u0105 nuo vandens pursl\u0173 pagal apsaugos klas\u0119 IP34, vos keliais paprastais \u017eingsniais galima montuoti ant sk\u0117\u010dio strypo (tinka &Oslash; 2,5 cm &#8211; 6 cm). Neslystantis&nbsp;tvirtinimas vyksta be \u012franki\u0173, naudojant sukam\u0105j\u012f fiksavimo var\u017et\u0105. \u0160ildytuvo konstrukcija su 90&deg; vertikaliai reguliuojamomis \u0161ildymo svirtimis garantuoja intensyvi\u0105 360&deg; \u0161ilum\u0105 visomis kryptimis \u017eemyn, iki 10 m&sup2; plote. Trij\u0173 kaitinimo element\u0173 \u0161ildymo intensyvum\u0105 galima reguliuoti pagal poreik\u012f: pirmoje \u0161ildymo pakopoje (700 W) \u012fsijungia vienas, antroje pakopoje (1 300 W) du, o tre\u010dioje pakopoje (2 000 W) visi trys \u0161ildymo elementai. Prie\u0161ingai nuo kit\u0173 lauko \u0161ildytuv\u0173, <strong>halogeninis infraraudon\u0173j\u0173 spinduli\u0173 \u0161ildytuvas Trotec Umbrella IR 2005 SC<\/strong>&nbsp;pirmiausia \u0161ildo od\u0105 ir kitus pavir\u0161ius, o ne aplinkos or\u0105. D\u0117l \u0161io veikimo principo jis \u0161ildo pastebimai intensyviau ir efektyviau nei kitos \u0161ildymo technologijos nesukeldamas nemaloni\u0173 kvap\u0173 ar triuk\u0161mo.<\/p>\n<p style=\"text-align: justify;\"><strong>Advantages:<\/strong><\/p>\n<ul>\n<li>\n\t\tNereikalingas i\u0161ankstinis pa\u0161ildymas;<\/li>\n<li>\n\t\tDurable, high-quality materials;<\/li>\n<li>\n\t\t360&deg; tolygi \u0161iluma \u017eemyn iki 10m&sup2;&nbsp;plote;<\/li>\n<li>\n\t\tClean heating without smell and sound;<\/li>\n<li>\n\t\t3 \u0161ildymo lygiai, iki 2000 vat\u0173 \u0161ildymo galia;<\/li>\n<li>\n\t\tI\u0161skirtinis ir apgalvotas dizainas;<\/li>\n<li>\n\t\tMontuojamas vos keliais \u017eingsniais;<\/li>\n<li>\n\t\tApsauga nuo vandens pursl\u0173: IP34;<\/li>\n<li>\n\t\tApsaugin\u0117s grotel\u0117s nuo prisilietimo;<\/li>\n<li>\n\t\tViet\u0105 taupantis dizainas su 3 sulankstomomis \u0161ildymo svirtimis;<\/li>\n<li>\n\t\tTinkamas daugeliui saul\u0117s, restoran\u0173 ir terasos sk\u0117\u010diams (&Oslash; 2,5 cm &#8211; 6 cm);<\/li>\n<li>\n\t\tEnergy saving.<\/li>\n<\/ul>\n<p style=\"text-align: justify;\"><strong>Technical characteristics:<\/strong><\/p>\n<ul>\n<li>\n\t\t\u0160ildymo galia (W): 2000;<\/p>\n<ul>\n<li>\n\t\t\t\tLygis 0,7 kW;<\/li>\n<li>\n\t\t\t\tLygis 1,3 kW;<\/li>\n<li>\n\t\t\t\tLygis 2 kW;<\/li>\n<\/ul>\n<\/li>\n<li>\n\t\t\u0160ildomas plotas (m&sup2;): 10;<\/li>\n<li>\n\t\tPower supply: 220 \u2013 240 V\/50 Hz;<\/li>\n<li>\n\t\tNominali srov\u0117 (A): 8,6;<\/li>\n<li>\n\t\tConnector: CEE 7\/7;<\/li>\n<li>\n\t\tCable length (m): 1.8;<\/li>\n<li>\n\t\tI\u0161matavimai (mm): 900x900x100;<\/li>\n<li>\n\t\tSvoris (kg): 3,5;<\/li>\n<li>\n\t\tProtection class: IP34;<\/li>\n<\/ul>\n<p style=\"text-align: justify;\"><a class=\"catalogue\" href=\"\/en\/images\/Userfiles\/www.rubisolis.lt_Halogeninis_infraraudonj_spinduli_sildytuvas_Umbrella_IR_2005_SC.PDF\/\" target=\"blank\">Download product manual<\/a><\/p>","protected":false},"excerpt":{"rendered":"<p>Halogeninis infraraudon\u0173j\u0173 spinduli\u0173 \u0161ildytuvas Trotec Umbrella IR 2005 SC &ndash;&nbsp;protingai suprojektuotas 3 sparn\u0173 spindulinis \u0161ildytuvas specialiai sukurtas nesud\u0117tingam tvirtinimui po<\/p>","protected":false},"featured_media":26748,"comment_status":"closed","ping_status":"open","template":"","meta":[],"product_brand":[],"product_cat":[23],"product_tag":[535],"class_list":{"0":"post-26746","1":"product","2":"type-product","3":"status-publish","4":"has-post-thumbnail","6":"product_cat-be-kategorijos","7":"product_tag-naujiena","9":"first","10":"onbackorder","11":"taxable","12":"shipping-taxable","13":"product-type-variable"},"_links":{"self":[{"href":"https:\/\/orotech.lt\/en\/wp-json\/wp\/v2\/product\/26746","targetHints":{"allow":["GET"]}}],"collection":[{"href":"https:\/\/orotech.lt\/en\/wp-json\/wp\/v2\/product"}],"about":[{"href":"https:\/\/orotech.lt\/en\/wp-json\/wp\/v2\/types\/product"}],"replies":[{"embeddable":true,"href":"https:\/\/orotech.lt\/en\/wp-json\/wp\/v2\/comments?post=26746"}],"version-history":[{"count":1,"href":"https:\/\/orotech.lt\/en\/wp-json\/wp\/v2\/product\/26746\/revisions"}],"predecessor-version":[{"id":26747,"href":"https:\/\/orotech.lt\/en\/wp-json\/wp\/v2\/product\/26746\/revisions\/26747"}],"wp:featuredmedia":[{"embeddable":true,"href":"https:\/\/orotech.lt\/en\/wp-json\/wp\/v2\/media\/26748"}],"wp:attachment":[{"href":"https:\/\/orotech.lt\/en\/wp-json\/wp\/v2\/media?parent=26746"}],"wp:term":[{"taxonomy":"product_brand","embeddable":true,"href":"https:\/\/orotech.lt\/en\/wp-json\/wp\/v2\/product_brand?post=26746"},{"taxonomy":"product_cat","embeddable":true,"href":"https:\/\/orotech.lt\/en\/wp-json\/wp\/v2\/product_cat?post=26746"},{"taxonomy":"product_tag","embeddable":true,"href":"https:\/\/orotech.lt\/en\/wp-json\/wp\/v2\/product_tag?post=26746"}],"curies":[{"name":"wp","href":"https:\/\/api.w.org\/{rel}","templated":true}]}}